{"id":7886,"date":"2025-11-05T13:51:58","date_gmt":"2025-11-05T13:51:58","guid":{"rendered":"https:\/\/ecocorner.eu\/?post_type=product&#038;p=7886"},"modified":"2026-04-11T13:18:16","modified_gmt":"2026-04-11T13:18:16","slug":"joe-glow-gumy-rozpuszczalne-o-smaky-truskawkowym-bez-dodatku-cukru-bezglutenowe-15-szt-90-g","status":"publish","type":"product","link":"https:\/\/ecocorner.eu\/en\/product\/joe-glow-gumy-rozpuszczalne-o-smaky-truskawkowym-bez-dodatku-cukru-bezglutenowe-15-szt-90-g\/","title":{"rendered":"Joe  Glow  Gumy rozpuszczalne o  smaky Truskawkowym  Bez dodatku cukru  Bezglutenowe  (15 szt.) 90 g"},"content":{"rendered":"<p><span data-containter=\"modal\"><span class=\"wartosc\">Ingredients<br \/>\nsubstancje s\u0142odz\u0105ce (izomalt, syrop maltitolowy), t\u0142uszcz ro\u015blinny (kokosowy), substancja zag\u0119szczaj\u0105ca: skrobia modyfikowana, regulator kwasowo\u015bci: kwas cytrynowy, naturalny aromat truskawkowy, substancje utrzymuj\u0105ce wilgo\u0107: sorbitol, glicerol, \u017cywno\u015b\u0107 barwi\u0105ca: ekstrakt soku z czarnej marchwi, koncentrat soku z buraka, emulgator: lecytyny (ze s\u0142onecznika).<\/p>\n<p>Nutritional value per 100 g<br \/>\nWarto\u015b\u0107 energetyczna: 1181 kJ \/284 kcal<br \/>\nT\u0142uszcz: 7,4 g<br \/>\nw tym kwasy t\u0142uszczowe nasycone: 6,9 g<br \/>\nW\u0119glowodany: 85 g<br \/>\nw tym cukry: 0,64 g<br \/>\nw tym poliole: 78 g<br \/>\nBia\u0142ko: &lt;0,2 g<br \/>\nSalt: 0 g<\/p>\n<p>RECOMMENDED STORAGE CONDITIONS<br \/>\nPrzechowywa\u0107 w suchym i ch\u0142odnym miejscu w temperaturze poni\u017cej 24 . Chroni\u0107 przed dzia\u0142aniem promieni s\u0142onecznych.<\/span><\/span><\/p>","protected":false},"excerpt":{"rendered":"<p><span data-containter=\"modal\"><span class=\"wartosc\"><br \/>\nHolo Chewy gumy rozpuszczalne bez dodatku cukru o smaku truskawkowym. <\/span><\/span><\/p>\n<p><span data-containter=\"modal\"><span class=\"wartosc\">Zawieraj\u0105 substancje s\u0142odz\u0105ce. Produkt bez glutenu. <\/span><\/span><\/p>\n<p><span data-containter=\"modal\"><span class=\"wartosc\">Odpowiedni dla wegan. Spo\u017cywanie \u017cywno\u015bci zawieraj\u0105cej maltitol i izomalt zamiast cukru pomaga w zachowaniu mineralizacji z\u0119b\u00f3w.<\/span><\/span><\/p>\n<p><span data-containter=\"modal\"><span class=\"wartosc\"> Produkt przeznaczony dla dzieci powy\u017cej 3 roku \u017cycia.<br \/>\nZalecana porcja do spo\u017cycia, dla dzieci powy\u017cej 3 roku \u017cycia i doros\u0142ych: do 30 g dziennie, tj 5 gum. <\/span><\/span><\/p>\n<p><span data-containter=\"modal\"><span class=\"wartosc\">Nie przekracza\u0107 zalecanej porcji tj 5 gum w ci\u0105gu dnia. <\/span><\/span><\/p>\n<p><span data-containter=\"modal\"><span class=\"wartosc\">Excessive consumption can have a laxative effect.<br \/>\n<\/span><\/span><\/p>","protected":false},"featured_media":7887,"template":"","meta":{"ocean_post_layout":"","ocean_both_sidebars_style":"","ocean_both_sidebars_content_width":0,"ocean_both_sidebars_sidebars_width":0,"ocean_sidebar":"0","ocean_second_sidebar":"0","ocean_disable_margins":"enable","ocean_add_body_class":"","ocean_shortcode_before_top_bar":"","ocean_shortcode_after_top_bar":"","ocean_shortcode_before_header":"","ocean_shortcode_after_header":"","ocean_has_shortcode":"","ocean_shortcode_after_title":"","ocean_shortcode_before_footer_widgets":"","ocean_shortcode_after_footer_widgets":"","ocean_shortcode_before_footer_bottom":"","ocean_shortcode_after_footer_bottom":"","ocean_display_top_bar":"default","ocean_display_header":"default","ocean_header_style":"","ocean_center_header_left_menu":"0","ocean_custom_header_template":"0","ocean_custom_logo":0,"ocean_custom_retina_logo":0,"ocean_custom_logo_max_width":0,"ocean_custom_logo_tablet_max_width":0,"ocean_custom_logo_mobile_max_width":0,"ocean_custom_logo_max_height":0,"ocean_custom_logo_tablet_max_height":0,"ocean_custom_logo_mobile_max_height":0,"ocean_header_custom_menu":"0","ocean_menu_typo_font_family":"0","ocean_menu_typo_font_subset":"","ocean_menu_typo_font_size":0,"ocean_menu_typo_font_size_tablet":0,"ocean_menu_typo_font_size_mobile":0,"ocean_menu_typo_font_size_unit":"px","ocean_menu_typo_font_weight":"","ocean_menu_typo_font_weight_tablet":"","ocean_menu_typo_font_weight_mobile":"","ocean_menu_typo_transform":"","ocean_menu_typo_transform_tablet":"","ocean_menu_typo_transform_mobile":"","ocean_menu_typo_line_height":0,"ocean_menu_typo_line_height_tablet":0,"ocean_menu_typo_line_height_mobile":0,"ocean_menu_typo_line_height_unit":"","ocean_menu_typo_spacing":0,"ocean_menu_typo_spacing_tablet":0,"ocean_menu_typo_spacing_mobile":0,"ocean_menu_typo_spacing_unit":"","ocean_menu_link_color":"","ocean_menu_link_color_hover":"","ocean_menu_link_color_active":"","ocean_menu_link_background":"","ocean_menu_link_hover_background":"","ocean_menu_link_active_background":"","ocean_menu_social_links_bg":"","ocean_menu_social_hover_links_bg":"","ocean_menu_social_links_color":"","ocean_menu_social_hover_links_color":"","ocean_disable_title":"default","ocean_disable_heading":"default","ocean_post_title":"","ocean_post_subheading":"","ocean_post_title_style":"","ocean_post_title_background_color":"","ocean_post_title_background":0,"ocean_post_title_bg_image_position":"","ocean_post_title_bg_image_attachment":"","ocean_post_title_bg_image_repeat":"","ocean_post_title_bg_image_size":"","ocean_post_title_height":0,"ocean_post_title_bg_overlay":0.5,"ocean_post_title_bg_overlay_color":"","ocean_disable_breadcrumbs":"default","ocean_breadcrumbs_color":"","ocean_breadcrumbs_separator_color":"","ocean_breadcrumbs_links_color":"","ocean_breadcrumbs_links_hover_color":"","ocean_display_footer_widgets":"default","ocean_display_footer_bottom":"default","ocean_custom_footer_template":"0"},"product_brand":[],"product_cat":[23],"product_tag":[],"class_list":{"0":"post-7886","1":"product","2":"type-product","3":"status-publish","4":"has-post-thumbnail","6":"product_cat-zdrowe-przekaski","8":"entry","9":"has-media","11":"first","12":"instock","13":"shipping-taxable","14":"purchasable","15":"product-type-simple","16":"has-product-nav","17":"col","18":"span_1_of_3","19":"owp-content-left","20":"owp-thumbs-layout-horizontal","21":"owp-btn-normal","22":"owp-tabs-layout-horizontal","23":"has-no-thumbnails"},"_links":{"self":[{"href":"https:\/\/ecocorner.eu\/en\/wp-json\/wp\/v2\/product\/7886","targetHints":{"allow":["GET"]}}],"collection":[{"href":"https:\/\/ecocorner.eu\/en\/wp-json\/wp\/v2\/product"}],"about":[{"href":"https:\/\/ecocorner.eu\/en\/wp-json\/wp\/v2\/types\/product"}],"version-history":[{"count":1,"href":"https:\/\/ecocorner.eu\/en\/wp-json\/wp\/v2\/product\/7886\/revisions"}],"predecessor-version":[{"id":7888,"href":"https:\/\/ecocorner.eu\/en\/wp-json\/wp\/v2\/product\/7886\/revisions\/7888"}],"wp:featuredmedia":[{"embeddable":true,"href":"https:\/\/ecocorner.eu\/en\/wp-json\/wp\/v2\/media\/7887"}],"wp:attachment":[{"href":"https:\/\/ecocorner.eu\/en\/wp-json\/wp\/v2\/media?parent=7886"}],"wp:term":[{"taxonomy":"product_brand","embeddable":true,"href":"https:\/\/ecocorner.eu\/en\/wp-json\/wp\/v2\/product_brand?post=7886"},{"taxonomy":"product_cat","embeddable":true,"href":"https:\/\/ecocorner.eu\/en\/wp-json\/wp\/v2\/product_cat?post=7886"},{"taxonomy":"product_tag","embeddable":true,"href":"https:\/\/ecocorner.eu\/en\/wp-json\/wp\/v2\/product_tag?post=7886"}],"curies":[{"name":"wp","href":"https:\/\/api.w.org\/{rel}","templated":true}]}}