{"id":7899,"date":"2025-11-05T14:28:41","date_gmt":"2025-11-05T14:28:41","guid":{"rendered":"https:\/\/ecocorner.eu\/?post_type=product&#038;p=7899"},"modified":"2026-01-08T21:47:49","modified_gmt":"2026-01-08T21:47:49","slug":"joe-glow-karmelki-toffi-bez-dodatkow-cukrow-bezglutenowe-15-szt","status":"publish","type":"product","link":"https:\/\/ecocorner.eu\/en\/product\/joe-glow-karmelki-toffi-bez-dodatkow-cukrow-bezglutenowe-15-szt\/","title":{"rendered":"Joe Glow  Karmelki  Toffi   Bez dodatk\u00f3w cukr\u00f3w  Bezglutenowe  15 szt"},"content":{"rendered":"<p><span data-containter=\"modal\"><span class=\"wartosc\">SK\u0141ADNIKI<br \/>\nsubstancje s\u0142odz\u0105ce (izomalt, syrop maltitolowy), SERWATKA w proszku [z MLEKA] (7 %), MLEKO w proszku odt\u0142uszczone (7 %), t\u0142uszcz ro\u015blinny (kokosowy),substancja zag\u0119szczaj\u0105ca: skrobia, substancje utrzymuj\u0105ce wilgo\u0107: sorbitol, glicerol, s\u00f3l, aromaty (MLECZNY, karmelowy), emulgator: lecytyny (ze s\u0142onecznika).<\/p>\n<p>WARTO\u015a\u0106 OD\u017bYWCZA W 100 g<br \/>\nWarto\u015b\u0107 energetyczna: 1260 kJ\/301 kcal<br \/>\nT\u0142uszcz: 6,3 g<br \/>\nw tym kwasy t\u0142uszczowe nasycone: 5,8 g<br \/>\nW\u0119glowodany: 84 g<br \/>\nw tym cukry: 6,5 g<br \/>\nw tym poliole: 61 g<br \/>\nBia\u0142ko: 2,0 g<br \/>\nS\u00f3l: 0,4 g<\/p>\n<p>ZALECANE WARUNKI PRZECHOWYWANIA<br \/>\nPrzechowywa\u0107 w suchym i ch\u0142odnym miejscu w temperaturze poni\u017cej 24 . Chroni\u0107 przed dzia\u0142aniem promieni s\u0142onecznych.<\/span><\/span><\/p>\n","protected":false},"excerpt":{"rendered":"<p><span data-containter=\"modal\"><span class=\"wartosc\">description<br \/>\nHolo Carmel cukierki bez dodatku cukru o smaku karmelowym. Zawieraj\u0105 substancje s\u0142odz\u0105ce. Produkt bez glutenu. <\/span><\/span><\/p>\n<p><span data-containter=\"modal\"><span class=\"wartosc\">Odpowiedni dla wegan. Spo\u017cywanie \u017cywno\u015bci zawieraj\u0105cej maltitol i izomalt zamiast cukru pomaga w zachowaniu mineralizacji z\u0119b\u00f3w. <\/span><\/span><\/p>\n<p><span data-containter=\"modal\"><span class=\"wartosc\">Produkt przeznaczony dla dzieci powy\u017cej 3 roku \u017cycia. <\/span><\/span><\/p>\n<p><span data-containter=\"modal\"><span class=\"wartosc\"><br \/>\nZalecana porcja do spo\u017cycia, dla dzieci powy\u017cej 3 roku \u017cycia i doros\u0142ych: do 30 g dziennie, tj. 5 cukierk\u00f3w. <\/span><\/span><\/p>\n<p><span data-containter=\"modal\"><span class=\"wartosc\">Nie przekracza\u0107 zalecanej porcji tj. 5 cukierk\u00f3w w ci\u0105gu dnia. Spo\u017cycie w nadmiernych ilo\u015bciach mo\u017ce mie\u0107 efekt przeczyszczaj\u0105cy.<br \/>\n<\/span><\/span><\/p>","protected":false},"featured_media":7900,"template":"","meta":{"ocean_post_layout":"","ocean_both_sidebars_style":"","ocean_both_sidebars_content_width":0,"ocean_both_sidebars_sidebars_width":0,"ocean_sidebar":"0","ocean_second_sidebar":"0","ocean_disable_margins":"enable","ocean_add_body_class":"","ocean_shortcode_before_top_bar":"","ocean_shortcode_after_top_bar":"","ocean_shortcode_before_header":"","ocean_shortcode_after_header":"","ocean_has_shortcode":"","ocean_shortcode_after_title":"","ocean_shortcode_before_footer_widgets":"","ocean_shortcode_after_footer_widgets":"","ocean_shortcode_before_footer_bottom":"","ocean_shortcode_after_footer_bottom":"","ocean_display_top_bar":"default","ocean_display_header":"default","ocean_header_style":"","ocean_center_header_left_menu":"0","ocean_custom_header_template":"0","ocean_custom_logo":0,"ocean_custom_retina_logo":0,"ocean_custom_logo_max_width":0,"ocean_custom_logo_tablet_max_width":0,"ocean_custom_logo_mobile_max_width":0,"ocean_custom_logo_max_height":0,"ocean_custom_logo_tablet_max_height":0,"ocean_custom_logo_mobile_max_height":0,"ocean_header_custom_menu":"0","ocean_menu_typo_font_family":"0","ocean_menu_typo_font_subset":"","ocean_menu_typo_font_size":0,"ocean_menu_typo_font_size_tablet":0,"ocean_menu_typo_font_size_mobile":0,"ocean_menu_typo_font_size_unit":"px","ocean_menu_typo_font_weight":"","ocean_menu_typo_font_weight_tablet":"","ocean_menu_typo_font_weight_mobile":"","ocean_menu_typo_transform":"","ocean_menu_typo_transform_tablet":"","ocean_menu_typo_transform_mobile":"","ocean_menu_typo_line_height":0,"ocean_menu_typo_line_height_tablet":0,"ocean_menu_typo_line_height_mobile":0,"ocean_menu_typo_line_height_unit":"","ocean_menu_typo_spacing":0,"ocean_menu_typo_spacing_tablet":0,"ocean_menu_typo_spacing_mobile":0,"ocean_menu_typo_spacing_unit":"","ocean_menu_link_color":"","ocean_menu_link_color_hover":"","ocean_menu_link_color_active":"","ocean_menu_link_background":"","ocean_menu_link_hover_background":"","ocean_menu_link_active_background":"","ocean_menu_social_links_bg":"","ocean_menu_social_hover_links_bg":"","ocean_menu_social_links_color":"","ocean_menu_social_hover_links_color":"","ocean_disable_title":"default","ocean_disable_heading":"default","ocean_post_title":"","ocean_post_subheading":"","ocean_post_title_style":"","ocean_post_title_background_color":"","ocean_post_title_background":0,"ocean_post_title_bg_image_position":"","ocean_post_title_bg_image_attachment":"","ocean_post_title_bg_image_repeat":"","ocean_post_title_bg_image_size":"","ocean_post_title_height":0,"ocean_post_title_bg_overlay":0.5,"ocean_post_title_bg_overlay_color":"","ocean_disable_breadcrumbs":"default","ocean_breadcrumbs_color":"","ocean_breadcrumbs_separator_color":"","ocean_breadcrumbs_links_color":"","ocean_breadcrumbs_links_hover_color":"","ocean_display_footer_widgets":"default","ocean_display_footer_bottom":"default","ocean_custom_footer_template":"0"},"product_brand":[],"product_cat":[23],"product_tag":[],"class_list":{"0":"post-7899","1":"product","2":"type-product","3":"status-publish","4":"has-post-thumbnail","6":"product_cat-zdrowe-przekaski","8":"entry","9":"has-media","11":"first","12":"outofstock","13":"shipping-taxable","14":"purchasable","15":"product-type-simple","16":"has-product-nav","17":"col","18":"span_1_of_3","19":"owp-content-left","20":"owp-thumbs-layout-horizontal","21":"owp-btn-normal","22":"owp-tabs-layout-horizontal","23":"has-no-thumbnails"},"_links":{"self":[{"href":"https:\/\/ecocorner.eu\/en\/wp-json\/wp\/v2\/product\/7899","targetHints":{"allow":["GET"]}}],"collection":[{"href":"https:\/\/ecocorner.eu\/en\/wp-json\/wp\/v2\/product"}],"about":[{"href":"https:\/\/ecocorner.eu\/en\/wp-json\/wp\/v2\/types\/product"}],"version-history":[{"count":1,"href":"https:\/\/ecocorner.eu\/en\/wp-json\/wp\/v2\/product\/7899\/revisions"}],"predecessor-version":[{"id":7901,"href":"https:\/\/ecocorner.eu\/en\/wp-json\/wp\/v2\/product\/7899\/revisions\/7901"}],"wp:featuredmedia":[{"embeddable":true,"href":"https:\/\/ecocorner.eu\/en\/wp-json\/wp\/v2\/media\/7900"}],"wp:attachment":[{"href":"https:\/\/ecocorner.eu\/en\/wp-json\/wp\/v2\/media?parent=7899"}],"wp:term":[{"taxonomy":"product_brand","embeddable":true,"href":"https:\/\/ecocorner.eu\/en\/wp-json\/wp\/v2\/product_brand?post=7899"},{"taxonomy":"product_cat","embeddable":true,"href":"https:\/\/ecocorner.eu\/en\/wp-json\/wp\/v2\/product_cat?post=7899"},{"taxonomy":"product_tag","embeddable":true,"href":"https:\/\/ecocorner.eu\/en\/wp-json\/wp\/v2\/product_tag?post=7899"}],"curies":[{"name":"wp","href":"https:\/\/api.w.org\/{rel}","templated":true}]}}