{"id":7910,"date":"2025-11-05T14:56:15","date_gmt":"2025-11-05T14:56:15","guid":{"rendered":"https:\/\/ecocorner.eu\/?post_type=product&#038;p=7910"},"modified":"2026-04-11T13:18:01","modified_gmt":"2026-04-11T13:18:01","slug":"joe-glow-lizak-serce-krysztalowy-o-smaku-malinowym-na-gardlo-bez-cukru-bezglutenowy-6-szt","status":"publish","type":"product","link":"https:\/\/ecocorner.eu\/en\/product\/joe-glow-lizak-serce-krysztalowy-o-smaku-malinowym-na-gardlo-bez-cukru-bezglutenowy-6-szt\/","title":{"rendered":"Joe Glow  Lizak Serce  kryszta\u0142owy o smaku Malinowym na  gard\u0142o Bez Cukru Bezglutenowy  6 szt."},"content":{"rendered":"<p><span data-containter=\"modal\"><span class=\"wartosc\">Ingredients<br \/>\nsubstancja wype\u0142niaj\u0105ca: izomalt; substancja s\u0142odz\u0105ca: erytrytol; regulatory kwasowo\u015bci: kwas cytrynowy i kwas jab\u0142kowy; naturalny aromat malinowy, kwas L-askorbinowy (witamina C), cholekalcyferol (witamina D), ekstrakt z tymianku pospolitego DER 4:1 (Thymus vulgaris), wyci\u0105g z sza\u0142wii lekarskiej DER 4:1 (Salvia officinalis L.), \u017cywno\u015b\u0107 barwi\u0105ca: koncentrat marchwi i czarnej porzeczki.<\/p>\n<p>Nutritional value per 100 g<br \/>\nWarto\u015b\u0107 energetyczna: 988 kJ\/236 kcal<br \/>\nFat: 0 g<br \/>\nincluding saturated fatty acids: 0 g<br \/>\nW\u0119glowodany: 98 g<br \/>\nincluding sugar: 0 g<br \/>\nalkohole wielowodorotlenowe: 98 g<br \/>\nB\u0142onnik: 0 g<br \/>\nProtein: 0 g<br \/>\nS\u00f3l: 0,003 g<\/p>\n<p>Contents in 1 lollipop:<br \/>\nWitamina C &#8211; 20 mg (25 %)*<br \/>\nWitamina D: 2,5 \u00b5g (50 %)*<br \/>\nEkstrakt z tymianku &#8211; 20 mg<br \/>\nEkstrakt z sza\u0142wii &#8211; 15 mg<br \/>\n* &#8211; dzienna referencyjna warto\u015b\u0107 spo\u017cycia<\/p>\n<p>RECOMMENDED STORAGE CONDITIONS<br \/>\nPrzechowywa\u0107 w suchym i ch\u0142odnym miejscu. Chroni\u0107 przed dzia\u0142aniem promieni s\u0142onecznych.<\/span><\/span><\/p>","protected":false},"excerpt":{"rendered":"<p><span data-containter=\"modal\"><span class=\"wartosc\">description<br \/>\nLizak kryszta\u0142owy Holo Pops bez cukru o smaku malinowym na gard\u0142o.<br \/>\n\u0179r\u00f3d\u0142o witamin C i D.<br \/>\nSza\u0142wia lekarska korzystnie wp\u0142ywa na gard\u0142o i struny g\u0142osowe.<br \/>\nWyci\u0105g z tymianku pozytywnie oddzia\u0142uje na gard\u0142o i drogi oddechowe, przyczynia si\u0119 tak\u017ce do \u015bwie\u017cego oddechu.<br \/>\nSpo\u017cywanie \u017cywno\u015bci zawieraj\u0105cej erytrytol zamiast cukru pomaga w zachowaniu mineralizacji z\u0119b\u00f3w.<br \/>\nProdukt przeznaczony dla dzieci powy\u017cej 3 roku \u017cycia. Nale\u017cy pami\u0119ta\u0107 o zr\u00f3wnowa\u017conym sposobie \u017cywienia i zdrowym trybie \u017cycia.<br \/>\nZalecana porcja do spo\u017cycia w ci\u0105gu dnia niezb\u0119dna do uzyskania korzystnego dzia\u0142ania produktu 1-2 lizak dziennie.<br \/>\nNie przekracza\u0107 zalecanej porcji tj 2 lizaki w ci\u0105gu dnia.<br \/>\n<\/span><\/span><\/p>","protected":false},"featured_media":7911,"template":"","meta":{"ocean_post_layout":"","ocean_both_sidebars_style":"","ocean_both_sidebars_content_width":0,"ocean_both_sidebars_sidebars_width":0,"ocean_sidebar":"0","ocean_second_sidebar":"0","ocean_disable_margins":"enable","ocean_add_body_class":"","ocean_shortcode_before_top_bar":"","ocean_shortcode_after_top_bar":"","ocean_shortcode_before_header":"","ocean_shortcode_after_header":"","ocean_has_shortcode":"","ocean_shortcode_after_title":"","ocean_shortcode_before_footer_widgets":"","ocean_shortcode_after_footer_widgets":"","ocean_shortcode_before_footer_bottom":"","ocean_shortcode_after_footer_bottom":"","ocean_display_top_bar":"default","ocean_display_header":"default","ocean_header_style":"","ocean_center_header_left_menu":"0","ocean_custom_header_template":"0","ocean_custom_logo":0,"ocean_custom_retina_logo":0,"ocean_custom_logo_max_width":0,"ocean_custom_logo_tablet_max_width":0,"ocean_custom_logo_mobile_max_width":0,"ocean_custom_logo_max_height":0,"ocean_custom_logo_tablet_max_height":0,"ocean_custom_logo_mobile_max_height":0,"ocean_header_custom_menu":"0","ocean_menu_typo_font_family":"0","ocean_menu_typo_font_subset":"","ocean_menu_typo_font_size":0,"ocean_menu_typo_font_size_tablet":0,"ocean_menu_typo_font_size_mobile":0,"ocean_menu_typo_font_size_unit":"px","ocean_menu_typo_font_weight":"","ocean_menu_typo_font_weight_tablet":"","ocean_menu_typo_font_weight_mobile":"","ocean_menu_typo_transform":"","ocean_menu_typo_transform_tablet":"","ocean_menu_typo_transform_mobile":"","ocean_menu_typo_line_height":0,"ocean_menu_typo_line_height_tablet":0,"ocean_menu_typo_line_height_mobile":0,"ocean_menu_typo_line_height_unit":"","ocean_menu_typo_spacing":0,"ocean_menu_typo_spacing_tablet":0,"ocean_menu_typo_spacing_mobile":0,"ocean_menu_typo_spacing_unit":"","ocean_menu_link_color":"","ocean_menu_link_color_hover":"","ocean_menu_link_color_active":"","ocean_menu_link_background":"","ocean_menu_link_hover_background":"","ocean_menu_link_active_background":"","ocean_menu_social_links_bg":"","ocean_menu_social_hover_links_bg":"","ocean_menu_social_links_color":"","ocean_menu_social_hover_links_color":"","ocean_disable_title":"default","ocean_disable_heading":"default","ocean_post_title":"","ocean_post_subheading":"","ocean_post_title_style":"","ocean_post_title_background_color":"","ocean_post_title_background":0,"ocean_post_title_bg_image_position":"","ocean_post_title_bg_image_attachment":"","ocean_post_title_bg_image_repeat":"","ocean_post_title_bg_image_size":"","ocean_post_title_height":0,"ocean_post_title_bg_overlay":0.5,"ocean_post_title_bg_overlay_color":"","ocean_disable_breadcrumbs":"default","ocean_breadcrumbs_color":"","ocean_breadcrumbs_separator_color":"","ocean_breadcrumbs_links_color":"","ocean_breadcrumbs_links_hover_color":"","ocean_display_footer_widgets":"default","ocean_display_footer_bottom":"default","ocean_custom_footer_template":"0"},"product_brand":[],"product_cat":[23],"product_tag":[],"class_list":{"0":"post-7910","1":"product","2":"type-product","3":"status-publish","4":"has-post-thumbnail","6":"product_cat-zdrowe-przekaski","8":"entry","9":"has-media","11":"first","12":"instock","13":"shipping-taxable","14":"purchasable","15":"product-type-simple","16":"has-product-nav","17":"col","18":"span_1_of_3","19":"owp-content-left","20":"owp-thumbs-layout-horizontal","21":"owp-btn-normal","22":"owp-tabs-layout-horizontal","23":"has-no-thumbnails"},"_links":{"self":[{"href":"https:\/\/ecocorner.eu\/en\/wp-json\/wp\/v2\/product\/7910","targetHints":{"allow":["GET"]}}],"collection":[{"href":"https:\/\/ecocorner.eu\/en\/wp-json\/wp\/v2\/product"}],"about":[{"href":"https:\/\/ecocorner.eu\/en\/wp-json\/wp\/v2\/types\/product"}],"version-history":[{"count":1,"href":"https:\/\/ecocorner.eu\/en\/wp-json\/wp\/v2\/product\/7910\/revisions"}],"predecessor-version":[{"id":7912,"href":"https:\/\/ecocorner.eu\/en\/wp-json\/wp\/v2\/product\/7910\/revisions\/7912"}],"wp:featuredmedia":[{"embeddable":true,"href":"https:\/\/ecocorner.eu\/en\/wp-json\/wp\/v2\/media\/7911"}],"wp:attachment":[{"href":"https:\/\/ecocorner.eu\/en\/wp-json\/wp\/v2\/media?parent=7910"}],"wp:term":[{"taxonomy":"product_brand","embeddable":true,"href":"https:\/\/ecocorner.eu\/en\/wp-json\/wp\/v2\/product_brand?post=7910"},{"taxonomy":"product_cat","embeddable":true,"href":"https:\/\/ecocorner.eu\/en\/wp-json\/wp\/v2\/product_cat?post=7910"},{"taxonomy":"product_tag","embeddable":true,"href":"https:\/\/ecocorner.eu\/en\/wp-json\/wp\/v2\/product_tag?post=7910"}],"curies":[{"name":"wp","href":"https:\/\/api.w.org\/{rel}","templated":true}]}}