{"id":7927,"date":"2025-11-05T15:55:22","date_gmt":"2025-11-05T15:55:22","guid":{"rendered":"https:\/\/ecocorner.eu\/?post_type=product&#038;p=7927"},"modified":"2026-03-10T12:44:54","modified_gmt":"2026-03-10T12:44:54","slug":"dary-natury-ekologiczna-przyprawa-uniwersalna-lyzka-smakow-150-g","status":"publish","type":"product","link":"https:\/\/ecocorner.eu\/en\/product\/dary-natury-ekologiczna-przyprawa-uniwersalna-lyzka-smakow-150-g\/","title":{"rendered":"Dary  Natury  Ekologiczna przyprawa uniwersalna  \u0141y\u017cka Smak\u00f3w  150 g"},"content":{"rendered":"<p><span data-containter=\"modal\"><span class=\"wartosc\">Ingredients<br \/>\nmarchew* (15 %), por* (15 %), cebula* (10 %), czosnek* (10 %), lubczyk* (10 %), pasternak*, pietruszka korze\u0144*, kurkuma*, s\u00f3l morska, kozieradka*, tymianek*, pietruszka natka*, pieprz czarny* (0,5 %). (*certyfikowany sk\u0142adnik ekologiczny)<\/p>\n<p>METHOD OF APPLICATION<br \/>\nDo zup, bulion\u00f3w i sos\u00f3w doda\u0107 1 \u0142y\u017ck\u0119 (5 g) na 0,5 litra. Do da\u0144 na gor\u0105co z mi\u0119s, warzyw i RYB, potraw na zimno, sa\u0142atek czy past doda\u0107 w trakcie przygotowywania potraw w ilo\u015bci wed\u0142ug w\u0142asnych upodoba\u0144 kulinarnych.<\/p>\n<p>Nutritional value per 100 g<br \/>\nWarto\u015b\u0107 energetyczna: 1337 kJ\/317 kcal<br \/>\nT\u0142uszcz: 3,5 g<br \/>\nw tym kwasy t\u0142uszczowe nasycone: 2,5 g<br \/>\nW\u0119glowodany: 53,7 g<br \/>\nw tym cukry: 9,1 g<br \/>\nB\u0142onnik: 9 g<br \/>\nBia\u0142ko: 13,2 g<br \/>\nS\u00f3l: 5,5 g<\/p>\n<p>ALLERGENIC INFORMATION<br \/>\nMo\u017ce zawiera\u0107 zbo\u017ca zawieraj\u0105ce guten.<\/p>\n<p>RECOMMENDED STORAGE CONDITIONS<br \/>\nStore in a cool and dry place.<\/span><\/span><\/p>","protected":false},"excerpt":{"rendered":"<p><span data-containter=\"modal\"><span class=\"wartosc\">description<br \/>\nUniwersalna przyprawa do potraw, przygotowana na bazie starannie wyselekcjonowanych ekologicznych surowc\u00f3w. <\/span><\/span><\/p>","protected":false},"featured_media":7928,"template":"","meta":{"ocean_post_layout":"","ocean_both_sidebars_style":"","ocean_both_sidebars_content_width":0,"ocean_both_sidebars_sidebars_width":0,"ocean_sidebar":"0","ocean_second_sidebar":"0","ocean_disable_margins":"enable","ocean_add_body_class":"","ocean_shortcode_before_top_bar":"","ocean_shortcode_after_top_bar":"","ocean_shortcode_before_header":"","ocean_shortcode_after_header":"","ocean_has_shortcode":"","ocean_shortcode_after_title":"","ocean_shortcode_before_footer_widgets":"","ocean_shortcode_after_footer_widgets":"","ocean_shortcode_before_footer_bottom":"","ocean_shortcode_after_footer_bottom":"","ocean_display_top_bar":"default","ocean_display_header":"default","ocean_header_style":"","ocean_center_header_left_menu":"0","ocean_custom_header_template":"0","ocean_custom_logo":0,"ocean_custom_retina_logo":0,"ocean_custom_logo_max_width":0,"ocean_custom_logo_tablet_max_width":0,"ocean_custom_logo_mobile_max_width":0,"ocean_custom_logo_max_height":0,"ocean_custom_logo_tablet_max_height":0,"ocean_custom_logo_mobile_max_height":0,"ocean_header_custom_menu":"0","ocean_menu_typo_font_family":"0","ocean_menu_typo_font_subset":"","ocean_menu_typo_font_size":0,"ocean_menu_typo_font_size_tablet":0,"ocean_menu_typo_font_size_mobile":0,"ocean_menu_typo_font_size_unit":"px","ocean_menu_typo_font_weight":"","ocean_menu_typo_font_weight_tablet":"","ocean_menu_typo_font_weight_mobile":"","ocean_menu_typo_transform":"","ocean_menu_typo_transform_tablet":"","ocean_menu_typo_transform_mobile":"","ocean_menu_typo_line_height":0,"ocean_menu_typo_line_height_tablet":0,"ocean_menu_typo_line_height_mobile":0,"ocean_menu_typo_line_height_unit":"","ocean_menu_typo_spacing":0,"ocean_menu_typo_spacing_tablet":0,"ocean_menu_typo_spacing_mobile":0,"ocean_menu_typo_spacing_unit":"","ocean_menu_link_color":"","ocean_menu_link_color_hover":"","ocean_menu_link_color_active":"","ocean_menu_link_background":"","ocean_menu_link_hover_background":"","ocean_menu_link_active_background":"","ocean_menu_social_links_bg":"","ocean_menu_social_hover_links_bg":"","ocean_menu_social_links_color":"","ocean_menu_social_hover_links_color":"","ocean_disable_title":"default","ocean_disable_heading":"default","ocean_post_title":"","ocean_post_subheading":"","ocean_post_title_style":"","ocean_post_title_background_color":"","ocean_post_title_background":0,"ocean_post_title_bg_image_position":"","ocean_post_title_bg_image_attachment":"","ocean_post_title_bg_image_repeat":"","ocean_post_title_bg_image_size":"","ocean_post_title_height":0,"ocean_post_title_bg_overlay":0.5,"ocean_post_title_bg_overlay_color":"","ocean_disable_breadcrumbs":"default","ocean_breadcrumbs_color":"","ocean_breadcrumbs_separator_color":"","ocean_breadcrumbs_links_color":"","ocean_breadcrumbs_links_hover_color":"","ocean_display_footer_widgets":"default","ocean_display_footer_bottom":"default","ocean_custom_footer_template":"0"},"product_brand":[],"product_cat":[84],"product_tag":[],"class_list":{"0":"post-7927","1":"product","2":"type-product","3":"status-publish","4":"has-post-thumbnail","6":"product_cat-bio-przyprawy","8":"entry","9":"has-media","11":"first","12":"instock","13":"shipping-taxable","14":"purchasable","15":"product-type-simple","16":"has-product-nav","17":"col","18":"span_1_of_3","19":"owp-content-left","20":"owp-thumbs-layout-horizontal","21":"owp-btn-normal","22":"owp-tabs-layout-horizontal","23":"has-no-thumbnails"},"_links":{"self":[{"href":"https:\/\/ecocorner.eu\/en\/wp-json\/wp\/v2\/product\/7927","targetHints":{"allow":["GET"]}}],"collection":[{"href":"https:\/\/ecocorner.eu\/en\/wp-json\/wp\/v2\/product"}],"about":[{"href":"https:\/\/ecocorner.eu\/en\/wp-json\/wp\/v2\/types\/product"}],"version-history":[{"count":1,"href":"https:\/\/ecocorner.eu\/en\/wp-json\/wp\/v2\/product\/7927\/revisions"}],"predecessor-version":[{"id":7929,"href":"https:\/\/ecocorner.eu\/en\/wp-json\/wp\/v2\/product\/7927\/revisions\/7929"}],"wp:featuredmedia":[{"embeddable":true,"href":"https:\/\/ecocorner.eu\/en\/wp-json\/wp\/v2\/media\/7928"}],"wp:attachment":[{"href":"https:\/\/ecocorner.eu\/en\/wp-json\/wp\/v2\/media?parent=7927"}],"wp:term":[{"taxonomy":"product_brand","embeddable":true,"href":"https:\/\/ecocorner.eu\/en\/wp-json\/wp\/v2\/product_brand?post=7927"},{"taxonomy":"product_cat","embeddable":true,"href":"https:\/\/ecocorner.eu\/en\/wp-json\/wp\/v2\/product_cat?post=7927"},{"taxonomy":"product_tag","embeddable":true,"href":"https:\/\/ecocorner.eu\/en\/wp-json\/wp\/v2\/product_tag?post=7927"}],"curies":[{"name":"wp","href":"https:\/\/api.w.org\/{rel}","templated":true}]}}