{"id":7930,"date":"2025-11-05T16:04:32","date_gmt":"2025-11-05T16:04:32","guid":{"rendered":"https:\/\/ecocorner.eu\/?post_type=product&#038;p=7930"},"modified":"2025-12-17T15:05:09","modified_gmt":"2025-12-17T15:05:09","slug":"porcja-dobra-smakolyki-od-swietego-mikolaja-3-owocowe-przekaski-tatuaz","status":"publish","type":"product","link":"https:\/\/ecocorner.eu\/en\/product\/porcja-dobra-smakolyki-od-swietego-mikolaja-3-owocowe-przekaski-tatuaz\/","title":{"rendered":"Porcja  Dobra  Smako\u0142yki od \u015awi\u0119tego Miko\u0142aja  ( 3 owocowe przek\u0105ski + tatua\u017c )"},"content":{"rendered":"<p><span data-containter=\"modal\"><span class=\"wartosc\">Ingredients<br \/>\nJab\u0142kowo-wi\u015bniowa przek\u0105ska: Sk\u0142adniki: jab\u0142ko (69,5 %), wi\u015bnie (30 %), cytryna (0,5 %)<br \/>\nJab\u0142kowo-brzoskwiniowa przek\u0105ska: Sk\u0142adniki: jab\u0142ko (69,5 %), brzoskwinie (30 %), cytryna (0,5 %)<br \/>\nJab\u0142kowo-pomara\u0144czowa przek\u0105ska: Sk\u0142adniki: jab\u0142ko (69,5 %), pomara\u0144cze (30 %), cytryna (0,5 %).<\/p>\n<p>WARTO\u015a\u0106 OD\u017bYWCZA W 100 g Jab\u0142kowo-wi\u015bniowa przek\u0105ska<br \/>\nWarto\u015b\u0107 energetyczna: 1495 kJ\/ 352 kcal<br \/>\nFat: 0 g<br \/>\nincluding saturated fatty acids: 0 g<br \/>\nW\u0119glowodany: 87 g<br \/>\nw tym cukry: 36 g<br \/>\nB\u0142onnik: 2,8 g<br \/>\nBia\u0142ko: 1,0 g<br \/>\nS\u00f3l: 0,05 g<\/p>\n<p>WARTO\u015a\u0106 OD\u017bYWCZA W 100 g Jab\u0142kowo-brzoskwiniowa przek\u0105ska<br \/>\nWarto\u015b\u0107 energetyczna: 1487 kJ\/ 350 kcal<br \/>\nFat: 0 g<br \/>\nincluding saturated fatty acids: 0 g<br \/>\nW\u0119glowodany: 87 g<br \/>\nw tym cukry: 52 g<br \/>\nB\u0142onnik: 4,0 g<br \/>\nBia\u0142ko: 0,9 g<br \/>\nSalt: 0.04 g<\/p>\n<p>WARTO\u015a\u0106 OD\u017bYWCZA W 100 g Jab\u0142kowo-pomara\u0144czowa przek\u0105ska<br \/>\nWarto\u015b\u0107 energetyczna: 1414 kJ\/ 338 kcal<br \/>\nFat: 0 g<br \/>\nincluding saturated fatty acids: 0 g<br \/>\nW\u0119glowodany: 86 g<br \/>\nw tym cukry: 64 g<br \/>\nB\u0142onnik: 2,5 g<br \/>\nBia\u0142ko: 1,8 g<br \/>\nS\u00f3l: 0,06 g<\/p>\n<p>RECOMMENDED STORAGE CONDITIONS<br \/>\nStore in a cool and dry place.<\/span><\/span><\/p>","protected":false},"excerpt":{"rendered":"<p><span data-containter=\"modal\"><span class=\"wartosc\"><br \/>\nZestaw sk\u0142adaj\u0105cy si\u0119 z 3 owocowych przek\u0105sek w r\u00f3\u017cnych smakach. <\/span><\/span><\/p>\n<p><span data-containter=\"modal\"><span class=\"wartosc\">Dodatkowo w \u015brodku dziecko znajdzie tatua\u017c i specjalne zadanie od \u015awi\u0119tego Miko\u0142aja rozwijaj\u0105ce zdolno\u015b\u0107 dedukcji, uwa\u017cno\u015b\u0107, logiczne my\u015blenie lub kreatywno\u015b\u0107.<br \/>\nNaturalne, w 100 % owocowe batoniki. Bez dodatku cukru. Zawieraj\u0105 naturalnie wyst\u0119puj\u0105ce cukry.<br \/>\n<\/span><\/span><\/p>","protected":false},"featured_media":7931,"template":"","meta":{"ocean_post_layout":"","ocean_both_sidebars_style":"","ocean_both_sidebars_content_width":0,"ocean_both_sidebars_sidebars_width":0,"ocean_sidebar":"0","ocean_second_sidebar":"0","ocean_disable_margins":"enable","ocean_add_body_class":"","ocean_shortcode_before_top_bar":"","ocean_shortcode_after_top_bar":"","ocean_shortcode_before_header":"","ocean_shortcode_after_header":"","ocean_has_shortcode":"","ocean_shortcode_after_title":"","ocean_shortcode_before_footer_widgets":"","ocean_shortcode_after_footer_widgets":"","ocean_shortcode_before_footer_bottom":"","ocean_shortcode_after_footer_bottom":"","ocean_display_top_bar":"default","ocean_display_header":"default","ocean_header_style":"","ocean_center_header_left_menu":"0","ocean_custom_header_template":"0","ocean_custom_logo":0,"ocean_custom_retina_logo":0,"ocean_custom_logo_max_width":0,"ocean_custom_logo_tablet_max_width":0,"ocean_custom_logo_mobile_max_width":0,"ocean_custom_logo_max_height":0,"ocean_custom_logo_tablet_max_height":0,"ocean_custom_logo_mobile_max_height":0,"ocean_header_custom_menu":"0","ocean_menu_typo_font_family":"0","ocean_menu_typo_font_subset":"","ocean_menu_typo_font_size":0,"ocean_menu_typo_font_size_tablet":0,"ocean_menu_typo_font_size_mobile":0,"ocean_menu_typo_font_size_unit":"px","ocean_menu_typo_font_weight":"","ocean_menu_typo_font_weight_tablet":"","ocean_menu_typo_font_weight_mobile":"","ocean_menu_typo_transform":"","ocean_menu_typo_transform_tablet":"","ocean_menu_typo_transform_mobile":"","ocean_menu_typo_line_height":0,"ocean_menu_typo_line_height_tablet":0,"ocean_menu_typo_line_height_mobile":0,"ocean_menu_typo_line_height_unit":"","ocean_menu_typo_spacing":0,"ocean_menu_typo_spacing_tablet":0,"ocean_menu_typo_spacing_mobile":0,"ocean_menu_typo_spacing_unit":"","ocean_menu_link_color":"","ocean_menu_link_color_hover":"","ocean_menu_link_color_active":"","ocean_menu_link_background":"","ocean_menu_link_hover_background":"","ocean_menu_link_active_background":"","ocean_menu_social_links_bg":"","ocean_menu_social_hover_links_bg":"","ocean_menu_social_links_color":"","ocean_menu_social_hover_links_color":"","ocean_disable_title":"default","ocean_disable_heading":"default","ocean_post_title":"","ocean_post_subheading":"","ocean_post_title_style":"","ocean_post_title_background_color":"","ocean_post_title_background":0,"ocean_post_title_bg_image_position":"","ocean_post_title_bg_image_attachment":"","ocean_post_title_bg_image_repeat":"","ocean_post_title_bg_image_size":"","ocean_post_title_height":0,"ocean_post_title_bg_overlay":0.5,"ocean_post_title_bg_overlay_color":"","ocean_disable_breadcrumbs":"default","ocean_breadcrumbs_color":"","ocean_breadcrumbs_separator_color":"","ocean_breadcrumbs_links_color":"","ocean_breadcrumbs_links_hover_color":"","ocean_display_footer_widgets":"default","ocean_display_footer_bottom":"default","ocean_custom_footer_template":"0"},"product_brand":[],"product_cat":[23],"product_tag":[],"class_list":{"0":"post-7930","1":"product","2":"type-product","3":"status-publish","4":"has-post-thumbnail","6":"product_cat-zdrowe-przekaski","8":"entry","9":"has-media","11":"first","12":"outofstock","13":"shipping-taxable","14":"purchasable","15":"product-type-simple","16":"has-product-nav","17":"col","18":"span_1_of_3","19":"owp-content-left","20":"owp-thumbs-layout-horizontal","21":"owp-btn-normal","22":"owp-tabs-layout-horizontal","23":"has-no-thumbnails"},"_links":{"self":[{"href":"https:\/\/ecocorner.eu\/en\/wp-json\/wp\/v2\/product\/7930","targetHints":{"allow":["GET"]}}],"collection":[{"href":"https:\/\/ecocorner.eu\/en\/wp-json\/wp\/v2\/product"}],"about":[{"href":"https:\/\/ecocorner.eu\/en\/wp-json\/wp\/v2\/types\/product"}],"version-history":[{"count":1,"href":"https:\/\/ecocorner.eu\/en\/wp-json\/wp\/v2\/product\/7930\/revisions"}],"predecessor-version":[{"id":7932,"href":"https:\/\/ecocorner.eu\/en\/wp-json\/wp\/v2\/product\/7930\/revisions\/7932"}],"wp:featuredmedia":[{"embeddable":true,"href":"https:\/\/ecocorner.eu\/en\/wp-json\/wp\/v2\/media\/7931"}],"wp:attachment":[{"href":"https:\/\/ecocorner.eu\/en\/wp-json\/wp\/v2\/media?parent=7930"}],"wp:term":[{"taxonomy":"product_brand","embeddable":true,"href":"https:\/\/ecocorner.eu\/en\/wp-json\/wp\/v2\/product_brand?post=7930"},{"taxonomy":"product_cat","embeddable":true,"href":"https:\/\/ecocorner.eu\/en\/wp-json\/wp\/v2\/product_cat?post=7930"},{"taxonomy":"product_tag","embeddable":true,"href":"https:\/\/ecocorner.eu\/en\/wp-json\/wp\/v2\/product_tag?post=7930"}],"curies":[{"name":"wp","href":"https:\/\/api.w.org\/{rel}","templated":true}]}}