{"id":7994,"date":"2025-11-05T18:12:43","date_gmt":"2025-11-05T18:12:43","guid":{"rendered":"https:\/\/ecocorner.eu\/?post_type=product&#038;p=7994"},"modified":"2026-02-19T22:11:10","modified_gmt":"2026-02-19T22:11:10","slug":"nordcrunch-happy-leo-bio-kolka-zbozowe-truskawkowe-dla-dzieci-150-g","status":"publish","type":"product","link":"https:\/\/ecocorner.eu\/en\/product\/nordcrunch-happy-leo-bio-kolka-zbozowe-truskawkowe-dla-dzieci-150-g\/","title":{"rendered":"Nordcrunch Happy Leo Bio  K\u00f3\u0142ka zbo\u017cowe Truskawkowe dla dzieci  150 g"},"content":{"rendered":"<p><span class=\"wartosc\">Ingredients<br \/>\nm\u0105ka \u017bYTNIA pe\u0142noziarnista 73 %, syrop cukru trzcinowego, m\u0105ka OWSIANA pe\u0142noziarnista 4 %, syrop truskawkowy 3 % (sok truskawkowy 58 %, cukier, sok \u017curawinowy), koncentrat (marchew, czarna porzeczka), regulator kwasowo\u015bci: kwas cytrynowy, aromat truskawkowy.<\/p>\n<p>Nutritional value per 100 g<br \/>\nWarto\u015b\u0107 energetyczna: 1564 kJ\/374 kcal<br \/>\nT\u0142uszcz: 1,8 g<br \/>\nincluding saturated fatty acids: 0.2 g<br \/>\nW\u0119glowodany: 78 g<br \/>\nw tym cukry: 21 g<br \/>\nFiber: 11g<br \/>\nBia\u0142ko: 6,3 g<br \/>\nSalt: 0.3 g<\/p>\n<p>RECOMMENDED STORAGE CONDITIONS<br \/>\nStore in a cool and dry place.<br \/>\n<\/span><\/p>","protected":false},"excerpt":{"rendered":"<p><span class=\"wartosc\"><br \/>\nK\u00f3\u0142eczka Happy Leo to pyszna i zdrowa propozycja na \u015bniadanie, kt\u00f3ra po\u0142\u0105czy smak natury z przyjemnym, owocowym akcentem. Produkt zawiera pe\u0142noziarniste m\u0105ki: \u017cytni\u0105 i owsian\u0105, kt\u00f3re s\u0105 bogate w b\u0142onnik, wspomagaj\u0105c trawienie i daj\u0105c d\u0142ugotrwa\u0142e uczucie syto\u015bci. Dodatek syropu z truskawek nadaje im naturalnej s\u0142odyczy i orze\u017awiaj\u0105cego smaku, tworz\u0105c doskona\u0142\u0105 harmoni\u0119 smakow\u0105. K\u00f3\u0142eczka s\u0105 idealne do MLEKA, jogurtu lub jako dodatek do ulubionych owoc\u00f3w, stanowi\u0105c \u015bwietny spos\u00f3b na rozpocz\u0119cie dnia pe\u0142nego energii. W pe\u0142ni naturalne, stanowi\u0105 zdrow\u0105 alternatyw\u0119 dla tradycyjnych k\u00f3\u0142ek \u015bniadaniowych. Wybieraj\u0105c Happy Leo, wybierasz smak, zdrowie i jako\u015b\u0107!<\/span><\/p>","protected":false},"featured_media":7995,"template":"","meta":{"ocean_post_layout":"","ocean_both_sidebars_style":"","ocean_both_sidebars_content_width":0,"ocean_both_sidebars_sidebars_width":0,"ocean_sidebar":"0","ocean_second_sidebar":"0","ocean_disable_margins":"enable","ocean_add_body_class":"","ocean_shortcode_before_top_bar":"","ocean_shortcode_after_top_bar":"","ocean_shortcode_before_header":"","ocean_shortcode_after_header":"","ocean_has_shortcode":"","ocean_shortcode_after_title":"","ocean_shortcode_before_footer_widgets":"","ocean_shortcode_after_footer_widgets":"","ocean_shortcode_before_footer_bottom":"","ocean_shortcode_after_footer_bottom":"","ocean_display_top_bar":"default","ocean_display_header":"default","ocean_header_style":"","ocean_center_header_left_menu":"0","ocean_custom_header_template":"0","ocean_custom_logo":0,"ocean_custom_retina_logo":0,"ocean_custom_logo_max_width":0,"ocean_custom_logo_tablet_max_width":0,"ocean_custom_logo_mobile_max_width":0,"ocean_custom_logo_max_height":0,"ocean_custom_logo_tablet_max_height":0,"ocean_custom_logo_mobile_max_height":0,"ocean_header_custom_menu":"0","ocean_menu_typo_font_family":"0","ocean_menu_typo_font_subset":"","ocean_menu_typo_font_size":0,"ocean_menu_typo_font_size_tablet":0,"ocean_menu_typo_font_size_mobile":0,"ocean_menu_typo_font_size_unit":"px","ocean_menu_typo_font_weight":"","ocean_menu_typo_font_weight_tablet":"","ocean_menu_typo_font_weight_mobile":"","ocean_menu_typo_transform":"","ocean_menu_typo_transform_tablet":"","ocean_menu_typo_transform_mobile":"","ocean_menu_typo_line_height":0,"ocean_menu_typo_line_height_tablet":0,"ocean_menu_typo_line_height_mobile":0,"ocean_menu_typo_line_height_unit":"","ocean_menu_typo_spacing":0,"ocean_menu_typo_spacing_tablet":0,"ocean_menu_typo_spacing_mobile":0,"ocean_menu_typo_spacing_unit":"","ocean_menu_link_color":"","ocean_menu_link_color_hover":"","ocean_menu_link_color_active":"","ocean_menu_link_background":"","ocean_menu_link_hover_background":"","ocean_menu_link_active_background":"","ocean_menu_social_links_bg":"","ocean_menu_social_hover_links_bg":"","ocean_menu_social_links_color":"","ocean_menu_social_hover_links_color":"","ocean_disable_title":"default","ocean_disable_heading":"default","ocean_post_title":"","ocean_post_subheading":"","ocean_post_title_style":"","ocean_post_title_background_color":"","ocean_post_title_background":0,"ocean_post_title_bg_image_position":"","ocean_post_title_bg_image_attachment":"","ocean_post_title_bg_image_repeat":"","ocean_post_title_bg_image_size":"","ocean_post_title_height":0,"ocean_post_title_bg_overlay":0.5,"ocean_post_title_bg_overlay_color":"","ocean_disable_breadcrumbs":"default","ocean_breadcrumbs_color":"","ocean_breadcrumbs_separator_color":"","ocean_breadcrumbs_links_color":"","ocean_breadcrumbs_links_hover_color":"","ocean_display_footer_widgets":"default","ocean_display_footer_bottom":"default","ocean_custom_footer_template":"0"},"product_brand":[],"product_cat":[23],"product_tag":[],"class_list":{"0":"post-7994","1":"product","2":"type-product","3":"status-publish","4":"has-post-thumbnail","6":"product_cat-zdrowe-przekaski","8":"entry","9":"has-media","11":"first","12":"outofstock","13":"shipping-taxable","14":"purchasable","15":"product-type-simple","16":"has-product-nav","17":"col","18":"span_1_of_3","19":"owp-content-left","20":"owp-thumbs-layout-horizontal","21":"owp-btn-normal","22":"owp-tabs-layout-horizontal","23":"has-no-thumbnails"},"_links":{"self":[{"href":"https:\/\/ecocorner.eu\/en\/wp-json\/wp\/v2\/product\/7994","targetHints":{"allow":["GET"]}}],"collection":[{"href":"https:\/\/ecocorner.eu\/en\/wp-json\/wp\/v2\/product"}],"about":[{"href":"https:\/\/ecocorner.eu\/en\/wp-json\/wp\/v2\/types\/product"}],"version-history":[{"count":1,"href":"https:\/\/ecocorner.eu\/en\/wp-json\/wp\/v2\/product\/7994\/revisions"}],"predecessor-version":[{"id":7996,"href":"https:\/\/ecocorner.eu\/en\/wp-json\/wp\/v2\/product\/7994\/revisions\/7996"}],"wp:featuredmedia":[{"embeddable":true,"href":"https:\/\/ecocorner.eu\/en\/wp-json\/wp\/v2\/media\/7995"}],"wp:attachment":[{"href":"https:\/\/ecocorner.eu\/en\/wp-json\/wp\/v2\/media?parent=7994"}],"wp:term":[{"taxonomy":"product_brand","embeddable":true,"href":"https:\/\/ecocorner.eu\/en\/wp-json\/wp\/v2\/product_brand?post=7994"},{"taxonomy":"product_cat","embeddable":true,"href":"https:\/\/ecocorner.eu\/en\/wp-json\/wp\/v2\/product_cat?post=7994"},{"taxonomy":"product_tag","embeddable":true,"href":"https:\/\/ecocorner.eu\/en\/wp-json\/wp\/v2\/product_tag?post=7994"}],"curies":[{"name":"wp","href":"https:\/\/api.w.org\/{rel}","templated":true}]}}