{"id":8017,"date":"2025-11-09T19:07:06","date_gmt":"2025-11-09T19:07:06","guid":{"rendered":"https:\/\/ecocorner.eu\/?post_type=product&#038;p=8017"},"modified":"2026-02-19T22:15:13","modified_gmt":"2026-02-19T22:15:13","slug":"cbd-effect-masc-propolisowa-junior-z-rumiankiem-30-ml","status":"publish","type":"product","link":"https:\/\/ecocorner.eu\/en\/product\/cbd-effect-masc-propolisowa-junior-z-rumiankiem-30-ml\/","title":{"rendered":"CBD Effect  Ma\u015b\u0107 Propolisowa Junior  z rumiankiem   30 ml"},"content":{"rendered":"<p>&nbsp;<\/p>\n<p>Bogate spectrum w\u0142a\u015bciwo\u015bci tych dw\u00f3ch sk\u0142adnik\u00f3w znacznie przyspiesza proces gojenia rany i jest bezpieczny dla\u00a0 sk\u00f3ry dziecka (z wyj\u0105tkiem uczulenia na kt\u00f3ry\u015b ze sk\u0142adnik\u00f3w).<\/p>\n<p><strong>Na co pomaga ma\u015b\u0107<\/strong>:<\/p>\n<ul>\n<li>zadrapania<\/li>\n<li>p\u0119kni\u0119cia nask\u00f3rka<\/li>\n<li>sucho\u015b\u0107 sk\u00f3ry<\/li>\n<li>oparzenia, odparzenia<\/li>\n<li>tr\u0105dzik<\/li>\n<li>\u0142uszczyca, AZS, egzema<\/li>\n<\/ul>\n<p>Polish product<\/p>\n<p>S\u0142oiczek: 30 ml<\/p>","protected":false},"excerpt":{"rendered":"<div class=\"elementor-element elementor-element-4a29e39c elementor-widget elementor-widget-woocommerce-product-title elementor-page-title elementor-widget-heading\" data-id=\"4a29e39c\" data-element_type=\"widget\" data-widget_type=\"woocommerce-product-title.default\">\n<h3 class=\"product_title entry-title elementor-heading-title elementor-size-default\">Ma\u015b\u0107 Propolisowa Junior z rumiankiem 30ml<\/h3>\n<\/div>\n<div class=\"elementor-element elementor-element-72a9ab98 elementor-widget elementor-widget-woocommerce-product-short-description\" data-id=\"72a9ab98\" data-element_type=\"widget\" data-widget_type=\"woocommerce-product-short-description.default\">\n<div class=\"woocommerce-product-details__short-description\">\n<ul>\n<li>specjalistyczna ma\u015b\u0107 piel\u0119gnacja do wra\u017cliwej sk\u00f3ry dziecka<\/li>\n<li>propolis z rumiankiem o antyseptycznych w\u0142a\u015bciwo\u015bciach<\/li>\n<li>\u0142agodzi podra\u017cnienia, stany zapalne, wspomaga gojenie ran<\/li>\n<li>100% naturalne sk\u0142adniki<\/li>\n<li>s\u0142oiczek 30 ml<\/li>\n<\/ul>\n<\/div>\n<p>Rumiankowe \u0142agodzenie podra\u017cnie\u0144 i stan\u00f3w zapalnych sk\u00f3ry dziecka.<\/p>\n<p><b>Propoliska JUNIOR z rumiankiem <\/b>to specjalistyczna ma\u015b\u0107 na bazie ekstraktu z propolisu.<\/p>\n<p>Rumianek jest najbardziej popularnym zio\u0142em leczniczym. Za jego koj\u0105ce i regeneracyjne dzia\u0142anie odpowiadaj\u0105 \u00a0olejki eteryczne, flawonoidy, kwasy organiczne, cholina, witamina C, potas, mangan i wiele innych dlatego stosuje si\u0119 go w produktach kosmetycznych dla dzieci.<\/p>\n<p><strong>Najwa\u017cniejsze w\u0142a\u015bciwo\u015bci rumianku<\/strong>:<\/p>\n<ul>\n<li>przeciwzapalne<\/li>\n<li>przeciw\u015bwi\u0105dowe<\/li>\n<li>regeneruj\u0105co-koj\u0105ce<\/li>\n<li>oczyszczaj\u0105ce rany, przeciwbakteryjne i przeciwwirusowe<\/li>\n<\/ul>\n<p>Propolis to substancja zawieraj\u0105ca kompleks ponad trzystu aktywnych biologicznie zwi\u0105zk\u00f3w o unikalnych w\u0142a\u015bciwo\u015bciach naprawczych sk\u00f3ry, co sprawia, \u017ce proces gojenia ran jest harmonijny i przyspieszony.<\/p>\n<p><strong>Propolis ma dzia\u0142anie<\/strong>:<\/p>\n<ul>\n<li>antybiotyczne<\/li>\n<li>przeciwzapalne<\/li>\n<li>przeciwdrobnoustrojowe<\/li>\n<li>antyutleniaj\u0105ce<\/li>\n<li>przyspieszaj\u0105ce gojenie ran<\/li>\n<\/ul>\n<\/div>","protected":false},"featured_media":8018,"template":"","meta":{"ocean_post_layout":"","ocean_both_sidebars_style":"","ocean_both_sidebars_content_width":0,"ocean_both_sidebars_sidebars_width":0,"ocean_sidebar":"0","ocean_second_sidebar":"0","ocean_disable_margins":"enable","ocean_add_body_class":"","ocean_shortcode_before_top_bar":"","ocean_shortcode_after_top_bar":"","ocean_shortcode_before_header":"","ocean_shortcode_after_header":"","ocean_has_shortcode":"","ocean_shortcode_after_title":"","ocean_shortcode_before_footer_widgets":"","ocean_shortcode_after_footer_widgets":"","ocean_shortcode_before_footer_bottom":"","ocean_shortcode_after_footer_bottom":"","ocean_display_top_bar":"default","ocean_display_header":"default","ocean_header_style":"","ocean_center_header_left_menu":"0","ocean_custom_header_template":"0","ocean_custom_logo":0,"ocean_custom_retina_logo":0,"ocean_custom_logo_max_width":0,"ocean_custom_logo_tablet_max_width":0,"ocean_custom_logo_mobile_max_width":0,"ocean_custom_logo_max_height":0,"ocean_custom_logo_tablet_max_height":0,"ocean_custom_logo_mobile_max_height":0,"ocean_header_custom_menu":"0","ocean_menu_typo_font_family":"0","ocean_menu_typo_font_subset":"","ocean_menu_typo_font_size":0,"ocean_menu_typo_font_size_tablet":0,"ocean_menu_typo_font_size_mobile":0,"ocean_menu_typo_font_size_unit":"px","ocean_menu_typo_font_weight":"","ocean_menu_typo_font_weight_tablet":"","ocean_menu_typo_font_weight_mobile":"","ocean_menu_typo_transform":"","ocean_menu_typo_transform_tablet":"","ocean_menu_typo_transform_mobile":"","ocean_menu_typo_line_height":0,"ocean_menu_typo_line_height_tablet":0,"ocean_menu_typo_line_height_mobile":0,"ocean_menu_typo_line_height_unit":"","ocean_menu_typo_spacing":0,"ocean_menu_typo_spacing_tablet":0,"ocean_menu_typo_spacing_mobile":0,"ocean_menu_typo_spacing_unit":"","ocean_menu_link_color":"","ocean_menu_link_color_hover":"","ocean_menu_link_color_active":"","ocean_menu_link_background":"","ocean_menu_link_hover_background":"","ocean_menu_link_active_background":"","ocean_menu_social_links_bg":"","ocean_menu_social_hover_links_bg":"","ocean_menu_social_links_color":"","ocean_menu_social_hover_links_color":"","ocean_disable_title":"default","ocean_disable_heading":"default","ocean_post_title":"","ocean_post_subheading":"","ocean_post_title_style":"","ocean_post_title_background_color":"","ocean_post_title_background":0,"ocean_post_title_bg_image_position":"","ocean_post_title_bg_image_attachment":"","ocean_post_title_bg_image_repeat":"","ocean_post_title_bg_image_size":"","ocean_post_title_height":0,"ocean_post_title_bg_overlay":0.5,"ocean_post_title_bg_overlay_color":"","ocean_disable_breadcrumbs":"default","ocean_breadcrumbs_color":"","ocean_breadcrumbs_separator_color":"","ocean_breadcrumbs_links_color":"","ocean_breadcrumbs_links_hover_color":"","ocean_display_footer_widgets":"default","ocean_display_footer_bottom":"default","ocean_custom_footer_template":"0"},"product_brand":[],"product_cat":[87,20],"product_tag":[],"class_list":{"0":"post-8017","1":"product","2":"type-product","3":"status-publish","4":"has-post-thumbnail","6":"product_cat-masci-lecznicze","7":"product_cat-dzieci","9":"entry","10":"has-media","12":"first","13":"outofstock","14":"shipping-taxable","15":"purchasable","16":"product-type-simple","17":"has-product-nav","18":"col","19":"span_1_of_3","20":"owp-content-left","21":"owp-thumbs-layout-horizontal","22":"owp-btn-normal","23":"owp-tabs-layout-horizontal","24":"has-no-thumbnails"},"_links":{"self":[{"href":"https:\/\/ecocorner.eu\/en\/wp-json\/wp\/v2\/product\/8017","targetHints":{"allow":["GET"]}}],"collection":[{"href":"https:\/\/ecocorner.eu\/en\/wp-json\/wp\/v2\/product"}],"about":[{"href":"https:\/\/ecocorner.eu\/en\/wp-json\/wp\/v2\/types\/product"}],"version-history":[{"count":1,"href":"https:\/\/ecocorner.eu\/en\/wp-json\/wp\/v2\/product\/8017\/revisions"}],"predecessor-version":[{"id":8019,"href":"https:\/\/ecocorner.eu\/en\/wp-json\/wp\/v2\/product\/8017\/revisions\/8019"}],"wp:featuredmedia":[{"embeddable":true,"href":"https:\/\/ecocorner.eu\/en\/wp-json\/wp\/v2\/media\/8018"}],"wp:attachment":[{"href":"https:\/\/ecocorner.eu\/en\/wp-json\/wp\/v2\/media?parent=8017"}],"wp:term":[{"taxonomy":"product_brand","embeddable":true,"href":"https:\/\/ecocorner.eu\/en\/wp-json\/wp\/v2\/product_brand?post=8017"},{"taxonomy":"product_cat","embeddable":true,"href":"https:\/\/ecocorner.eu\/en\/wp-json\/wp\/v2\/product_cat?post=8017"},{"taxonomy":"product_tag","embeddable":true,"href":"https:\/\/ecocorner.eu\/en\/wp-json\/wp\/v2\/product_tag?post=8017"}],"curies":[{"name":"wp","href":"https:\/\/api.w.org\/{rel}","templated":true}]}}