{"id":8024,"date":"2025-11-11T11:18:26","date_gmt":"2025-11-11T11:18:26","guid":{"rendered":"https:\/\/ecocorner.eu\/?post_type=product&#038;p=8024"},"modified":"2026-04-11T13:19:53","modified_gmt":"2026-04-11T13:19:53","slug":"senliiv-ulatwienie-zasypiania-zdrowy-sen-60-kaps","status":"publish","type":"product","link":"https:\/\/ecocorner.eu\/en\/product\/senliiv-ulatwienie-zasypiania-zdrowy-sen-60-kaps\/","title":{"rendered":"SENLIIV &#8211; u\u0142atwienie zasypiania, zdrowy sen  60 kaps."},"content":{"rendered":"<p>&nbsp;<\/p>\n<p><strong>Zalecane <\/strong><strong>dzienna porcja do spo\u017cycia to <\/strong>2 kapsu\u0142ki dziennie.<\/p>\n<p>Spo\u017cywa\u0107 po posi\u0142ku popijaj\u0105c du\u017c\u0105 ilo\u015bci\u0105 wody.<\/p>\n<p><strong>Signal: <\/strong>suplement diety nie mo\u017ce by\u0107 stosowany jako substytut zr\u00f3\u017cnicowanej diety. Zaleca si\u0119 zr\u00f3wnowa\u017cony spos\u00f3b \u017cywienia i zdrowy tryb \u017cycia. Nie nale\u017cy przekracza\u0107 zalecanej porcji do spo\u017cycia w ci\u0105gu dnia. <strong>Produkt nie powinien by\u0107 spo\u017cywany w przypadku stosowania lek\u00f3w o dzia\u0142aniu uspakajaj\u0105cym, nasennym, przeciwpadaczkowym. Nie stosowa\u0107 u dzieci, kobiet w ci\u0105\u017cy i w trakcie laktacji.<\/strong> Nie stosowa\u0107 preparatu w przypadku nadwra\u017cliwo\u015bci na kt\u00f3rykolwiek z jego sk\u0142adnik\u00f3w. Nie nale\u017cy stosowa\u0107 suplementu diety po up\u0142ywie daty minimalnej trwa\u0142o\u015bci.<\/p>\n<p><strong><u>Zawarto\u015b\u0107 sk\u0142adnik\u00f3w w przeliczeniu na zalecan\u0105 dzienn\u0105 porcj\u0119 \u2013 2 kapsu\u0142ki:<\/u><\/strong><\/p>\n<table width=\"755\">\n<tbody>\n<tr>\n<td>Sk\u0142adnik:<\/td>\n<td>Content<\/p>\n<p>w 2 kapsu\u0142kach<\/td>\n<td>% RWS*<\/p>\n<p>porcji dziennej<\/td>\n<\/tr>\n<tr>\n<td>Niacin<\/td>\n<td>16 mg<\/td>\n<td>100%<\/td>\n<\/tr>\n<tr>\n<td>Vitamin B<sub>6<\/sub><\/td>\n<td>2,8 mg<\/td>\n<td>200%<\/td>\n<\/tr>\n<tr>\n<td>Magnesium<\/td>\n<td>100 mg<\/td>\n<td>26,6%<\/td>\n<\/tr>\n<tr>\n<td>GABA<\/td>\n<td>100 mg<\/td>\n<td>&#8211;<\/td>\n<\/tr>\n<tr>\n<td>Melatonin<\/td>\n<td>1 mg<\/td>\n<td>&#8211;<\/td>\n<\/tr>\n<tr>\n<td>Ekstrakt z m\u0119czennicy cielistej, w tym:<\/p>\n<p>flawonoidy<\/td>\n<td>125 mg<\/p>\n<p>6,25 mg<\/td>\n<td>&#8211;<\/td>\n<\/tr>\n<tr>\n<td>Hop Cone Extract<\/td>\n<td>75 mg<\/td>\n<td>&#8211;<\/td>\n<\/tr>\n<tr>\n<td>Ekstrakt z kwiatu rumianku, w tym:<\/p>\n<p>apigenina<\/td>\n<td>50 mg<\/p>\n<p>0,25 mg<\/td>\n<td>&#8211;<\/td>\n<\/tr>\n<tr>\n<td>Ekstrakt z witanii ospa\u0142ej, w tym:<\/p>\n<p>vitanolides<\/td>\n<td>100 mg<\/p>\n<p>10 mg<\/td>\n<td>&#8211;<\/td>\n<\/tr>\n<tr>\n<td>B\u0142onnik akacjowy<\/td>\n<td>21,6 mg<\/td>\n<td>&#8211;<\/td>\n<\/tr>\n<\/tbody>\n<\/table>\n<p>*% RWS &#8211; Referencyjna Warto\u015b\u0107 Spo\u017cycia<\/p>\n<p>&#8211; &#8211; Nie ustalono Referencyjnej Warto\u015bci Spo\u017cycia<\/p>\n<p><strong><u>\u00a0<\/u><\/strong><\/p>\n<p><strong>Ingredients: <\/strong>magnez (diglicynian magnezu), hydroksypropylometyloceluloza ekstrakt z m\u0119czennicy cielistej Passiflora incarnata standaryzowany na: 5% flawonoid\u00f3w, kwas gamma-aminomas\u0142owy (GABA), ekstrakt z witanii ospa\u0142ej Withania Somnifera standaryzowany na: 10% witanolid\u00f3w, ekstrakt 4:1 z szyszek chmielu Humulus lupulus, ekstrakt z kwiatu rumianku Matricaria chamomilla standaryzowany na: 0,5% apigeniny, b\u0142onnik akacjowy, Witamina B6 (chlorowodorek pirydoksyny), melatonina.<\/p>\n<p>&nbsp;<\/p>\n<p><strong>Spos<\/strong><strong>\u00f3<\/strong><strong>b<\/strong><strong>\u200b\u200b <\/strong><strong>przechowywania:<\/strong> Przechowywa\u0107 w suchym miejscu, w temperaturze pokojowej, w szczelnie zamkni\u0119tym opakowaniu. Przechowywa\u0107 w miejscu niedost\u0119pnym dla ma\u0142ych dzieci.<\/p>","protected":false},"excerpt":{"rendered":"<p><strong>Senliiv\u00a0 <\/strong>60 capsules<\/p>\n<p>U\u0142atwienie zasypiania, zdrowy sen i spokojny uk\u0142ad nerwowy.<\/p>\n<p>Zawiera 9 aktywnych sk\u0142adnik\u00f3w w tym <strong>ekstrakt<\/strong> from <strong>rumianku<\/strong>, <strong>hops<\/strong>, <strong>m\u0119czennicy cielistej <\/strong>i <strong>ashwagandhy<\/strong>.<\/p>\n<p>M\u0119czennica cielista I rumianek zapewniaj\u0105 dobry i zdrowy sen. Witania ospa\u0142a wspiera w okresach napi\u0119cia psychicznego i nerwowego, niepokoju oraz wspomaga zasypianie. Chmiel wspomaga koj\u0105ce dzia\u0142anie w przypadku pobudzenia o\u015brodkowego uk\u0142adu nerwowego. Magnez wraz z niacyn\u0105 i witamin\u0105 B6 pomaga w utrzymaniu prawid\u0142owych funkcji psychologicznych oraz w prawid\u0142owym funkcjonowaniu uk\u0142adu nerwowego. Melatonina pomaga w skr\u00f3ceniu czasu potrzebnego na za\u015bni\u0119cie. Korzystne dzia\u0142anie wyst\u0119puje w przypadku spo\u017cycia 1mg melatoniny kr\u00f3tko przed p\u00f3j\u015bciem spa\u0107.<\/p>\n<p>&nbsp;<\/p>","protected":false},"featured_media":8025,"template":"","meta":{"ocean_post_layout":"","ocean_both_sidebars_style":"","ocean_both_sidebars_content_width":0,"ocean_both_sidebars_sidebars_width":0,"ocean_sidebar":"0","ocean_second_sidebar":"0","ocean_disable_margins":"enable","ocean_add_body_class":"","ocean_shortcode_before_top_bar":"","ocean_shortcode_after_top_bar":"","ocean_shortcode_before_header":"","ocean_shortcode_after_header":"","ocean_has_shortcode":"","ocean_shortcode_after_title":"","ocean_shortcode_before_footer_widgets":"","ocean_shortcode_after_footer_widgets":"","ocean_shortcode_before_footer_bottom":"","ocean_shortcode_after_footer_bottom":"","ocean_display_top_bar":"default","ocean_display_header":"default","ocean_header_style":"","ocean_center_header_left_menu":"0","ocean_custom_header_template":"0","ocean_custom_logo":0,"ocean_custom_retina_logo":0,"ocean_custom_logo_max_width":0,"ocean_custom_logo_tablet_max_width":0,"ocean_custom_logo_mobile_max_width":0,"ocean_custom_logo_max_height":0,"ocean_custom_logo_tablet_max_height":0,"ocean_custom_logo_mobile_max_height":0,"ocean_header_custom_menu":"0","ocean_menu_typo_font_family":"0","ocean_menu_typo_font_subset":"","ocean_menu_typo_font_size":0,"ocean_menu_typo_font_size_tablet":0,"ocean_menu_typo_font_size_mobile":0,"ocean_menu_typo_font_size_unit":"px","ocean_menu_typo_font_weight":"","ocean_menu_typo_font_weight_tablet":"","ocean_menu_typo_font_weight_mobile":"","ocean_menu_typo_transform":"","ocean_menu_typo_transform_tablet":"","ocean_menu_typo_transform_mobile":"","ocean_menu_typo_line_height":0,"ocean_menu_typo_line_height_tablet":0,"ocean_menu_typo_line_height_mobile":0,"ocean_menu_typo_line_height_unit":"","ocean_menu_typo_spacing":0,"ocean_menu_typo_spacing_tablet":0,"ocean_menu_typo_spacing_mobile":0,"ocean_menu_typo_spacing_unit":"","ocean_menu_link_color":"","ocean_menu_link_color_hover":"","ocean_menu_link_color_active":"","ocean_menu_link_background":"","ocean_menu_link_hover_background":"","ocean_menu_link_active_background":"","ocean_menu_social_links_bg":"","ocean_menu_social_hover_links_bg":"","ocean_menu_social_links_color":"","ocean_menu_social_hover_links_color":"","ocean_disable_title":"default","ocean_disable_heading":"default","ocean_post_title":"","ocean_post_subheading":"","ocean_post_title_style":"","ocean_post_title_background_color":"","ocean_post_title_background":0,"ocean_post_title_bg_image_position":"","ocean_post_title_bg_image_attachment":"","ocean_post_title_bg_image_repeat":"","ocean_post_title_bg_image_size":"","ocean_post_title_height":0,"ocean_post_title_bg_overlay":0.5,"ocean_post_title_bg_overlay_color":"","ocean_disable_breadcrumbs":"default","ocean_breadcrumbs_color":"","ocean_breadcrumbs_separator_color":"","ocean_breadcrumbs_links_color":"","ocean_breadcrumbs_links_hover_color":"","ocean_display_footer_widgets":"default","ocean_display_footer_bottom":"default","ocean_custom_footer_template":"0"},"product_brand":[],"product_cat":[22],"product_tag":[],"class_list":{"0":"post-8024","1":"product","2":"type-product","3":"status-publish","4":"has-post-thumbnail","6":"product_cat-suplementy-i-witaminy","8":"entry","9":"has-media","11":"first","12":"instock","13":"shipping-taxable","14":"purchasable","15":"product-type-simple","16":"has-product-nav","17":"col","18":"span_1_of_3","19":"owp-content-left","20":"owp-thumbs-layout-horizontal","21":"owp-btn-normal","22":"owp-tabs-layout-horizontal","23":"has-no-thumbnails"},"_links":{"self":[{"href":"https:\/\/ecocorner.eu\/en\/wp-json\/wp\/v2\/product\/8024","targetHints":{"allow":["GET"]}}],"collection":[{"href":"https:\/\/ecocorner.eu\/en\/wp-json\/wp\/v2\/product"}],"about":[{"href":"https:\/\/ecocorner.eu\/en\/wp-json\/wp\/v2\/types\/product"}],"version-history":[{"count":1,"href":"https:\/\/ecocorner.eu\/en\/wp-json\/wp\/v2\/product\/8024\/revisions"}],"predecessor-version":[{"id":8026,"href":"https:\/\/ecocorner.eu\/en\/wp-json\/wp\/v2\/product\/8024\/revisions\/8026"}],"wp:featuredmedia":[{"embeddable":true,"href":"https:\/\/ecocorner.eu\/en\/wp-json\/wp\/v2\/media\/8025"}],"wp:attachment":[{"href":"https:\/\/ecocorner.eu\/en\/wp-json\/wp\/v2\/media?parent=8024"}],"wp:term":[{"taxonomy":"product_brand","embeddable":true,"href":"https:\/\/ecocorner.eu\/en\/wp-json\/wp\/v2\/product_brand?post=8024"},{"taxonomy":"product_cat","embeddable":true,"href":"https:\/\/ecocorner.eu\/en\/wp-json\/wp\/v2\/product_cat?post=8024"},{"taxonomy":"product_tag","embeddable":true,"href":"https:\/\/ecocorner.eu\/en\/wp-json\/wp\/v2\/product_tag?post=8024"}],"curies":[{"name":"wp","href":"https:\/\/api.w.org\/{rel}","templated":true}]}}