{"id":8027,"date":"2025-11-11T11:23:21","date_gmt":"2025-11-11T11:23:21","guid":{"rendered":"https:\/\/ecocorner.eu\/?post_type=product&#038;p=8027"},"modified":"2026-02-05T19:43:05","modified_gmt":"2026-02-05T19:43:05","slug":"starpharma-mniamki-witamina-c-250mg-60-pastylek-do-ssania-o-smaku-pomaranczowym","status":"publish","type":"product","link":"https:\/\/ecocorner.eu\/en\/product\/starpharma-mniamki-witamina-c-250mg-60-pastylek-do-ssania-o-smaku-pomaranczowym\/","title":{"rendered":"STARPHARMA  Mniamki Witamina C 250mg,  60 pastylek do ssania o smaku pomara\u0144czowym"},"content":{"rendered":"<div class=\"col-xs-12 kontrolka-PoleProduktu\">\n<div class=\"tresc-pojemnik tresc-pojemnik-88\">\n<div id=\"kontrolka-88\" class=\"\">\n<div class=\"pole-opis-wartosc\">\n<p>&nbsp;<\/p>\n<p><strong>Ingredients<\/strong><br \/>\nsubstancje s\u0142odz\u0105ce: ksylitol, glikozydy stewiolowe; substancja wype\u0142niaj\u0105ca: izomalt; regulator kwasowo\u015bci: kwas cytrynowy; substancje przeciwzbrylaj\u0105ce: sole magnezowe kwas\u00f3w t\u0142uszczowych, guma arabska; kwas L-askorbinowy (witamina C); naturalny aromat pomara\u0144czowy; barwnik: ekstrakt z papryki, kapsantyna, kapsorubina<\/p>\n<p>Zawarto\u015b\u0107 1 pastylki:<br \/>\nWitamina C (kwas L-askorbinowy) &#8211; 250mg<\/p>\n<p><strong>RECOMMENDED CONSUMPTION<br \/>\n<\/strong>Spo\u017cywa\u0107 1-2 pastylki dziennie. Ssa\u0107 do momentu rozpuszczenia si\u0119 pastylki.<\/p>\n<p><strong>note<\/strong><br \/>\nProdukt przeznaczony jest dla doros\u0142ych i dzieci powy\u017cej 3 roku \u017cycia. Ma\u0142e dzieci powinny przyjmowa\u0107 suplement tylko pod nadzorem osoby doros\u0142ej.<\/p>\n<p>Nie nale\u017cy przekracza\u0107 zalecanej porcji tj. 2 pastylek w ci\u0105gu dnia. Suplement diety nie mo\u017ce by\u0107 stosowany jak substytut (zamiennik) zr\u00f3\u017cnicowanej diety. Nale\u017cy pami\u0119a\u0107 o zr\u00f3\u017cnicowanym sposobie \u017cywienia i zdrowym trybie \u017cycia. Produktu nie nale\u017cy stosowa\u0107 w przypadku nadwra\u017cliwo\u015bci na kt\u00f3rykolwiek ze sk\u0142adnik\u00f3w oraz przez osoby, kt\u00f3re maj\u0105 sk\u0142onno\u015b\u0107 do tworzenia kamieni nerkowych lub borykaj\u0105 si\u0119 z kamic\u0105 nerkow\u0105. Nadmierne spo\u017cycie mo\u017ce mie\u0107 efekt przeczyszczaj\u0105cy. Niejednorodny kolor pastylek wynika z zawarto\u015bci naturalnych sk\u0142adnik\u00f3w produktu.<\/p>\n<p><strong>keeping<\/strong><br \/>\nPrzechowywa\u0107 w temperaturze pokojowej, w such miejscu w spos\u00f3b niedost\u0119pny dla ma\u0142ych dzieci.<\/p>\n<\/div>\n<\/div>\n<\/div>\n<\/div>","protected":false},"excerpt":{"rendered":"<p><strong><br \/>\n<\/strong>Suplement diety MNIAMKI Witamina C 250mg dostarcza witamin\u0119 C w formie pysznych pastylek do ssania o smaku soczystej pomara\u0144czy.<\/p>\n<p>Przyjemny s\u0142odki smak nadaje im fi\u0144ski ksylitol (substancja pochodzenia ro\u015blinnego pozyskiwana z brzozy) i glikozydy stewiolowe pochodz\u0105ce z li\u015bci stewii (po\u0142udniowo-ameryka\u0144skiej ro\u015bliny o bardzo niskim indeksie glikemicznym, 300 razy s\u0142odszej od cukru).<\/p>\n<p>Spo\u017cywanie \u017cywno\u015bci zawieraj\u0105cej ksylitol zamiast cukru pomaga w zachowaniu mineralizacji z\u0119b\u00f3w.<\/p>","protected":false},"featured_media":8028,"template":"","meta":{"ocean_post_layout":"","ocean_both_sidebars_style":"","ocean_both_sidebars_content_width":0,"ocean_both_sidebars_sidebars_width":0,"ocean_sidebar":"0","ocean_second_sidebar":"0","ocean_disable_margins":"enable","ocean_add_body_class":"","ocean_shortcode_before_top_bar":"","ocean_shortcode_after_top_bar":"","ocean_shortcode_before_header":"","ocean_shortcode_after_header":"","ocean_has_shortcode":"","ocean_shortcode_after_title":"","ocean_shortcode_before_footer_widgets":"","ocean_shortcode_after_footer_widgets":"","ocean_shortcode_before_footer_bottom":"","ocean_shortcode_after_footer_bottom":"","ocean_display_top_bar":"default","ocean_display_header":"default","ocean_header_style":"","ocean_center_header_left_menu":"0","ocean_custom_header_template":"0","ocean_custom_logo":0,"ocean_custom_retina_logo":0,"ocean_custom_logo_max_width":0,"ocean_custom_logo_tablet_max_width":0,"ocean_custom_logo_mobile_max_width":0,"ocean_custom_logo_max_height":0,"ocean_custom_logo_tablet_max_height":0,"ocean_custom_logo_mobile_max_height":0,"ocean_header_custom_menu":"0","ocean_menu_typo_font_family":"0","ocean_menu_typo_font_subset":"","ocean_menu_typo_font_size":0,"ocean_menu_typo_font_size_tablet":0,"ocean_menu_typo_font_size_mobile":0,"ocean_menu_typo_font_size_unit":"px","ocean_menu_typo_font_weight":"","ocean_menu_typo_font_weight_tablet":"","ocean_menu_typo_font_weight_mobile":"","ocean_menu_typo_transform":"","ocean_menu_typo_transform_tablet":"","ocean_menu_typo_transform_mobile":"","ocean_menu_typo_line_height":0,"ocean_menu_typo_line_height_tablet":0,"ocean_menu_typo_line_height_mobile":0,"ocean_menu_typo_line_height_unit":"","ocean_menu_typo_spacing":0,"ocean_menu_typo_spacing_tablet":0,"ocean_menu_typo_spacing_mobile":0,"ocean_menu_typo_spacing_unit":"","ocean_menu_link_color":"","ocean_menu_link_color_hover":"","ocean_menu_link_color_active":"","ocean_menu_link_background":"","ocean_menu_link_hover_background":"","ocean_menu_link_active_background":"","ocean_menu_social_links_bg":"","ocean_menu_social_hover_links_bg":"","ocean_menu_social_links_color":"","ocean_menu_social_hover_links_color":"","ocean_disable_title":"default","ocean_disable_heading":"default","ocean_post_title":"","ocean_post_subheading":"","ocean_post_title_style":"","ocean_post_title_background_color":"","ocean_post_title_background":0,"ocean_post_title_bg_image_position":"","ocean_post_title_bg_image_attachment":"","ocean_post_title_bg_image_repeat":"","ocean_post_title_bg_image_size":"","ocean_post_title_height":0,"ocean_post_title_bg_overlay":0.5,"ocean_post_title_bg_overlay_color":"","ocean_disable_breadcrumbs":"default","ocean_breadcrumbs_color":"","ocean_breadcrumbs_separator_color":"","ocean_breadcrumbs_links_color":"","ocean_breadcrumbs_links_hover_color":"","ocean_display_footer_widgets":"default","ocean_display_footer_bottom":"default","ocean_custom_footer_template":"0"},"product_brand":[],"product_cat":[22,20],"product_tag":[],"class_list":{"0":"post-8027","1":"product","2":"type-product","3":"status-publish","4":"has-post-thumbnail","6":"product_cat-suplementy-i-witaminy","7":"product_cat-dzieci","9":"entry","10":"has-media","12":"first","13":"outofstock","14":"shipping-taxable","15":"purchasable","16":"product-type-simple","17":"has-product-nav","18":"col","19":"span_1_of_3","20":"owp-content-left","21":"owp-thumbs-layout-horizontal","22":"owp-btn-normal","23":"owp-tabs-layout-horizontal","24":"has-no-thumbnails"},"_links":{"self":[{"href":"https:\/\/ecocorner.eu\/en\/wp-json\/wp\/v2\/product\/8027","targetHints":{"allow":["GET"]}}],"collection":[{"href":"https:\/\/ecocorner.eu\/en\/wp-json\/wp\/v2\/product"}],"about":[{"href":"https:\/\/ecocorner.eu\/en\/wp-json\/wp\/v2\/types\/product"}],"version-history":[{"count":1,"href":"https:\/\/ecocorner.eu\/en\/wp-json\/wp\/v2\/product\/8027\/revisions"}],"predecessor-version":[{"id":8029,"href":"https:\/\/ecocorner.eu\/en\/wp-json\/wp\/v2\/product\/8027\/revisions\/8029"}],"wp:featuredmedia":[{"embeddable":true,"href":"https:\/\/ecocorner.eu\/en\/wp-json\/wp\/v2\/media\/8028"}],"wp:attachment":[{"href":"https:\/\/ecocorner.eu\/en\/wp-json\/wp\/v2\/media?parent=8027"}],"wp:term":[{"taxonomy":"product_brand","embeddable":true,"href":"https:\/\/ecocorner.eu\/en\/wp-json\/wp\/v2\/product_brand?post=8027"},{"taxonomy":"product_cat","embeddable":true,"href":"https:\/\/ecocorner.eu\/en\/wp-json\/wp\/v2\/product_cat?post=8027"},{"taxonomy":"product_tag","embeddable":true,"href":"https:\/\/ecocorner.eu\/en\/wp-json\/wp\/v2\/product_tag?post=8027"}],"curies":[{"name":"wp","href":"https:\/\/api.w.org\/{rel}","templated":true}]}}