{"id":8092,"date":"2025-11-25T21:08:42","date_gmt":"2025-11-25T21:08:42","guid":{"rendered":"https:\/\/ecocorner.eu\/?post_type=product&#038;p=8092"},"modified":"2025-12-02T18:38:06","modified_gmt":"2025-12-02T18:38:06","slug":"dobra-kaloria-mini-batoniki-ala-babka-cytrynowa-z-nerkowcow-6x17g-kubara","status":"publish","type":"product","link":"https:\/\/ecocorner.eu\/en\/product\/dobra-kaloria-mini-batoniki-ala-babka-cytrynowa-z-nerkowcow-6x17g-kubara\/","title":{"rendered":"DOBRA KALORIA       Mini batoniki a&#8217;la babka cytrynowa z nerkowc\u00f3w (6x17g) KUBARA"},"content":{"rendered":"<p>&nbsp;<\/p>\n<p><strong>Ingredients<\/strong><br \/>\nOrzechy nerkowca (36%), pasta daktylowa (30%), rodzynki (25%), miazga z pra\u017conych orzech\u00f3w nerkowca (5%), sok cytrynowy w proszku (2%), chrupki komosowe (komosa ry\u017cowa, b\u0142onnik z cykorii), naturalny aromat.<\/p>\n<p><u>Warto\u015b\u0107 od\u017cywcza w 100 g:<br \/>\n<\/u>\u2022 Warto\u015b\u0107 energetyczna &#8211; 1780 kj (425 kcal)<br \/>\n\u2022 T\u0142uszcz &#8211; 18 g w tym kwasy t\u0142uszczowe nasycone &#8211; 3,3 g<br \/>\n\u2022 W\u0119glowodany &#8211; 54 g, w tym cukry &#8211; 42 g<br \/>\n\u2022 B\u0142onnik &#8211; 6,4 g<br \/>\n\u2022 Bia\u0142ko &#8211; 8,5 g<br \/>\n\u2022 S\u00f3l &#8211; 0,02 g<br \/>\n\u2022 Potas &#8211; 700 mg (35 %*)<br \/>\n\u2022 Magnez &#8211; 120 mg (32 %*)<br \/>\n\u2022 \u017belazo &#8211; 3,7mg (26 %*)<br \/>\n\u2022 Fosfor &#8211; 200 mg (29 %*)<br \/>\n\u2022 Cynk &#8211; 1,8 mg (18 %*)<br \/>\n\u2022 Tiamina (Witamina B1) &#8211; 0,2 mg (18 %*)<\/p>\n<p>* RWS-reference cost of consumption<\/p>\n<p><strong>note<\/strong><br \/>\nBaton mo\u017ce zawiera\u0107 inne orzechy, orzeszki ziemne, nasiona sezamu, zbo\u017ca zawieraj\u0105ce gluten. Uwaga: mo\u017ce zawiera\u0107 pestki owoc\u00f3w lub ich fragmenty.<\/p>\n<p><strong>keeping<\/strong><br \/>\nPrzechowywa\u0107 w suchym i zacienionym.<\/p>","protected":false},"excerpt":{"rendered":"<p>Batoniki owocowo-orzechowe o smaku cytrynowym. Bez dodatku cukr\u00f3w. Zawiera naturalnie wyst\u0119puj\u0105ce cukry.<\/p>","protected":false},"featured_media":8093,"template":"","meta":{"ocean_post_layout":"","ocean_both_sidebars_style":"","ocean_both_sidebars_content_width":0,"ocean_both_sidebars_sidebars_width":0,"ocean_sidebar":"0","ocean_second_sidebar":"0","ocean_disable_margins":"enable","ocean_add_body_class":"","ocean_shortcode_before_top_bar":"","ocean_shortcode_after_top_bar":"","ocean_shortcode_before_header":"","ocean_shortcode_after_header":"","ocean_has_shortcode":"","ocean_shortcode_after_title":"","ocean_shortcode_before_footer_widgets":"","ocean_shortcode_after_footer_widgets":"","ocean_shortcode_before_footer_bottom":"","ocean_shortcode_after_footer_bottom":"","ocean_display_top_bar":"default","ocean_display_header":"default","ocean_header_style":"","ocean_center_header_left_menu":"0","ocean_custom_header_template":"0","ocean_custom_logo":0,"ocean_custom_retina_logo":0,"ocean_custom_logo_max_width":0,"ocean_custom_logo_tablet_max_width":0,"ocean_custom_logo_mobile_max_width":0,"ocean_custom_logo_max_height":0,"ocean_custom_logo_tablet_max_height":0,"ocean_custom_logo_mobile_max_height":0,"ocean_header_custom_menu":"0","ocean_menu_typo_font_family":"0","ocean_menu_typo_font_subset":"","ocean_menu_typo_font_size":0,"ocean_menu_typo_font_size_tablet":0,"ocean_menu_typo_font_size_mobile":0,"ocean_menu_typo_font_size_unit":"px","ocean_menu_typo_font_weight":"","ocean_menu_typo_font_weight_tablet":"","ocean_menu_typo_font_weight_mobile":"","ocean_menu_typo_transform":"","ocean_menu_typo_transform_tablet":"","ocean_menu_typo_transform_mobile":"","ocean_menu_typo_line_height":0,"ocean_menu_typo_line_height_tablet":0,"ocean_menu_typo_line_height_mobile":0,"ocean_menu_typo_line_height_unit":"","ocean_menu_typo_spacing":0,"ocean_menu_typo_spacing_tablet":0,"ocean_menu_typo_spacing_mobile":0,"ocean_menu_typo_spacing_unit":"","ocean_menu_link_color":"","ocean_menu_link_color_hover":"","ocean_menu_link_color_active":"","ocean_menu_link_background":"","ocean_menu_link_hover_background":"","ocean_menu_link_active_background":"","ocean_menu_social_links_bg":"","ocean_menu_social_hover_links_bg":"","ocean_menu_social_links_color":"","ocean_menu_social_hover_links_color":"","ocean_disable_title":"default","ocean_disable_heading":"default","ocean_post_title":"","ocean_post_subheading":"","ocean_post_title_style":"","ocean_post_title_background_color":"","ocean_post_title_background":0,"ocean_post_title_bg_image_position":"","ocean_post_title_bg_image_attachment":"","ocean_post_title_bg_image_repeat":"","ocean_post_title_bg_image_size":"","ocean_post_title_height":0,"ocean_post_title_bg_overlay":0.5,"ocean_post_title_bg_overlay_color":"","ocean_disable_breadcrumbs":"default","ocean_breadcrumbs_color":"","ocean_breadcrumbs_separator_color":"","ocean_breadcrumbs_links_color":"","ocean_breadcrumbs_links_hover_color":"","ocean_display_footer_widgets":"default","ocean_display_footer_bottom":"default","ocean_custom_footer_template":"0"},"product_brand":[],"product_cat":[23],"product_tag":[],"class_list":{"0":"post-8092","1":"product","2":"type-product","3":"status-publish","4":"has-post-thumbnail","6":"product_cat-zdrowe-przekaski","8":"entry","9":"has-media","11":"first","12":"outofstock","13":"shipping-taxable","14":"purchasable","15":"product-type-simple","16":"has-product-nav","17":"col","18":"span_1_of_3","19":"owp-content-left","20":"owp-thumbs-layout-horizontal","21":"owp-btn-normal","22":"owp-tabs-layout-horizontal","23":"has-no-thumbnails"},"_links":{"self":[{"href":"https:\/\/ecocorner.eu\/en\/wp-json\/wp\/v2\/product\/8092","targetHints":{"allow":["GET"]}}],"collection":[{"href":"https:\/\/ecocorner.eu\/en\/wp-json\/wp\/v2\/product"}],"about":[{"href":"https:\/\/ecocorner.eu\/en\/wp-json\/wp\/v2\/types\/product"}],"version-history":[{"count":1,"href":"https:\/\/ecocorner.eu\/en\/wp-json\/wp\/v2\/product\/8092\/revisions"}],"predecessor-version":[{"id":8094,"href":"https:\/\/ecocorner.eu\/en\/wp-json\/wp\/v2\/product\/8092\/revisions\/8094"}],"wp:featuredmedia":[{"embeddable":true,"href":"https:\/\/ecocorner.eu\/en\/wp-json\/wp\/v2\/media\/8093"}],"wp:attachment":[{"href":"https:\/\/ecocorner.eu\/en\/wp-json\/wp\/v2\/media?parent=8092"}],"wp:term":[{"taxonomy":"product_brand","embeddable":true,"href":"https:\/\/ecocorner.eu\/en\/wp-json\/wp\/v2\/product_brand?post=8092"},{"taxonomy":"product_cat","embeddable":true,"href":"https:\/\/ecocorner.eu\/en\/wp-json\/wp\/v2\/product_cat?post=8092"},{"taxonomy":"product_tag","embeddable":true,"href":"https:\/\/ecocorner.eu\/en\/wp-json\/wp\/v2\/product_tag?post=8092"}],"curies":[{"name":"wp","href":"https:\/\/api.w.org\/{rel}","templated":true}]}}