{"id":8098,"date":"2025-11-25T21:12:37","date_gmt":"2025-11-25T21:12:37","guid":{"rendered":"https:\/\/ecocorner.eu\/?post_type=product&#038;p=8098"},"modified":"2026-04-11T13:21:17","modified_gmt":"2026-04-11T13:21:17","slug":"dobra-kaloria-mini-batoniki-proteina-z-olejem-mct-o-smaku-karmelu-6x17g","status":"publish","type":"product","link":"https:\/\/ecocorner.eu\/en\/product\/dobra-kaloria-mini-batoniki-proteina-z-olejem-mct-o-smaku-karmelu-6x17g\/","title":{"rendered":"DOBRA KALORIA Mini batoniki PROTEINA z olejem MCT o smaku karmelu 6x17g"},"content":{"rendered":"<p>&nbsp;<\/p>\n<p><strong>Ingredients<\/strong><br \/>\nOrzeszki ziemne pra\u017cone, pasta daktylowa (25%), rodzynki (20%), bia\u0142ko grochu (17%), b\u0142onnik z cykorii, olej MCT w proszku (1%), naturalny aromat.<\/p>\n<p><u>Warto\u015b\u0107 od\u017cywcza w 100 g:<\/u><br \/>\n\u2022 Warto\u015b\u0107 energetyczna &#8211; 1637kj (391kcal)<br \/>\n\u2022 T\u0142uszcz &#8211; 15 g w tym kwasy t\u0142uszczowe nasycone &#8211; 2,5 g<br \/>\n\u2022 W\u0119glowodany &#8211; 36 g, w tym cukry &#8211; 31 g<br \/>\n\u2022 B\u0142onnik &#8211; 12 g<br \/>\n\u2022 Bia\u0142ko &#8211; 22 g<br \/>\n\u2022 S\u00f3l &lt; 0,52g<br \/>\n\u2022 Potas &#8211; 600 mg (30%)<br \/>\n\u2022 \u017belazo &#8211; 4 mg (29%)<br \/>\n\u2022 Fosfor &#8211; 150 mg (21%)<\/p>\n<p><strong>note<\/strong><br \/>\nProdukt mo\u017ce zawiera\u0107 orzechy, nasiona sezamu, mleko i zbo\u017ca zawieraj\u0105ce gluten. Produkt mo\u017ce zawiera\u0107 pestki owoc\u00f3w lub ich fragmenty.<\/p>","protected":false},"excerpt":{"rendered":"<p>Batoniki owocowe z bia\u0142kiem grochu i olejami MCT. Zawiera naturalnie wyst\u0119puj\u0105ce cukry.<\/p>","protected":false},"featured_media":8099,"template":"","meta":{"ocean_post_layout":"","ocean_both_sidebars_style":"","ocean_both_sidebars_content_width":0,"ocean_both_sidebars_sidebars_width":0,"ocean_sidebar":"0","ocean_second_sidebar":"0","ocean_disable_margins":"enable","ocean_add_body_class":"","ocean_shortcode_before_top_bar":"","ocean_shortcode_after_top_bar":"","ocean_shortcode_before_header":"","ocean_shortcode_after_header":"","ocean_has_shortcode":"","ocean_shortcode_after_title":"","ocean_shortcode_before_footer_widgets":"","ocean_shortcode_after_footer_widgets":"","ocean_shortcode_before_footer_bottom":"","ocean_shortcode_after_footer_bottom":"","ocean_display_top_bar":"default","ocean_display_header":"default","ocean_header_style":"","ocean_center_header_left_menu":"0","ocean_custom_header_template":"0","ocean_custom_logo":0,"ocean_custom_retina_logo":0,"ocean_custom_logo_max_width":0,"ocean_custom_logo_tablet_max_width":0,"ocean_custom_logo_mobile_max_width":0,"ocean_custom_logo_max_height":0,"ocean_custom_logo_tablet_max_height":0,"ocean_custom_logo_mobile_max_height":0,"ocean_header_custom_menu":"0","ocean_menu_typo_font_family":"0","ocean_menu_typo_font_subset":"","ocean_menu_typo_font_size":0,"ocean_menu_typo_font_size_tablet":0,"ocean_menu_typo_font_size_mobile":0,"ocean_menu_typo_font_size_unit":"px","ocean_menu_typo_font_weight":"","ocean_menu_typo_font_weight_tablet":"","ocean_menu_typo_font_weight_mobile":"","ocean_menu_typo_transform":"","ocean_menu_typo_transform_tablet":"","ocean_menu_typo_transform_mobile":"","ocean_menu_typo_line_height":0,"ocean_menu_typo_line_height_tablet":0,"ocean_menu_typo_line_height_mobile":0,"ocean_menu_typo_line_height_unit":"","ocean_menu_typo_spacing":0,"ocean_menu_typo_spacing_tablet":0,"ocean_menu_typo_spacing_mobile":0,"ocean_menu_typo_spacing_unit":"","ocean_menu_link_color":"","ocean_menu_link_color_hover":"","ocean_menu_link_color_active":"","ocean_menu_link_background":"","ocean_menu_link_hover_background":"","ocean_menu_link_active_background":"","ocean_menu_social_links_bg":"","ocean_menu_social_hover_links_bg":"","ocean_menu_social_links_color":"","ocean_menu_social_hover_links_color":"","ocean_disable_title":"default","ocean_disable_heading":"default","ocean_post_title":"","ocean_post_subheading":"","ocean_post_title_style":"","ocean_post_title_background_color":"","ocean_post_title_background":0,"ocean_post_title_bg_image_position":"","ocean_post_title_bg_image_attachment":"","ocean_post_title_bg_image_repeat":"","ocean_post_title_bg_image_size":"","ocean_post_title_height":0,"ocean_post_title_bg_overlay":0.5,"ocean_post_title_bg_overlay_color":"","ocean_disable_breadcrumbs":"default","ocean_breadcrumbs_color":"","ocean_breadcrumbs_separator_color":"","ocean_breadcrumbs_links_color":"","ocean_breadcrumbs_links_hover_color":"","ocean_display_footer_widgets":"default","ocean_display_footer_bottom":"default","ocean_custom_footer_template":"0"},"product_brand":[],"product_cat":[23],"product_tag":[],"class_list":{"0":"post-8098","1":"product","2":"type-product","3":"status-publish","4":"has-post-thumbnail","6":"product_cat-zdrowe-przekaski","8":"entry","9":"has-media","11":"first","12":"outofstock","13":"shipping-taxable","14":"purchasable","15":"product-type-simple","16":"has-product-nav","17":"col","18":"span_1_of_3","19":"owp-content-left","20":"owp-thumbs-layout-horizontal","21":"owp-btn-normal","22":"owp-tabs-layout-horizontal","23":"has-no-thumbnails"},"_links":{"self":[{"href":"https:\/\/ecocorner.eu\/en\/wp-json\/wp\/v2\/product\/8098","targetHints":{"allow":["GET"]}}],"collection":[{"href":"https:\/\/ecocorner.eu\/en\/wp-json\/wp\/v2\/product"}],"about":[{"href":"https:\/\/ecocorner.eu\/en\/wp-json\/wp\/v2\/types\/product"}],"version-history":[{"count":1,"href":"https:\/\/ecocorner.eu\/en\/wp-json\/wp\/v2\/product\/8098\/revisions"}],"predecessor-version":[{"id":8100,"href":"https:\/\/ecocorner.eu\/en\/wp-json\/wp\/v2\/product\/8098\/revisions\/8100"}],"wp:featuredmedia":[{"embeddable":true,"href":"https:\/\/ecocorner.eu\/en\/wp-json\/wp\/v2\/media\/8099"}],"wp:attachment":[{"href":"https:\/\/ecocorner.eu\/en\/wp-json\/wp\/v2\/media?parent=8098"}],"wp:term":[{"taxonomy":"product_brand","embeddable":true,"href":"https:\/\/ecocorner.eu\/en\/wp-json\/wp\/v2\/product_brand?post=8098"},{"taxonomy":"product_cat","embeddable":true,"href":"https:\/\/ecocorner.eu\/en\/wp-json\/wp\/v2\/product_cat?post=8098"},{"taxonomy":"product_tag","embeddable":true,"href":"https:\/\/ecocorner.eu\/en\/wp-json\/wp\/v2\/product_tag?post=8098"}],"curies":[{"name":"wp","href":"https:\/\/api.w.org\/{rel}","templated":true}]}}