{"id":8105,"date":"2025-11-25T21:15:36","date_gmt":"2025-11-25T21:15:36","guid":{"rendered":"https:\/\/ecocorner.eu\/?post_type=product&#038;p=8105"},"modified":"2026-04-11T13:20:34","modified_gmt":"2026-04-11T13:20:34","slug":"dobra-kaloria-mini-batoniki-dla-serca-wisnia-tiamina-magnez-rhodiola-6x17g","status":"publish","type":"product","link":"https:\/\/ecocorner.eu\/en\/product\/dobra-kaloria-mini-batoniki-dla-serca-wisnia-tiamina-magnez-rhodiola-6x17g\/","title":{"rendered":"DOBRA KALORIA  Mini batoniki DLA SERCA wi\u015bnia + tiamina, magnez, rhodiola 6x17g"},"content":{"rendered":"<p>&nbsp;<\/p>\n<p><strong>Ingredients<\/strong><br \/>\nDaktyle suszone (50 %), orzeszki ziemne pra\u017cone, nasiona s\u0142onecznika, wi\u015bnie suszone (8 %), siemi\u0119 lniane, zag\u0119szczony sok jab\u0142kowy, sok wi\u015bniowy w proszku (1 %), naturalny aromat wi\u015bniowy z innymi naturalnymi aromatami, sok z buraka w proszku, ekstrakt z r\u00f3\u017ce\u0144ca g\u00f3rskiego (0,3 %) (Rhodiola rosea L.).<\/p>\n<p><u>Warto\u015b\u0107 od\u017cywcza w 100 g:<\/u><br \/>\n\u2022 Warto\u015b\u0107 energetyczna &#8211; 1735kj (415kcal)<br \/>\n\u2022 T\u0142uszcz &#8211; 18 g w tym kwasy t\u0142uszczowe nasycone &#8211; 2,2 g<br \/>\n\u2022 W\u0119glowodany &#8211; 49 g, w tym cukry &#8211; 40 g<br \/>\n\u2022 B\u0142onnik &#8211; 8,7 g<br \/>\n\u2022 Bia\u0142ko &#8211; 9,8 g<br \/>\n\u2022 S\u00f3l &#8211; 0,02 g<br \/>\n\u2022 Potas &#8211; 640 mg (32%)<br \/>\n\u2022 Magnez &#8211; 120 mg (32%)<br \/>\n\u2022 Tiamina (Witamina B1) &#8211; 0,4 mg (36%)<br \/>\n\u2022 Witamina E &#8211; 6 mg (50%)<\/p>\n<p>% RWS \u2013 referencyjna warto\u015b\u0107 spo\u017cycia<\/p>\n<p><strong>note<\/strong><br \/>\nProdukt mo\u017ce zawiera\u0107 orzechy, nasiona sezamu, mleko i zbo\u017ca zawieraj\u0105ce gluten. Produkt Mo\u017ce zawiera\u0107 pestki owoc\u00f3w lub ich fragmenty.<\/p>","protected":false},"excerpt":{"rendered":"<p>Batoniki owocowe z ekstraktem z r\u00f3\u017ce\u0144ca g\u00f3rskiego. Bez dodatku cukr\u00f3w. Zawiera naturalnie wyst\u0119puj\u0105ce cukry.<\/p>","protected":false},"featured_media":8106,"template":"","meta":{"ocean_post_layout":"","ocean_both_sidebars_style":"","ocean_both_sidebars_content_width":0,"ocean_both_sidebars_sidebars_width":0,"ocean_sidebar":"0","ocean_second_sidebar":"0","ocean_disable_margins":"enable","ocean_add_body_class":"","ocean_shortcode_before_top_bar":"","ocean_shortcode_after_top_bar":"","ocean_shortcode_before_header":"","ocean_shortcode_after_header":"","ocean_has_shortcode":"","ocean_shortcode_after_title":"","ocean_shortcode_before_footer_widgets":"","ocean_shortcode_after_footer_widgets":"","ocean_shortcode_before_footer_bottom":"","ocean_shortcode_after_footer_bottom":"","ocean_display_top_bar":"default","ocean_display_header":"default","ocean_header_style":"","ocean_center_header_left_menu":"0","ocean_custom_header_template":"0","ocean_custom_logo":0,"ocean_custom_retina_logo":0,"ocean_custom_logo_max_width":0,"ocean_custom_logo_tablet_max_width":0,"ocean_custom_logo_mobile_max_width":0,"ocean_custom_logo_max_height":0,"ocean_custom_logo_tablet_max_height":0,"ocean_custom_logo_mobile_max_height":0,"ocean_header_custom_menu":"0","ocean_menu_typo_font_family":"0","ocean_menu_typo_font_subset":"","ocean_menu_typo_font_size":0,"ocean_menu_typo_font_size_tablet":0,"ocean_menu_typo_font_size_mobile":0,"ocean_menu_typo_font_size_unit":"px","ocean_menu_typo_font_weight":"","ocean_menu_typo_font_weight_tablet":"","ocean_menu_typo_font_weight_mobile":"","ocean_menu_typo_transform":"","ocean_menu_typo_transform_tablet":"","ocean_menu_typo_transform_mobile":"","ocean_menu_typo_line_height":0,"ocean_menu_typo_line_height_tablet":0,"ocean_menu_typo_line_height_mobile":0,"ocean_menu_typo_line_height_unit":"","ocean_menu_typo_spacing":0,"ocean_menu_typo_spacing_tablet":0,"ocean_menu_typo_spacing_mobile":0,"ocean_menu_typo_spacing_unit":"","ocean_menu_link_color":"","ocean_menu_link_color_hover":"","ocean_menu_link_color_active":"","ocean_menu_link_background":"","ocean_menu_link_hover_background":"","ocean_menu_link_active_background":"","ocean_menu_social_links_bg":"","ocean_menu_social_hover_links_bg":"","ocean_menu_social_links_color":"","ocean_menu_social_hover_links_color":"","ocean_disable_title":"default","ocean_disable_heading":"default","ocean_post_title":"","ocean_post_subheading":"","ocean_post_title_style":"","ocean_post_title_background_color":"","ocean_post_title_background":0,"ocean_post_title_bg_image_position":"","ocean_post_title_bg_image_attachment":"","ocean_post_title_bg_image_repeat":"","ocean_post_title_bg_image_size":"","ocean_post_title_height":0,"ocean_post_title_bg_overlay":0.5,"ocean_post_title_bg_overlay_color":"","ocean_disable_breadcrumbs":"default","ocean_breadcrumbs_color":"","ocean_breadcrumbs_separator_color":"","ocean_breadcrumbs_links_color":"","ocean_breadcrumbs_links_hover_color":"","ocean_display_footer_widgets":"default","ocean_display_footer_bottom":"default","ocean_custom_footer_template":"0"},"product_brand":[],"product_cat":[23],"product_tag":[],"class_list":{"0":"post-8105","1":"product","2":"type-product","3":"status-publish","4":"has-post-thumbnail","6":"product_cat-zdrowe-przekaski","8":"entry","9":"has-media","11":"first","12":"outofstock","13":"shipping-taxable","14":"purchasable","15":"product-type-simple","16":"has-product-nav","17":"col","18":"span_1_of_3","19":"owp-content-left","20":"owp-thumbs-layout-horizontal","21":"owp-btn-normal","22":"owp-tabs-layout-horizontal","23":"has-no-thumbnails"},"_links":{"self":[{"href":"https:\/\/ecocorner.eu\/en\/wp-json\/wp\/v2\/product\/8105","targetHints":{"allow":["GET"]}}],"collection":[{"href":"https:\/\/ecocorner.eu\/en\/wp-json\/wp\/v2\/product"}],"about":[{"href":"https:\/\/ecocorner.eu\/en\/wp-json\/wp\/v2\/types\/product"}],"version-history":[{"count":1,"href":"https:\/\/ecocorner.eu\/en\/wp-json\/wp\/v2\/product\/8105\/revisions"}],"predecessor-version":[{"id":8107,"href":"https:\/\/ecocorner.eu\/en\/wp-json\/wp\/v2\/product\/8105\/revisions\/8107"}],"wp:featuredmedia":[{"embeddable":true,"href":"https:\/\/ecocorner.eu\/en\/wp-json\/wp\/v2\/media\/8106"}],"wp:attachment":[{"href":"https:\/\/ecocorner.eu\/en\/wp-json\/wp\/v2\/media?parent=8105"}],"wp:term":[{"taxonomy":"product_brand","embeddable":true,"href":"https:\/\/ecocorner.eu\/en\/wp-json\/wp\/v2\/product_brand?post=8105"},{"taxonomy":"product_cat","embeddable":true,"href":"https:\/\/ecocorner.eu\/en\/wp-json\/wp\/v2\/product_cat?post=8105"},{"taxonomy":"product_tag","embeddable":true,"href":"https:\/\/ecocorner.eu\/en\/wp-json\/wp\/v2\/product_tag?post=8105"}],"curies":[{"name":"wp","href":"https:\/\/api.w.org\/{rel}","templated":true}]}}