{"id":8111,"date":"2025-11-25T21:18:33","date_gmt":"2025-11-25T21:18:33","guid":{"rendered":"https:\/\/ecocorner.eu\/?post_type=product&#038;p=8111"},"modified":"2026-04-10T20:29:24","modified_gmt":"2026-04-10T20:29:24","slug":"dobra-kaloria-mini-batoniki-o-smaku-mango-lassi-z-nerkowcow-6x17g","status":"publish","type":"product","link":"https:\/\/ecocorner.eu\/en\/product\/dobra-kaloria-mini-batoniki-o-smaku-mango-lassi-z-nerkowcow-6x17g\/","title":{"rendered":"DOBRA KALORIA  Mini batoniki o smaku mango lassi z nerkowc\u00f3w (6x17g)"},"content":{"rendered":"<p><span data-containter=\"modal\"><span class=\"wartosc\"><\/p>\n<p><strong>Ingredients<\/strong><br \/>\nOrzechy nerkowca (32 %), rodzynki (28 %), pasta daktylowa (28 %), orzechy nerkowca pra\u017cone (5 %), chrupki komosowe (komosa ry\u017cowa, b\u0142onnik z cykorii), mango liofilizowane (3 %), naturalny aromat.<\/p>\n<p><u>Warto\u015b\u0107 od\u017cywcza\u00a0w 100 g |\u00a01 batonik (17g):<\/u><br \/>\nWarto\u015b\u0107 energetyczna 1718 kJ \/ 410 kcal |\u00a0292 kJ \/ 70 kcal<br \/>\nT\u0142uszcz 17 g |\u00a02,8 g<br \/>\nw tym kwasy t\u0142uszczowe nasycone 2,7 g\u00a0| 0,5 g<br \/>\nW\u0119glowodany 52 g\u00a0| 8,8 g<br \/>\nw tym cukry 45 g\u00a0| 7,7 g<br \/>\nB\u0142onnik 7,4 g\u00a0| 1,3 g<br \/>\nBia\u0142ko 10 g\u00a0| 1,7 g<br \/>\nS\u00f3l 0,02 g\u00a0| 0 g<br \/>\nPotas 900 mg (45 % RWS)\u00a0| 153 mg (8 % RWS)<br \/>\nMagnez 160 mg (43 % RWS)\u00a0| 27,2 mg (7 % RWS)<\/p>\n<p>RWS \u2013 referencyjna warto\u015b\u0107 spo\u017cycia<\/p>\n<p><strong>note<\/strong><br \/>\nProdukt mo\u017ce zawiera\u0107:\u00a0 inne orzechy, orzeszki ziemne, nasiona sezamu, zbo\u017ca zawieraj\u0105ce gluten oraz pestki lub ich fragmenty. <\/span><\/span><\/p>","protected":false},"excerpt":{"rendered":"<p><span data-containter=\"modal\"><span class=\"wartosc\">Batoniki owocowo-orzechowe o smaku mango lassi.<\/span><\/span><\/p>","protected":false},"featured_media":8112,"template":"","meta":{"ocean_post_layout":"","ocean_both_sidebars_style":"","ocean_both_sidebars_content_width":0,"ocean_both_sidebars_sidebars_width":0,"ocean_sidebar":"0","ocean_second_sidebar":"0","ocean_disable_margins":"enable","ocean_add_body_class":"","ocean_shortcode_before_top_bar":"","ocean_shortcode_after_top_bar":"","ocean_shortcode_before_header":"","ocean_shortcode_after_header":"","ocean_has_shortcode":"","ocean_shortcode_after_title":"","ocean_shortcode_before_footer_widgets":"","ocean_shortcode_after_footer_widgets":"","ocean_shortcode_before_footer_bottom":"","ocean_shortcode_after_footer_bottom":"","ocean_display_top_bar":"default","ocean_display_header":"default","ocean_header_style":"","ocean_center_header_left_menu":"0","ocean_custom_header_template":"0","ocean_custom_logo":0,"ocean_custom_retina_logo":0,"ocean_custom_logo_max_width":0,"ocean_custom_logo_tablet_max_width":0,"ocean_custom_logo_mobile_max_width":0,"ocean_custom_logo_max_height":0,"ocean_custom_logo_tablet_max_height":0,"ocean_custom_logo_mobile_max_height":0,"ocean_header_custom_menu":"0","ocean_menu_typo_font_family":"0","ocean_menu_typo_font_subset":"","ocean_menu_typo_font_size":0,"ocean_menu_typo_font_size_tablet":0,"ocean_menu_typo_font_size_mobile":0,"ocean_menu_typo_font_size_unit":"px","ocean_menu_typo_font_weight":"","ocean_menu_typo_font_weight_tablet":"","ocean_menu_typo_font_weight_mobile":"","ocean_menu_typo_transform":"","ocean_menu_typo_transform_tablet":"","ocean_menu_typo_transform_mobile":"","ocean_menu_typo_line_height":0,"ocean_menu_typo_line_height_tablet":0,"ocean_menu_typo_line_height_mobile":0,"ocean_menu_typo_line_height_unit":"","ocean_menu_typo_spacing":0,"ocean_menu_typo_spacing_tablet":0,"ocean_menu_typo_spacing_mobile":0,"ocean_menu_typo_spacing_unit":"","ocean_menu_link_color":"","ocean_menu_link_color_hover":"","ocean_menu_link_color_active":"","ocean_menu_link_background":"","ocean_menu_link_hover_background":"","ocean_menu_link_active_background":"","ocean_menu_social_links_bg":"","ocean_menu_social_hover_links_bg":"","ocean_menu_social_links_color":"","ocean_menu_social_hover_links_color":"","ocean_disable_title":"default","ocean_disable_heading":"default","ocean_post_title":"","ocean_post_subheading":"","ocean_post_title_style":"","ocean_post_title_background_color":"","ocean_post_title_background":0,"ocean_post_title_bg_image_position":"","ocean_post_title_bg_image_attachment":"","ocean_post_title_bg_image_repeat":"","ocean_post_title_bg_image_size":"","ocean_post_title_height":0,"ocean_post_title_bg_overlay":0.5,"ocean_post_title_bg_overlay_color":"","ocean_disable_breadcrumbs":"default","ocean_breadcrumbs_color":"","ocean_breadcrumbs_separator_color":"","ocean_breadcrumbs_links_color":"","ocean_breadcrumbs_links_hover_color":"","ocean_display_footer_widgets":"default","ocean_display_footer_bottom":"default","ocean_custom_footer_template":"0"},"product_brand":[],"product_cat":[23],"product_tag":[],"class_list":{"0":"post-8111","1":"product","2":"type-product","3":"status-publish","4":"has-post-thumbnail","6":"product_cat-zdrowe-przekaski","8":"entry","9":"has-media","11":"first","12":"instock","13":"shipping-taxable","14":"purchasable","15":"product-type-simple","16":"has-product-nav","17":"col","18":"span_1_of_3","19":"owp-content-left","20":"owp-thumbs-layout-horizontal","21":"owp-btn-normal","22":"owp-tabs-layout-horizontal","23":"has-no-thumbnails"},"_links":{"self":[{"href":"https:\/\/ecocorner.eu\/en\/wp-json\/wp\/v2\/product\/8111","targetHints":{"allow":["GET"]}}],"collection":[{"href":"https:\/\/ecocorner.eu\/en\/wp-json\/wp\/v2\/product"}],"about":[{"href":"https:\/\/ecocorner.eu\/en\/wp-json\/wp\/v2\/types\/product"}],"version-history":[{"count":1,"href":"https:\/\/ecocorner.eu\/en\/wp-json\/wp\/v2\/product\/8111\/revisions"}],"predecessor-version":[{"id":8113,"href":"https:\/\/ecocorner.eu\/en\/wp-json\/wp\/v2\/product\/8111\/revisions\/8113"}],"wp:featuredmedia":[{"embeddable":true,"href":"https:\/\/ecocorner.eu\/en\/wp-json\/wp\/v2\/media\/8112"}],"wp:attachment":[{"href":"https:\/\/ecocorner.eu\/en\/wp-json\/wp\/v2\/media?parent=8111"}],"wp:term":[{"taxonomy":"product_brand","embeddable":true,"href":"https:\/\/ecocorner.eu\/en\/wp-json\/wp\/v2\/product_brand?post=8111"},{"taxonomy":"product_cat","embeddable":true,"href":"https:\/\/ecocorner.eu\/en\/wp-json\/wp\/v2\/product_cat?post=8111"},{"taxonomy":"product_tag","embeddable":true,"href":"https:\/\/ecocorner.eu\/en\/wp-json\/wp\/v2\/product_tag?post=8111"}],"curies":[{"name":"wp","href":"https:\/\/api.w.org\/{rel}","templated":true}]}}