{"id":8147,"date":"2025-12-11T20:20:11","date_gmt":"2025-12-11T20:20:11","guid":{"rendered":"https:\/\/ecocorner.eu\/?post_type=product&#038;p=8147"},"modified":"2026-04-08T10:35:06","modified_gmt":"2026-04-08T10:35:06","slug":"biowen-sleepsupport-wspiera-dobry-sen-60-kaps","status":"publish","type":"product","link":"https:\/\/ecocorner.eu\/en\/product\/biowen-sleepsupport-wspiera-dobry-sen-60-kaps\/","title":{"rendered":"Biowen  SleepSupport   Wspiera dobry sen  60 kaps."},"content":{"rendered":"<p>&nbsp;<\/p>\n<h2><strong>Sk\u0142adniki Sleep Support<\/strong><\/h2>\n<p>Sk\u0142adniki: Ekstrakt z koz\u0142ka lekarskiego (Valeriana officinalis) standaryzowany na 0,8% kwasu walerianowego [DER 20:1], ekstrakt z melisy (Melissa officinalis) standaryzowany na 5% kwasu rozmarynowego [DER 10:1], ekstrakt z owocu m\u0119czennicy cielistej (Passiflora incarnata) [DER 20:1], ekstrakt z pistacji* Melostacio-GOLD\u2122\ufe0fstandaryzowany na 3% melatoniny i 5% tanin [DER 22:1], ekstrakt z owoc\u00f3w pieprzu czarnego (Piper nigrum) standaryzowany na 95% piperyny Bioperine\u00ae\ufe0f, otoczka kapsu\u0142ki: hydroksypropylometyloceluloza.<\/p>\n<table>\n<tbody>\n<tr>\n<td><strong>Sk\u0142adniki<\/strong><\/td>\n<td><strong>1 kapsu\u0142ka<\/strong><\/td>\n<\/tr>\n<tr>\n<td>Ekstrakt z melisy<\/td>\n<td>150 mg<\/td>\n<\/tr>\n<tr>\n<td><em>w tym kwas rozmarynowy 5%<\/em><\/td>\n<td><em>7,5 mg<\/em><\/td>\n<\/tr>\n<tr>\n<td>Ekstrakt z owocu m\u0119czennicy cielistej<\/td>\n<td>76 mg<\/td>\n<\/tr>\n<tr>\n<td>Ekstrakt z korzenia koz\u0142ka lekarskiego<\/td>\n<td>300 mg<\/td>\n<\/tr>\n<tr>\n<td><em>w tym 0,8% kwasu walerianowego<\/em><\/td>\n<td><em>2,4 mg<\/em><\/td>\n<\/tr>\n<tr>\n<td>Ekstrakt z pistacji Melostacio-GOLD\u2122\ufe0f<\/td>\n<td>33 mg<\/td>\n<\/tr>\n<tr>\n<td>w tym 3% melatoniny<\/td>\n<td>1 mg<\/td>\n<\/tr>\n<tr>\n<td>w tym 5% tanin<\/td>\n<td>1,65 mg<\/td>\n<\/tr>\n<tr>\n<td>Ekstrakt z owoc\u00f3w pieprzu czarnego Bioperine<\/td>\n<td>1 mg<\/td>\n<\/tr>\n<tr>\n<td>w tym 95% piperyny<\/td>\n<td>0,95 mg<\/td>\n<\/tr>\n<\/tbody>\n<\/table>\n<p>&nbsp;<\/p>\n<p><strong>W\u0142a\u015bciwo\u015bci sk\u0142adnik\u00f3w aktywnych<\/strong><\/p>\n<p><strong>W\u0142a\u015bciwo\u015bci koz\u0142ka lekarskiego (<\/strong><em><strong>Valeriana officinalis<\/strong><\/em><strong>)<\/strong><\/p>\n<p>&nbsp;<\/p>\n<p>Koz\u0142ek lekarski od wiek\u00f3w uznawany jest za ro\u015blin\u0119 wspieraj\u0105c\u0105 spokojny sen i wewn\u0119trzn\u0105 r\u00f3wnowag\u0119. Do jego potwierdzonych w\u0142a\u015bciwo\u015bci nale\u017c\u0105:<\/p>\n<ul>\n<li aria-level=\"1\">Korzystny wp\u0142yw na sen \u2013 mo\u017ce skraca\u0107 czas zasypiania i pomaga\u0107 w utrzymaniu naturalnego, nieprzerwanego snu;<\/li>\n<li aria-level=\"1\">pozytywny wp\u0142yw na zdrowie psychiczne i zdolno\u015bci poznawcze \u2013 co mo\u017ce przek\u0142ada\u0107 si\u0119 na redukcj\u0119 napi\u0119\u0107 i zmniejszenie niepokoju;<\/li>\n<li aria-level=\"1\">wsparcie uk\u0142adu kr\u0105\u017cenia i zdrowia uk\u0142adu pokarmowego \u2013 co czyni go rozwi\u0105zaniem bardziej kompleksowym ni\u017c wiele syntetycznych tabletek nasennych.<\/li>\n<li><\/li>\n<\/ul>\n<p><strong>W\u0142a\u015bciwo\u015bci melisy (<\/strong><em><strong>Melissa officinalis<\/strong><\/em><strong>)<\/strong><\/p>\n<p>Melisa to znane i od wiek\u00f3w cenione wsparcie dla os\u00f3b, kt\u00f3re borykaj\u0105 si\u0119 z wewn\u0119trznym napi\u0119ciem i utrudnionym zasypianiem. Jakie potwierdzone w\u0142a\u015bciwo\u015bci drzemi\u0105 w tej niezwyk\u0142ej ro\u015blinie?<\/p>\n<ul>\n<li aria-level=\"1\">Wspiera dobre samopoczucie psychiczne, dzia\u0142a odpr\u0119\u017caj\u0105co i u\u0142atwia zasypianie;<\/li>\n<li aria-level=\"1\">dba o zdrowie psychiczne i procesy poznawcze;<\/li>\n<li aria-level=\"1\">jako naturalny antyoksydant chroni DNA, bia\u0142ka i lipidy przed szkodliwymi skutkami stresu oksydacyjnego;<\/li>\n<li aria-level=\"1\">wspomaga dzia\u0142anie 3 wa\u017cnych uk\u0142ad\u00f3w w naszym ciele: pokarmowego, oddechowego i kr\u0105\u017cenia.<\/li>\n<li><\/li>\n<\/ul>\n<p><strong>W\u0142a\u015bciwo\u015bci m\u0119czennicy cielistej (<\/strong><em><strong>Passiflora incarnata<\/strong><\/em><strong>)<\/strong><\/p>\n<p>M\u0119czennica to zio\u0142o doceniane w fitoterapii za swoje silne w\u0142a\u015bciwo\u015bci uspokajaj\u0105ce. Co jeszcze potrafi?<\/p>\n<p>&nbsp;<\/p>\n<ul>\n<li aria-level=\"1\">Korzystnie wp\u0142ywa na uk\u0142ad nerwowy, \u0142agodz\u0105c nadmierne pobudzenie psychoruchowe i sprzyjaj\u0105c wyciszeniu;<\/li>\n<li aria-level=\"1\">u\u0142atwia zasypianie i wspiera przej\u015bcie w spokojny, regeneruj\u0105cy sen;<\/li>\n<li aria-level=\"1\">zwi\u0119ksza odporno\u015b\u0107 organizmu na stres.<\/li>\n<li aria-level=\"1\"><\/li>\n<li aria-level=\"1\"><strong>W\u0142a\u015bciwo\u015bci melatoniny (Melostacio-GOLD\u2122)<\/strong><\/li>\n<\/ul>\n<p>Melatonina to naturalny regulator cyklu snu i czuwania. W suplemencie SleepSupport znajdziesz j\u0105 w unikatowej, opatentowanej formie Melostacio-GOLD\u2122, kt\u00f3r\u0105 pozyskano z\u2026 pistacji!<\/p>\n<ul>\n<li aria-level=\"1\">zmniejsza trudno\u015bci w zasypianiu;<\/li>\n<li aria-level=\"1\">zmniejsza subiektywne odczucia zwi\u0105zane ze zmian\u0105 stref czasowych (jet lag);<\/li>\n<li><\/li>\n<\/ul>\n<p>W po\u0142\u0105czeniu z ekstraktami ro\u015blinnymi dzia\u0142a kompleksowo \u2013 zio\u0142a obni\u017caj\u0105 napi\u0119cie, a melatonina daje organizmowi jasny sygna\u0142, \u017ce czas na sen.<\/p>\n<p><strong>W\u0142a\u015bciwo\u015bci czarnego pieprzu (Bioperine\u00ae)<\/strong><\/p>\n<p>Aby ca\u0142o\u015b\u0107 dzia\u0142a\u0142a jeszcze skuteczniej, w formule znalaz\u0142 si\u0119 r\u00f3wnie\u017c ekstrakt z czarnego pieprzu Bioperine\u00ae. Zawarta w nim piperyna (95%) zwi\u0119ksza biodost\u0119pno\u015b\u0107 sk\u0142adnik\u00f3w aktywnych, czyli poprawia ich wch\u0142anianie i efektywno\u015b\u0107, dzi\u0119ki czemu dzia\u0142anie ca\u0142ej kompozycji jest szybsze i bardziej odczuwalne. Czarny pieprz posiada r\u00f3wnie\u017c inne w\u0142a\u015bciwo\u015bci:<\/p>\n<ul>\n<li aria-level=\"1\">korzystnie wp\u0142ywa na oddychanie;<\/li>\n<li aria-level=\"1\">wspiera trawienie;<\/li>\n<li aria-level=\"1\">dba o kobiecy uk\u0142ad rozrodczy;<\/li>\n<li aria-level=\"1\">wspomaga funkcjonowanie uk\u0142adu nerwowego;<\/li>\n<li aria-level=\"1\">pozytywnie wp\u0142ywa na w\u0105trob\u0119;<\/li>\n<li aria-level=\"1\">jako antyoksydant dba o odporno\u015b\u0107 i nasz\u0105 sk\u00f3r\u0119.<\/li>\n<li><\/li>\n<\/ul>\n<p>&nbsp;<\/p>\n<p><strong>Stosowanie<\/strong><\/p>\n<p>Zalecana porcja: 1 kapsu\u0142ka dziennie, wieczorem, oko\u0142o 30 minut przed snem, popijaj\u0105c wod\u0105.<\/p>\n<p>Regularne stosowanie pomaga przywr\u00f3ci\u0107 naturalny rytm dobowy, u\u0142atwia zasypianie oraz wspiera regeneruj\u0105cy sen.<\/p>\n<p>Suplement jest przeznaczony dla os\u00f3b doros\u0142ych, kt\u00f3re chc\u0105 w naturalny spos\u00f3b zadba\u0107 o spokojny i jako\u015bciowy nocny odpoczynek.<\/p>\n<p>Osoby uczulone na kt\u00f3rykolwiek sk\u0142adnik preparatu powinny unika\u0107 jego stosowania.<\/p>\n<p>&nbsp;<\/p>\n<p><strong>Przechowywanie<\/strong><\/p>\n<p>Przechowywa\u0107 w suchym i ch\u0142odnym miejscu, z dala od \u015bwiat\u0142a i wilgoci. Trzyma\u0107 poza zasi\u0119giem dzieci.<\/p>\n<p>&nbsp;<\/p>\n<p>Masa netto: 41 g<\/p>\n<p>&nbsp;<\/p>\n<p>Producent\/ Podmiot odpowiedzialny:<\/p>\n<p>Biodio Lab Sp. z o.o.<\/p>\n<p>Ul. Choroszcza\u0144ska 24<\/p>\n<p>15-732 Bia\u0142ystok<\/p>\n","protected":false},"excerpt":{"rendered":"<h3><strong>Sleep Support Biowen &#8211; wsparcie snu &#8211; 60 kapsu\u0142ek <\/strong><\/h3>\n<p>Kapsu\u0142ki na sen Sleep Support to suplement od Biowen naturalnie wspieraj\u0105cy zdrowy sen i regeneracj\u0119. Formu\u0142a preparatu opiera si\u0119 na standaryzowanych ekstraktach ro\u015blinnych i melatoninie z pistacji w opatentowanej formie Melostacio-GOLD\u2122\ufe0f. Sleep Support wyr\u00f3\u017cnia si\u0119 bezpiecze\u0144stwem, wysok\u0105 skuteczno\u015bci\u0105 i synergi\u0105 dobrze przemy\u015blanych sk\u0142adnik\u00f3w. Co to oznacza? W kapsu\u0142kach Biowen surowce ro\u015blinne zosta\u0142y dobrane tak, by wzajemnie si\u0119 uzupe\u0142nia\u0107 i pot\u0119gowa\u0107 korzystne dzia\u0142anie, zamiast niepotrzebnie dublowa\u0107 swoje w\u0142a\u015bciwo\u015bci \u2013 co niecz\u0119sto mog\u0105 zaoferowa\u0107 tradycyjne tabletki na sen! Efekt? Specjali\u015bci marki stworzyli suplement wyr\u00f3\u017cniaj\u0105cy si\u0119 na rynku zar\u00f3wno swoj\u0105 naturaln\u0105, czyst\u0105 formu\u0142\u0105, jak i skutecznym dzia\u0142aniem, realnie poprawiaj\u0105cym jako\u015b\u0107 \u017cycia wszystkich nocnych mark\u00f3w.<\/p>\n<h2><strong>Dlaczego warto wybra\u0107 zio\u0142owe kapsu\u0142ki na sen od Biowen?<\/strong><\/h2>\n<p>Przyjmujesz zio\u0142owe tabletki na sen, lecz nie czujesz poprawy? Zamiast si\u0119ga\u0107 po silne leki, daj szans\u0119 naturalnym kapsu\u0142kom Sleep Support od Biowen! Dlaczego warto?<\/p>\n<ul>\n<li aria-level=\"1\">Marka Biowen od lat wykorzystuje standaryzowane ekstrakty i bezpieczne dla zdrowia, klinicznie rozpoznane surowce, by oferowa\u0107 swoim klientom skuteczne produkty o niepodwa\u017calnym dzia\u0142aniu;<\/li>\n<li aria-level=\"1\">Sleep Support \u0142\u0105czy w sobie zio\u0142a tradycyjnie u\u017cywane do wyciszenia (melisa, koz\u0142ek, m\u0119czennica) z naturalnym \u017ar\u00f3d\u0142em melatoniny (Melostacio-GOLD\u2122), \u0142agodz\u0105c stres, pomagaj\u0105c zasn\u0105\u0107 zdrowym, spokojnym snem i u\u0142atwiaj\u0105c synchronizacj\u0119 rytmu dobowego;<\/li>\n<li aria-level=\"1\">sk\u0142adniki dobrane tak, by wzajemnie pot\u0119gowa\u0142y swoje dobroczynne dzia\u0142anie;<\/li>\n<li aria-level=\"1\">suplement zawiera melatonin\u0119 pochodzenia ro\u015blinnego Melostacio-GOLD\u2122, co wyr\u00f3\u017cnia go w\u015br\u00f3d konwencjonalnych tabletek na sen;<\/li>\n<li aria-level=\"1\">bazuje na standaryzowanych ekstraktach, co gwarantuje powtarzalno\u015b\u0107 dzia\u0142ania w ka\u017cdym opakowaniu i ka\u017cdej partii produktu;<\/li>\n<li aria-level=\"1\">dodatek czarnego pieprzu w postaci BioPerine\u00ae (95% piperyny) poprawia wch\u0142anianie kluczowych ekstrakt\u00f3w ro\u015blinnych;<\/li>\n<li aria-level=\"1\">bezpieczna formu\u0142a zamkni\u0119ta w otoczce z hydroksypropylometylocelulozy \u2013 odpowiednia dla os\u00f3b na diecie ro\u015blinnej.<\/li>\n<\/ul>\n<h2><strong>Wskazania do suplementacji Sleep Support<\/strong><\/h2>\n<p>W \u015bwiecie przepe\u0142nionym stresem, po\u015bpiechem i nadmiern\u0105 ekspozycj\u0105 na bod\u017ace oraz sztuczne \u015bwiat\u0142o coraz wi\u0119cej os\u00f3b zmaga si\u0119 z gorszej jako\u015bci snem. Czy wiesz, \u017ce problem ten dotyczy oko\u0142o 40% doros\u0142ych? Deficyt snu mo\u017ce z kolei prowadzi\u0107 do obni\u017cenia odporno\u015bci, spadku koncentracji, zaburze\u0144 metabolicznych i szeroko poj\u0119tego gorszego samopoczucia. Je\u015bli dla Ciebie r\u00f3wnie\u017c zdrowy, spokojny sen to wyzwanie, poznaj Sleep Support i po\u0142\u00f3\u017c kres nieprzespanym nocom! Suplement sprawdzi si\u0119 u wszystkich os\u00f3b, kt\u00f3re potrzebuj\u0105 wsparcia w zakresie:<\/p>\n<ul>\n<li aria-level=\"1\">trudno\u015bci z zasypianiem;<\/li>\n<li aria-level=\"1\">wieczornego napi\u0119cia, gonitwy my\u015bli lub stresu, kt\u00f3re utrudniaj\u0105 wyciszenie;<\/li>\n<li aria-level=\"1\">p\u0142ytkiego snu i potrzeby g\u0142\u0119bszej regeneracji nocnej;<\/li>\n<li aria-level=\"1\">cz\u0119stego wybudzania;<\/li>\n<li aria-level=\"1\">nieregularnego rytmu dobowego (praca zmianowa, dalekie podr\u00f3\u017ce wywo\u0142uj\u0105ce <em>jet lag<\/em>, opieka nad dzieckiem).<\/li>\n<\/ul>\n<p>To, co jest dobre na sen dla jednych, nie zawsze b\u0119dzie s\u0142u\u017cy\u0107 innym. W\u0142\u0105czenie do swojej codziennej rutyny suplementu Sleep Support mo\u017ce szczeg\u00f3lnie przys\u0142u\u017cy\u0107 si\u0119 m\u0142odym rodzicom z zaburzonym rytmem dobowym, zarywaj\u0105cym noce studentom i seniorom, kt\u00f3rzy cz\u0119sto borykaj\u0105 si\u0119 z gorsz\u0105 jako\u015bci\u0105 snu. Warto jednak pami\u0119ta\u0107, \u017ce nawet najlepiej skomponowany suplement nie zast\u0105pi zbilansowanej diety i zdrowego stylu \u017cycia.<\/p>","protected":false},"featured_media":8148,"template":"","meta":{"ocean_post_layout":"","ocean_both_sidebars_style":"","ocean_both_sidebars_content_width":0,"ocean_both_sidebars_sidebars_width":0,"ocean_sidebar":"0","ocean_second_sidebar":"0","ocean_disable_margins":"enable","ocean_add_body_class":"","ocean_shortcode_before_top_bar":"","ocean_shortcode_after_top_bar":"","ocean_shortcode_before_header":"","ocean_shortcode_after_header":"","ocean_has_shortcode":"","ocean_shortcode_after_title":"","ocean_shortcode_before_footer_widgets":"","ocean_shortcode_after_footer_widgets":"","ocean_shortcode_before_footer_bottom":"","ocean_shortcode_after_footer_bottom":"","ocean_display_top_bar":"default","ocean_display_header":"default","ocean_header_style":"","ocean_center_header_left_menu":"0","ocean_custom_header_template":"0","ocean_custom_logo":0,"ocean_custom_retina_logo":0,"ocean_custom_logo_max_width":0,"ocean_custom_logo_tablet_max_width":0,"ocean_custom_logo_mobile_max_width":0,"ocean_custom_logo_max_height":0,"ocean_custom_logo_tablet_max_height":0,"ocean_custom_logo_mobile_max_height":0,"ocean_header_custom_menu":"0","ocean_menu_typo_font_family":"0","ocean_menu_typo_font_subset":"","ocean_menu_typo_font_size":0,"ocean_menu_typo_font_size_tablet":0,"ocean_menu_typo_font_size_mobile":0,"ocean_menu_typo_font_size_unit":"px","ocean_menu_typo_font_weight":"","ocean_menu_typo_font_weight_tablet":"","ocean_menu_typo_font_weight_mobile":"","ocean_menu_typo_transform":"","ocean_menu_typo_transform_tablet":"","ocean_menu_typo_transform_mobile":"","ocean_menu_typo_line_height":0,"ocean_menu_typo_line_height_tablet":0,"ocean_menu_typo_line_height_mobile":0,"ocean_menu_typo_line_height_unit":"","ocean_menu_typo_spacing":0,"ocean_menu_typo_spacing_tablet":0,"ocean_menu_typo_spacing_mobile":0,"ocean_menu_typo_spacing_unit":"","ocean_menu_link_color":"","ocean_menu_link_color_hover":"","ocean_menu_link_color_active":"","ocean_menu_link_background":"","ocean_menu_link_hover_background":"","ocean_menu_link_active_background":"","ocean_menu_social_links_bg":"","ocean_menu_social_hover_links_bg":"","ocean_menu_social_links_color":"","ocean_menu_social_hover_links_color":"","ocean_disable_title":"default","ocean_disable_heading":"default","ocean_post_title":"","ocean_post_subheading":"","ocean_post_title_style":"","ocean_post_title_background_color":"","ocean_post_title_background":0,"ocean_post_title_bg_image_position":"","ocean_post_title_bg_image_attachment":"","ocean_post_title_bg_image_repeat":"","ocean_post_title_bg_image_size":"","ocean_post_title_height":0,"ocean_post_title_bg_overlay":0.5,"ocean_post_title_bg_overlay_color":"","ocean_disable_breadcrumbs":"default","ocean_breadcrumbs_color":"","ocean_breadcrumbs_separator_color":"","ocean_breadcrumbs_links_color":"","ocean_breadcrumbs_links_hover_color":"","ocean_display_footer_widgets":"default","ocean_display_footer_bottom":"default","ocean_custom_footer_template":"0"},"product_brand":[],"product_cat":[79,22],"product_tag":[],"class_list":{"0":"post-8147","1":"product","2":"type-product","3":"status-publish","4":"has-post-thumbnail","6":"product_cat-biowen","7":"product_cat-suplementy-i-witaminy","9":"entry","10":"has-media","12":"first","13":"instock","14":"shipping-taxable","15":"purchasable","16":"product-type-simple","17":"has-product-nav","18":"col","19":"span_1_of_3","20":"owp-content-left","21":"owp-thumbs-layout-horizontal","22":"owp-btn-normal","23":"owp-tabs-layout-horizontal","24":"has-no-thumbnails"},"_links":{"self":[{"href":"https:\/\/ecocorner.eu\/en\/wp-json\/wp\/v2\/product\/8147","targetHints":{"allow":["GET"]}}],"collection":[{"href":"https:\/\/ecocorner.eu\/en\/wp-json\/wp\/v2\/product"}],"about":[{"href":"https:\/\/ecocorner.eu\/en\/wp-json\/wp\/v2\/types\/product"}],"version-history":[{"count":1,"href":"https:\/\/ecocorner.eu\/en\/wp-json\/wp\/v2\/product\/8147\/revisions"}],"predecessor-version":[{"id":8149,"href":"https:\/\/ecocorner.eu\/en\/wp-json\/wp\/v2\/product\/8147\/revisions\/8149"}],"wp:featuredmedia":[{"embeddable":true,"href":"https:\/\/ecocorner.eu\/en\/wp-json\/wp\/v2\/media\/8148"}],"wp:attachment":[{"href":"https:\/\/ecocorner.eu\/en\/wp-json\/wp\/v2\/media?parent=8147"}],"wp:term":[{"taxonomy":"product_brand","embeddable":true,"href":"https:\/\/ecocorner.eu\/en\/wp-json\/wp\/v2\/product_brand?post=8147"},{"taxonomy":"product_cat","embeddable":true,"href":"https:\/\/ecocorner.eu\/en\/wp-json\/wp\/v2\/product_cat?post=8147"},{"taxonomy":"product_tag","embeddable":true,"href":"https:\/\/ecocorner.eu\/en\/wp-json\/wp\/v2\/product_tag?post=8147"}],"curies":[{"name":"wp","href":"https:\/\/api.w.org\/{rel}","templated":true}]}}