{"id":8156,"date":"2025-12-11T21:16:57","date_gmt":"2025-12-11T21:16:57","guid":{"rendered":"https:\/\/ecocorner.eu\/?post_type=product&#038;p=8156"},"modified":"2026-04-02T21:17:44","modified_gmt":"2026-04-02T21:17:44","slug":"arterium-chlorofillipt-ekstrakt-z-eukaliptusa-plyn-100ml","status":"publish","type":"product","link":"https:\/\/ecocorner.eu\/en\/product\/arterium-chlorofillipt-ekstrakt-z-eukaliptusa-plyn-100ml\/","title":{"rendered":"ARTERIUM   Chlorofillipt  ekstrakt z eukaliptusa p\u0142yn 100ml"},"content":{"rendered":"<p><strong>Ingredients<\/strong><br \/>\nEkstrakt g\u0119sty z li\u015bci eukaliptusa, alkohol etylowy. alk. 93 obj. %.<\/p>\n<p><u>Dzienna porcja w 90 kroplach:<\/u><br \/>\n\u2022 Ekstrakt z li\u015bci eukaliptusa \u2013 30 mg<\/p>\n<p><strong>METHOD OF APPLICATION<\/strong><br \/>\nDoro\u015bli: 30 kropli 3 razy dziennie przed posi\u0142kami, rozcie\u0144czonych w niewielkiej ilo\u015bci wody. Przed u\u017cyciem wstrz\u0105\u015bnij butelk\u0105.<\/p>\n<p><strong>note<\/strong><br \/>\nNie stosowa\u0107 w przypadku nadwra\u017cliwo\u015bci na sk\u0142adniki suplementu, w okresie ci\u0105\u017cy i karmienia piersi\u0105. Suplementy diety nie mog\u0105 by\u0107 stosowane jako substytut (zamiennik) zr\u00f3\u017cnicowanej diety. Dla utrzymania prawid\u0142owego stanu zdrowia nale\u017cy stosowa\u0107 zr\u00f3\u017cnicowan\u0105 diet\u0119 i prowadzi\u0107 zdrowy styl \u017cycia. Nie przekracza\u0107 zalecanej porcji dziennej.<\/p>\n<p><strong>keeping<\/strong><br \/>\nPrzechowywa\u0107 w ciemnym, suchym miejscu, niedost\u0119pnym dla dzieci, w temperaturze nie przekraczaj\u0105cej +25\u00b0C. Podczas przechowywania dozwolone s\u0105 naturalne osady.<\/p>","protected":false},"excerpt":{"rendered":"<p>Chlorofillipt to suplement diety na bazie ro\u015blin, kt\u00f3ry zawiera mieszank\u0119 chlorofil\u00f3w z li\u015bci eukaliptusa. Li\u015bcie eukaliptusa bogate s\u0105 ponadto w garbniki (np. tanin\u0119), seskwiterpeny i flawonoidy. Eukaliptus korzystnie wp\u0142ywa na drogi oddechowe, pomaga zmniejszy\u0107 podra\u017cnienia gard\u0142a i strun g\u0142osowych.<\/p>\n<p>&nbsp;<\/p>","protected":false},"featured_media":8157,"template":"","meta":{"ocean_post_layout":"","ocean_both_sidebars_style":"","ocean_both_sidebars_content_width":0,"ocean_both_sidebars_sidebars_width":0,"ocean_sidebar":"0","ocean_second_sidebar":"0","ocean_disable_margins":"enable","ocean_add_body_class":"","ocean_shortcode_before_top_bar":"","ocean_shortcode_after_top_bar":"","ocean_shortcode_before_header":"","ocean_shortcode_after_header":"","ocean_has_shortcode":"","ocean_shortcode_after_title":"","ocean_shortcode_before_footer_widgets":"","ocean_shortcode_after_footer_widgets":"","ocean_shortcode_before_footer_bottom":"","ocean_shortcode_after_footer_bottom":"","ocean_display_top_bar":"default","ocean_display_header":"default","ocean_header_style":"","ocean_center_header_left_menu":"0","ocean_custom_header_template":"0","ocean_custom_logo":0,"ocean_custom_retina_logo":0,"ocean_custom_logo_max_width":0,"ocean_custom_logo_tablet_max_width":0,"ocean_custom_logo_mobile_max_width":0,"ocean_custom_logo_max_height":0,"ocean_custom_logo_tablet_max_height":0,"ocean_custom_logo_mobile_max_height":0,"ocean_header_custom_menu":"0","ocean_menu_typo_font_family":"0","ocean_menu_typo_font_subset":"","ocean_menu_typo_font_size":0,"ocean_menu_typo_font_size_tablet":0,"ocean_menu_typo_font_size_mobile":0,"ocean_menu_typo_font_size_unit":"px","ocean_menu_typo_font_weight":"","ocean_menu_typo_font_weight_tablet":"","ocean_menu_typo_font_weight_mobile":"","ocean_menu_typo_transform":"","ocean_menu_typo_transform_tablet":"","ocean_menu_typo_transform_mobile":"","ocean_menu_typo_line_height":0,"ocean_menu_typo_line_height_tablet":0,"ocean_menu_typo_line_height_mobile":0,"ocean_menu_typo_line_height_unit":"","ocean_menu_typo_spacing":0,"ocean_menu_typo_spacing_tablet":0,"ocean_menu_typo_spacing_mobile":0,"ocean_menu_typo_spacing_unit":"","ocean_menu_link_color":"","ocean_menu_link_color_hover":"","ocean_menu_link_color_active":"","ocean_menu_link_background":"","ocean_menu_link_hover_background":"","ocean_menu_link_active_background":"","ocean_menu_social_links_bg":"","ocean_menu_social_hover_links_bg":"","ocean_menu_social_links_color":"","ocean_menu_social_hover_links_color":"","ocean_disable_title":"default","ocean_disable_heading":"default","ocean_post_title":"","ocean_post_subheading":"","ocean_post_title_style":"","ocean_post_title_background_color":"","ocean_post_title_background":0,"ocean_post_title_bg_image_position":"","ocean_post_title_bg_image_attachment":"","ocean_post_title_bg_image_repeat":"","ocean_post_title_bg_image_size":"","ocean_post_title_height":0,"ocean_post_title_bg_overlay":0.5,"ocean_post_title_bg_overlay_color":"","ocean_disable_breadcrumbs":"default","ocean_breadcrumbs_color":"","ocean_breadcrumbs_separator_color":"","ocean_breadcrumbs_links_color":"","ocean_breadcrumbs_links_hover_color":"","ocean_display_footer_widgets":"default","ocean_display_footer_bottom":"default","ocean_custom_footer_template":"0"},"product_brand":[],"product_cat":[22,21],"product_tag":[],"class_list":{"0":"post-8156","1":"product","2":"type-product","3":"status-publish","4":"has-post-thumbnail","6":"product_cat-suplementy-i-witaminy","7":"product_cat-zdrowie","9":"entry","10":"has-media","12":"first","13":"instock","14":"shipping-taxable","15":"purchasable","16":"product-type-simple","17":"has-product-nav","18":"col","19":"span_1_of_3","20":"owp-content-left","21":"owp-thumbs-layout-horizontal","22":"owp-btn-normal","23":"owp-tabs-layout-horizontal","24":"has-no-thumbnails"},"_links":{"self":[{"href":"https:\/\/ecocorner.eu\/en\/wp-json\/wp\/v2\/product\/8156","targetHints":{"allow":["GET"]}}],"collection":[{"href":"https:\/\/ecocorner.eu\/en\/wp-json\/wp\/v2\/product"}],"about":[{"href":"https:\/\/ecocorner.eu\/en\/wp-json\/wp\/v2\/types\/product"}],"version-history":[{"count":1,"href":"https:\/\/ecocorner.eu\/en\/wp-json\/wp\/v2\/product\/8156\/revisions"}],"predecessor-version":[{"id":8158,"href":"https:\/\/ecocorner.eu\/en\/wp-json\/wp\/v2\/product\/8156\/revisions\/8158"}],"wp:featuredmedia":[{"embeddable":true,"href":"https:\/\/ecocorner.eu\/en\/wp-json\/wp\/v2\/media\/8157"}],"wp:attachment":[{"href":"https:\/\/ecocorner.eu\/en\/wp-json\/wp\/v2\/media?parent=8156"}],"wp:term":[{"taxonomy":"product_brand","embeddable":true,"href":"https:\/\/ecocorner.eu\/en\/wp-json\/wp\/v2\/product_brand?post=8156"},{"taxonomy":"product_cat","embeddable":true,"href":"https:\/\/ecocorner.eu\/en\/wp-json\/wp\/v2\/product_cat?post=8156"},{"taxonomy":"product_tag","embeddable":true,"href":"https:\/\/ecocorner.eu\/en\/wp-json\/wp\/v2\/product_tag?post=8156"}],"curies":[{"name":"wp","href":"https:\/\/api.w.org\/{rel}","templated":true}]}}