{"id":8165,"date":"2025-12-11T21:46:33","date_gmt":"2025-12-11T21:46:33","guid":{"rendered":"https:\/\/ecocorner.eu\/?post_type=product&#038;p=8165"},"modified":"2026-01-16T15:04:19","modified_gmt":"2026-01-16T15:04:19","slug":"pasieki-sadowskich-swiateczna-swieca-z-wosku-pszczelego-120-ml","status":"publish","type":"product","link":"https:\/\/ecocorner.eu\/en\/product\/pasieki-sadowskich-swiateczna-swieca-z-wosku-pszczelego-120-ml\/","title":{"rendered":"Pasieki  Sadowskich   \u015awieca z wosku pszczelego 120 ml"},"content":{"rendered":"<h3 id=\"tab3\">Information<\/h3>\n<ul>\n<li>Pierwsze palenie \u015bwiecy powinno trwa\u0107 tak d\u0142ugo, a\u017c roztopi si\u0119 ca\u0142a powierzchnia \u015bwiecy (2-3 godziny), zapobiegnie to tunelowaniu \u015bwiecy.<\/li>\n<li>Aby zapewni\u0107 najwy\u017csz\u0105 jako\u015b\u0107 palenia si\u0119 \u015bwiecy, przycinaj knot przed ka\u017cdym zapaleniem \u015bwiecy i dbaj, aby podczas palenia \u015bwieca sta\u0142a na r\u00f3wnej powierzchni.<\/li>\n<li>Zachowaj ostro\u017cno\u015b\u0107 przy paleniu \u015bwiecy &#8211; nigdy nie pozostawiaj jej bez nadzoru i nie stawiaj w pobli\u017cu \u0142atwopalnych przedmiot\u00f3w.<\/li>\n<li>Zakr\u0119caj \u015bwiec\u0119 po ka\u017cdym paleniu, aby zapobiec osadzaniu si\u0119 kurzu.<\/li>\n<li>Nasze \u015bwiece s\u0105 wytwarzana r\u0119cznie, wi\u0119c mog\u0105 si\u0119 zdarzy\u0107 na powierzchni p\u0119kni\u0119cia oraz delikatne nier\u00f3wno\u015bci. Nie ma to wp\u0142ywu na jako\u015b\u0107 i w\u0142a\u015bciwo\u015bci \u015bwiecy.<\/li>\n<\/ul>\n<p><strong>Czas palenia \u015bwiecy <\/strong>\u00a0<strong>ok. 44 h<\/strong><\/p>","protected":false},"excerpt":{"rendered":"<p>Czysta natura &#8211; <strong>100% wosku pszczelego bez dodatk\u00f3w<\/strong>. Nasze \u015bwiece z wosku pszczelego zamkn\u0119li\u015bmy w szklane s\u0142oiczki i opatrzyli\u015bmy bawe\u0142nianym knotem. \u015awieca jest idealnym pomys\u0142em na prezent dla os\u00f3b, kt\u00f3re kochaj\u0105 spok\u00f3j, wyciszenie i pi\u0119kno. Idealnie zdobi\u0105 pomieszczenia, s\u0105 te\u017c dobrym wyborem dla alergik\u00f3w i os\u00f3b o du\u017cej wra\u017cliwo\u015bci &#8211; <strong>wosk pszczeli<\/strong> <strong>oczyszcza powietrze oraz nie wydziela dymu.<\/strong> Podczas palenia \u015bwiecy wyczuwalny jest jedynie bardzo delikatny zapach rozgrzanego wosku. Ka\u017cd\u0105 \u015bwiec\u0119 ozdobili\u015bmy pi\u0119kn\u0105 \u015bwi\u0105teczn\u0105 etykiet\u0105, idealnie sprawdzi si\u0119 jako prezent pod choink\u0119 lub do r\u0105k w\u0142asnych dla bliskiej osoby, kt\u00f3ra docenia naturalne produkty i pi\u0119kno oraz kocha Gwiazdk\u0119.<\/p>\n<h3 id=\"tab2\">Features<\/h3>\n<ul>\n<li>100% wosk pszczeli.<\/li>\n<li>Bawe\u0142niany knot zapewniaj\u0105cy czyste spalanie.<\/li>\n<li>Szklany s\u0142oiczek.<\/li>\n<li>\u015awieca zapakowana w ekologiczny kartonik.<\/li>\n<li>Podczas palenia wydaje przyjemny odg\u0142os skwierczenia.<\/li>\n<li>Nie wydziela szkodliwego dymu.<\/li>\n<\/ul>","protected":false},"featured_media":8166,"template":"","meta":{"ocean_post_layout":"","ocean_both_sidebars_style":"","ocean_both_sidebars_content_width":0,"ocean_both_sidebars_sidebars_width":0,"ocean_sidebar":"0","ocean_second_sidebar":"0","ocean_disable_margins":"enable","ocean_add_body_class":"","ocean_shortcode_before_top_bar":"","ocean_shortcode_after_top_bar":"","ocean_shortcode_before_header":"","ocean_shortcode_after_header":"","ocean_has_shortcode":"","ocean_shortcode_after_title":"","ocean_shortcode_before_footer_widgets":"","ocean_shortcode_after_footer_widgets":"","ocean_shortcode_before_footer_bottom":"","ocean_shortcode_after_footer_bottom":"","ocean_display_top_bar":"default","ocean_display_header":"default","ocean_header_style":"","ocean_center_header_left_menu":"0","ocean_custom_header_template":"0","ocean_custom_logo":0,"ocean_custom_retina_logo":0,"ocean_custom_logo_max_width":0,"ocean_custom_logo_tablet_max_width":0,"ocean_custom_logo_mobile_max_width":0,"ocean_custom_logo_max_height":0,"ocean_custom_logo_tablet_max_height":0,"ocean_custom_logo_mobile_max_height":0,"ocean_header_custom_menu":"0","ocean_menu_typo_font_family":"0","ocean_menu_typo_font_subset":"","ocean_menu_typo_font_size":0,"ocean_menu_typo_font_size_tablet":0,"ocean_menu_typo_font_size_mobile":0,"ocean_menu_typo_font_size_unit":"px","ocean_menu_typo_font_weight":"","ocean_menu_typo_font_weight_tablet":"","ocean_menu_typo_font_weight_mobile":"","ocean_menu_typo_transform":"","ocean_menu_typo_transform_tablet":"","ocean_menu_typo_transform_mobile":"","ocean_menu_typo_line_height":0,"ocean_menu_typo_line_height_tablet":0,"ocean_menu_typo_line_height_mobile":0,"ocean_menu_typo_line_height_unit":"","ocean_menu_typo_spacing":0,"ocean_menu_typo_spacing_tablet":0,"ocean_menu_typo_spacing_mobile":0,"ocean_menu_typo_spacing_unit":"","ocean_menu_link_color":"","ocean_menu_link_color_hover":"","ocean_menu_link_color_active":"","ocean_menu_link_background":"","ocean_menu_link_hover_background":"","ocean_menu_link_active_background":"","ocean_menu_social_links_bg":"","ocean_menu_social_hover_links_bg":"","ocean_menu_social_links_color":"","ocean_menu_social_hover_links_color":"","ocean_disable_title":"default","ocean_disable_heading":"default","ocean_post_title":"","ocean_post_subheading":"","ocean_post_title_style":"","ocean_post_title_background_color":"","ocean_post_title_background":0,"ocean_post_title_bg_image_position":"","ocean_post_title_bg_image_attachment":"","ocean_post_title_bg_image_repeat":"","ocean_post_title_bg_image_size":"","ocean_post_title_height":0,"ocean_post_title_bg_overlay":0.5,"ocean_post_title_bg_overlay_color":"","ocean_disable_breadcrumbs":"default","ocean_breadcrumbs_color":"","ocean_breadcrumbs_separator_color":"","ocean_breadcrumbs_links_color":"","ocean_breadcrumbs_links_hover_color":"","ocean_display_footer_widgets":"default","ocean_display_footer_bottom":"default","ocean_custom_footer_template":"0"},"product_brand":[],"product_cat":[91,74],"product_tag":[],"class_list":{"0":"post-8165","1":"product","2":"type-product","3":"status-publish","4":"has-post-thumbnail","6":"product_cat-manufaktura-pasieki-sadowskich","7":"product_cat-naturalne-srodki-czystosci","9":"entry","10":"has-media","12":"first","13":"instock","14":"shipping-taxable","15":"purchasable","16":"product-type-simple","17":"has-product-nav","18":"col","19":"span_1_of_3","20":"owp-content-left","21":"owp-thumbs-layout-horizontal","22":"owp-btn-normal","23":"owp-tabs-layout-horizontal"},"_links":{"self":[{"href":"https:\/\/ecocorner.eu\/en\/wp-json\/wp\/v2\/product\/8165","targetHints":{"allow":["GET"]}}],"collection":[{"href":"https:\/\/ecocorner.eu\/en\/wp-json\/wp\/v2\/product"}],"about":[{"href":"https:\/\/ecocorner.eu\/en\/wp-json\/wp\/v2\/types\/product"}],"version-history":[{"count":2,"href":"https:\/\/ecocorner.eu\/en\/wp-json\/wp\/v2\/product\/8165\/revisions"}],"predecessor-version":[{"id":8266,"href":"https:\/\/ecocorner.eu\/en\/wp-json\/wp\/v2\/product\/8165\/revisions\/8266"}],"wp:featuredmedia":[{"embeddable":true,"href":"https:\/\/ecocorner.eu\/en\/wp-json\/wp\/v2\/media\/8166"}],"wp:attachment":[{"href":"https:\/\/ecocorner.eu\/en\/wp-json\/wp\/v2\/media?parent=8165"}],"wp:term":[{"taxonomy":"product_brand","embeddable":true,"href":"https:\/\/ecocorner.eu\/en\/wp-json\/wp\/v2\/product_brand?post=8165"},{"taxonomy":"product_cat","embeddable":true,"href":"https:\/\/ecocorner.eu\/en\/wp-json\/wp\/v2\/product_cat?post=8165"},{"taxonomy":"product_tag","embeddable":true,"href":"https:\/\/ecocorner.eu\/en\/wp-json\/wp\/v2\/product_tag?post=8165"}],"curies":[{"name":"wp","href":"https:\/\/api.w.org\/{rel}","templated":true}]}}