{"id":8202,"date":"2025-12-11T23:38:45","date_gmt":"2025-12-11T23:38:45","guid":{"rendered":"https:\/\/ecocorner.eu\/?post_type=product&#038;p=8202"},"modified":"2026-04-11T13:20:26","modified_gmt":"2026-04-11T13:20:26","slug":"nordics-remineralizujaca-pasta-do-zebow-complete-pro-z-plynnym-szkliwem-bez-fluoru-icy-mint-75-ml","status":"publish","type":"product","link":"https:\/\/ecocorner.eu\/en\/product\/nordics-remineralizujaca-pasta-do-zebow-complete-pro-z-plynnym-szkliwem-bez-fluoru-icy-mint-75-ml\/","title":{"rendered":"Nordics  Remineralizuj\u0105ca pasta do z\u0119b\u00f3w Complete Pro z p\u0142ynnym szkliwem ,bez fluoru Icy Mint  75 ml"},"content":{"rendered":"<p><span class=\"wartosc\">Ingredients<br \/>\nAQUA, SORBITOL, HYDRATED SILICA, GLYCERIN, SODIUM LAUROYL SARCOSINATE, HYDROXYAPATITE, CELLULOSE GUM, POTASSIUM CITRATE, AROMA, STEVIA REBAUDIANA EXTRACT, PAPAIN, PHENOXYETHANOL, CAPRYLYL GLYCOL, CI 42090, MENTHOL, MENTHA PIPERITA OIL, ANETHOLE, EUCALYPTUS GLOBULUS OIL, MENTHA VIRIDIS LEAF OIL, CARVONE, LIMONENE.<\/p>\n<p>METHOD OF APPLICATION<br \/>\nNiewielk\u0105 ilo\u015b\u0107 pasty nanie\u015b\u0107 na szczoteczk\u0119 do z\u0119b\u00f3w. Nast\u0119pnie delikatnymi ruchami szczotkowa\u0107 z\u0119by i dzi\u0105s\u0142a.<\/p>\n<p>RECOMMENDED STORAGE CONDITIONS<br \/>\nPrzechowywa\u0107 w temperaturze pokojowej, z dala od \u015bwiat\u0142a s\u0142onecznego. Przechowywa\u0107 z dala od dzieci. <\/span><\/p>","protected":false},"excerpt":{"rendered":"<p><span class=\"wartosc\"><br \/>\nPasta do z\u0119b\u00f3w Nordics Complete Pro remineralizuj\u0105ca z ponad 97% sk\u0142adnik\u00f3w pochodzenia naturalnego. <\/span><\/p>\n<p><span class=\"wartosc\">Ta pasta do z\u0119b\u00f3w zosta\u0142a opracowana dla os\u00f3b, kt\u00f3re chc\u0105 przywr\u00f3ci\u0107 naturaln\u0105 si\u0142\u0119 z\u0119b\u00f3w i zmniejszy\u0107 wra\u017cliwo\u015b\u0107. <\/span><\/p>\n<p><span class=\"wartosc\">Aktywnymi sk\u0142adnikami s\u0105 hydroksyapatyt (znany r\u00f3wnie\u017c jako p\u0142ynne szkliwo) i cytrynian potasu. <\/span><\/p>\n<p><span class=\"wartosc\">Hydroksyapatyt wype\u0142nia mikrop\u0119kni\u0119cia szkliwa i wspomaga remineralizacj\u0119 z\u0119b\u00f3w. <\/span><\/p>\n<p><span class=\"wartosc\">Cytrynian potasu jest skutecznym \u015brodkiem zmniejszaj\u0105cym wra\u017cliwo\u015b\u0107 z\u0119b\u00f3w.<\/span><\/p>","protected":false},"featured_media":8203,"template":"","meta":{"ocean_post_layout":"","ocean_both_sidebars_style":"","ocean_both_sidebars_content_width":0,"ocean_both_sidebars_sidebars_width":0,"ocean_sidebar":"0","ocean_second_sidebar":"0","ocean_disable_margins":"enable","ocean_add_body_class":"","ocean_shortcode_before_top_bar":"","ocean_shortcode_after_top_bar":"","ocean_shortcode_before_header":"","ocean_shortcode_after_header":"","ocean_has_shortcode":"","ocean_shortcode_after_title":"","ocean_shortcode_before_footer_widgets":"","ocean_shortcode_after_footer_widgets":"","ocean_shortcode_before_footer_bottom":"","ocean_shortcode_after_footer_bottom":"","ocean_display_top_bar":"default","ocean_display_header":"default","ocean_header_style":"","ocean_center_header_left_menu":"0","ocean_custom_header_template":"0","ocean_custom_logo":0,"ocean_custom_retina_logo":0,"ocean_custom_logo_max_width":0,"ocean_custom_logo_tablet_max_width":0,"ocean_custom_logo_mobile_max_width":0,"ocean_custom_logo_max_height":0,"ocean_custom_logo_tablet_max_height":0,"ocean_custom_logo_mobile_max_height":0,"ocean_header_custom_menu":"0","ocean_menu_typo_font_family":"0","ocean_menu_typo_font_subset":"","ocean_menu_typo_font_size":0,"ocean_menu_typo_font_size_tablet":0,"ocean_menu_typo_font_size_mobile":0,"ocean_menu_typo_font_size_unit":"px","ocean_menu_typo_font_weight":"","ocean_menu_typo_font_weight_tablet":"","ocean_menu_typo_font_weight_mobile":"","ocean_menu_typo_transform":"","ocean_menu_typo_transform_tablet":"","ocean_menu_typo_transform_mobile":"","ocean_menu_typo_line_height":0,"ocean_menu_typo_line_height_tablet":0,"ocean_menu_typo_line_height_mobile":0,"ocean_menu_typo_line_height_unit":"","ocean_menu_typo_spacing":0,"ocean_menu_typo_spacing_tablet":0,"ocean_menu_typo_spacing_mobile":0,"ocean_menu_typo_spacing_unit":"","ocean_menu_link_color":"","ocean_menu_link_color_hover":"","ocean_menu_link_color_active":"","ocean_menu_link_background":"","ocean_menu_link_hover_background":"","ocean_menu_link_active_background":"","ocean_menu_social_links_bg":"","ocean_menu_social_hover_links_bg":"","ocean_menu_social_links_color":"","ocean_menu_social_hover_links_color":"","ocean_disable_title":"default","ocean_disable_heading":"default","ocean_post_title":"","ocean_post_subheading":"","ocean_post_title_style":"","ocean_post_title_background_color":"","ocean_post_title_background":0,"ocean_post_title_bg_image_position":"","ocean_post_title_bg_image_attachment":"","ocean_post_title_bg_image_repeat":"","ocean_post_title_bg_image_size":"","ocean_post_title_height":0,"ocean_post_title_bg_overlay":0.5,"ocean_post_title_bg_overlay_color":"","ocean_disable_breadcrumbs":"default","ocean_breadcrumbs_color":"","ocean_breadcrumbs_separator_color":"","ocean_breadcrumbs_links_color":"","ocean_breadcrumbs_links_hover_color":"","ocean_display_footer_widgets":"default","ocean_display_footer_bottom":"default","ocean_custom_footer_template":"0"},"product_brand":[],"product_cat":[31],"product_tag":[],"class_list":{"0":"post-8202","1":"product","2":"type-product","3":"status-publish","4":"has-post-thumbnail","6":"product_cat-pielegnacja-jamy-ustnej","8":"entry","9":"has-media","11":"first","12":"instock","13":"shipping-taxable","14":"purchasable","15":"product-type-simple","16":"has-product-nav","17":"col","18":"span_1_of_3","19":"owp-content-left","20":"owp-thumbs-layout-horizontal","21":"owp-btn-normal","22":"owp-tabs-layout-horizontal","23":"has-no-thumbnails"},"_links":{"self":[{"href":"https:\/\/ecocorner.eu\/en\/wp-json\/wp\/v2\/product\/8202","targetHints":{"allow":["GET"]}}],"collection":[{"href":"https:\/\/ecocorner.eu\/en\/wp-json\/wp\/v2\/product"}],"about":[{"href":"https:\/\/ecocorner.eu\/en\/wp-json\/wp\/v2\/types\/product"}],"version-history":[{"count":2,"href":"https:\/\/ecocorner.eu\/en\/wp-json\/wp\/v2\/product\/8202\/revisions"}],"predecessor-version":[{"id":8205,"href":"https:\/\/ecocorner.eu\/en\/wp-json\/wp\/v2\/product\/8202\/revisions\/8205"}],"wp:featuredmedia":[{"embeddable":true,"href":"https:\/\/ecocorner.eu\/en\/wp-json\/wp\/v2\/media\/8203"}],"wp:attachment":[{"href":"https:\/\/ecocorner.eu\/en\/wp-json\/wp\/v2\/media?parent=8202"}],"wp:term":[{"taxonomy":"product_brand","embeddable":true,"href":"https:\/\/ecocorner.eu\/en\/wp-json\/wp\/v2\/product_brand?post=8202"},{"taxonomy":"product_cat","embeddable":true,"href":"https:\/\/ecocorner.eu\/en\/wp-json\/wp\/v2\/product_cat?post=8202"},{"taxonomy":"product_tag","embeddable":true,"href":"https:\/\/ecocorner.eu\/en\/wp-json\/wp\/v2\/product_tag?post=8202"}],"curies":[{"name":"wp","href":"https:\/\/api.w.org\/{rel}","templated":true}]}}