{"id":8242,"date":"2025-12-17T17:59:18","date_gmt":"2025-12-17T17:59:18","guid":{"rendered":"https:\/\/ecocorner.eu\/?post_type=product&#038;p=8242"},"modified":"2026-04-10T20:20:22","modified_gmt":"2026-04-10T20:20:22","slug":"norsan-olej-omega-3-fisk-dla-dzieci-smak-pomaranczowy-150-ml","status":"publish","type":"product","link":"https:\/\/ecocorner.eu\/en\/product\/norsan-olej-omega-3-fisk-dla-dzieci-smak-pomaranczowy-150-ml\/","title":{"rendered":"Norsan  Olej  Omega 3 Fisk  dla dzieci  Smak  Pomara\u0144czowy  150 ml"},"content":{"rendered":"<div class=\"columns-2\">\n<div class=\"columns-2-row\">\n<h2>Composition:<\/h2>\n<ul>\n<li>Naturalny olej rybny (40%),<\/li>\n<li>naturalny olej z dorsza (40%),<\/li>\n<li>oliwa z oliwek (19,9%),<\/li>\n<li>olej pomara\u0144czowy,<\/li>\n<li>mieszane i d-\u03b1-tokoferole,<\/li>\n<li>cholekalcyferol,<\/li>\n<li>suplement diety zawieraj\u0105cy mono \u2013 i wielonienasycone kwasy t\u0142uszczowe oraz witamin\u0119 E<\/li>\n<\/ul>\n<\/div>\n<div class=\"columns-2-row\">\n<h2>Warto\u015bci od\u017cywcze Omega-3 FISK (150 ml)<\/h2>\n<figure class=\"wp-block-table\">\n<table width=\"811\">\n<thead>\n<tr>\n<th><strong>Ilo\u015b\u0107 na porcj\u0119 dzienn\u0105:<\/strong><\/th>\n<th><strong>2,5 ml<\/strong><\/th>\n<th><strong>5 ml<\/strong><\/th>\n<th><strong>9 ml<\/strong><\/th>\n<\/tr>\n<\/thead>\n<tbody>\n<tr>\n<td>Olej rybny<\/td>\n<td>0,9<\/td>\n<td>1,8<\/td>\n<td>3,2 g*<\/td>\n<\/tr>\n<tr>\n<td>Olej z dorsza<\/td>\n<td>0,9<\/td>\n<td>1,8<\/td>\n<td>3,2 g*<\/td>\n<\/tr>\n<tr>\n<td>Olive oil<\/td>\n<td>0,4<\/td>\n<td>0,9<\/td>\n<td>1,6 g*<\/td>\n<\/tr>\n<tr>\n<td>Vitamin E&nbsp;<\/p>\n<p>Vitamin D3<\/td>\n<td>1,8&nbsp;<\/p>\n<p>5<\/td>\n<td>3,6&nbsp;<\/p>\n<p>10<\/td>\n<td>6,4 mg \u03b1-TE **&nbsp;<\/p>\n<p><span class=\"OYPEnA font-feature-liga-off font-feature-clig-off font-feature-calt-off text-decoration-none text-strikethrough-none\">18 \u03bcg **<\/span><\/td>\n<\/tr>\n<tr>\n<td><\/td>\n<td><\/td>\n<\/tr>\n<tr>\n<td><strong>Sk\u0142ad kwas\u00f3w t\u0142uszczowych:<\/strong><\/td>\n<td><\/td>\n<\/tr>\n<tr>\n<td><\/td>\n<td><\/td>\n<\/tr>\n<tr>\n<td>\u2013 t\u0142uszcze wielonienasycone<\/td>\n<td>0.6<\/td>\n<td>1,4<\/td>\n<td>2,52 g*<\/td>\n<\/tr>\n<tr>\n<td>\u2013 kwasy t\u0142uszczowe omega-3<\/td>\n<td>515<\/td>\n<td>1,030<\/td>\n<td>1,854 mg*<\/td>\n<\/tr>\n<tr>\n<td><\/td>\n<td><\/td>\n<td><\/td>\n<td><\/td>\n<\/tr>\n<tr>\n<td><\/td>\n<td><\/td>\n<td><\/td>\n<td><\/td>\n<\/tr>\n<tr>\n<td>z czego:<\/td>\n<td><\/td>\n<\/tr>\n<tr>\n<td>EPA<\/td>\n<td>224<\/td>\n<td>448<\/td>\n<td>806,4 mg*<\/td>\n<\/tr>\n<tr>\n<td>DPA<\/td>\n<td>28<\/td>\n<td>56<\/td>\n<td>100,8 mg*<\/td>\n<\/tr>\n<tr>\n<td>DHA<\/td>\n<td>191<\/td>\n<td>382<\/td>\n<td>687,6 mg*<\/td>\n<\/tr>\n<\/tbody>\n<\/table>\n<\/figure>\n<p class=\"cvGsUA direction-ltr align-start para-style-body\"><span class=\"OYPEnA font-feature-liga-off font-feature-clig-off font-feature-calt-off text-decoration-none text-strikethrough-none\">* Warto\u015b\u0107 referencyjna sk\u0142adnika od\u017cywczego (RWS) nie jest dost\u0119pna.<\/span><\/p>\n<p class=\"cvGsUA direction-ltr align-start para-style-body\"><span class=\"OYPEnA font-feature-liga-off font-feature-clig-off font-feature-calt-off text-decoration-none text-strikethrough-none\">** 100%\/ 200% RWS wg. VO (EU) Nr. 1169\/2011<\/span><\/p>\n<p class=\"cvGsUA direction-ltr align-start para-style-body\"><span class=\"OYPEnA font-feature-liga-off font-feature-clig-off font-feature-calt-off text-decoration-none text-strikethrough-none\">***15%\/30% RWS wg. VO (EU) Nr. 1169\/2011<\/span><\/p>\n<\/div>\n<div class=\"columns-2-row\">\n<h2>Keeping<\/h2>\n<p>Chroni\u0107 nieotwarty produkt przed bezpo\u015brednim dzia\u0142aniem promieni s\u0142onecznych i przechowywa\u0107 go w ch\u0142odnym, suchym miejscu. Po otwarciu produkt nale\u017cy przechowywa\u0107 w lod\u00f3wce.\u00a0Przechowywa\u0107 w miejscu niedost\u0119pnym dla ma\u0142ych dzieci. Wstrz\u0105sn\u0105\u0107 butelk\u0105 przed spo\u017cyciem. Nale\u017cy pami\u0119ta\u0107, \u017ce kryszta\u0142y mog\u0105 tworzy\u0107 si\u0119 w temperaturach poni\u017cej 4\u00b0C. Po kilku minutach w temperaturze pokojowej rozpuszczaj\u0105 si\u0119 ponownie.<\/p>\n<p>Otwart\u0105 butelk\u0119 zu\u017cy\u0107 w ci\u0105gu 45 dni. Nie nale\u017cy przekracza\u0107 podanego dziennego spo\u017cycia.<\/p>\n<\/div>\n<div class=\"columns-2-row\">\n<h2>Przyjmowanie<\/h2>\n<p>Dzienna porcja zmienia si\u0119 w zale\u017cno\u015bci od wagi dziecka.<\/p>\n<p>Polecamy:<\/p>\n<p>do 9 kg: 2,5 ml (1\/2 \u0142y\u017ceczki) co 2 dni; zawiera 515 mg kwas\u00f3w t\u0142uszczowych omega-3<br \/>\n17kg: 2,5ml dziennie (1\/2 \u0142y\u017ceczki); zawiera 515 mg kwas\u00f3w t\u0142uszczowych omega-3<br \/>\n35 kg: 5 ml dziennie (1. \u0142y\u017ceczka); zawiera 1030 mg kwas\u00f3w t\u0142uszczowych omega-3<\/p>\n<p>Zr\u00f3wnowa\u017cony spos\u00f3b \u017cywienia i zdrowy tryb \u017cycia jest wa\u017cny dla funkcjonowania organizmu cz\u0142owieka. Suplement diety jest \u015brodkiem spo\u017cywczym, kt\u00f3rego celem jest uzupe\u0142nienie normalnej diety. Suplement diety nie ma w\u0142a\u015bciwo\u015bci leczniczych.<\/p>\n<\/div>\n<div class=\"columns-2-row\">\n<h2>Manufacturer<\/h2>\n<p>NORSAN GmbH, 10243 Berlin, Niemcy<\/p>\n<\/div>\n<\/div>","protected":false},"excerpt":{"rendered":"<div class=\"col3\">\n<div class=\"priceExtra\">\n<ul>\n<li>\u00a01.030 mg kwas\u00f3w t\u0142uszczowych omega-3 w porcji dziennej (1 \u0142y\u017ceczka)<\/li>\n<li>Dla dzieci od pierwszych dni \u017cycia (dawkowanie wg. wagi)<\/li>\n<li>Smak pomara\u0144czowy<\/li>\n<li>Naturalny olej rybny<\/li>\n<li>Z dodatkiem oliwy z oliwek<\/li>\n<\/ul>\n<\/div>\n<p>&nbsp;<\/p>\n<\/div>","protected":false},"featured_media":8243,"template":"","meta":{"ocean_post_layout":"","ocean_both_sidebars_style":"","ocean_both_sidebars_content_width":0,"ocean_both_sidebars_sidebars_width":0,"ocean_sidebar":"0","ocean_second_sidebar":"0","ocean_disable_margins":"enable","ocean_add_body_class":"","ocean_shortcode_before_top_bar":"","ocean_shortcode_after_top_bar":"","ocean_shortcode_before_header":"","ocean_shortcode_after_header":"","ocean_has_shortcode":"","ocean_shortcode_after_title":"","ocean_shortcode_before_footer_widgets":"","ocean_shortcode_after_footer_widgets":"","ocean_shortcode_before_footer_bottom":"","ocean_shortcode_after_footer_bottom":"","ocean_display_top_bar":"default","ocean_display_header":"default","ocean_header_style":"","ocean_center_header_left_menu":"0","ocean_custom_header_template":"0","ocean_custom_logo":0,"ocean_custom_retina_logo":0,"ocean_custom_logo_max_width":0,"ocean_custom_logo_tablet_max_width":0,"ocean_custom_logo_mobile_max_width":0,"ocean_custom_logo_max_height":0,"ocean_custom_logo_tablet_max_height":0,"ocean_custom_logo_mobile_max_height":0,"ocean_header_custom_menu":"0","ocean_menu_typo_font_family":"0","ocean_menu_typo_font_subset":"","ocean_menu_typo_font_size":0,"ocean_menu_typo_font_size_tablet":0,"ocean_menu_typo_font_size_mobile":0,"ocean_menu_typo_font_size_unit":"px","ocean_menu_typo_font_weight":"","ocean_menu_typo_font_weight_tablet":"","ocean_menu_typo_font_weight_mobile":"","ocean_menu_typo_transform":"","ocean_menu_typo_transform_tablet":"","ocean_menu_typo_transform_mobile":"","ocean_menu_typo_line_height":0,"ocean_menu_typo_line_height_tablet":0,"ocean_menu_typo_line_height_mobile":0,"ocean_menu_typo_line_height_unit":"","ocean_menu_typo_spacing":0,"ocean_menu_typo_spacing_tablet":0,"ocean_menu_typo_spacing_mobile":0,"ocean_menu_typo_spacing_unit":"","ocean_menu_link_color":"","ocean_menu_link_color_hover":"","ocean_menu_link_color_active":"","ocean_menu_link_background":"","ocean_menu_link_hover_background":"","ocean_menu_link_active_background":"","ocean_menu_social_links_bg":"","ocean_menu_social_hover_links_bg":"","ocean_menu_social_links_color":"","ocean_menu_social_hover_links_color":"","ocean_disable_title":"default","ocean_disable_heading":"default","ocean_post_title":"","ocean_post_subheading":"","ocean_post_title_style":"","ocean_post_title_background_color":"","ocean_post_title_background":0,"ocean_post_title_bg_image_position":"","ocean_post_title_bg_image_attachment":"","ocean_post_title_bg_image_repeat":"","ocean_post_title_bg_image_size":"","ocean_post_title_height":0,"ocean_post_title_bg_overlay":0.5,"ocean_post_title_bg_overlay_color":"","ocean_disable_breadcrumbs":"default","ocean_breadcrumbs_color":"","ocean_breadcrumbs_separator_color":"","ocean_breadcrumbs_links_color":"","ocean_breadcrumbs_links_hover_color":"","ocean_display_footer_widgets":"default","ocean_display_footer_bottom":"default","ocean_custom_footer_template":"0"},"product_brand":[],"product_cat":[62,22],"product_tag":[],"class_list":{"0":"post-8242","1":"product","2":"type-product","3":"status-publish","4":"has-post-thumbnail","6":"product_cat-odpornosc","7":"product_cat-suplementy-i-witaminy","9":"entry","10":"has-media","12":"first","13":"outofstock","14":"shipping-taxable","15":"purchasable","16":"product-type-simple","17":"has-product-nav","18":"col","19":"span_1_of_3","20":"owp-content-left","21":"owp-thumbs-layout-horizontal","22":"owp-btn-normal","23":"owp-tabs-layout-horizontal"},"_links":{"self":[{"href":"https:\/\/ecocorner.eu\/en\/wp-json\/wp\/v2\/product\/8242","targetHints":{"allow":["GET"]}}],"collection":[{"href":"https:\/\/ecocorner.eu\/en\/wp-json\/wp\/v2\/product"}],"about":[{"href":"https:\/\/ecocorner.eu\/en\/wp-json\/wp\/v2\/types\/product"}],"version-history":[{"count":1,"href":"https:\/\/ecocorner.eu\/en\/wp-json\/wp\/v2\/product\/8242\/revisions"}],"predecessor-version":[{"id":8246,"href":"https:\/\/ecocorner.eu\/en\/wp-json\/wp\/v2\/product\/8242\/revisions\/8246"}],"wp:featuredmedia":[{"embeddable":true,"href":"https:\/\/ecocorner.eu\/en\/wp-json\/wp\/v2\/media\/8243"}],"wp:attachment":[{"href":"https:\/\/ecocorner.eu\/en\/wp-json\/wp\/v2\/media?parent=8242"}],"wp:term":[{"taxonomy":"product_brand","embeddable":true,"href":"https:\/\/ecocorner.eu\/en\/wp-json\/wp\/v2\/product_brand?post=8242"},{"taxonomy":"product_cat","embeddable":true,"href":"https:\/\/ecocorner.eu\/en\/wp-json\/wp\/v2\/product_cat?post=8242"},{"taxonomy":"product_tag","embeddable":true,"href":"https:\/\/ecocorner.eu\/en\/wp-json\/wp\/v2\/product_tag?post=8242"}],"curies":[{"name":"wp","href":"https:\/\/api.w.org\/{rel}","templated":true}]}}