{"id":8251,"date":"2025-12-17T18:20:45","date_gmt":"2025-12-17T18:20:45","guid":{"rendered":"https:\/\/ecocorner.eu\/?post_type=product&#038;p=8251"},"modified":"2026-03-13T21:20:31","modified_gmt":"2026-03-13T21:20:31","slug":"norsan-omega-3-fisk-jelly-zelki-omega-3-45szt","status":"publish","type":"product","link":"https:\/\/ecocorner.eu\/en\/product\/norsan-omega-3-fisk-jelly-zelki-omega-3-45szt\/","title":{"rendered":"Norsan  Omega-3 FISK Jelly \u017celki omega 3  45szt"},"content":{"rendered":"<div class=\"columns-2\">\n<div class=\"columns-2-row\">\n<h2>Composition:<\/h2>\n<ul>\n<li>Naturalny olej rybny,<\/li>\n<li>substancja s\u0142odz\u0105ca (ksylitol i sorbitol),<\/li>\n<li>woda,<\/li>\n<li>\u017celatyna,<\/li>\n<li>aromat naturalny (cytryna i truskawka),<\/li>\n<li>regulator kwasowo\u015bci (cytrynian sodu),<\/li>\n<li>substancja zakwaszaj\u0105ca (kwas jab\u0142kowy),<\/li>\n<li>emulgator (lecytyna),<\/li>\n<li>barwnik (ekstrakt z papryki),<\/li>\n<li>cholekalcyferol (witamina D3).<\/li>\n<\/ul>\n<\/div>\n<div class=\"columns-2-row\">\n<h2>Warto\u015bci od\u017cywcze Omega-3 FISK Jelly (45 szt.)<\/h2>\n<figure class=\"wp-block-table\">\n<table width=\"811\">\n<thead>\n<tr>\n<th><strong>Ilo\u015b\u0107 na porcj\u0119 dzienn\u0105:<\/strong><\/th>\n<th><strong>2 szt.<\/strong><\/th>\n<th><strong>4 szt.<\/strong><\/th>\n<\/tr>\n<\/thead>\n<tbody>\n<tr>\n<td>Olej rybny<\/td>\n<td>1,5 g*<\/td>\n<td>3g*<\/td>\n<\/tr>\n<tr>\n<td>Vitamin D3<\/td>\n<td>10 \u03bcg**<\/td>\n<td>20 \u03bcg***<\/td>\n<\/tr>\n<tr>\n<td><\/td>\n<td><\/td>\n<\/tr>\n<tr>\n<td><strong>Sk\u0142ad kwas\u00f3w t\u0142uszczowych:<\/strong><\/td>\n<td><\/td>\n<\/tr>\n<tr>\n<td><\/td>\n<td><\/td>\n<\/tr>\n<tr>\n<td>\u2013 kwasy t\u0142uszczowe omega-3<\/td>\n<td>500 mg*<\/td>\n<td>1.000 mg*<\/td>\n<\/tr>\n<tr>\n<td>z czego:<\/td>\n<td><\/td>\n<\/tr>\n<tr>\n<td>EPA<\/td>\n<td>270 mg*<\/td>\n<td>540 mg*<\/td>\n<\/tr>\n<tr>\n<td>DHA<\/td>\n<td>155 mg*<\/td>\n<td>310 mg*<\/td>\n<\/tr>\n<\/tbody>\n<\/table>\n<\/figure>\n<p>* Warto\u015b\u0107 referencyjna sk\u0142adnika od\u017cywczego (RWS) nie jest dost\u0119pna.<\/p>\n<p>** 200% warto\u015bci referencyjnej sk\u0142adnik\u00f3w od\u017cywczych (RWS)<\/p>\n<p>*** 400% warto\u015bci referencyjnej sk\u0142adnik\u00f3w od\u017cywczych (RWS)<\/p>\n<\/div>\n<div class=\"columns-2-row\">\n<h2>Keeping<\/h2>\n<p>Omega-3 FISK Jelly nale\u017cy przechowywa\u0107 w ch\u0142odnym, suchym miejscu z dala od bezpo\u015bredniego \u015bwiat\u0142a s\u0142onecznego. Nie nale\u017cy przekracza\u0107 zalecanej dawki. Suplementy \u017cywno\u015bciowe nie s\u0105 substytutem zr\u00f3\u017cnicowanej i zbilansowanej diety oraz zdrowego trybu \u017cycia. Przechowywa\u0107 w miejscu niedost\u0119pnym dla ma\u0142ych dzieci. Mo\u017ce mie\u0107 dzia\u0142anie przeczyszczaj\u0105ce w przypadku nadmiernego spo\u017cycia.<\/p>\n<\/div>\n<div class=\"columns-2-row\">\n<h2>Przyjmowanie<\/h2>\n<p>Dzienna porcja\u00a0 zmienia si\u0119 w zale\u017cno\u015bci od wagi dziecka.<\/p>\n<p>Polecamy:<\/p>\n<p>17 kg 2 sztuki dziennie; zawiera 500 mg kwas\u00f3w t\u0142uszczowych omega-3<\/p>\n<p>26 kg 3 sztuki dziennie; zawiera 750 mg kwas\u00f3w t\u0142uszczowych omega-3<\/p>\n<p>35 kg 4 sztuki dziennie; zawiera 1000 mg kwas\u00f3w t\u0142uszczowych omega-3<\/p>\n<p>Zalecamy, aby dzieci poni\u017cej 3 roku \u017cycia przyjmowa\u0142y nasze p\u0142ynne produkty omega-3. Jako uzupe\u0142niaj\u0105cy olej spo\u017cywczy lub przez mleko matki (suplementacja przez matk\u0119). Wszystkie nasze oleje omega-3 mog\u0105 by\u0107 bez problemu spo\u017cywane przez dzieci w ka\u017cdym wieku. Tylko pami\u0119taj, aby odpowiednio dostosowa\u0107 porcj\u0119 dzienn\u0105.<\/p>\n<p>Zr\u00f3wnowa\u017cony spos\u00f3b \u017cywienia i zdrowy tryb \u017cycia jest wa\u017cny dla funkcjonowania organizmu cz\u0142owieka. Suplement diety jest \u015brodkiem spo\u017cywczym, kt\u00f3rego celem jest uzupe\u0142nienie normalnej diety. Suplement diety nie ma w\u0142a\u015bciwo\u015bci leczniczych.<\/p>\n<\/div>\n<div class=\"columns-2-row\">\n<h2>Manufacturer<\/h2>\n<p>NORSAN GmbH, 10243 Berlin, Niemcy<\/p>\n<\/div>\n<\/div>","protected":false},"excerpt":{"rendered":"<p>Suplement diety z kwasami omega 3 w formie \u017celek o smaku cytrynowo &#8211; pomara\u0144czowym\u00a0 .<\/p>\n<div class=\"col3\">\n<ul>\n<li>250 mg Omega-3 \/ 1 \u017celka<\/li>\n<li>Dla dzieci od 3 lat<\/li>\n<li>Smak cytrynowo-truskawkowy \u2013 bez dodatku cukru!<\/li>\n<li>W \u0142atwej formie do spo\u017cycia<\/li>\n<li>Z witamin\u0105 D<\/li>\n<\/ul>\n<\/div>","protected":false},"featured_media":8252,"template":"","meta":{"ocean_post_layout":"","ocean_both_sidebars_style":"","ocean_both_sidebars_content_width":0,"ocean_both_sidebars_sidebars_width":0,"ocean_sidebar":"0","ocean_second_sidebar":"0","ocean_disable_margins":"enable","ocean_add_body_class":"","ocean_shortcode_before_top_bar":"","ocean_shortcode_after_top_bar":"","ocean_shortcode_before_header":"","ocean_shortcode_after_header":"","ocean_has_shortcode":"","ocean_shortcode_after_title":"","ocean_shortcode_before_footer_widgets":"","ocean_shortcode_after_footer_widgets":"","ocean_shortcode_before_footer_bottom":"","ocean_shortcode_after_footer_bottom":"","ocean_display_top_bar":"default","ocean_display_header":"default","ocean_header_style":"","ocean_center_header_left_menu":"0","ocean_custom_header_template":"0","ocean_custom_logo":0,"ocean_custom_retina_logo":0,"ocean_custom_logo_max_width":0,"ocean_custom_logo_tablet_max_width":0,"ocean_custom_logo_mobile_max_width":0,"ocean_custom_logo_max_height":0,"ocean_custom_logo_tablet_max_height":0,"ocean_custom_logo_mobile_max_height":0,"ocean_header_custom_menu":"0","ocean_menu_typo_font_family":"0","ocean_menu_typo_font_subset":"","ocean_menu_typo_font_size":0,"ocean_menu_typo_font_size_tablet":0,"ocean_menu_typo_font_size_mobile":0,"ocean_menu_typo_font_size_unit":"px","ocean_menu_typo_font_weight":"","ocean_menu_typo_font_weight_tablet":"","ocean_menu_typo_font_weight_mobile":"","ocean_menu_typo_transform":"","ocean_menu_typo_transform_tablet":"","ocean_menu_typo_transform_mobile":"","ocean_menu_typo_line_height":0,"ocean_menu_typo_line_height_tablet":0,"ocean_menu_typo_line_height_mobile":0,"ocean_menu_typo_line_height_unit":"","ocean_menu_typo_spacing":0,"ocean_menu_typo_spacing_tablet":0,"ocean_menu_typo_spacing_mobile":0,"ocean_menu_typo_spacing_unit":"","ocean_menu_link_color":"","ocean_menu_link_color_hover":"","ocean_menu_link_color_active":"","ocean_menu_link_background":"","ocean_menu_link_hover_background":"","ocean_menu_link_active_background":"","ocean_menu_social_links_bg":"","ocean_menu_social_hover_links_bg":"","ocean_menu_social_links_color":"","ocean_menu_social_hover_links_color":"","ocean_disable_title":"default","ocean_disable_heading":"default","ocean_post_title":"","ocean_post_subheading":"","ocean_post_title_style":"","ocean_post_title_background_color":"","ocean_post_title_background":0,"ocean_post_title_bg_image_position":"","ocean_post_title_bg_image_attachment":"","ocean_post_title_bg_image_repeat":"","ocean_post_title_bg_image_size":"","ocean_post_title_height":0,"ocean_post_title_bg_overlay":0.5,"ocean_post_title_bg_overlay_color":"","ocean_disable_breadcrumbs":"default","ocean_breadcrumbs_color":"","ocean_breadcrumbs_separator_color":"","ocean_breadcrumbs_links_color":"","ocean_breadcrumbs_links_hover_color":"","ocean_display_footer_widgets":"default","ocean_display_footer_bottom":"default","ocean_custom_footer_template":"0"},"product_brand":[],"product_cat":[22,21,20],"product_tag":[],"class_list":{"0":"post-8251","1":"product","2":"type-product","3":"status-publish","4":"has-post-thumbnail","6":"product_cat-suplementy-i-witaminy","7":"product_cat-zdrowie","8":"product_cat-dzieci","10":"entry","11":"has-media","13":"first","14":"instock","15":"shipping-taxable","16":"purchasable","17":"product-type-simple","18":"has-product-nav","19":"col","20":"span_1_of_3","21":"owp-content-left","22":"owp-thumbs-layout-horizontal","23":"owp-btn-normal","24":"owp-tabs-layout-horizontal"},"_links":{"self":[{"href":"https:\/\/ecocorner.eu\/en\/wp-json\/wp\/v2\/product\/8251","targetHints":{"allow":["GET"]}}],"collection":[{"href":"https:\/\/ecocorner.eu\/en\/wp-json\/wp\/v2\/product"}],"about":[{"href":"https:\/\/ecocorner.eu\/en\/wp-json\/wp\/v2\/types\/product"}],"version-history":[{"count":1,"href":"https:\/\/ecocorner.eu\/en\/wp-json\/wp\/v2\/product\/8251\/revisions"}],"predecessor-version":[{"id":8254,"href":"https:\/\/ecocorner.eu\/en\/wp-json\/wp\/v2\/product\/8251\/revisions\/8254"}],"wp:featuredmedia":[{"embeddable":true,"href":"https:\/\/ecocorner.eu\/en\/wp-json\/wp\/v2\/media\/8252"}],"wp:attachment":[{"href":"https:\/\/ecocorner.eu\/en\/wp-json\/wp\/v2\/media?parent=8251"}],"wp:term":[{"taxonomy":"product_brand","embeddable":true,"href":"https:\/\/ecocorner.eu\/en\/wp-json\/wp\/v2\/product_brand?post=8251"},{"taxonomy":"product_cat","embeddable":true,"href":"https:\/\/ecocorner.eu\/en\/wp-json\/wp\/v2\/product_cat?post=8251"},{"taxonomy":"product_tag","embeddable":true,"href":"https:\/\/ecocorner.eu\/en\/wp-json\/wp\/v2\/product_tag?post=8251"}],"curies":[{"name":"wp","href":"https:\/\/api.w.org\/{rel}","templated":true}]}}