{"id":8326,"date":"2026-01-28T18:02:10","date_gmt":"2026-01-28T18:02:10","guid":{"rendered":"https:\/\/ecocorner.eu\/?post_type=product&#038;p=8326"},"modified":"2026-04-11T13:23:40","modified_gmt":"2026-04-11T13:23:40","slug":"pro-natura-candida-support-90kaps","status":"publish","type":"product","link":"https:\/\/ecocorner.eu\/en\/product\/pro-natura-candida-support-90kaps\/","title":{"rendered":"Pro  Natura   Candida Support   90kaps."},"content":{"rendered":"<p>&nbsp;<\/p>\n<p><strong>Ingredients<\/strong><br \/>\nKwas kaprylowy, naowocnia orzecha szarego (Jugland Cinerera Pericarpium) proszek, kora tabebui (Pau D&#8217;Arco) (Tabebuia impetiginosa) proszek; olejek z ziela oregano (Origanum vulgare) forma sproszkowana; sproszkowana cebula czosnku (Allium sativum); li\u015b\u0107 oliwki europejskiej (Olea europea) proszek; \u0142odyga czepoty puszystej (koci pazur) (Uncaria tomentosa) proszek; ziele bylicy pi\u0142un (Artemisia absinthium) proszek; materia\u0142 kapsu\u0142ki: celuloza, no\u015bnik: krzemionka, bezpostaciowa, substancja przeciwzbrylaj\u0105ca: sole magnezowe kwas\u00f3w t\u0142uszczowych, substancja wype\u0142niaj\u0105ca: celuloza mikrokrystaliczna; D-biotyna.<\/p>\n<p>W procesie produkcji nie u\u017cyto alergen\u00f3w i sk\u0142adnik\u00f3w: dro\u017cd\u017cy, pszenicy, glutenu, soi, mleka, jaj, ryb, skorupiak\u00f3w.<\/p>\n<p><u>Zawarto\u015b\u0107 2 kapsu\u0142ek:<\/u><br \/>\n\u2022 Kwas kaprylowy \u00a0&#8211; 627,8 mg<br \/>\n\u2022 Naowocnia orzecha szarego (Juglans Cinerera) \u00a0&#8211; 300 mg<br \/>\n\u2022 Kora tabebui (Pau D\u2019Arco) (La pacho) (Tabebuia Impetiginosa) \u00a0&#8211; 300 mg<br \/>\n\u2022 Ziele oregano (Origanum vulgare) \u00a0&#8211; 200 mg<br \/>\n\u2022 Cebula czosnku (Allium sativum) \u00a0&#8211; 10 mg<br \/>\n\u2022 Li\u015b\u0107 oliwki europejskiej (Olea europea) \u00a0&#8211; 10 mg<br \/>\n\u2022 Czepota puszysta (Cat\u2019s claw) (Uncaria tomentosa) \u00a0&#8211; 10 mg<br \/>\n\u2022 Bylica pio\u0142un (Artemisia absinthium)\u00a0\u00a0&#8211; 10 mg<br \/>\n\u2022 D-Biotyna \u00a0&#8211; 2358 \u03bcg (4716 %*)<\/p>\n<p>* RWS-reference cost of consumption<\/p>\n<p><strong>METHOD OF APPLICATION<\/strong><br \/>\nDoro\u015bli: 2 kapsu\u0142ki dziennie, podczas posi\u0142k\u00f3w. Nie nale\u017cy przekracza\u0107 porcji zalecanej do spo\u017cycia w ci\u0105gu dnia. Suplementy diety nie mog\u0105 by\u0107 stosowane jako substytut zr\u00f3\u017cnicowanej diety oraz nie zast\u0105pi\u0105 zdrowego trybu \u017cycia.<\/p>\n<p><strong>note<\/strong><br \/>\nUmieszczony wewn\u0105trz pakiecik s\u0142u\u017cy utrzymaniu \u015bwie\u017co\u015bci produktu i jest niejadalny. Nale\u017cy przechowywa\u0107 w pojemniku. W produkcie mog\u0105 wyst\u0105pi\u0107 naturalne r\u00f3\u017cnice koloru.\u00a0Wyprodukowano w zak\u0142adzie stosuj\u0105cym zasady dobrej praktyki wytwarzania (GMP). Zawiera orzechy drzew. Produkt przeznaczony dla doros\u0142ych. nie stosowa\u0107 u kobiet w okresie ci\u0105\u017cy i karmienia piersi\u0105.<\/p>\n<p><strong>keeping<br \/>\n<\/strong>Store at room temperature, in a dry place, in sealed original packaging, out of reach of small children.<\/p>","protected":false},"excerpt":{"rendered":"<p>PRO NATURA\u00a0Candida Support stanowi unikaln\u0105 formu\u0142\u0119, opracowan\u0105 dla wsparcia pracy uk\u0142adu jelitowego, sk\u0142adaj\u0105c\u0105 si\u0119 z tradycyjnych sk\u0142adnik\u00f3w botanicznych oraz kwasu kaprylowego i biotyny.<\/p>\n<p>Biotyna pomaga w utrzymaniu prawid\u0142owego stanu b\u0142on \u015bluzowych.<\/p>","protected":false},"featured_media":8327,"template":"","meta":{"ocean_post_layout":"","ocean_both_sidebars_style":"","ocean_both_sidebars_content_width":0,"ocean_both_sidebars_sidebars_width":0,"ocean_sidebar":"0","ocean_second_sidebar":"0","ocean_disable_margins":"enable","ocean_add_body_class":"","ocean_shortcode_before_top_bar":"","ocean_shortcode_after_top_bar":"","ocean_shortcode_before_header":"","ocean_shortcode_after_header":"","ocean_has_shortcode":"","ocean_shortcode_after_title":"","ocean_shortcode_before_footer_widgets":"","ocean_shortcode_after_footer_widgets":"","ocean_shortcode_before_footer_bottom":"","ocean_shortcode_after_footer_bottom":"","ocean_display_top_bar":"default","ocean_display_header":"default","ocean_header_style":"","ocean_center_header_left_menu":"0","ocean_custom_header_template":"0","ocean_custom_logo":0,"ocean_custom_retina_logo":0,"ocean_custom_logo_max_width":0,"ocean_custom_logo_tablet_max_width":0,"ocean_custom_logo_mobile_max_width":0,"ocean_custom_logo_max_height":0,"ocean_custom_logo_tablet_max_height":0,"ocean_custom_logo_mobile_max_height":0,"ocean_header_custom_menu":"0","ocean_menu_typo_font_family":"0","ocean_menu_typo_font_subset":"","ocean_menu_typo_font_size":0,"ocean_menu_typo_font_size_tablet":0,"ocean_menu_typo_font_size_mobile":0,"ocean_menu_typo_font_size_unit":"px","ocean_menu_typo_font_weight":"","ocean_menu_typo_font_weight_tablet":"","ocean_menu_typo_font_weight_mobile":"","ocean_menu_typo_transform":"","ocean_menu_typo_transform_tablet":"","ocean_menu_typo_transform_mobile":"","ocean_menu_typo_line_height":0,"ocean_menu_typo_line_height_tablet":0,"ocean_menu_typo_line_height_mobile":0,"ocean_menu_typo_line_height_unit":"","ocean_menu_typo_spacing":0,"ocean_menu_typo_spacing_tablet":0,"ocean_menu_typo_spacing_mobile":0,"ocean_menu_typo_spacing_unit":"","ocean_menu_link_color":"","ocean_menu_link_color_hover":"","ocean_menu_link_color_active":"","ocean_menu_link_background":"","ocean_menu_link_hover_background":"","ocean_menu_link_active_background":"","ocean_menu_social_links_bg":"","ocean_menu_social_hover_links_bg":"","ocean_menu_social_links_color":"","ocean_menu_social_hover_links_color":"","ocean_disable_title":"default","ocean_disable_heading":"default","ocean_post_title":"","ocean_post_subheading":"","ocean_post_title_style":"","ocean_post_title_background_color":"","ocean_post_title_background":0,"ocean_post_title_bg_image_position":"","ocean_post_title_bg_image_attachment":"","ocean_post_title_bg_image_repeat":"","ocean_post_title_bg_image_size":"","ocean_post_title_height":0,"ocean_post_title_bg_overlay":0.5,"ocean_post_title_bg_overlay_color":"","ocean_disable_breadcrumbs":"default","ocean_breadcrumbs_color":"","ocean_breadcrumbs_separator_color":"","ocean_breadcrumbs_links_color":"","ocean_breadcrumbs_links_hover_color":"","ocean_display_footer_widgets":"default","ocean_display_footer_bottom":"default","ocean_custom_footer_template":"0"},"product_brand":[],"product_cat":[22,21],"product_tag":[],"class_list":{"0":"post-8326","1":"product","2":"type-product","3":"status-publish","4":"has-post-thumbnail","6":"product_cat-suplementy-i-witaminy","7":"product_cat-zdrowie","9":"entry","10":"has-media","12":"first","13":"instock","14":"shipping-taxable","15":"purchasable","16":"product-type-simple","17":"has-product-nav","18":"col","19":"span_1_of_3","20":"owp-content-left","21":"owp-thumbs-layout-horizontal","22":"owp-btn-normal","23":"owp-tabs-layout-horizontal","24":"has-no-thumbnails"},"_links":{"self":[{"href":"https:\/\/ecocorner.eu\/en\/wp-json\/wp\/v2\/product\/8326","targetHints":{"allow":["GET"]}}],"collection":[{"href":"https:\/\/ecocorner.eu\/en\/wp-json\/wp\/v2\/product"}],"about":[{"href":"https:\/\/ecocorner.eu\/en\/wp-json\/wp\/v2\/types\/product"}],"version-history":[{"count":1,"href":"https:\/\/ecocorner.eu\/en\/wp-json\/wp\/v2\/product\/8326\/revisions"}],"predecessor-version":[{"id":8328,"href":"https:\/\/ecocorner.eu\/en\/wp-json\/wp\/v2\/product\/8326\/revisions\/8328"}],"wp:featuredmedia":[{"embeddable":true,"href":"https:\/\/ecocorner.eu\/en\/wp-json\/wp\/v2\/media\/8327"}],"wp:attachment":[{"href":"https:\/\/ecocorner.eu\/en\/wp-json\/wp\/v2\/media?parent=8326"}],"wp:term":[{"taxonomy":"product_brand","embeddable":true,"href":"https:\/\/ecocorner.eu\/en\/wp-json\/wp\/v2\/product_brand?post=8326"},{"taxonomy":"product_cat","embeddable":true,"href":"https:\/\/ecocorner.eu\/en\/wp-json\/wp\/v2\/product_cat?post=8326"},{"taxonomy":"product_tag","embeddable":true,"href":"https:\/\/ecocorner.eu\/en\/wp-json\/wp\/v2\/product_tag?post=8326"}],"curies":[{"name":"wp","href":"https:\/\/api.w.org\/{rel}","templated":true}]}}