{"id":8335,"date":"2026-01-30T12:44:07","date_gmt":"2026-01-30T12:44:07","guid":{"rendered":"https:\/\/ecocorner.eu\/?post_type=product&#038;p=8335"},"modified":"2026-01-30T12:44:08","modified_gmt":"2026-01-30T12:44:08","slug":"czopki-edta-750mg-chelatacja-metali-ciezkich-12-sztuk-po-2-g","status":"publish","type":"product","link":"https:\/\/ecocorner.eu\/en\/product\/czopki-edta-750mg-chelatacja-metali-ciezkich-12-sztuk-po-2-g\/","title":{"rendered":"Czopki EDTA 750mg  Chelatacja Metali Ci\u0119\u017ckich   12 sztuk po 2 g"},"content":{"rendered":"<p><b>DLACZEGO metale ci\u0119\u017ckie s\u0105 niekorzystne?<\/b><\/p>\n<p>D\u0142ugotrwa\u0142a obecno\u015b\u0107 metali ci\u0119\u017ckich w organizmie mo\u017ce:<\/p>\n<p>\u2714 nasila\u0107 stres oksydacyjny,<\/p>\n<p>\u2714 zaburza\u0107 prac\u0119 uk\u0142adu nerwowego,<\/p>\n<p>\u2714 obci\u0105\u017ca\u0107 w\u0105trob\u0119 i nerki,<\/p>\n<p>\u2714 wp\u0142ywa\u0107 na odporno\u015b\u0107 i r\u00f3wnowag\u0119 metaboliczn\u0105<\/p>\n<p>&nbsp;<\/p>\n<p><b>Dlaczego taka forma?<\/b><\/p>\n<p>\u2714 omija uk\u0142ad pokarmowy<\/p>\n<p>\u2714 <b>ultra prosty<\/b> <b>sk\u0142ad EDTA 750mg, mas\u0142o kakaowe nierafinowane<\/b><\/p>\n<p>\u2714 brak podra\u017cnie\u0144 \u017co\u0142\u0105dka<\/p>\n<p>\u2714 brak interakcji z sokami trawiennymi<\/p>\n<p>\u2714 lepsza biodost\u0119pno\u015b\u0107<\/p>\n<p>\u2714 dzia\u0142anie miejscowe + og\u00f3lnoustrojowe<\/p>\n<p>&nbsp;<\/p>\n<p><b>Attention!<\/b><\/p>\n<p><b>Jak zbada\u0107 poziom metali w organi\u017amie?<\/b><\/p>\n<p>Aby oceni\u0107 poziom metali w organizmie, zaleca si\u0119:<\/p>\n<p>\u2714 analiz\u0119 pierwiastkow\u0105 w\u0142osa (HTMA)<\/p>\n<p>\u2714 badanie metali ci\u0119\u017ckich w moczu<\/p>\n<p>\u2714 por\u00f3wnanie wynik\u00f3w przed i po kuracji<\/p>\n<p>Badania pozwalaj\u0105 obiektywnie oceni\u0107 skuteczno\u015b\u0107 wsparcia.<\/p>\n<p>&nbsp;<\/p>\n<p>&nbsp;<\/p>","protected":false},"excerpt":{"rendered":"<div class=\"mp4t_16_s mryx_16_s mr3m_1 mli2_1 mh85_56 mh85_0_l\">\n<div class=\"mgn2_16 _0d3bd_am0a-\">\n<p><b>CZOPKI Z EDTA 750mg<\/b><\/p>\n<p><b>OCZY\u015a\u0106 SW\u00d3J ORGANIZM Z METALI CI\u0118\u017bKICH<\/b><\/p>\n<p>Nowoczesne, miejscowe wsparcie detoksykacji organizmu. Skuteczna alternatywa dla doustnych metod oczyszczania organizmu z metali ci\u0119\u017ckich, bez obci\u0105\u017cania \u017co\u0142\u0105dka i w\u0105troby.<\/p>\n<p><b>Czym jest EDTA?<\/b><\/p>\n<p>EDTA (kwas etylenodiaminotetraoctowy) to substancja o silnych w\u0142a\u015bciwo\u015bciach wi\u0105\u017c\u0105cych metale.<\/p>\n<p>\ud83d\udc49 Tworzy trwa\u0142e kompleksy z metalami ci\u0119\u017ckimi, dzi\u0119ki czemu organizm mo\u017ce je bezpiecznie usun\u0105\u0107.<\/p>\n<p><b>Na czym polega chelatacja?<\/b><\/p>\n<p>\u201eChelat\u201d pochodzi z greckiego chele \u2013 czyli szczypce kraba.\u00a0Szczypce, kt\u00f3re \u0142api\u0105 metal i ju\u017c go nie puszczaj\u0105.<\/p>\n<p>To cz\u0105steczka, kt\u00f3ra zachowuje si\u0119 jak magnes na metale, podchodzi do nich \u201echwyta\u201d je i razem z nimi jest usuwana z organizmu.<\/p>\n<p>Chelatacja to proces:<\/p>\n<p>\u2714 wi\u0105zania metali ci\u0119\u017ckich<\/p>\n<p>\u2714 neutralizacji ich toksycznego dzia\u0142ania<\/p>\n<p>\u2714 u\u0142atwienia wydalania z organizmu (mocz, \u017c\u00f3\u0142\u0107)<\/p>\n<p>To jedna z najskuteczniejszych metod redukcji obci\u0105\u017cenia metalami.<\/p>\n<div class=\"mpof_ki myre_zn myre_8v_l m389_6m_l\">\n<div class=\"mp4t_16_s mryx_16_s mr3m_1 mli2_1 mh85_56 mh85_0_l\">\n<div class=\"mg9e_8 mj7a_8 mg9e_0_s mvrt_0_s mj7a_0_s mh36_0_s mzmg_6m munh_16_l m3h2_16_l\">\n<div class=\"mp4t_0 mryx_0 munh_56 m3h2_56\">\n<div class=\"mp7g_oh\"><\/div>\n<\/div>\n<\/div>\n<\/div>\n<div class=\"mp4t_16_s mryx_16_s mr3m_1 mli2_1 mh85_56 mh85_0_l\">\n<div class=\"mgn2_16 _0d3bd_am0a-\">\n<p>&#8212;&#8212;&#8212;&#8212;&#8212;&#8212;&#8212;&#8212;&#8212;&#8212;&#8212;&#8212;&#8212;&#8212;&#8212;&#8212;&#8212;&#8212;&#8212;&#8212;&#8212;&#8212;&#8211;<\/p>\n<p><b>For whom?<\/b><\/p>\n<p>\u2714 osoby dbaj\u0105ce o oczyszczanie organizmu<\/p>\n<p>\u2714 osoby \u017ale toleruj\u0105ce suplementy doustne<\/p>\n<p>\u2714 mieszka\u0144cy miast i obszar\u00f3w przemys\u0142owych<\/p>\n<p>\u2714 osoby po ekspozycji \u015brodowiskowej na metale<\/p>\n<p>\u2714 osoby szukaj\u0105ce \u0142agodnej, miejscowej formy chelatacji<\/p>\n<\/div>\n<\/div>\n<\/div>\n<\/div>\n<\/div>","protected":false},"featured_media":8336,"template":"","meta":{"ocean_post_layout":"","ocean_both_sidebars_style":"","ocean_both_sidebars_content_width":0,"ocean_both_sidebars_sidebars_width":0,"ocean_sidebar":"0","ocean_second_sidebar":"0","ocean_disable_margins":"enable","ocean_add_body_class":"","ocean_shortcode_before_top_bar":"","ocean_shortcode_after_top_bar":"","ocean_shortcode_before_header":"","ocean_shortcode_after_header":"","ocean_has_shortcode":"","ocean_shortcode_after_title":"","ocean_shortcode_before_footer_widgets":"","ocean_shortcode_after_footer_widgets":"","ocean_shortcode_before_footer_bottom":"","ocean_shortcode_after_footer_bottom":"","ocean_display_top_bar":"default","ocean_display_header":"default","ocean_header_style":"","ocean_center_header_left_menu":"0","ocean_custom_header_template":"0","ocean_custom_logo":0,"ocean_custom_retina_logo":0,"ocean_custom_logo_max_width":0,"ocean_custom_logo_tablet_max_width":0,"ocean_custom_logo_mobile_max_width":0,"ocean_custom_logo_max_height":0,"ocean_custom_logo_tablet_max_height":0,"ocean_custom_logo_mobile_max_height":0,"ocean_header_custom_menu":"0","ocean_menu_typo_font_family":"0","ocean_menu_typo_font_subset":"","ocean_menu_typo_font_size":0,"ocean_menu_typo_font_size_tablet":0,"ocean_menu_typo_font_size_mobile":0,"ocean_menu_typo_font_size_unit":"px","ocean_menu_typo_font_weight":"","ocean_menu_typo_font_weight_tablet":"","ocean_menu_typo_font_weight_mobile":"","ocean_menu_typo_transform":"","ocean_menu_typo_transform_tablet":"","ocean_menu_typo_transform_mobile":"","ocean_menu_typo_line_height":0,"ocean_menu_typo_line_height_tablet":0,"ocean_menu_typo_line_height_mobile":0,"ocean_menu_typo_line_height_unit":"","ocean_menu_typo_spacing":0,"ocean_menu_typo_spacing_tablet":0,"ocean_menu_typo_spacing_mobile":0,"ocean_menu_typo_spacing_unit":"","ocean_menu_link_color":"","ocean_menu_link_color_hover":"","ocean_menu_link_color_active":"","ocean_menu_link_background":"","ocean_menu_link_hover_background":"","ocean_menu_link_active_background":"","ocean_menu_social_links_bg":"","ocean_menu_social_hover_links_bg":"","ocean_menu_social_links_color":"","ocean_menu_social_hover_links_color":"","ocean_disable_title":"default","ocean_disable_heading":"default","ocean_post_title":"","ocean_post_subheading":"","ocean_post_title_style":"","ocean_post_title_background_color":"","ocean_post_title_background":0,"ocean_post_title_bg_image_position":"","ocean_post_title_bg_image_attachment":"","ocean_post_title_bg_image_repeat":"","ocean_post_title_bg_image_size":"","ocean_post_title_height":0,"ocean_post_title_bg_overlay":0.5,"ocean_post_title_bg_overlay_color":"","ocean_disable_breadcrumbs":"default","ocean_breadcrumbs_color":"","ocean_breadcrumbs_separator_color":"","ocean_breadcrumbs_links_color":"","ocean_breadcrumbs_links_hover_color":"","ocean_display_footer_widgets":"default","ocean_display_footer_bottom":"default","ocean_custom_footer_template":"0"},"product_brand":[],"product_cat":[68,21],"product_tag":[],"class_list":{"0":"post-8335","1":"product","2":"type-product","3":"status-publish","4":"has-post-thumbnail","6":"product_cat-nowosci","7":"product_cat-zdrowie","9":"entry","10":"has-media","12":"first","13":"instock","14":"sale","15":"shipping-taxable","16":"purchasable","17":"product-type-simple","18":"has-product-nav","19":"col","20":"span_1_of_3","21":"owp-content-left","22":"owp-thumbs-layout-horizontal","23":"owp-btn-normal","24":"owp-tabs-layout-horizontal","25":"has-no-thumbnails"},"_links":{"self":[{"href":"https:\/\/ecocorner.eu\/en\/wp-json\/wp\/v2\/product\/8335","targetHints":{"allow":["GET"]}}],"collection":[{"href":"https:\/\/ecocorner.eu\/en\/wp-json\/wp\/v2\/product"}],"about":[{"href":"https:\/\/ecocorner.eu\/en\/wp-json\/wp\/v2\/types\/product"}],"version-history":[{"count":1,"href":"https:\/\/ecocorner.eu\/en\/wp-json\/wp\/v2\/product\/8335\/revisions"}],"predecessor-version":[{"id":8337,"href":"https:\/\/ecocorner.eu\/en\/wp-json\/wp\/v2\/product\/8335\/revisions\/8337"}],"wp:featuredmedia":[{"embeddable":true,"href":"https:\/\/ecocorner.eu\/en\/wp-json\/wp\/v2\/media\/8336"}],"wp:attachment":[{"href":"https:\/\/ecocorner.eu\/en\/wp-json\/wp\/v2\/media?parent=8335"}],"wp:term":[{"taxonomy":"product_brand","embeddable":true,"href":"https:\/\/ecocorner.eu\/en\/wp-json\/wp\/v2\/product_brand?post=8335"},{"taxonomy":"product_cat","embeddable":true,"href":"https:\/\/ecocorner.eu\/en\/wp-json\/wp\/v2\/product_cat?post=8335"},{"taxonomy":"product_tag","embeddable":true,"href":"https:\/\/ecocorner.eu\/en\/wp-json\/wp\/v2\/product_tag?post=8335"}],"curies":[{"name":"wp","href":"https:\/\/api.w.org\/{rel}","templated":true}]}}