{"id":8376,"date":"2026-02-03T10:45:18","date_gmt":"2026-02-03T10:45:18","guid":{"rendered":"https:\/\/ecocorner.eu\/?post_type=product&#038;p=8376"},"modified":"2026-04-10T20:28:39","modified_gmt":"2026-04-10T20:28:39","slug":"aura-herbals-colostrum-500mg-slodka-malina-proszek-66g-30-igg","status":"publish","type":"product","link":"https:\/\/ecocorner.eu\/en\/product\/aura-herbals-colostrum-500mg-slodka-malina-proszek-66g-30-igg\/","title":{"rendered":"AURA HERBALS   Colostrum 500mg s\u0142odka malina proszek 66g 30% IgG"},"content":{"rendered":"<p>\u2022 Pochodzenie surowca &#8211; Colostrum zawarte w produkcie pochodzi wy\u0142\u0105cznie z 1. i 2. dojenia, czyli w ci\u0105gu pierwszych 12 godzin po urodzeniu ciel\u0119cia. Surowiec pozyskiwany jest wy\u0142\u0105cznie z polskich gospodarstw pozostaj\u0105cych pod sta\u0142ym nadzorem powiatowego lekarza weterynarii. Zwierz\u0119ta s\u0105 g\u0142\u00f3wnie \u017cywione traw\u0105 i hodowane na wolnych wybiegach oraz pastwiskach.<\/p>\n<p>\u2022 Proces wytwarzania &#8211; Colostrum zosta\u0142o poddane procesowi liofilizacji (suszenia sublimacyjnego), kt\u00f3ry przebiega w niskiej temperaturze i bez u\u017cycia \u015brodk\u00f3w chemicznych. Dzi\u0119ki temu surowiec zachowuje stabilno\u015b\u0107 oraz w\u0142a\u015bciwo\u015bci swoich sk\u0142adnik\u00f3w.<\/p>\n<p>\u2022 Standaryzacja i kontrola jako\u015bci &#8211; Produkt zawiera colostrum (siar\u0119 bydl\u0119c\u0105) standaryzowane na 30% immunoglobulin G (IgG), co oznacza, \u017ce ka\u017cda partia surowca zosta\u0142a przebadana i potwierdzona pod wzgl\u0119dem zawarto\u015bci tych sk\u0142adnik\u00f3w. Standaryzacja gwarantuje powtarzaln\u0105 jako\u015b\u0107 i sta\u0142y poziom bia\u0142ek naturalnie wyst\u0119puj\u0105cych w siarze bydl\u0119cej.<\/p>\n<p>\u2022 Bezpiecze\u0144stwo i certyfikacja &#8211; Ca\u0142y proces technologiczny odbywa si\u0119 w warunkach kontrolowanych, zgodnych z mi\u0119dzynarodowymi standardami bezpiecze\u0144stwa \u017cywno\u015bci, a ka\u017cda partia podlega certyfikowanej analizie jako\u015bci.<\/p>\n<p><strong>Ingredients<\/strong><br \/>\nSok truskawkowy, liofilizowane colostrum (siara bydl\u0119ca) standaryzowane na 30% immunoglobulin G (z mleka krowiego), aromat malinowy, substancja s\u0142odz\u0105ca: glikozydy stewiolowe ze stewii.<\/p>\n<p><u>Sk\u0142adniki aktywne w 1,1g:<\/u><br \/>\n\u2022 Colostrum &#8211; 500 mg, w tym:<br \/>\n&#8211; 30% immunoglobulin G (IgG) &#8211; 150 mg<\/p>\n<p><strong>METHOD OF APPLICATION<\/strong><br \/>\nOdmierzy\u0107 1,1 g proszku (1 pe\u0142na miarka), wsypa\u0107 do szklanki i doda\u0107 niewielk\u0105 ilo\u015b\u0107 wody lub innego p\u0142ynu. Dok\u0142adnie wymiesza\u0107 i spo\u017cy\u0107. Stosowa\u0107 raz lub dwa razy dziennie.<\/p>\n<p><strong>note<\/strong><br \/>\nNale\u017cy pami\u0119ta\u0107, \u017ce bardzo wa\u017cny i zalecany jest zr\u00f3wnowa\u017cony spos\u00f3b \u017cywienia i zdrowy tryb \u017cycia. Nie stosowa\u0107 w przypadku alergii na jakikolwiek sk\u0142adnik suplementu. Suplement diety nie mo\u017ce by\u0107 stosowany jako substytut zr\u00f3\u017cnicowanej diety. Nie nale\u017cy przekracza\u0107 zalecanej porcji do spo\u017cycia w ci\u0105gu dnia. Kobiety w ci\u0105\u017cy i karmi\u0105ce piersi\u0105 powinny przed zastosowaniem skonsultowa\u0107 si\u0119 z lekarzem. Zawiera substancj\u0119 s\u0142odz\u0105c\u0105 (glikozydy stewiolowe).<\/p>\n<p><strong>keeping<\/strong><br \/>\nPrzechowuj w suchym miejscu w temperaturze 15-25\u00b0C, w spos\u00f3b niedost\u0119pny dla ma\u0142ych dzieci.<\/p>","protected":false},"excerpt":{"rendered":"<p>Dlaczego warto wybra\u0107 Colostrum 500 mg, s\u0142odka malina w proszku?:<br \/>\n\u2022 colostrum (siara bydl\u0119ca) standaryzowane na 30% immunoglobulin G (IgG)<br \/>\n\u2022 liofilizacja colostrum chroni cenne sk\u0142adniki i zapewnia ich stabilno\u015b\u0107<br \/>\n\u2022 smak s\u0142odkiej maliny<br \/>\n\u2022 zawiera substancj\u0119 s\u0142odz\u0105c\u0105 (glikozydy stewiolowe ze stewii)<br \/>\n\u2022 wygodne dozowanie dzi\u0119ki do\u0142\u0105czonej miarce<br \/>\n\u2022 produkt przebadany w akredytowanym laboratorium<br \/>\n\u2022 pozyskiwane z polskich gospodarstw pod nadzorem weterynaryjnym<\/p>","protected":false},"featured_media":8377,"template":"","meta":{"ocean_post_layout":"","ocean_both_sidebars_style":"","ocean_both_sidebars_content_width":0,"ocean_both_sidebars_sidebars_width":0,"ocean_sidebar":"0","ocean_second_sidebar":"0","ocean_disable_margins":"enable","ocean_add_body_class":"","ocean_shortcode_before_top_bar":"","ocean_shortcode_after_top_bar":"","ocean_shortcode_before_header":"","ocean_shortcode_after_header":"","ocean_has_shortcode":"","ocean_shortcode_after_title":"","ocean_shortcode_before_footer_widgets":"","ocean_shortcode_after_footer_widgets":"","ocean_shortcode_before_footer_bottom":"","ocean_shortcode_after_footer_bottom":"","ocean_display_top_bar":"default","ocean_display_header":"default","ocean_header_style":"","ocean_center_header_left_menu":"0","ocean_custom_header_template":"0","ocean_custom_logo":0,"ocean_custom_retina_logo":0,"ocean_custom_logo_max_width":0,"ocean_custom_logo_tablet_max_width":0,"ocean_custom_logo_mobile_max_width":0,"ocean_custom_logo_max_height":0,"ocean_custom_logo_tablet_max_height":0,"ocean_custom_logo_mobile_max_height":0,"ocean_header_custom_menu":"0","ocean_menu_typo_font_family":"0","ocean_menu_typo_font_subset":"","ocean_menu_typo_font_size":0,"ocean_menu_typo_font_size_tablet":0,"ocean_menu_typo_font_size_mobile":0,"ocean_menu_typo_font_size_unit":"px","ocean_menu_typo_font_weight":"","ocean_menu_typo_font_weight_tablet":"","ocean_menu_typo_font_weight_mobile":"","ocean_menu_typo_transform":"","ocean_menu_typo_transform_tablet":"","ocean_menu_typo_transform_mobile":"","ocean_menu_typo_line_height":0,"ocean_menu_typo_line_height_tablet":0,"ocean_menu_typo_line_height_mobile":0,"ocean_menu_typo_line_height_unit":"","ocean_menu_typo_spacing":0,"ocean_menu_typo_spacing_tablet":0,"ocean_menu_typo_spacing_mobile":0,"ocean_menu_typo_spacing_unit":"","ocean_menu_link_color":"","ocean_menu_link_color_hover":"","ocean_menu_link_color_active":"","ocean_menu_link_background":"","ocean_menu_link_hover_background":"","ocean_menu_link_active_background":"","ocean_menu_social_links_bg":"","ocean_menu_social_hover_links_bg":"","ocean_menu_social_links_color":"","ocean_menu_social_hover_links_color":"","ocean_disable_title":"default","ocean_disable_heading":"default","ocean_post_title":"","ocean_post_subheading":"","ocean_post_title_style":"","ocean_post_title_background_color":"","ocean_post_title_background":0,"ocean_post_title_bg_image_position":"","ocean_post_title_bg_image_attachment":"","ocean_post_title_bg_image_repeat":"","ocean_post_title_bg_image_size":"","ocean_post_title_height":0,"ocean_post_title_bg_overlay":0.5,"ocean_post_title_bg_overlay_color":"","ocean_disable_breadcrumbs":"default","ocean_breadcrumbs_color":"","ocean_breadcrumbs_separator_color":"","ocean_breadcrumbs_links_color":"","ocean_breadcrumbs_links_hover_color":"","ocean_display_footer_widgets":"default","ocean_display_footer_bottom":"default","ocean_custom_footer_template":"0"},"product_brand":[],"product_cat":[68,62,22,21,20],"product_tag":[],"class_list":{"0":"post-8376","1":"product","2":"type-product","3":"status-publish","4":"has-post-thumbnail","6":"product_cat-nowosci","7":"product_cat-odpornosc","8":"product_cat-suplementy-i-witaminy","9":"product_cat-zdrowie","10":"product_cat-dzieci","12":"entry","13":"has-media","15":"first","16":"instock","17":"shipping-taxable","18":"purchasable","19":"product-type-simple","20":"has-product-nav","21":"col","22":"span_1_of_3","23":"owp-content-left","24":"owp-thumbs-layout-horizontal","25":"owp-btn-normal","26":"owp-tabs-layout-horizontal","27":"has-no-thumbnails"},"_links":{"self":[{"href":"https:\/\/ecocorner.eu\/en\/wp-json\/wp\/v2\/product\/8376","targetHints":{"allow":["GET"]}}],"collection":[{"href":"https:\/\/ecocorner.eu\/en\/wp-json\/wp\/v2\/product"}],"about":[{"href":"https:\/\/ecocorner.eu\/en\/wp-json\/wp\/v2\/types\/product"}],"version-history":[{"count":1,"href":"https:\/\/ecocorner.eu\/en\/wp-json\/wp\/v2\/product\/8376\/revisions"}],"predecessor-version":[{"id":8378,"href":"https:\/\/ecocorner.eu\/en\/wp-json\/wp\/v2\/product\/8376\/revisions\/8378"}],"wp:featuredmedia":[{"embeddable":true,"href":"https:\/\/ecocorner.eu\/en\/wp-json\/wp\/v2\/media\/8377"}],"wp:attachment":[{"href":"https:\/\/ecocorner.eu\/en\/wp-json\/wp\/v2\/media?parent=8376"}],"wp:term":[{"taxonomy":"product_brand","embeddable":true,"href":"https:\/\/ecocorner.eu\/en\/wp-json\/wp\/v2\/product_brand?post=8376"},{"taxonomy":"product_cat","embeddable":true,"href":"https:\/\/ecocorner.eu\/en\/wp-json\/wp\/v2\/product_cat?post=8376"},{"taxonomy":"product_tag","embeddable":true,"href":"https:\/\/ecocorner.eu\/en\/wp-json\/wp\/v2\/product_tag?post=8376"}],"curies":[{"name":"wp","href":"https:\/\/api.w.org\/{rel}","templated":true}]}}