{"id":8386,"date":"2026-02-03T11:12:25","date_gmt":"2026-02-03T11:12:25","guid":{"rendered":"https:\/\/ecocorner.eu\/?post_type=product&#038;p=8386"},"modified":"2026-02-03T11:12:25","modified_gmt":"2026-02-03T11:12:25","slug":"skarby-gai-natural-witamina-c-z-kapusty-proszek-450g","status":"publish","type":"product","link":"https:\/\/ecocorner.eu\/en\/product\/skarby-gai-natural-witamina-c-z-kapusty-proszek-450g\/","title":{"rendered":"Skarby Gai  Natural  Witamina C z kapusty  proszek  450g"},"content":{"rendered":"<p>&nbsp;<\/p>\n<p><strong>Ingredients<\/strong><br \/>\nWitamina C (kwas L-askorbinowy).<\/p>\n<p><u>Zawarto\u015b\u0107 w zalecanej dziennej porcji (1\/2 miarki):<\/u><br \/>\n\u2022 Witamina C &#8211; 1000 mg (1250 % RWS*)<\/p>\n<p>*RWS &#8211; referencyjna warto\u015b\u0107 spo\u017cycia dla przeci\u0119tnej osoby doros\u0142ej<\/p>\n<p><strong>METHOD OF APPLICATION<\/strong><br \/>\n1g (1\/2 miarki do\u0142\u0105czonej do opakowania) 1 raz dziennie. Proszek nale\u017cy wsypa\u0107 do szklanki z wod\u0105 lub sokiem i dok\u0142adnie wymiesza\u0107. Najlepiej stosowa\u0107 rano lub 30 minut przed posi\u0142kiem.<\/p>\n<p><strong>note<\/strong><br \/>\nNie nale\u017cy przekracza\u0107 zalecanej dziennej porcji do spo\u017cycia. Suplementy diety nie mog\u0105 by\u0107 stosowane jako substytut (zamiennik) zr\u00f3\u017cnicowanej diety. Zr\u00f3wnowa\u017cony spos\u00f3b \u017cywienia oraz prowadzenie zdrowego trybu \u017cycias\u0105 niezb\u0119dne dla prawid\u0142owego funkcjonowania organizmu.<\/p>\n<p><strong>keeping<\/strong><br \/>\nStore at room temperature, in a dry place out of the reach of small children.<\/p>","protected":false},"excerpt":{"rendered":"<p>Witamina C &#8211; kwas L-askorbinowy &#8211; suplement diety &#8211; pozyskany z kapusty i naturalnych sk\u0142adnik\u00f3w ro\u015blinnych. Wyprodukowany metod\u0105 dwustopniowej BI-Fermentacji.<\/p>\n<p>Vitamin C:<br \/>\n\u2022 pomaga w prawid\u0142owym funkcjonowaniu uk\u0142adu odporno\u015bciowego oraz nerwowego<br \/>\n\u2022 przyczynia si\u0119 do zmniejszenia uczucia zm\u0119czenia i znu\u017cenia<br \/>\n\u2022 wspomaga ochron\u0119 kom\u00f3rek przed stresem oksydacyjnym<br \/>\n\u2022 pomaga w produkcji kolagenu w celu zapewnienia prawid\u0142owego funkcjonowania naczy\u0144 krwiono\u015bnych, ko\u015bci i chrz\u0105stki<\/p>","protected":false},"featured_media":8387,"template":"","meta":{"ocean_post_layout":"","ocean_both_sidebars_style":"","ocean_both_sidebars_content_width":0,"ocean_both_sidebars_sidebars_width":0,"ocean_sidebar":"0","ocean_second_sidebar":"0","ocean_disable_margins":"enable","ocean_add_body_class":"","ocean_shortcode_before_top_bar":"","ocean_shortcode_after_top_bar":"","ocean_shortcode_before_header":"","ocean_shortcode_after_header":"","ocean_has_shortcode":"","ocean_shortcode_after_title":"","ocean_shortcode_before_footer_widgets":"","ocean_shortcode_after_footer_widgets":"","ocean_shortcode_before_footer_bottom":"","ocean_shortcode_after_footer_bottom":"","ocean_display_top_bar":"default","ocean_display_header":"default","ocean_header_style":"","ocean_center_header_left_menu":"0","ocean_custom_header_template":"0","ocean_custom_logo":0,"ocean_custom_retina_logo":0,"ocean_custom_logo_max_width":0,"ocean_custom_logo_tablet_max_width":0,"ocean_custom_logo_mobile_max_width":0,"ocean_custom_logo_max_height":0,"ocean_custom_logo_tablet_max_height":0,"ocean_custom_logo_mobile_max_height":0,"ocean_header_custom_menu":"0","ocean_menu_typo_font_family":"0","ocean_menu_typo_font_subset":"","ocean_menu_typo_font_size":0,"ocean_menu_typo_font_size_tablet":0,"ocean_menu_typo_font_size_mobile":0,"ocean_menu_typo_font_size_unit":"px","ocean_menu_typo_font_weight":"","ocean_menu_typo_font_weight_tablet":"","ocean_menu_typo_font_weight_mobile":"","ocean_menu_typo_transform":"","ocean_menu_typo_transform_tablet":"","ocean_menu_typo_transform_mobile":"","ocean_menu_typo_line_height":0,"ocean_menu_typo_line_height_tablet":0,"ocean_menu_typo_line_height_mobile":0,"ocean_menu_typo_line_height_unit":"","ocean_menu_typo_spacing":0,"ocean_menu_typo_spacing_tablet":0,"ocean_menu_typo_spacing_mobile":0,"ocean_menu_typo_spacing_unit":"","ocean_menu_link_color":"","ocean_menu_link_color_hover":"","ocean_menu_link_color_active":"","ocean_menu_link_background":"","ocean_menu_link_hover_background":"","ocean_menu_link_active_background":"","ocean_menu_social_links_bg":"","ocean_menu_social_hover_links_bg":"","ocean_menu_social_links_color":"","ocean_menu_social_hover_links_color":"","ocean_disable_title":"default","ocean_disable_heading":"default","ocean_post_title":"","ocean_post_subheading":"","ocean_post_title_style":"","ocean_post_title_background_color":"","ocean_post_title_background":0,"ocean_post_title_bg_image_position":"","ocean_post_title_bg_image_attachment":"","ocean_post_title_bg_image_repeat":"","ocean_post_title_bg_image_size":"","ocean_post_title_height":0,"ocean_post_title_bg_overlay":0.5,"ocean_post_title_bg_overlay_color":"","ocean_disable_breadcrumbs":"default","ocean_breadcrumbs_color":"","ocean_breadcrumbs_separator_color":"","ocean_breadcrumbs_links_color":"","ocean_breadcrumbs_links_hover_color":"","ocean_display_footer_widgets":"default","ocean_display_footer_bottom":"default","ocean_custom_footer_template":"0"},"product_brand":[],"product_cat":[68,62,22],"product_tag":[],"class_list":{"0":"post-8386","1":"product","2":"type-product","3":"status-publish","4":"has-post-thumbnail","6":"product_cat-nowosci","7":"product_cat-odpornosc","8":"product_cat-suplementy-i-witaminy","10":"entry","11":"has-media","13":"first","14":"instock","15":"shipping-taxable","16":"purchasable","17":"product-type-simple","18":"has-product-nav","19":"col","20":"span_1_of_3","21":"owp-content-left","22":"owp-thumbs-layout-horizontal","23":"owp-btn-normal","24":"owp-tabs-layout-horizontal","25":"has-no-thumbnails"},"_links":{"self":[{"href":"https:\/\/ecocorner.eu\/en\/wp-json\/wp\/v2\/product\/8386","targetHints":{"allow":["GET"]}}],"collection":[{"href":"https:\/\/ecocorner.eu\/en\/wp-json\/wp\/v2\/product"}],"about":[{"href":"https:\/\/ecocorner.eu\/en\/wp-json\/wp\/v2\/types\/product"}],"version-history":[{"count":1,"href":"https:\/\/ecocorner.eu\/en\/wp-json\/wp\/v2\/product\/8386\/revisions"}],"predecessor-version":[{"id":8388,"href":"https:\/\/ecocorner.eu\/en\/wp-json\/wp\/v2\/product\/8386\/revisions\/8388"}],"wp:featuredmedia":[{"embeddable":true,"href":"https:\/\/ecocorner.eu\/en\/wp-json\/wp\/v2\/media\/8387"}],"wp:attachment":[{"href":"https:\/\/ecocorner.eu\/en\/wp-json\/wp\/v2\/media?parent=8386"}],"wp:term":[{"taxonomy":"product_brand","embeddable":true,"href":"https:\/\/ecocorner.eu\/en\/wp-json\/wp\/v2\/product_brand?post=8386"},{"taxonomy":"product_cat","embeddable":true,"href":"https:\/\/ecocorner.eu\/en\/wp-json\/wp\/v2\/product_cat?post=8386"},{"taxonomy":"product_tag","embeddable":true,"href":"https:\/\/ecocorner.eu\/en\/wp-json\/wp\/v2\/product_tag?post=8386"}],"curies":[{"name":"wp","href":"https:\/\/api.w.org\/{rel}","templated":true}]}}