{"id":8395,"date":"2026-02-03T17:32:22","date_gmt":"2026-02-03T17:32:22","guid":{"rendered":"https:\/\/ecocorner.eu\/?post_type=product&#038;p=8395"},"modified":"2026-04-02T22:20:15","modified_gmt":"2026-04-02T22:20:15","slug":"ekototu-parazytek-forte-plyn-doustny-50-ml","status":"publish","type":"product","link":"https:\/\/ecocorner.eu\/en\/product\/ekototu-parazytek-forte-plyn-doustny-50-ml\/","title":{"rendered":"EkoToTu  Parazytek Forte  P\u0142yn doustny 50 ml"},"content":{"rendered":"<p>&nbsp;<\/p>\n<p><strong>Ingredients<\/strong><br \/>\nWoda, no\u015bnik: glicerol, ziele bylicy pio\u0142un (Artemisia absinthium herba), nasiona dyni zwyczajnej (Cucurbita pepo semen), orzech w\u0142oski (Juglans regia), oman wielki (Inula helenium L., radix), li\u015b\u0107 papai (Carica papaya L.), kwiat go\u017adzikowca korzennego (Syzygium aromaticum flos), substancja konserwuj\u0105ca: sorbinian potasu.<\/p>\n<p><u>1,5 ml (30 kropli) zawiera:<\/u><br \/>\n\u2022 Ziele bylicy pio\u0142un \u2013 200 mg<br \/>\n\u2022 Nasiona dyni zwyczajnej \u2013 195 mg<br \/>\n\u2022 Orzech w\u0142oski \u2013 190 mg<br \/>\n\u2022 Oman wielki \u2013 190 mg<br \/>\n\u2022 Li\u015b\u0107 papai \u2013 190 mg<br \/>\n\u2022 Kwiat go\u017adzikowca korzennego \u2013 190 mg<\/p>\n<p>The drug contains 40% glycerol.<\/p>\n<p><strong>METHOD OF APPLICATION<\/strong><br \/>\nDoro\u015bli: 2 \u00d7 dziennie po 15 kropli (2 \u00d7 0,75 ml), 30 minut przed posi\u0142kiem. Przed u\u017cyciem rozcie\u0144czy\u0107 w niewielkiej ilo\u015bci wody.<\/p>\n<p><strong>note<\/strong><br \/>\nNie nale\u017cy przekracza\u0107 dziennej zalecanej porcji do spo\u017cycia. Nie przekracza\u0107 zalecanej porcji do spo\u017cycia w ci\u0105gu dnia.<br \/>\nSuplement diety nie mo\u017ce by\u0107 stosowany jako substytut (zamiennik) zr\u00f3\u017cnicowanej diety. Pami\u0119taj, \u017ce tylko zdrowy tryb \u017cycia i zr\u00f3wnowa\u017cony spos\u00f3b od\u017cywiania zapewniaj\u0105 prawid\u0142owe funkcjonowanie organizmu i zachowanie dobrej kondycji. Preparat nie jest wskazany dla kobiet w ci\u0105\u017cy i matek karmi\u0105cych. Produkt nie powinien by\u0107 stosowany przez osoby uczulone na kt\u00f3rykolwiek z jego sk\u0142adnik\u00f3w.<\/p>\n<p><strong>keeping<\/strong><br \/>\nStore in a cool and dry place out of the reach of small children.<\/p>","protected":false},"excerpt":{"rendered":"<p>Parazytek FORTE 50 ml<\/p>\n<p>KOMPLEKS ZI\u00d3\u0141: Pio\u0142un, Dynia, Orzech w\u0142oski, Oman, Papaja, Go\u017adzikowiec.<\/p>\n<p>Parazytek FORTE to starannie opracowany kompleks zio\u0142owy w formie p\u0142ynnego suplementu diety.<\/p>\n<p>Zawiera wyci\u0105gi wodno-glicerolowe z tradycyjnie cenionych ro\u015blin, po\u0142\u0105czone w odpowiednich proporcjach.<\/p>\n<p>Produkt przeznaczony jest dla os\u00f3b doros\u0142ych, kt\u00f3re chc\u0105 wzbogaci\u0107 swoj\u0105 codzienn\u0105 diet\u0119 o naturalne sk\u0142adniki ro\u015blinne.<\/p>","protected":false},"featured_media":8397,"template":"","meta":{"ocean_post_layout":"","ocean_both_sidebars_style":"","ocean_both_sidebars_content_width":0,"ocean_both_sidebars_sidebars_width":0,"ocean_sidebar":"0","ocean_second_sidebar":"0","ocean_disable_margins":"enable","ocean_add_body_class":"","ocean_shortcode_before_top_bar":"","ocean_shortcode_after_top_bar":"","ocean_shortcode_before_header":"","ocean_shortcode_after_header":"","ocean_has_shortcode":"","ocean_shortcode_after_title":"","ocean_shortcode_before_footer_widgets":"","ocean_shortcode_after_footer_widgets":"","ocean_shortcode_before_footer_bottom":"","ocean_shortcode_after_footer_bottom":"","ocean_display_top_bar":"default","ocean_display_header":"default","ocean_header_style":"","ocean_center_header_left_menu":"0","ocean_custom_header_template":"0","ocean_custom_logo":0,"ocean_custom_retina_logo":0,"ocean_custom_logo_max_width":0,"ocean_custom_logo_tablet_max_width":0,"ocean_custom_logo_mobile_max_width":0,"ocean_custom_logo_max_height":0,"ocean_custom_logo_tablet_max_height":0,"ocean_custom_logo_mobile_max_height":0,"ocean_header_custom_menu":"0","ocean_menu_typo_font_family":"0","ocean_menu_typo_font_subset":"","ocean_menu_typo_font_size":0,"ocean_menu_typo_font_size_tablet":0,"ocean_menu_typo_font_size_mobile":0,"ocean_menu_typo_font_size_unit":"px","ocean_menu_typo_font_weight":"","ocean_menu_typo_font_weight_tablet":"","ocean_menu_typo_font_weight_mobile":"","ocean_menu_typo_transform":"","ocean_menu_typo_transform_tablet":"","ocean_menu_typo_transform_mobile":"","ocean_menu_typo_line_height":0,"ocean_menu_typo_line_height_tablet":0,"ocean_menu_typo_line_height_mobile":0,"ocean_menu_typo_line_height_unit":"","ocean_menu_typo_spacing":0,"ocean_menu_typo_spacing_tablet":0,"ocean_menu_typo_spacing_mobile":0,"ocean_menu_typo_spacing_unit":"","ocean_menu_link_color":"","ocean_menu_link_color_hover":"","ocean_menu_link_color_active":"","ocean_menu_link_background":"","ocean_menu_link_hover_background":"","ocean_menu_link_active_background":"","ocean_menu_social_links_bg":"","ocean_menu_social_hover_links_bg":"","ocean_menu_social_links_color":"","ocean_menu_social_hover_links_color":"","ocean_disable_title":"default","ocean_disable_heading":"default","ocean_post_title":"","ocean_post_subheading":"","ocean_post_title_style":"","ocean_post_title_background_color":"","ocean_post_title_background":0,"ocean_post_title_bg_image_position":"","ocean_post_title_bg_image_attachment":"","ocean_post_title_bg_image_repeat":"","ocean_post_title_bg_image_size":"","ocean_post_title_height":0,"ocean_post_title_bg_overlay":0.5,"ocean_post_title_bg_overlay_color":"","ocean_disable_breadcrumbs":"default","ocean_breadcrumbs_color":"","ocean_breadcrumbs_separator_color":"","ocean_breadcrumbs_links_color":"","ocean_breadcrumbs_links_hover_color":"","ocean_display_footer_widgets":"default","ocean_display_footer_bottom":"default","ocean_custom_footer_template":"0"},"product_brand":[],"product_cat":[68,58,21],"product_tag":[],"class_list":{"0":"post-8395","1":"product","2":"type-product","3":"status-publish","4":"has-post-thumbnail","6":"product_cat-nowosci","7":"product_cat-odrobaczanie-pasozyty","8":"product_cat-zdrowie","10":"entry","11":"has-media","13":"first","14":"instock","15":"shipping-taxable","16":"purchasable","17":"product-type-simple","18":"has-product-nav","19":"col","20":"span_1_of_3","21":"owp-content-left","22":"owp-thumbs-layout-horizontal","23":"owp-btn-normal","24":"owp-tabs-layout-horizontal","25":"has-no-thumbnails"},"_links":{"self":[{"href":"https:\/\/ecocorner.eu\/en\/wp-json\/wp\/v2\/product\/8395","targetHints":{"allow":["GET"]}}],"collection":[{"href":"https:\/\/ecocorner.eu\/en\/wp-json\/wp\/v2\/product"}],"about":[{"href":"https:\/\/ecocorner.eu\/en\/wp-json\/wp\/v2\/types\/product"}],"version-history":[{"count":1,"href":"https:\/\/ecocorner.eu\/en\/wp-json\/wp\/v2\/product\/8395\/revisions"}],"predecessor-version":[{"id":8398,"href":"https:\/\/ecocorner.eu\/en\/wp-json\/wp\/v2\/product\/8395\/revisions\/8398"}],"wp:featuredmedia":[{"embeddable":true,"href":"https:\/\/ecocorner.eu\/en\/wp-json\/wp\/v2\/media\/8397"}],"wp:attachment":[{"href":"https:\/\/ecocorner.eu\/en\/wp-json\/wp\/v2\/media?parent=8395"}],"wp:term":[{"taxonomy":"product_brand","embeddable":true,"href":"https:\/\/ecocorner.eu\/en\/wp-json\/wp\/v2\/product_brand?post=8395"},{"taxonomy":"product_cat","embeddable":true,"href":"https:\/\/ecocorner.eu\/en\/wp-json\/wp\/v2\/product_cat?post=8395"},{"taxonomy":"product_tag","embeddable":true,"href":"https:\/\/ecocorner.eu\/en\/wp-json\/wp\/v2\/product_tag?post=8395"}],"curies":[{"name":"wp","href":"https:\/\/api.w.org\/{rel}","templated":true}]}}