{"id":8405,"date":"2026-02-03T17:43:11","date_gmt":"2026-02-03T17:43:11","guid":{"rendered":"https:\/\/ecocorner.eu\/?post_type=product&#038;p=8405"},"modified":"2026-04-10T20:28:30","modified_gmt":"2026-04-10T20:28:30","slug":"flos-olej-zywokostowy-na-bazie-oleju-lnianego-50ml","status":"publish","type":"product","link":"https:\/\/ecocorner.eu\/en\/product\/flos-olej-zywokostowy-na-bazie-oleju-lnianego-50ml\/","title":{"rendered":"Flos  Olej \u017cywokostowy na bazie oleju lnianego 50ml"},"content":{"rendered":"<p>&nbsp;<\/p>\n<p><strong>Ingredients<\/strong><br \/>\nLinum Usitatissimum Oil, Symphytum Officinale Root, Tocopheryl Acetate (olej lniany, korze\u0144 \u017cywokostu, witamina E).<\/p>\n<p><strong>METHOD OF APPLICATION<\/strong><br \/>\nWstrz\u0105sn\u0105\u0107 intensywnie przed u\u017cyciem w celu uzyskania jednolitej zawiesiny korzenia \u017cywokostu w oleju lniany. Nanie\u015b\u0107 na sk\u00f3r\u0119 niewielk\u0105 ilo\u015b\u0107 oleju i wmasowywa\u0107 a\u017c do wch\u0142oni\u0119cia. Ewentualny nadmiar wytrze\u0107 r\u0119cznikiem papierowym. Nie zmywa\u0107. Stosowa\u0107 regularnie minimum 2 razy dziennie w zale\u017cno\u015bci od potrzeb. Osad na dnie butelki to korze\u0144 \u017cywokostu wi\u0119c stanowi naturaln\u0105 cech\u0119 produktu i nie \u015bwiadczy o z\u0142ej jako\u015bci produktu.<\/p>\n<p><strong>note<br \/>\n<\/strong>Jedynie do u\u017cytku zewn\u0119trznego.<\/p>\n<p><strong>PRZECHOWWANIE<\/strong><br \/>\nPrzechowywa\u0107 olej \u017cywokostowy w ch\u0142odnym miejscu, chroni\u0107 od \u015bwiat\u0142a.<\/p>","protected":false},"excerpt":{"rendered":"<p>Olej \u017cywokostowy przynosi ulg\u0119 w stanach napi\u0119cia mi\u0119\u015bniowo-szkieletowego. Mo\u017cna go stosowa\u0107 do miejscowego wmasowywania w sk\u00f3r\u0119 lub do masa\u017cu relaksacyjnego, piel\u0119gnacyjnego oraz po wysi\u0142ku fizycznym.<\/p>\n<p>Szczeg\u00f3lnie polecany w czasie rehabilitacji oraz w rekonwalescencji po kontuzjach i urazach ko\u0144czyn.<\/p>\n<p>Dodatkowo dzia\u0142a \u0142agodz\u0105co i regeneruj\u0105co na sk\u00f3r\u0119.<\/p>","protected":false},"featured_media":8406,"template":"","meta":{"ocean_post_layout":"","ocean_both_sidebars_style":"","ocean_both_sidebars_content_width":0,"ocean_both_sidebars_sidebars_width":0,"ocean_sidebar":"0","ocean_second_sidebar":"0","ocean_disable_margins":"enable","ocean_add_body_class":"","ocean_shortcode_before_top_bar":"","ocean_shortcode_after_top_bar":"","ocean_shortcode_before_header":"","ocean_shortcode_after_header":"","ocean_has_shortcode":"","ocean_shortcode_after_title":"","ocean_shortcode_before_footer_widgets":"","ocean_shortcode_after_footer_widgets":"","ocean_shortcode_before_footer_bottom":"","ocean_shortcode_after_footer_bottom":"","ocean_display_top_bar":"default","ocean_display_header":"default","ocean_header_style":"","ocean_center_header_left_menu":"0","ocean_custom_header_template":"0","ocean_custom_logo":0,"ocean_custom_retina_logo":0,"ocean_custom_logo_max_width":0,"ocean_custom_logo_tablet_max_width":0,"ocean_custom_logo_mobile_max_width":0,"ocean_custom_logo_max_height":0,"ocean_custom_logo_tablet_max_height":0,"ocean_custom_logo_mobile_max_height":0,"ocean_header_custom_menu":"0","ocean_menu_typo_font_family":"0","ocean_menu_typo_font_subset":"","ocean_menu_typo_font_size":0,"ocean_menu_typo_font_size_tablet":0,"ocean_menu_typo_font_size_mobile":0,"ocean_menu_typo_font_size_unit":"px","ocean_menu_typo_font_weight":"","ocean_menu_typo_font_weight_tablet":"","ocean_menu_typo_font_weight_mobile":"","ocean_menu_typo_transform":"","ocean_menu_typo_transform_tablet":"","ocean_menu_typo_transform_mobile":"","ocean_menu_typo_line_height":0,"ocean_menu_typo_line_height_tablet":0,"ocean_menu_typo_line_height_mobile":0,"ocean_menu_typo_line_height_unit":"","ocean_menu_typo_spacing":0,"ocean_menu_typo_spacing_tablet":0,"ocean_menu_typo_spacing_mobile":0,"ocean_menu_typo_spacing_unit":"","ocean_menu_link_color":"","ocean_menu_link_color_hover":"","ocean_menu_link_color_active":"","ocean_menu_link_background":"","ocean_menu_link_hover_background":"","ocean_menu_link_active_background":"","ocean_menu_social_links_bg":"","ocean_menu_social_hover_links_bg":"","ocean_menu_social_links_color":"","ocean_menu_social_hover_links_color":"","ocean_disable_title":"default","ocean_disable_heading":"default","ocean_post_title":"","ocean_post_subheading":"","ocean_post_title_style":"","ocean_post_title_background_color":"","ocean_post_title_background":0,"ocean_post_title_bg_image_position":"","ocean_post_title_bg_image_attachment":"","ocean_post_title_bg_image_repeat":"","ocean_post_title_bg_image_size":"","ocean_post_title_height":0,"ocean_post_title_bg_overlay":0.5,"ocean_post_title_bg_overlay_color":"","ocean_disable_breadcrumbs":"default","ocean_breadcrumbs_color":"","ocean_breadcrumbs_separator_color":"","ocean_breadcrumbs_links_color":"","ocean_breadcrumbs_links_hover_color":"","ocean_display_footer_widgets":"default","ocean_display_footer_bottom":"default","ocean_custom_footer_template":"0"},"product_brand":[],"product_cat":[17,87],"product_tag":[],"class_list":{"0":"post-8405","1":"product","2":"type-product","3":"status-publish","4":"has-post-thumbnail","6":"product_cat-cialo","7":"product_cat-masci-lecznicze","9":"entry","10":"has-media","12":"first","13":"instock","14":"shipping-taxable","15":"purchasable","16":"product-type-simple","17":"has-product-nav","18":"col","19":"span_1_of_3","20":"owp-content-left","21":"owp-thumbs-layout-horizontal","22":"owp-btn-normal","23":"owp-tabs-layout-horizontal","24":"has-no-thumbnails"},"_links":{"self":[{"href":"https:\/\/ecocorner.eu\/en\/wp-json\/wp\/v2\/product\/8405","targetHints":{"allow":["GET"]}}],"collection":[{"href":"https:\/\/ecocorner.eu\/en\/wp-json\/wp\/v2\/product"}],"about":[{"href":"https:\/\/ecocorner.eu\/en\/wp-json\/wp\/v2\/types\/product"}],"version-history":[{"count":1,"href":"https:\/\/ecocorner.eu\/en\/wp-json\/wp\/v2\/product\/8405\/revisions"}],"predecessor-version":[{"id":8407,"href":"https:\/\/ecocorner.eu\/en\/wp-json\/wp\/v2\/product\/8405\/revisions\/8407"}],"wp:featuredmedia":[{"embeddable":true,"href":"https:\/\/ecocorner.eu\/en\/wp-json\/wp\/v2\/media\/8406"}],"wp:attachment":[{"href":"https:\/\/ecocorner.eu\/en\/wp-json\/wp\/v2\/media?parent=8405"}],"wp:term":[{"taxonomy":"product_brand","embeddable":true,"href":"https:\/\/ecocorner.eu\/en\/wp-json\/wp\/v2\/product_brand?post=8405"},{"taxonomy":"product_cat","embeddable":true,"href":"https:\/\/ecocorner.eu\/en\/wp-json\/wp\/v2\/product_cat?post=8405"},{"taxonomy":"product_tag","embeddable":true,"href":"https:\/\/ecocorner.eu\/en\/wp-json\/wp\/v2\/product_tag?post=8405"}],"curies":[{"name":"wp","href":"https:\/\/api.w.org\/{rel}","templated":true}]}}