{"id":8428,"date":"2026-02-03T20:28:02","date_gmt":"2026-02-03T20:28:02","guid":{"rendered":"https:\/\/ecocorner.eu\/?post_type=product&#038;p=8428"},"modified":"2026-04-11T19:00:59","modified_gmt":"2026-04-11T19:00:59","slug":"granex-bio-chrupki-kukurydziane-rozne-ksztalty-80-g","status":"publish","type":"product","link":"https:\/\/ecocorner.eu\/en\/product\/granex-bio-chrupki-kukurydziane-rozne-ksztalty-80-g\/","title":{"rendered":"Granex  Bio chrupki kukurydziane ,r\u00f3\u017cne kszta\u0142ty   80 g"},"content":{"rendered":"<p><span class=\"wartosc\">Ingredients<br \/>\ngrys kukurydziany*, m\u0105ka kukurydziana*, s\u00f3l morska (*certyfikowany sk\u0142adnik ekologiczny)<\/span><\/p>\n<p>Prosimy o wiadomo\u015b\u0107 jaki wz\u00f3r chcesz w\u0142o\u017cy\u0107 do koszyka \ud83d\ude42<\/p>\n<p>Nutritional value per 100 g<br \/>\nWarto\u015b\u0107 energetyczna: 1057 kJ\/249 kcal<br \/>\nT\u0142uszcz: 1,2 g<br \/>\nincluding saturated fatty acids: 0.2 g<br \/>\nW\u0119glowodany: 52 g<br \/>\nw tym cukry: 1,7 g<br \/>\nB\u0142onnik: 2,3 g<br \/>\nProtein: 6.5 g<br \/>\nS\u00f3l: 0,75 g<\/p>\n<p>ALLERGENIC INFORMATION<br \/>\nMo\u017ce zawiera\u0107 ZBO\u017bA ZAWIERAJ\u0104CE GLUTEN, NASIONA SEZAMU, SOJ\u0118, ORZECHY, MLEKO (\u0142\u0105cznie z laktoz\u0105).<\/p>\n<p>RECOMMENDED STORAGE CONDITIONS<br \/>\nStore in a cool and dry place<\/p>","protected":false},"excerpt":{"rendered":"<p><span class=\"wartosc\"><br \/>\nKa\u017cdy z nas zna chrupki kukurydziane. Teraz jest czas, by zacz\u0105\u0107 zabaw\u0119 z wyj\u0105tkowymi i niestandardowymi kszta\u0142tami przek\u0105sek. Weso\u0142e misie, zwariowane krokodyle czy urocze kwiatuszki wywo\u0142uj\u0105 u\u015bmiech na twarzy dziecka i nie tylko, bo chrupki kukurydziane to nie tylko przek\u0105ska dla dzieci. Poza unikalnymi kszta\u0142tami nasze chrupki kukurydziane wyr\u00f3\u017cnia r\u00f3wnie\u017c smak i sk\u0142ad. Wyselekcjonowane ziarna kukurydzy najwy\u017cszej jako\u015bci s\u0105 gwarancj\u0105 dobrego smaku. O jako\u015bci produkt\u00f3w \u015bwiadczy r\u00f3wnie\u017c to, \u017ce s\u0105 to produkty ekologiczne. Kwiatki, misie i krokodylki kukurydziane produkowane przez firm\u0119 Granex wyr\u00f3\u017cniaj\u0105 si\u0119 nie tylko ciekawymi kszta\u0142tami, ale r\u00f3wnie\u017c nisk\u0105 warto\u015bci\u0105 kaloryczn\u0105 dla tego typu produkt\u00f3w, kt\u00f3r\u0105 zawdzi\u0119czaj\u0105 naszym wyj\u0105tkowym sk\u0142adom. Jest to produkt jak najbardziej dla vegan i fan\u00f3w zdrowych przek\u0105sek, ale nie tylko.<\/span><\/p>","protected":false},"featured_media":8429,"template":"","meta":{"ocean_post_layout":"","ocean_both_sidebars_style":"","ocean_both_sidebars_content_width":0,"ocean_both_sidebars_sidebars_width":0,"ocean_sidebar":"0","ocean_second_sidebar":"0","ocean_disable_margins":"enable","ocean_add_body_class":"","ocean_shortcode_before_top_bar":"","ocean_shortcode_after_top_bar":"","ocean_shortcode_before_header":"","ocean_shortcode_after_header":"","ocean_has_shortcode":"","ocean_shortcode_after_title":"","ocean_shortcode_before_footer_widgets":"","ocean_shortcode_after_footer_widgets":"","ocean_shortcode_before_footer_bottom":"","ocean_shortcode_after_footer_bottom":"","ocean_display_top_bar":"default","ocean_display_header":"default","ocean_header_style":"","ocean_center_header_left_menu":"0","ocean_custom_header_template":"0","ocean_custom_logo":0,"ocean_custom_retina_logo":0,"ocean_custom_logo_max_width":0,"ocean_custom_logo_tablet_max_width":0,"ocean_custom_logo_mobile_max_width":0,"ocean_custom_logo_max_height":0,"ocean_custom_logo_tablet_max_height":0,"ocean_custom_logo_mobile_max_height":0,"ocean_header_custom_menu":"0","ocean_menu_typo_font_family":"0","ocean_menu_typo_font_subset":"","ocean_menu_typo_font_size":0,"ocean_menu_typo_font_size_tablet":0,"ocean_menu_typo_font_size_mobile":0,"ocean_menu_typo_font_size_unit":"px","ocean_menu_typo_font_weight":"","ocean_menu_typo_font_weight_tablet":"","ocean_menu_typo_font_weight_mobile":"","ocean_menu_typo_transform":"","ocean_menu_typo_transform_tablet":"","ocean_menu_typo_transform_mobile":"","ocean_menu_typo_line_height":0,"ocean_menu_typo_line_height_tablet":0,"ocean_menu_typo_line_height_mobile":0,"ocean_menu_typo_line_height_unit":"","ocean_menu_typo_spacing":0,"ocean_menu_typo_spacing_tablet":0,"ocean_menu_typo_spacing_mobile":0,"ocean_menu_typo_spacing_unit":"","ocean_menu_link_color":"","ocean_menu_link_color_hover":"","ocean_menu_link_color_active":"","ocean_menu_link_background":"","ocean_menu_link_hover_background":"","ocean_menu_link_active_background":"","ocean_menu_social_links_bg":"","ocean_menu_social_hover_links_bg":"","ocean_menu_social_links_color":"","ocean_menu_social_hover_links_color":"","ocean_disable_title":"default","ocean_disable_heading":"default","ocean_post_title":"","ocean_post_subheading":"","ocean_post_title_style":"","ocean_post_title_background_color":"","ocean_post_title_background":0,"ocean_post_title_bg_image_position":"","ocean_post_title_bg_image_attachment":"","ocean_post_title_bg_image_repeat":"","ocean_post_title_bg_image_size":"","ocean_post_title_height":0,"ocean_post_title_bg_overlay":0.5,"ocean_post_title_bg_overlay_color":"","ocean_disable_breadcrumbs":"default","ocean_breadcrumbs_color":"","ocean_breadcrumbs_separator_color":"","ocean_breadcrumbs_links_color":"","ocean_breadcrumbs_links_hover_color":"","ocean_display_footer_widgets":"default","ocean_display_footer_bottom":"default","ocean_custom_footer_template":"0"},"product_brand":[],"product_cat":[23],"product_tag":[],"class_list":{"0":"post-8428","1":"product","2":"type-product","3":"status-publish","4":"has-post-thumbnail","6":"product_cat-zdrowe-przekaski","8":"entry","9":"has-media","11":"first","12":"instock","13":"shipping-taxable","14":"purchasable","15":"product-type-simple","16":"has-product-nav","17":"col","18":"span_1_of_3","19":"owp-content-left","20":"owp-thumbs-layout-horizontal","21":"owp-btn-normal","22":"owp-tabs-layout-horizontal"},"_links":{"self":[{"href":"https:\/\/ecocorner.eu\/en\/wp-json\/wp\/v2\/product\/8428","targetHints":{"allow":["GET"]}}],"collection":[{"href":"https:\/\/ecocorner.eu\/en\/wp-json\/wp\/v2\/product"}],"about":[{"href":"https:\/\/ecocorner.eu\/en\/wp-json\/wp\/v2\/types\/product"}],"version-history":[{"count":2,"href":"https:\/\/ecocorner.eu\/en\/wp-json\/wp\/v2\/product\/8428\/revisions"}],"predecessor-version":[{"id":8667,"href":"https:\/\/ecocorner.eu\/en\/wp-json\/wp\/v2\/product\/8428\/revisions\/8667"}],"wp:featuredmedia":[{"embeddable":true,"href":"https:\/\/ecocorner.eu\/en\/wp-json\/wp\/v2\/media\/8429"}],"wp:attachment":[{"href":"https:\/\/ecocorner.eu\/en\/wp-json\/wp\/v2\/media?parent=8428"}],"wp:term":[{"taxonomy":"product_brand","embeddable":true,"href":"https:\/\/ecocorner.eu\/en\/wp-json\/wp\/v2\/product_brand?post=8428"},{"taxonomy":"product_cat","embeddable":true,"href":"https:\/\/ecocorner.eu\/en\/wp-json\/wp\/v2\/product_cat?post=8428"},{"taxonomy":"product_tag","embeddable":true,"href":"https:\/\/ecocorner.eu\/en\/wp-json\/wp\/v2\/product_tag?post=8428"}],"curies":[{"name":"wp","href":"https:\/\/api.w.org\/{rel}","templated":true}]}}