{"id":8478,"date":"2026-02-18T16:45:59","date_gmt":"2026-02-18T16:45:59","guid":{"rendered":"https:\/\/ecocorner.eu\/?post_type=product&#038;p=8478"},"modified":"2026-04-02T21:11:15","modified_gmt":"2026-04-02T21:11:15","slug":"pasieki-sadowskich-miod-wielokwiatowy-z-kawa-430-g","status":"publish","type":"product","link":"https:\/\/ecocorner.eu\/en\/product\/pasieki-sadowskich-miod-wielokwiatowy-z-kawa-430-g\/","title":{"rendered":"Pasieki  Sadowskich   Mi\u00f3d wielokwiatowy z kaw\u0105  430 g"},"content":{"rendered":"<h3 id=\"tab2\">Features:<\/h3>\n<ul>\n<li>A\u017c 98% miodu wielokwiatowego z naszych Pasiek<\/li>\n<li>2% pra\u017conych ziaren kawowca<\/li>\n<li>Doskona\u0142y dodatek do deser\u00f3w, wypiek\u00f3w czy \u015bniada\u0144<\/li>\n<li>Pyszna baza do kawowych koktajli<\/li>\n<li>Bez \u017cadnych ulepszaczy czy zb\u0119dnych dodatk\u00f3w<\/li>\n<li>Prosty, naturalny sk\u0142ad<\/li>\n<li>Idealny upominek dla mi\u0142o\u015bnik\u00f3w kawy<\/li>\n<\/ul>\n<h3 id=\"tab3\">Informacje:<\/h3>\n<p>Sk\u0142adniki: 98% Miodu nektarowego wielokwiatowego,\u00a0 2% ziarna kawowca.<\/p>\n<p>Gramatura: 430 g<\/p>\n<p>&nbsp;<\/p>\n<table class=\"tabela-odzywcza\" style=\"height: 341px;\" width=\"552\">\n<thead>\n<tr>\n<th class=\"col1\">WARTO\u015a\u0106 OD\u017bYWCZA<\/th>\n<th class=\"col2\">w 100 g<\/th>\n<th class=\"col3\">% RWS<sup>*<\/sup><\/th>\n<\/tr>\n<tr>\n<td class=\"col1\">Energy value<\/td>\n<td class=\"col2\">1329 kJ \/ 313 kcal<\/td>\n<td class=\"col3\">\u00a016%<\/td>\n<\/tr>\n<tr>\n<td class=\"col1\">Fat<\/td>\n<td class=\"col2\">0,8 g<\/td>\n<td class=\"col3\">\u00a01,2%<\/td>\n<\/tr>\n<tr>\n<td class=\"col1\">\u2014 w tym kwasy nasycone<\/td>\n<td class=\"col2\">0,5 g<\/td>\n<td class=\"col3\">\u00a02,6%<\/td>\n<\/tr>\n<tr>\n<td class=\"col1\">Carbohydrates<\/td>\n<td class=\"col2\">77\u00a0g<\/td>\n<td class=\"col3\">\u00a030%<\/td>\n<\/tr>\n<tr>\n<td class=\"col1\">\u2014 w tym cukry<\/td>\n<td class=\"col2\">70 g<\/td>\n<td class=\"col3\">\u00a078%<\/td>\n<\/tr>\n<tr>\n<td class=\"col1\">Squirrel<\/td>\n<td class=\"col2\">2,0\u00a0g<\/td>\n<td class=\"col3\">\u00a04%<\/td>\n<\/tr>\n<tr>\n<td class=\"col1\">Salt<\/td>\n<td class=\"col2\">0 g<\/td>\n<td class=\"col3\">\u00a00%<\/td>\n<\/tr>\n<\/thead>\n<\/table>","protected":false},"excerpt":{"rendered":"<div class=\"pw-oprodukcie\">\n<div class=\"pw-oprodukcie-text\">\n<p><strong>Dla wszystkich fan\u00f3w kawowych s\u0142odyczy, aromatycznej, mielonej kawy i kawy os\u0142odzonej odrobin\u0105 miodu przygotowali\u015bmy co\u015b specjalnego &#8211; Mi\u00f3d z kaw\u0105! <\/strong>Skomponowali\u015bmy go z naszego <a title=\"Mi\u00f3d wielokwiatowy\" href=\"https:\/\/pasiekisadowskich.pl\/miod-wielokwiatowy\" target=\"_blank\" rel=\"noopener\">miodu wielokwiatowego<\/a>, do kt\u00f3rego dodali\u015bmy wyselekcjonowane, specjalnie pra\u017cone ziarna kawowca. Wyobra\u017a sobie porann\u0105 kaw\u0119 uj\u0119t\u0105 w aksamitnej konsystencji miodu, gdzie ka\u017cda \u0142y\u017ceczka przenosi Ci\u0119 do ulubionej kawiarni. Nasz <strong>Mi\u00f3d z kaw\u0105<\/strong> pachnie jak kawa z najlepszej palarni, a przyjemna aksamitna konsystencja miesza si\u0119 z chrupko\u015bci\u0105 zmielonych ziaren kawowca. Jest na wskro\u015b pysznie i pobudzaj\u0105co!<\/p>\n<\/div>\n<div class=\"pw-oprodukcie-image\"><\/div>\n<\/div>\n<div id=\"box_description\" class=\"box tab\" tabindex=\"-1\">\n<div class=\"innerbox\">\n<div class=\"resetcss fr-view\">\n<p>Nie tylko dla kawoszy! Nasz <strong>Mi\u00f3d z Kaw\u0105<\/strong> to uniwersalny kompan Twoich ulubionych deser\u00f3w i potraw. Dodaj go do musli, wymieszaj z jogurtem, upiecz w cie\u015bcie, lub pozw\u00f3l mu rozpu\u015bci\u0107 si\u0119 na ciep\u0142ym to\u015bcie. Ka\u017cde danie zyska dzi\u0119ki niemu g\u0142\u0119boko\u015b\u0107 kawowego aromatu i s\u0142odkiej nuty miodu. To prawdziwy rarytas dla mi\u0142o\u015bnik\u00f3w kawy, kt\u00f3rzy pragn\u0105 odkrywa\u0107 nowe, fascynuj\u0105ce smaki w codziennej kuchni.<\/p>\n<\/div>\n<\/div>\n<\/div>","protected":false},"featured_media":8479,"template":"","meta":{"ocean_post_layout":"","ocean_both_sidebars_style":"","ocean_both_sidebars_content_width":0,"ocean_both_sidebars_sidebars_width":0,"ocean_sidebar":"0","ocean_second_sidebar":"0","ocean_disable_margins":"enable","ocean_add_body_class":"","ocean_shortcode_before_top_bar":"","ocean_shortcode_after_top_bar":"","ocean_shortcode_before_header":"","ocean_shortcode_after_header":"","ocean_has_shortcode":"","ocean_shortcode_after_title":"","ocean_shortcode_before_footer_widgets":"","ocean_shortcode_after_footer_widgets":"","ocean_shortcode_before_footer_bottom":"","ocean_shortcode_after_footer_bottom":"","ocean_display_top_bar":"default","ocean_display_header":"default","ocean_header_style":"","ocean_center_header_left_menu":"0","ocean_custom_header_template":"0","ocean_custom_logo":0,"ocean_custom_retina_logo":0,"ocean_custom_logo_max_width":0,"ocean_custom_logo_tablet_max_width":0,"ocean_custom_logo_mobile_max_width":0,"ocean_custom_logo_max_height":0,"ocean_custom_logo_tablet_max_height":0,"ocean_custom_logo_mobile_max_height":0,"ocean_header_custom_menu":"0","ocean_menu_typo_font_family":"0","ocean_menu_typo_font_subset":"","ocean_menu_typo_font_size":0,"ocean_menu_typo_font_size_tablet":0,"ocean_menu_typo_font_size_mobile":0,"ocean_menu_typo_font_size_unit":"px","ocean_menu_typo_font_weight":"","ocean_menu_typo_font_weight_tablet":"","ocean_menu_typo_font_weight_mobile":"","ocean_menu_typo_transform":"","ocean_menu_typo_transform_tablet":"","ocean_menu_typo_transform_mobile":"","ocean_menu_typo_line_height":0,"ocean_menu_typo_line_height_tablet":0,"ocean_menu_typo_line_height_mobile":0,"ocean_menu_typo_line_height_unit":"","ocean_menu_typo_spacing":0,"ocean_menu_typo_spacing_tablet":0,"ocean_menu_typo_spacing_mobile":0,"ocean_menu_typo_spacing_unit":"","ocean_menu_link_color":"","ocean_menu_link_color_hover":"","ocean_menu_link_color_active":"","ocean_menu_link_background":"","ocean_menu_link_hover_background":"","ocean_menu_link_active_background":"","ocean_menu_social_links_bg":"","ocean_menu_social_hover_links_bg":"","ocean_menu_social_links_color":"","ocean_menu_social_hover_links_color":"","ocean_disable_title":"default","ocean_disable_heading":"default","ocean_post_title":"","ocean_post_subheading":"","ocean_post_title_style":"","ocean_post_title_background_color":"","ocean_post_title_background":0,"ocean_post_title_bg_image_position":"","ocean_post_title_bg_image_attachment":"","ocean_post_title_bg_image_repeat":"","ocean_post_title_bg_image_size":"","ocean_post_title_height":0,"ocean_post_title_bg_overlay":0.5,"ocean_post_title_bg_overlay_color":"","ocean_disable_breadcrumbs":"default","ocean_breadcrumbs_color":"","ocean_breadcrumbs_separator_color":"","ocean_breadcrumbs_links_color":"","ocean_breadcrumbs_links_hover_color":"","ocean_display_footer_widgets":"default","ocean_display_footer_bottom":"default","ocean_custom_footer_template":"0"},"product_brand":[],"product_cat":[91,71],"product_tag":[],"class_list":{"0":"post-8478","1":"product","2":"type-product","3":"status-publish","4":"has-post-thumbnail","6":"product_cat-manufaktura-pasieki-sadowskich","7":"product_cat-miody-naturalne","9":"entry","10":"has-media","12":"first","13":"instock","14":"shipping-taxable","15":"purchasable","16":"product-type-simple","17":"has-product-nav","18":"col","19":"span_1_of_3","20":"owp-content-left","21":"owp-thumbs-layout-horizontal","22":"owp-btn-normal","23":"owp-tabs-layout-horizontal","24":"has-no-thumbnails"},"_links":{"self":[{"href":"https:\/\/ecocorner.eu\/en\/wp-json\/wp\/v2\/product\/8478","targetHints":{"allow":["GET"]}}],"collection":[{"href":"https:\/\/ecocorner.eu\/en\/wp-json\/wp\/v2\/product"}],"about":[{"href":"https:\/\/ecocorner.eu\/en\/wp-json\/wp\/v2\/types\/product"}],"version-history":[{"count":1,"href":"https:\/\/ecocorner.eu\/en\/wp-json\/wp\/v2\/product\/8478\/revisions"}],"predecessor-version":[{"id":8480,"href":"https:\/\/ecocorner.eu\/en\/wp-json\/wp\/v2\/product\/8478\/revisions\/8480"}],"wp:featuredmedia":[{"embeddable":true,"href":"https:\/\/ecocorner.eu\/en\/wp-json\/wp\/v2\/media\/8479"}],"wp:attachment":[{"href":"https:\/\/ecocorner.eu\/en\/wp-json\/wp\/v2\/media?parent=8478"}],"wp:term":[{"taxonomy":"product_brand","embeddable":true,"href":"https:\/\/ecocorner.eu\/en\/wp-json\/wp\/v2\/product_brand?post=8478"},{"taxonomy":"product_cat","embeddable":true,"href":"https:\/\/ecocorner.eu\/en\/wp-json\/wp\/v2\/product_cat?post=8478"},{"taxonomy":"product_tag","embeddable":true,"href":"https:\/\/ecocorner.eu\/en\/wp-json\/wp\/v2\/product_tag?post=8478"}],"curies":[{"name":"wp","href":"https:\/\/api.w.org\/{rel}","templated":true}]}}