{"id":8505,"date":"2026-02-18T18:09:54","date_gmt":"2026-02-18T18:09:54","guid":{"rendered":"https:\/\/ecocorner.eu\/?post_type=product&#038;p=8505"},"modified":"2026-02-18T18:09:54","modified_gmt":"2026-02-18T18:09:54","slug":"resibo-night-01-wypelniajacy-krem-z-usieciowanym-kwasem-hialuronowym-i-peptydami-50-ml","status":"publish","type":"product","link":"https:\/\/ecocorner.eu\/en\/product\/resibo-night-01-wypelniajacy-krem-z-usieciowanym-kwasem-hialuronowym-i-peptydami-50-ml\/","title":{"rendered":"Resibo    NIGHT.01  Wype\u0142niaj\u0105cy krem z usieciowanym kwasem hialuronowym i peptydami  50 ml"},"content":{"rendered":"<div id=\"collapse-product-details\" class=\"collapse show\" aria-labelledby=\"heading-product-details\" data-parent=\"#product-accordion\">\n<div class=\"card-body pb-1 pt-3\">\n<div class=\"product-description-short\">\n<div class=\"line-height-md mb-3\">\n<p>Krem doskonale sprawdzi si\u0119 u os\u00f3b, kt\u00f3rych sk\u00f3ra potrzebuje intensywnej regeneracji, nawil\u017cenia i wyg\u0142adzenia. Polecany szczeg\u00f3lnie do cery dojrza\u0142ej.<\/p>\n<\/div>\n<div class=\"row mt-n3 mt-n3 mb-3 mx-n2\">\n<div class=\"col-auto mt-3 px-2\"><span class=\"extra-badge\"> <span class=\"extra-badge__text\"> Na noc <\/span> <\/span><\/div>\n<\/div>\n<p class=\"line-height-md mb-3\"><strong> Active Ingredients: <\/strong> innowacyjny filler hialuronowy, zaawansowany kompleks sygna\u0142owych peptyd\u00f3w biomimetycznych, kwas hialuronowy w 3 rozmiarach cz\u0105steczki (LMW, MMW, HMW), olej ze s\u0142odkich migda\u0142\u00f3w, niacynamid, mas\u0142o shea, witamina E, alantoina<\/p>\n<div class=\"product-layout__block              product-extra-desc-n__block              col-12 col-md-6\"><\/p>\n<div class=\"mt-4 mt-md-0 mb-2 mb-md-3 mb-lg-4\"><span class=\"product-extra-desc-n__badge product-feature-badge\"> Method of application <\/span><\/div>\n<div class=\"product-extra-desc-n__text-content\">\n<h4 class=\"h2 mb-3\">Intensywne wsparcie noc\u0105.<\/h4>\n<p>Krem jest przeznaczony do wieczornej piel\u0119gnacji. Wspiera naturalne procesy regeneracji sk\u00f3ry noc\u0105, podczas stadium snu g\u0142\u0119bokiego, kiedy wydzielany jest hormon wzrostu. To stadium snu dominuje w pierwszych 3-4 godzinach naszego snu.<\/p>\n<p>Stosuj na oczyszczon\u0105 sk\u00f3r\u0119 twarzy, szyi i dekoltu jako ostatni etap piel\u0119gnacji, po ulubionym serum \u2013 dla wzmocnienia efektu wyg\u0142adzenia polecamy Slow Down Superserum. Je\u015bli Twoja sk\u00f3ra wymaga intensywnej regeneracji, zastosuj krem jak mask\u0119, nak\u0142adaj\u0105c grubsz\u0105 warstw\u0119.<\/p>\n<\/div>\n<\/div>\n<p class=\"line-height-md mb-3\"><strong>95% <\/strong> sk\u0142adnik\u00f3w pochodzenia naturalnego<\/p>\n<p><strong>structure:<\/strong><\/p>\n<p>Aqua, Butyrospermum Parkii Butter, Isoamyl Laurate, Glycerin, Prunus Amygdalus Dulcis Oil, Caprylic\/Capric Triglyceride, Myristyl Lactate, Glyceryl Stearate Citrate, Cetearyl Alcohol, Glyceryl Stearate, Niacinamide, Hydroxypropyl Starch Phosphate, Pentylene Glycol, Sodium Hyaluronate Crosspolymer, Sodium Hyaluronate, Palmitoyl Tripeptide-1, Palmitoyl Tetrapeptide-7, Tocopheryl Acetate, Tribehenin, C18-36 Acid Glycol Ester, Polyglyceryl-4 Diisostearate\/Polyhydroxystearate\/Sebacate, Triolein, C18-36 Acid Triglyceride, C12-15 Alkyl Benzoate, Ethylhexyl Stearate, Allantoin, Sodium Isostearate, Sorbitan Laurate, Xanthan Gum, Glyceryl Dioleate, Hydroxyacetophenone, Polyglyceryl-3 Stearate\/Sebacate Crosspolymer, Sodium Gluconate, Lactic Acid, Sodium Levulinate, Potassium Sorbate, Ethylhexylglycerin, Parfum, Alpha-Isomethyl Ionone, Citrus Aurantium Peel Oil, Coumarin, Limonene, Santalol, Vanillin.<\/p>\n<p>&nbsp;<\/p>\n<\/div>\n<\/div>\n<\/div>","protected":false},"excerpt":{"rendered":"<h4 class=\"rich-subheader\">Technologia z efektami po jednej nocy.<\/h4>\n<p>Krem do twarzy, kt\u00f3rego efekty zobaczysz ju\u017c po pierwszej nocy!<br \/>\nFormu\u0142a NIGHT.01 zawiera 4 rodzaje kwasu hialuronowego i kompleks peptyd\u00f3w, kt\u00f3re wyg\u0142adzaj\u0105, napinaj\u0105, intensywnie nawil\u017caj\u0105 i przywracaj\u0105 sk\u00f3rze elastyczno\u015b\u0107. Krem wspiera nocn\u0105 regeneracj\u0119, dzi\u0119ki czemu rano cera wygl\u0105da na od\u017cywion\u0105, g\u0142adk\u0105 i promienn\u0105.<\/p>\n<p><strong>Nasza zasada<\/strong>: piel\u0119gnacja w oparciu o zaawansowane sk\u0142adniki daje realne efekty!<\/p>\n<p>W Resibo wierzymy, \u017ce skuteczna, wieczorna piel\u0119gnacja powinna wspiera\u0107 naturalne procesy regeneracji sk\u00f3ry noc\u0105.<\/p>\n<div class=\"row product-extra-desc-n__row mt-md-4 mt-5 product-layout__row align-items-center\">\n<div class=\"product-layout__block              product-extra-desc-n__block              col-12 col-md-6\"><\/p>\n<div class=\"mt-4 mt-md-0 mb-2 mb-md-3 mb-lg-4\"><span class=\"product-extra-desc-n__badge product-feature-badge\"> Efekty i badania <\/span><\/div>\n<div class=\"product-extra-desc-n__text-content\">\n<h4 class=\"h2 mb-3\">Udowodnione efekty od pierwszego u\u017cycia.<\/h4>\n<p>Badania aparaturowe potwierdzaj\u0105 skuteczno\u015b\u0107 kremu ju\u017c po jednej nocy stosowania. NIGHT.01 w trakcie snu poprawia nawil\u017cenie sk\u00f3ry nawet o 61% i jednocze\u015bnie ogranicza przeznask\u00f3rkow\u0105 utrat\u0119 wody (TEWL). Wzmacnia barier\u0119 hydrolipidow\u0105, dzi\u0119ki czemu pomaga utrzyma\u0107 optymalny poziom wilgoci w nask\u00f3rku i zapobiega jego przesuszeniu. Sk\u00f3ra po nocy staje si\u0119 lepiej nawodniona, bardziej elastyczna i wyra\u017anie zregenerowana.<\/p>\n<\/div>\n<\/div>\n<\/div>\n<div class=\"row product-extra-desc-n__row mt-md-4 mt-5 product-layout__row align-items-center\">\n<div class=\"product-layout__block              product-extra-desc-n__block              col-12 col-md-6\"><\/p>\n<div class=\"bg-light product-extra-desc-n__image-block\"><\/div>\n<\/div>\n<div class=\"product-layout__block              product-extra-desc-n__block              col-12 col-md-6\"><\/p>\n<div class=\"mt-4 mt-md-0 mb-2 mb-md-3 mb-lg-4\"><span class=\"product-extra-desc-n__badge product-feature-badge\"> Action <\/span><\/div>\n<div class=\"product-extra-desc-n__text-content\">\n<h4 class=\"h2 mb-3\">Wyg\u0142adzenie i wype\u0142nienie.<\/h4>\n<p><b>Innowacyjny filler hialuronowy<\/b>\u00a0&#8211; zaawansowany sk\u0142adnik oparty na usieciowanej formie kwasu hialuronowego, kt\u00f3ry na powierzchni sk\u00f3ry tworzy delikatn\u0105, tr\u00f3jwymiarow\u0105 mikrosiateczk\u0119 dzia\u0142aj\u0105c\u0105 jak naturalny wype\u0142niacz. Wyg\u0142adza drobne linie i zmarszczki, poprawia elastyczno\u015b\u0107 oraz napi\u0119cie sk\u00f3ry.<\/p>\n<p><strong>Kwas hialuronowy w 3 rozmiarach cz\u0105steczki (LMW, MMW, HMW)<\/strong>\u00a0&#8211; kompleks trzech rodzaj\u00f3w kwasu hialuronowego &#8211; dzia\u0142a wielopoziomowo na r\u00f3\u017cnych warstwach sk\u00f3ry. Niskocz\u0105steczkowy intensywnie nawil\u017ca, poprawia j\u0119drno\u015b\u0107 i wspiera regeneracj\u0119. \u015aredniocz\u0105steczkowy przywraca spr\u0119\u017cysto\u015b\u0107, wyg\u0142adza drobne zmarszczki i pozostawia sk\u00f3r\u0119 mi\u0119kk\u0105 w dotyku. Wielkocz\u0105steczkowy tworzy na jej powierzchni ochronny film, kt\u00f3ry zapobiega utracie wody i daje widoczny efekt wyg\u0142adzenia.<\/p>\n<p><strong>Zaawansowany kompleks sygna\u0142owych peptyd\u00f3w biomimetycznych<\/strong>\u00a0&#8211; peptydowy kompleks o dzia\u0142aniu przeciwstarzeniowym. Wspiera regeneracj\u0119 sk\u00f3ry, poprawia jej j\u0119drno\u015b\u0107 i elastyczno\u015b\u0107, zmniejsza widoczno\u015b\u0107 zmarszczek.<\/p>\n<\/div>\n<\/div>\n<\/div>","protected":false},"featured_media":8506,"template":"","meta":{"ocean_post_layout":"","ocean_both_sidebars_style":"","ocean_both_sidebars_content_width":0,"ocean_both_sidebars_sidebars_width":0,"ocean_sidebar":"0","ocean_second_sidebar":"0","ocean_disable_margins":"enable","ocean_add_body_class":"","ocean_shortcode_before_top_bar":"","ocean_shortcode_after_top_bar":"","ocean_shortcode_before_header":"","ocean_shortcode_after_header":"","ocean_has_shortcode":"","ocean_shortcode_after_title":"","ocean_shortcode_before_footer_widgets":"","ocean_shortcode_after_footer_widgets":"","ocean_shortcode_before_footer_bottom":"","ocean_shortcode_after_footer_bottom":"","ocean_display_top_bar":"default","ocean_display_header":"default","ocean_header_style":"","ocean_center_header_left_menu":"0","ocean_custom_header_template":"0","ocean_custom_logo":0,"ocean_custom_retina_logo":0,"ocean_custom_logo_max_width":0,"ocean_custom_logo_tablet_max_width":0,"ocean_custom_logo_mobile_max_width":0,"ocean_custom_logo_max_height":0,"ocean_custom_logo_tablet_max_height":0,"ocean_custom_logo_mobile_max_height":0,"ocean_header_custom_menu":"0","ocean_menu_typo_font_family":"0","ocean_menu_typo_font_subset":"","ocean_menu_typo_font_size":0,"ocean_menu_typo_font_size_tablet":0,"ocean_menu_typo_font_size_mobile":0,"ocean_menu_typo_font_size_unit":"px","ocean_menu_typo_font_weight":"","ocean_menu_typo_font_weight_tablet":"","ocean_menu_typo_font_weight_mobile":"","ocean_menu_typo_transform":"","ocean_menu_typo_transform_tablet":"","ocean_menu_typo_transform_mobile":"","ocean_menu_typo_line_height":0,"ocean_menu_typo_line_height_tablet":0,"ocean_menu_typo_line_height_mobile":0,"ocean_menu_typo_line_height_unit":"","ocean_menu_typo_spacing":0,"ocean_menu_typo_spacing_tablet":0,"ocean_menu_typo_spacing_mobile":0,"ocean_menu_typo_spacing_unit":"","ocean_menu_link_color":"","ocean_menu_link_color_hover":"","ocean_menu_link_color_active":"","ocean_menu_link_background":"","ocean_menu_link_hover_background":"","ocean_menu_link_active_background":"","ocean_menu_social_links_bg":"","ocean_menu_social_hover_links_bg":"","ocean_menu_social_links_color":"","ocean_menu_social_hover_links_color":"","ocean_disable_title":"default","ocean_disable_heading":"default","ocean_post_title":"","ocean_post_subheading":"","ocean_post_title_style":"","ocean_post_title_background_color":"","ocean_post_title_background":0,"ocean_post_title_bg_image_position":"","ocean_post_title_bg_image_attachment":"","ocean_post_title_bg_image_repeat":"","ocean_post_title_bg_image_size":"","ocean_post_title_height":0,"ocean_post_title_bg_overlay":0.5,"ocean_post_title_bg_overlay_color":"","ocean_disable_breadcrumbs":"default","ocean_breadcrumbs_color":"","ocean_breadcrumbs_separator_color":"","ocean_breadcrumbs_links_color":"","ocean_breadcrumbs_links_hover_color":"","ocean_display_footer_widgets":"default","ocean_display_footer_bottom":"default","ocean_custom_footer_template":"0"},"product_brand":[],"product_cat":[45,68],"product_tag":[],"class_list":{"0":"post-8505","1":"product","2":"type-product","3":"status-publish","4":"has-post-thumbnail","6":"product_cat-kremy-do-twarzy","7":"product_cat-nowosci","9":"entry","10":"has-media","12":"first","13":"instock","14":"shipping-taxable","15":"purchasable","16":"product-type-simple","17":"has-product-nav","18":"col","19":"span_1_of_3","20":"owp-content-left","21":"owp-thumbs-layout-horizontal","22":"owp-btn-normal","23":"owp-tabs-layout-horizontal","24":"has-no-thumbnails"},"_links":{"self":[{"href":"https:\/\/ecocorner.eu\/en\/wp-json\/wp\/v2\/product\/8505","targetHints":{"allow":["GET"]}}],"collection":[{"href":"https:\/\/ecocorner.eu\/en\/wp-json\/wp\/v2\/product"}],"about":[{"href":"https:\/\/ecocorner.eu\/en\/wp-json\/wp\/v2\/types\/product"}],"version-history":[{"count":1,"href":"https:\/\/ecocorner.eu\/en\/wp-json\/wp\/v2\/product\/8505\/revisions"}],"predecessor-version":[{"id":8507,"href":"https:\/\/ecocorner.eu\/en\/wp-json\/wp\/v2\/product\/8505\/revisions\/8507"}],"wp:featuredmedia":[{"embeddable":true,"href":"https:\/\/ecocorner.eu\/en\/wp-json\/wp\/v2\/media\/8506"}],"wp:attachment":[{"href":"https:\/\/ecocorner.eu\/en\/wp-json\/wp\/v2\/media?parent=8505"}],"wp:term":[{"taxonomy":"product_brand","embeddable":true,"href":"https:\/\/ecocorner.eu\/en\/wp-json\/wp\/v2\/product_brand?post=8505"},{"taxonomy":"product_cat","embeddable":true,"href":"https:\/\/ecocorner.eu\/en\/wp-json\/wp\/v2\/product_cat?post=8505"},{"taxonomy":"product_tag","embeddable":true,"href":"https:\/\/ecocorner.eu\/en\/wp-json\/wp\/v2\/product_tag?post=8505"}],"curies":[{"name":"wp","href":"https:\/\/api.w.org\/{rel}","templated":true}]}}