{"id":8511,"date":"2026-02-18T20:20:27","date_gmt":"2026-02-18T20:20:27","guid":{"rendered":"https:\/\/ecocorner.eu\/?post_type=product&#038;p=8511"},"modified":"2026-03-09T14:32:47","modified_gmt":"2026-03-09T14:32:47","slug":"resibo-sun-to-the-people-lekki-krem-do-twarzy-i-ciala-dla-dzieci-i-doroslych-spf-50-50-ml","status":"publish","type":"product","link":"https:\/\/ecocorner.eu\/en\/product\/resibo-sun-to-the-people-lekki-krem-do-twarzy-i-ciala-dla-dzieci-i-doroslych-spf-50-50-ml\/","title":{"rendered":"Resibo  Sun to the People Lekki krem do twarzy i cia\u0142a dla dzieci i doros\u0142ych   SPF 50+   50 ml"},"content":{"rendered":"<div class=\"product-layout__block              product-extra-desc-n__block              col-12 col-md-6\"><\/p>\n<div class=\"mt-4 mt-md-0 mb-2 mb-md-3 mb-lg-4\"><span class=\"product-extra-desc-n__badge product-feature-badge\"> Efekty i badania <\/span><\/div>\n<div class=\"product-extra-desc-n__text-content\">\n<h4 class=\"h2 mb-3\">Nie tylko ochrona&#8230;<\/h4>\n<p>Wszyscy badani byli zgodni \u2013 krem pozostawia sk\u00f3r\u0119 mi\u0119kk\u0105 w dotyku i daje uczucie nawil\u017cenia. 92% badanych potwierdzi\u0142o, \u017ce kosmetyk nie bieli sk\u00f3ry, a 85% podkre\u015bli\u0142o, \u017ce dobrze sprawdza si\u0119 pod makija\u017cem. Co dla nas r\u00f3wnie\u017c bardzo wa\u017cne, krem jest wydajny, co zauwa\u017cy\u0142o 100% badanych.<\/p>\n<\/div>\n<\/div>\n<div class=\"product-layout__block              product-extra-desc-n__block              col-12 col-md-6\"><\/p>\n<div class=\"mt-4 mt-md-0 mb-2 mb-md-3 mb-lg-4\"><span class=\"product-extra-desc-n__badge product-feature-badge\"> Method of application <\/span><\/div>\n<div class=\"product-extra-desc-n__text-content\">\n<h4 class=\"h2 mb-3\">Lekki pod ka\u017cdym wzgl\u0119dem.<\/h4>\n<p>Dzi\u0119ki niewielkiej tubce mo\u017cesz go mie\u0107 zawsze pod r\u0119k\u0105, by korzysta\u0107 z kremu dodatkowo w ci\u0105gu dnia. Doskonale sprawdzi si\u0119 jako codzienny krem SPF do twarzy. Wygodny w podr\u00f3\u017cy \u2013 zajmuje ma\u0142o miejsca i nie obci\u0105\u017ca baga\u017cu podr\u0119cznego.\u202fNa\u0142\u00f3\u017c na sk\u00f3r\u0119 rano lub 20 minut przed wyj\u015bciem na s\u0142o\u0144ce. Aplikuj co 2 godziny i po ka\u017cdym wyj\u015bciu z wody.<\/p>\n<p>&nbsp;<\/p>\n<\/div>\n<\/div>\n<p>Composition:<\/p>\n<div class=\"col-12 col-lg-6 product-layout__block\">\n<div class=\"gallery-layout__wrapper\">\n<div class=\"js-images-container\">\n<div class=\"gallery-layout\">\n<div class=\"gallery-layout__main\">\n<div class=\"swiper swiper-custom js-product-gallery-top product-gallery-top swiper-initialized swiper-horizontal swiper-css-mode\">\n<div class=\"swiper-wrapper product-gallery-top__slider\">\n<div class=\"swiper-slide product-gallery-top__block swiper-slide-next\">\n<div class=\"bg-light product-gallery-top__img-wrapper\"><\/div>\n<\/div>\n<\/div>\n<\/div>\n<\/div>\n<\/div>\n<\/div>\n<\/div>\n<\/div>\n<div class=\"col-12 col-lg-6 product-layout__block js-datalayer-product-view\" data-id-product=\"292\" data-id-product-attribute=\"0\">\n<div class=\"product-information d-flex flex-column\">\n<div class=\"product-actions\">\n<div id=\"product-accordion\" class=\"accordion\">\n<div class=\"card card-accordion\">\n<div id=\"collapse-product-composition\" class=\"collapse show\" aria-labelledby=\"heading-product-composition\" data-parent=\"#product-accordion\">\n<div class=\"card-body pb-1 pt-3\">\n<div class=\"product-description-short\">\n<p>Aqua, Propanediol, Phenylbenzimidazole Sulfonic Acid, Dicaprylyl Carbonate*, Glycerin, Isoamyl Laurate*, Prunus Amygdalus Dulcis Oil, Ethylhexyl Triazone, Diethylamino Hydroxybenzoyl Hexyl Benzoate, Glyceryl Stearate Citrate*, Bis-Ethylhexyloxyphenol Methoxyphenyl Triazine, Caprylic\/Capric Triglyceride*, Titanium Dioxide*, Sodium Lactate, Glyceryl Stearate*, Garcinia Indica Seed Butter, Jojoba Esters \/ Helianthus Annuus Seed Wax \/ Acacia Decurrens Flower Wax \/ Polyglycerin-3*, Maris Aqua*, Helianthus Annuus Seed Oil, Tocopherol, Cellulose Gum*, Biosaccharide Gum-1*, Stearic Acid*, Microcrystalline Cellulose*, Distarch Phosphate*, Xanthan Gum*, Sodium Stearoyl Glutamate*, Phenethyl Alcohol, Ethylhexylglycerin, Sodium Levulinate*, Glyceryl Caprylate*, Sodium Anisate*, Tetrasodium Glutamate Diacetate*, Polyhydroxystearic Acid*, Alumina*, Sodium Hydroxide, Citric Acid, Parfum, Limonene<br \/>\n* natural certified ingredients<\/p>\n<\/div>\n<\/div>\n<\/div>\n<\/div>\n<\/div>\n<\/div>\n<\/div>\n<\/div>","protected":false},"excerpt":{"rendered":"<div class=\"product-layout__block              product-extra-desc-n__block              col-12 col-md-6\"><\/p>\n<div class=\"mt-4 mt-md-0 mb-2 mb-md-3 mb-lg-4\">\n<div id=\"collapse-about-product\" class=\"collapse show\" aria-labelledby=\"heading-about-product\" data-parent=\"#product-accordion\">\n<div class=\"card-body pb-1 pt-3\">\n<div class=\"product-description-short text-left line-height-md\" data-list-id=\"strona-produktu-rekomendacja\" data-list-name=\"Strona produktu - rekomendacja\">\n<h4 class=\"rich-subheader\">Kompleksowa ochrona dla ka\u017cdego.<\/h4>\n<p>Po\u0142\u0105czenie filtr\u00f3w najnowszej generacji z r\u00f3\u017cnorodnymi sk\u0142adnikami aktywnymi sprawia, \u017ce krem nie tylko skutecznie chroni przed s\u0142o\u0144cem, ale i nawil\u017ca. Lekka formu\u0142a szybko si\u0119 wch\u0142ania i jest zupe\u0142nie niewidoczna na sk\u00f3rze.<\/p>\n<p>Doskona\u0142y kosmetyk dla ca\u0142ej rodziny, bezpieczny tak\u017ce dla najm\u0142odszych. Perfekcyjny przez ca\u0142y rok, nie tylko latem.<\/p>\n<p>Nasza zasada: kosmetykami r\u00f3wnie\u017c mo\u017cna dzieli\u0107 si\u0119 z najbli\u017cszymi!<\/p>\n<p>W Resibo wiemy, jak wa\u017cna jest ochrona przed s\u0142o\u0144cem.<\/p>\n<div id=\"collapse-product-details\" class=\"collapse show\" aria-labelledby=\"heading-product-details\" data-parent=\"#product-accordion\">\n<div class=\"card-body pb-1 pt-3\">\n<div class=\"product-description-short\">\n<div class=\"line-height-md mb-3\">\n<p>Sun to the People jest przeznaczony do ochrony ka\u017cdego rodzaju cery. Mo\u017ce by\u0107 stosowany u dzieci ju\u017c od 1. roku \u017cycia.<\/p>\n<\/div>\n<div class=\"row mt-n3 mt-n3 mb-3 mx-n2\">\n<div class=\"col-auto mt-3 px-2\"><span class=\"extra-badge\"> <span class=\"extra-badge__text\"> Na dzie\u0144 <\/span> <\/span><\/div>\n<\/div>\n<p class=\"line-height-md font-weight-semibold mb-3\">Odpowiedni dla kobiet w ci\u0105\u017cy i karmi\u0105cych piersi\u0105<\/p>\n<p class=\"line-height-md mb-3\"><strong> Active Ingredients: <\/strong> mas\u0142o kokum, stabilne filtry UVA i UVB nowej generacji, biopolimer Fucocert\u00ae, woda z francuskiego wybrze\u017ca<\/p>\n<p class=\"line-height-md mb-3\"><strong> 84.8% <\/strong> sk\u0142adnik\u00f3w pochodzenia naturalnego<\/p>\n<\/div>\n<\/div>\n<\/div>\n<\/div>\n<\/div>\n<\/div>\n<\/div>\n<div><\/div>\n<div class=\"mt-4 mt-md-0 mb-2 mb-md-3 mb-lg-4\"><span class=\"product-extra-desc-n__badge product-feature-badge\">Action <\/span><\/div>\n<div class=\"product-extra-desc-n__text-content\">\n<h4 class=\"h2 mb-3\">Skieruj twarz i cia\u0142o ku s\u0142o\u0144cu.<\/h4>\n<p>Ciesz si\u0119 ka\u017cdym promieniem s\u0142o\u0144ca i czuj si\u0119 bezpiecznie. To mo\u017cliwe! Pomo\u017ce Ci w tym kompozycja filtr\u00f3w UVA i UVB najnowszej generacji, kt\u00f3ra zapewnia niezawodn\u0105 i bardzo wysok\u0105 ochron\u0119 sk\u00f3ry przed promieniowaniem s\u0142onecznym. Pro-sk\u0142adnik Maris Aqua, czyli woda pozyskiwana z morskich \u017ar\u00f3de\u0142 u wybrze\u017cy Francji, jest wyj\u0105tkowo bogata w minera\u0142y. Remineralizuje sk\u00f3r\u0119 skuteczniej ni\u017c wody termalne czy woda morska, osi\u0105gaj\u0105c poziom 84%. Podnosi zawarto\u015b\u0107 wa\u017cnych dla sk\u00f3ry pierwiastk\u00f3w, takich jak: magnez, potas, s\u00f3d i chlor. Dzia\u0142a antyoksydacyjnie, nawil\u017ca, rewitalizuje i roz\u015bwietla sk\u00f3r\u0119. Jednocze\u015bnie chroni przed szkodliwym dzia\u0142aniem czynnik\u00f3w zewn\u0119trznych.<\/p>\n<\/div>\n<\/div>","protected":false},"featured_media":8512,"template":"","meta":{"ocean_post_layout":"","ocean_both_sidebars_style":"","ocean_both_sidebars_content_width":0,"ocean_both_sidebars_sidebars_width":0,"ocean_sidebar":"0","ocean_second_sidebar":"0","ocean_disable_margins":"enable","ocean_add_body_class":"","ocean_shortcode_before_top_bar":"","ocean_shortcode_after_top_bar":"","ocean_shortcode_before_header":"","ocean_shortcode_after_header":"","ocean_has_shortcode":"","ocean_shortcode_after_title":"","ocean_shortcode_before_footer_widgets":"","ocean_shortcode_after_footer_widgets":"","ocean_shortcode_before_footer_bottom":"","ocean_shortcode_after_footer_bottom":"","ocean_display_top_bar":"default","ocean_display_header":"default","ocean_header_style":"","ocean_center_header_left_menu":"0","ocean_custom_header_template":"0","ocean_custom_logo":0,"ocean_custom_retina_logo":0,"ocean_custom_logo_max_width":0,"ocean_custom_logo_tablet_max_width":0,"ocean_custom_logo_mobile_max_width":0,"ocean_custom_logo_max_height":0,"ocean_custom_logo_tablet_max_height":0,"ocean_custom_logo_mobile_max_height":0,"ocean_header_custom_menu":"0","ocean_menu_typo_font_family":"0","ocean_menu_typo_font_subset":"","ocean_menu_typo_font_size":0,"ocean_menu_typo_font_size_tablet":0,"ocean_menu_typo_font_size_mobile":0,"ocean_menu_typo_font_size_unit":"px","ocean_menu_typo_font_weight":"","ocean_menu_typo_font_weight_tablet":"","ocean_menu_typo_font_weight_mobile":"","ocean_menu_typo_transform":"","ocean_menu_typo_transform_tablet":"","ocean_menu_typo_transform_mobile":"","ocean_menu_typo_line_height":0,"ocean_menu_typo_line_height_tablet":0,"ocean_menu_typo_line_height_mobile":0,"ocean_menu_typo_line_height_unit":"","ocean_menu_typo_spacing":0,"ocean_menu_typo_spacing_tablet":0,"ocean_menu_typo_spacing_mobile":0,"ocean_menu_typo_spacing_unit":"","ocean_menu_link_color":"","ocean_menu_link_color_hover":"","ocean_menu_link_color_active":"","ocean_menu_link_background":"","ocean_menu_link_hover_background":"","ocean_menu_link_active_background":"","ocean_menu_social_links_bg":"","ocean_menu_social_hover_links_bg":"","ocean_menu_social_links_color":"","ocean_menu_social_hover_links_color":"","ocean_disable_title":"default","ocean_disable_heading":"default","ocean_post_title":"","ocean_post_subheading":"","ocean_post_title_style":"","ocean_post_title_background_color":"","ocean_post_title_background":0,"ocean_post_title_bg_image_position":"","ocean_post_title_bg_image_attachment":"","ocean_post_title_bg_image_repeat":"","ocean_post_title_bg_image_size":"","ocean_post_title_height":0,"ocean_post_title_bg_overlay":0.5,"ocean_post_title_bg_overlay_color":"","ocean_disable_breadcrumbs":"default","ocean_breadcrumbs_color":"","ocean_breadcrumbs_separator_color":"","ocean_breadcrumbs_links_color":"","ocean_breadcrumbs_links_hover_color":"","ocean_display_footer_widgets":"default","ocean_display_footer_bottom":"default","ocean_custom_footer_template":"0"},"product_brand":[],"product_cat":[17,45],"product_tag":[],"class_list":{"0":"post-8511","1":"product","2":"type-product","3":"status-publish","4":"has-post-thumbnail","6":"product_cat-cialo","7":"product_cat-kremy-do-twarzy","9":"entry","10":"has-media","12":"first","13":"instock","14":"shipping-taxable","15":"purchasable","16":"product-type-simple","17":"has-product-nav","18":"col","19":"span_1_of_3","20":"owp-content-left","21":"owp-thumbs-layout-horizontal","22":"owp-btn-normal","23":"owp-tabs-layout-horizontal","24":"has-no-thumbnails"},"_links":{"self":[{"href":"https:\/\/ecocorner.eu\/en\/wp-json\/wp\/v2\/product\/8511","targetHints":{"allow":["GET"]}}],"collection":[{"href":"https:\/\/ecocorner.eu\/en\/wp-json\/wp\/v2\/product"}],"about":[{"href":"https:\/\/ecocorner.eu\/en\/wp-json\/wp\/v2\/types\/product"}],"version-history":[{"count":1,"href":"https:\/\/ecocorner.eu\/en\/wp-json\/wp\/v2\/product\/8511\/revisions"}],"predecessor-version":[{"id":8513,"href":"https:\/\/ecocorner.eu\/en\/wp-json\/wp\/v2\/product\/8511\/revisions\/8513"}],"wp:featuredmedia":[{"embeddable":true,"href":"https:\/\/ecocorner.eu\/en\/wp-json\/wp\/v2\/media\/8512"}],"wp:attachment":[{"href":"https:\/\/ecocorner.eu\/en\/wp-json\/wp\/v2\/media?parent=8511"}],"wp:term":[{"taxonomy":"product_brand","embeddable":true,"href":"https:\/\/ecocorner.eu\/en\/wp-json\/wp\/v2\/product_brand?post=8511"},{"taxonomy":"product_cat","embeddable":true,"href":"https:\/\/ecocorner.eu\/en\/wp-json\/wp\/v2\/product_cat?post=8511"},{"taxonomy":"product_tag","embeddable":true,"href":"https:\/\/ecocorner.eu\/en\/wp-json\/wp\/v2\/product_tag?post=8511"}],"curies":[{"name":"wp","href":"https:\/\/api.w.org\/{rel}","templated":true}]}}