{"id":8573,"date":"2026-03-10T12:16:36","date_gmt":"2026-03-10T12:16:36","guid":{"rendered":"https:\/\/ecocorner.eu\/?post_type=product&#038;p=8573"},"modified":"2026-03-13T21:47:13","modified_gmt":"2026-03-13T21:47:13","slug":"resibo-team-sunscreen-nawilzajacy-krem-koloryzujacy-spf-30-40-ml","status":"publish","type":"product","link":"https:\/\/ecocorner.eu\/en\/product\/resibo-team-sunscreen-nawilzajacy-krem-koloryzujacy-spf-30-40-ml\/","title":{"rendered":"Resibo   Team Sunscreen Nawil\u017caj\u0105cy krem koloryzuj\u0105cy  SPF 30  40 ml"},"content":{"rendered":"<div class=\"row product-extra-desc-n__row mt-md-4 mt-5 product-layout__row align-items-center\">\n<div class=\"product-layout__block              product-extra-desc-n__block              col-12 col-md-6\"><\/p>\n<div class=\"mt-4 mt-md-0 mb-2 mb-md-3 mb-lg-4\"><span class=\"product-extra-desc-n__badge product-feature-badge\"> Action <\/span><\/div>\n<div class=\"product-extra-desc-n__text-content\">\n<h4 class=\"h2 mb-3\">Przywr\u00f3\u0107 naturaln\u0105 r\u00f3wnowag\u0119 sk\u00f3ry.<\/h4>\n<p>Krem jest idealny dla os\u00f3b, kt\u00f3re oczekuj\u0105 aktywnej, skutecznej i naturalnej ochrony przeciws\u0142onecznej w lekkiej formule. Przeznaczony dla ka\u017cdego rodzaju sk\u00f3ry, a zw\u0142aszcza dla mieszanej, t\u0142ustej, tr\u0105dzikowej. Zastosowanie filtr\u00f3w mineralnych sprawia, \u017ce krem jest odpowiedni nawet dla sk\u00f3ry wra\u017cliwej, co potwierdzaj\u0105 badania.\u202fTo niekomedogenny krem, czyli niezapychaj\u0105cy por\u00f3w, a poza tym jest bezpieczny dla okolic oczu. Pro-sk\u0142adnik mirt cytrynowy, jeden z najsilniejszych antyoksydant\u00f3w, dzia\u0142a wielofunkcyjnie. Przywraca sk\u00f3rze naturaln\u0105 r\u00f3wnowag\u0119. Dzia\u0142a antybakteryjnie i antygrzybicznie. Chroni skwalen \u2013 g\u0142\u00f3wny sk\u0142adnik sebum \u2013 przed utlenianiem, skutecznie zapobiegaj\u0105c powstawaniu stan\u00f3w zapalnych.<\/p>\n<\/div>\n<\/div>\n<\/div>\n<div class=\"row product-extra-desc-n__row mt-md-4 mt-5 product-layout__row align-items-center\">\n<div class=\"product-layout__block              product-extra-desc-n__block              col-12 col-md-6\"><\/p>\n<div class=\"bg-light product-extra-desc-n__image-block\"><\/div>\n<\/div>\n<div class=\"product-layout__block              product-extra-desc-n__block              col-12 col-md-6\"><\/p>\n<div class=\"mt-4 mt-md-0 mb-2 mb-md-3 mb-lg-4\"><span class=\"product-extra-desc-n__badge product-feature-badge\"> Efekty i badania <\/span><\/div>\n<div class=\"product-extra-desc-n__text-content\">\n<h4 class=\"h2 mb-3\">Nawil\u017cenie i aksamitne wyko\u0144czenie.<\/h4>\n<p>Przyjemna konsystencja subtelnie wyr\u00f3wnuje i ujednolica koloryt sk\u00f3ry oraz nadaje aksamitne wyko\u0144czenie. Krem nie tylko upi\u0119ksza cer\u0119, ale te\u017c piel\u0119gnuje j\u0105 dzi\u0119ki bogatym sk\u0142adnikom aktywnym. Polisacharyd nawil\u017ca i wyg\u0142adza sk\u00f3r\u0119. Olej z nasion konopi zmi\u0119kcza j\u0105 i dodaje spr\u0119\u017cysto\u015bci. Ekstrakt z rozmarynu \u0142agodzi podra\u017cnienia i regeneruje. 100% badanych potwierdza, \u017ce krem maskuje widoczno\u015b\u0107 drobnych niedoskona\u0142o\u015bci, a 96% podkre\u015bla, \u017ce sk\u00f3ra jest bardziej g\u0142adka w dotyku. Idealny na dzie\u0144 \u2013 pod makija\u017c lub zamiast niego.<\/p>\n<p>Composition:<\/p>\n<p>Aqua, Caprylic\/Capric Triglyceride*, Titanium Dioxide*, Glycerin, Propanediol, Isoamyl Laurate*, Zinc Oxide*, C13-15 Alkane*, Cetearyl Alcohol*, Kaolin*, Astrocaryum Tucuma Seed Butter, Polyhydroxystearic Acid*, Sclerocarya Birrea Seed Oil, Cannabis Sativa Seed Oil, Olea Europaea Fruit Oil*, Helianthus Annuus Seed Oil, Backhousia Citriodora Leaf Extract*, Thymus Vulgaris Flower\/Leaf Extract, Rosmarinus Officinalis Leaf Extract, Biosaccharide Gum-1*, Cetyl Esters*, Cetearyl Glucoside*, Hydrogenated Olive Oil*, Olea Europaea Oil Unsaponifiables*, Sclerotium Gum*, Octyldodecanol*, Alumina*, Stearic Acid*, Jojoba Esters*, Trihydroxystearin*, Sodium Stearoyl Glutamate*, Tetrasodium Glutamate Diacetate*, Phenethyl Alcohol, Ethylhexylglycerin, Sodium Levulinate*, Glyceryl Caprylate*, Sodium Anisate*, Sodium Benzoate, Potassium Sorbate, Citric Acid, Parfum, CI 77492*, CI 77491*, CI 77499*<br \/>\n* natural certified ingredients<\/p>\n<\/div>\n<\/div>\n<\/div>","protected":false},"excerpt":{"rendered":"<h4 class=\"rich-subheader\">Skuteczna ochrona SPF i nawil\u017cenie w lekkiej formule.<\/h4>\n<p>Nawil\u017caj\u0105cy krem koloryzuj\u0105cy SPF 30 jest doskona\u0142y dla sk\u00f3ry, kt\u00f3ra potrzebuje ochrony przeciws\u0142onecznej w mo\u017cliwie jak najl\u017cejszej formule.<\/p>\n<p>To kosmetyk, kt\u00f3ry nie tylko zapewnia ochron\u0119 UVA i UVB, ale te\u017c w\u0142a\u015bciwy poziom nawil\u017cenia. Przywraca r\u00f3wnowag\u0119 sk\u00f3rze i ujednolica jej koloryt.<\/p>\n<p>Nasza zasada: promienna, nawil\u017cona i chroniona sk\u00f3ra ka\u017cdego dnia!<\/p>\n<p>W Resibo wierzymy, \u017ce jeden produkt mo\u017ce by\u0107 wielofunkcyjny i zarazem skuteczny.<\/p>\n<div class=\"line-height-md mb-3\">\n<p>Dla os\u00f3b, kt\u00f3re potrzebuj\u0105 aktywnej, skutecznej i naturalnej ochrony przeciws\u0142onecznej w lekkiej formule. Odpowiedni dla sk\u00f3ry mieszanej, t\u0142ustej, tr\u0105dzikowej, a nawet wra\u017cliwej. Przeciwdzia\u0142a skutkom promieniowania UVA i UVB, nawil\u017ca i przywraca sk\u00f3rze jej naturaln\u0105 r\u00f3wnowag\u0119. Nie zapycha por\u00f3w.<\/p>\n<\/div>\n<div class=\"row mt-n3 mt-n3 mb-3 mx-n2\">\n<div class=\"col-auto mt-3 px-2\"><span class=\"extra-badge\"> <span class=\"extra-badge__text\"> Na dzie\u0144 <\/span> <\/span><\/div>\n<\/div>\n<p class=\"line-height-md font-weight-semibold mb-3\">Odpowiedni dla kobiet w ci\u0105\u017cy i karmi\u0105cych piersi\u0105<\/p>\n<p class=\"line-height-md mb-3\"><strong> Active Ingredients: <\/strong> mirt cytrynowy, olej z nasion konopi, filtry mineralne<\/p>\n<p class=\"line-height-md mb-3\"><strong> 98,6% <\/strong> sk\u0142adnik\u00f3w pochodzenia naturalnego<\/p>","protected":false},"featured_media":8574,"template":"","meta":{"ocean_post_layout":"","ocean_both_sidebars_style":"","ocean_both_sidebars_content_width":0,"ocean_both_sidebars_sidebars_width":0,"ocean_sidebar":"0","ocean_second_sidebar":"0","ocean_disable_margins":"enable","ocean_add_body_class":"","ocean_shortcode_before_top_bar":"","ocean_shortcode_after_top_bar":"","ocean_shortcode_before_header":"","ocean_shortcode_after_header":"","ocean_has_shortcode":"","ocean_shortcode_after_title":"","ocean_shortcode_before_footer_widgets":"","ocean_shortcode_after_footer_widgets":"","ocean_shortcode_before_footer_bottom":"","ocean_shortcode_after_footer_bottom":"","ocean_display_top_bar":"default","ocean_display_header":"default","ocean_header_style":"","ocean_center_header_left_menu":"0","ocean_custom_header_template":"0","ocean_custom_logo":0,"ocean_custom_retina_logo":0,"ocean_custom_logo_max_width":0,"ocean_custom_logo_tablet_max_width":0,"ocean_custom_logo_mobile_max_width":0,"ocean_custom_logo_max_height":0,"ocean_custom_logo_tablet_max_height":0,"ocean_custom_logo_mobile_max_height":0,"ocean_header_custom_menu":"0","ocean_menu_typo_font_family":"0","ocean_menu_typo_font_subset":"","ocean_menu_typo_font_size":0,"ocean_menu_typo_font_size_tablet":0,"ocean_menu_typo_font_size_mobile":0,"ocean_menu_typo_font_size_unit":"px","ocean_menu_typo_font_weight":"","ocean_menu_typo_font_weight_tablet":"","ocean_menu_typo_font_weight_mobile":"","ocean_menu_typo_transform":"","ocean_menu_typo_transform_tablet":"","ocean_menu_typo_transform_mobile":"","ocean_menu_typo_line_height":0,"ocean_menu_typo_line_height_tablet":0,"ocean_menu_typo_line_height_mobile":0,"ocean_menu_typo_line_height_unit":"","ocean_menu_typo_spacing":0,"ocean_menu_typo_spacing_tablet":0,"ocean_menu_typo_spacing_mobile":0,"ocean_menu_typo_spacing_unit":"","ocean_menu_link_color":"","ocean_menu_link_color_hover":"","ocean_menu_link_color_active":"","ocean_menu_link_background":"","ocean_menu_link_hover_background":"","ocean_menu_link_active_background":"","ocean_menu_social_links_bg":"","ocean_menu_social_hover_links_bg":"","ocean_menu_social_links_color":"","ocean_menu_social_hover_links_color":"","ocean_disable_title":"default","ocean_disable_heading":"default","ocean_post_title":"","ocean_post_subheading":"","ocean_post_title_style":"","ocean_post_title_background_color":"","ocean_post_title_background":0,"ocean_post_title_bg_image_position":"","ocean_post_title_bg_image_attachment":"","ocean_post_title_bg_image_repeat":"","ocean_post_title_bg_image_size":"","ocean_post_title_height":0,"ocean_post_title_bg_overlay":0.5,"ocean_post_title_bg_overlay_color":"","ocean_disable_breadcrumbs":"default","ocean_breadcrumbs_color":"","ocean_breadcrumbs_separator_color":"","ocean_breadcrumbs_links_color":"","ocean_breadcrumbs_links_hover_color":"","ocean_display_footer_widgets":"default","ocean_display_footer_bottom":"default","ocean_custom_footer_template":"0"},"product_brand":[],"product_cat":[45,68],"product_tag":[],"class_list":{"0":"post-8573","1":"product","2":"type-product","3":"status-publish","4":"has-post-thumbnail","6":"product_cat-kremy-do-twarzy","7":"product_cat-nowosci","9":"entry","10":"has-media","12":"first","13":"instock","14":"shipping-taxable","15":"purchasable","16":"product-type-simple","17":"has-product-nav","18":"col","19":"span_1_of_3","20":"owp-content-left","21":"owp-thumbs-layout-horizontal","22":"owp-btn-normal","23":"owp-tabs-layout-horizontal","24":"has-no-thumbnails"},"_links":{"self":[{"href":"https:\/\/ecocorner.eu\/en\/wp-json\/wp\/v2\/product\/8573","targetHints":{"allow":["GET"]}}],"collection":[{"href":"https:\/\/ecocorner.eu\/en\/wp-json\/wp\/v2\/product"}],"about":[{"href":"https:\/\/ecocorner.eu\/en\/wp-json\/wp\/v2\/types\/product"}],"version-history":[{"count":1,"href":"https:\/\/ecocorner.eu\/en\/wp-json\/wp\/v2\/product\/8573\/revisions"}],"predecessor-version":[{"id":8575,"href":"https:\/\/ecocorner.eu\/en\/wp-json\/wp\/v2\/product\/8573\/revisions\/8575"}],"wp:featuredmedia":[{"embeddable":true,"href":"https:\/\/ecocorner.eu\/en\/wp-json\/wp\/v2\/media\/8574"}],"wp:attachment":[{"href":"https:\/\/ecocorner.eu\/en\/wp-json\/wp\/v2\/media?parent=8573"}],"wp:term":[{"taxonomy":"product_brand","embeddable":true,"href":"https:\/\/ecocorner.eu\/en\/wp-json\/wp\/v2\/product_brand?post=8573"},{"taxonomy":"product_cat","embeddable":true,"href":"https:\/\/ecocorner.eu\/en\/wp-json\/wp\/v2\/product_cat?post=8573"},{"taxonomy":"product_tag","embeddable":true,"href":"https:\/\/ecocorner.eu\/en\/wp-json\/wp\/v2\/product_tag?post=8573"}],"curies":[{"name":"wp","href":"https:\/\/api.w.org\/{rel}","templated":true}]}}