{"id":8576,"date":"2026-03-10T12:20:17","date_gmt":"2026-03-10T12:20:17","guid":{"rendered":"https:\/\/ecocorner.eu\/?post_type=product&#038;p=8576"},"modified":"2026-03-10T12:25:18","modified_gmt":"2026-03-10T12:25:18","slug":"resibo-self-love-krem-bb-sunny-beige-30-ml","status":"publish","type":"product","link":"https:\/\/ecocorner.eu\/en\/product\/resibo-self-love-krem-bb-sunny-beige-30-ml\/","title":{"rendered":"Resibo   Self Love  Krem BB  Sunny Beige  25 ml"},"content":{"rendered":"<div class=\"row product-extra-desc-n__row mt-md-4 mt-5 product-layout__row align-items-center\">\n<div class=\"product-layout__block product-extra-desc-n__block col-12 col-md-6\">\n<div class=\"mt-4 mt-md-0 mb-2 mb-md-3 mb-lg-4\"><span class=\"product-extra-desc-n__badge product-feature-badge\"> Action <\/span><\/div>\n<div class=\"product-extra-desc-n__text-content\">\n<h4 class=\"h2 mb-3\">Twarzowe kolory doskonale dopasowane do Twojej sk\u00f3ry.<\/h4>\n<p>Self Love, krem BB z filtrem SPF 6, zawiera ekstrakt z kurkumy, kt\u00f3ry wyr\u00f3wnuje koloryt i dodaje sk\u00f3rze zdrowego blasku, wspieraj\u0105c naturalne procesy depigmentacyjne.<br \/>\nWybierz sw\u00f3j odcie\u0144:<\/p>\n<p>light beige \u2013 dla cery jasnej i porcelanowej,<br \/>\nsunny beige \u2013 dla sk\u00f3ry \u015bniadej, oliwkowej, ciemniejszej karnacji i sk\u00f3ry z wakacyjn\u0105 opalenizn\u0105,<br \/>\nnatural beige \u2013 odcienie po\u015brednie, mi\u0119dzy light a sunny.<\/p>\n<\/div>\n<\/div>\n<\/div>\n<div class=\"row product-extra-desc-n__row mt-md-4 mt-5 product-layout__row align-items-center\">\n<div class=\"product-layout__block product-extra-desc-n__block col-12 col-md-6\">\n<div class=\"bg-light product-extra-desc-n__image-block\"><\/div>\n<\/div>\n<div class=\"product-layout__block product-extra-desc-n__block col-12 col-md-6\">\n<div class=\"mt-4 mt-md-0 mb-2 mb-md-3 mb-lg-4\"><span class=\"product-extra-desc-n__badge product-feature-badge\"> Efekty i badania <\/span><\/div>\n<div class=\"product-extra-desc-n__text-content\">\n<h4 class=\"h2 mb-3\">Przekonaj si\u0119 na w\u0142asnej sk\u00f3rze!<\/h4>\n<p>Badania potwierdzaj\u0105 zalety: 100% u\u017cytkowniczek docenia r\u00f3wnomierne rozprowadzanie si\u0119 kremu i nawil\u017cenie sk\u00f3ry. 100% potwierdza, \u017ce BB Cream jest doskona\u0142y do stosowania na co dzie\u0144 i nie sprawia wra\u017cenia ci\u0119\u017ckiego makija\u017cu. Self Love to wspania\u0142y krem adaptuj\u0105cy, kt\u00f3rego efekty b\u0119d\u0105 cieszy\u0142y Ci\u0119 ka\u017cdego dnia. Pokochasz to, co zobaczysz!<\/p>\n<\/div>\n<\/div>\n<\/div>\n<div class=\"row product-extra-desc-n__row mt-md-4 mt-5 product-layout__row align-items-center\">\n<div class=\"product-layout__block product-extra-desc-n__block col-12 col-md-6\">\n<div class=\"bg-light product-extra-desc-n__image-block\"><\/div>\n<\/div>\n<div class=\"product-layout__block product-extra-desc-n__block col-12 col-md-6\">\n<div class=\"mt-4 mt-md-0 mb-2 mb-md-3 mb-lg-4\"><span class=\"product-extra-desc-n__badge product-feature-badge\"> Method of application <\/span><\/div>\n<div class=\"product-extra-desc-n__text-content\">\n<h4 class=\"h2 mb-3\">Czas na poranny efekt WOW!<\/h4>\n<p>Nasz naturalny podk\u0142ad delikatnie rozprowad\u017a na oczyszczonej sk\u00f3rze. Pozw\u00f3l sobie stopniowa\u0107 efekt, dostosowuj\u0105c ilo\u015b\u0107 kremu do osi\u0105gni\u0119cia po\u017c\u0105danego krycia.<\/p>\n<p>Composition:<\/p>\n<p>Aqua, Zinc Oxide, Caprylic\/Capric Triglyceride, Isoamyl Laurate, Glycerin, Cetearyl Alcohol, Propanediol, Octyldodecanol, Squalane, Cetearyl Glucoside, Polyhydroxystearic Acid, Tocopherol, Helianthus Annuus Seed Oil, Pulmonaria Officinalis Extract, Curcuma Longa Root Extract, Phenethyl Alcohol, Ethylhexylglycerin, Biosaccharide Gum-1, Jojoba Esters, Xanthan Gum, Sodium Stearoyl Glutamate, Tetrasodium Glutamate Diacetate, Sodium Benzoate, Potassium Sorbate, Trihydroxystearin, Sodium Levulinate, Sodium Anisate, Glyceryl Caprylate, Alumina, Silica, Citric Acid, Parfum, Linalool, Linalyl Acetate, Citronellol, Geraniol, Geranyl Acetate, Limonene, Citrus Aurantium Peel Oil, Pinene, CI 77891, CI 77492, CI 77491, CI 77499<\/p>\n<\/div>\n<\/div>\n<\/div>","protected":false},"excerpt":{"rendered":"<h4 class=\"rich-subheader\">Poczuj si\u0119 pi\u0119knie we w\u0142asnej sk\u00f3rze!<\/h4>\n<p>Odkryj tajemnic\u0119 promiennej cery z Self Love, naturalnym kremem BB, kt\u00f3ry doskonale \u0142\u0105czy si\u0119 z ka\u017cdym odcieniem sk\u00f3ry. Jego p\u00f3\u0142przejrzysta, delikatna formu\u0142a dopasowuje si\u0119 do koloru sk\u00f3ry, nadaj\u0105c jej bardzo zdrowy, naturalny wygl\u0105d.<\/p>\n<p>Nasza zasada: pi\u0119kno warto piel\u0119gnowa\u0107 ka\u017cdego dnia.<\/p>\n<p>W Resibo \u0142\u0105czymy w\u0142a\u015bciwo\u015bci upi\u0119kszaj\u0105ce z piel\u0119gnacyjnymi dla Twojego maksymalnego komfortu.<\/p>\n<div class=\"line-height-md mb-3\">\n<p>Krem BB jest odpowiedni dla ka\u017cdego typu sk\u00f3ry. Ma na tyle lekk\u0105 konsystencj\u0119, \u017ce osoby z cer\u0105 t\u0142ust\u0105 mog\u0105 go stosowa\u0107, nie obawiaj\u0105c si\u0119 efektu \u015bwiecenia, a dzi\u0119ki w\u0142a\u015bciwo\u015bciom nawil\u017caj\u0105cym krem sprawdza si\u0119\u00a0 r\u00f3wnie\u017c w przypadku suchej sk\u00f3ry.<\/p>\n<\/div>\n<div class=\"row mt-n3 mt-n3 mb-3 mx-n2\">\n<div class=\"col-auto mt-3 px-2\"><span class=\"extra-badge\"> <span class=\"extra-badge__text\"> Na dzie\u0144 <\/span> <\/span><\/div>\n<\/div>\n<p class=\"line-height-md font-weight-semibold mb-3\">Odpowiedni dla kobiet w ci\u0105\u017cy i karmi\u0105cych piersi\u0105<\/p>\n<p class=\"line-height-md mb-3\"><strong> Active Ingredients: <\/strong> ekstrakt z kurkumy, ekstrakt z miodunki plamistej<\/p>\n<p class=\"line-height-md mb-3\"><strong> 97,6% <\/strong> sk\u0142adnik\u00f3w pochodzenia naturalnego<\/p>","protected":false},"featured_media":8583,"template":"","meta":{"ocean_post_layout":"","ocean_both_sidebars_style":"","ocean_both_sidebars_content_width":0,"ocean_both_sidebars_sidebars_width":0,"ocean_sidebar":"0","ocean_second_sidebar":"0","ocean_disable_margins":"enable","ocean_add_body_class":"","ocean_shortcode_before_top_bar":"","ocean_shortcode_after_top_bar":"","ocean_shortcode_before_header":"","ocean_shortcode_after_header":"","ocean_has_shortcode":"","ocean_shortcode_after_title":"","ocean_shortcode_before_footer_widgets":"","ocean_shortcode_after_footer_widgets":"","ocean_shortcode_before_footer_bottom":"","ocean_shortcode_after_footer_bottom":"","ocean_display_top_bar":"default","ocean_display_header":"default","ocean_header_style":"","ocean_center_header_left_menu":"0","ocean_custom_header_template":"0","ocean_custom_logo":0,"ocean_custom_retina_logo":0,"ocean_custom_logo_max_width":0,"ocean_custom_logo_tablet_max_width":0,"ocean_custom_logo_mobile_max_width":0,"ocean_custom_logo_max_height":0,"ocean_custom_logo_tablet_max_height":0,"ocean_custom_logo_mobile_max_height":0,"ocean_header_custom_menu":"0","ocean_menu_typo_font_family":"0","ocean_menu_typo_font_subset":"","ocean_menu_typo_font_size":0,"ocean_menu_typo_font_size_tablet":0,"ocean_menu_typo_font_size_mobile":0,"ocean_menu_typo_font_size_unit":"px","ocean_menu_typo_font_weight":"","ocean_menu_typo_font_weight_tablet":"","ocean_menu_typo_font_weight_mobile":"","ocean_menu_typo_transform":"","ocean_menu_typo_transform_tablet":"","ocean_menu_typo_transform_mobile":"","ocean_menu_typo_line_height":0,"ocean_menu_typo_line_height_tablet":0,"ocean_menu_typo_line_height_mobile":0,"ocean_menu_typo_line_height_unit":"","ocean_menu_typo_spacing":0,"ocean_menu_typo_spacing_tablet":0,"ocean_menu_typo_spacing_mobile":0,"ocean_menu_typo_spacing_unit":"","ocean_menu_link_color":"","ocean_menu_link_color_hover":"","ocean_menu_link_color_active":"","ocean_menu_link_background":"","ocean_menu_link_hover_background":"","ocean_menu_link_active_background":"","ocean_menu_social_links_bg":"","ocean_menu_social_hover_links_bg":"","ocean_menu_social_links_color":"","ocean_menu_social_hover_links_color":"","ocean_disable_title":"default","ocean_disable_heading":"default","ocean_post_title":"","ocean_post_subheading":"","ocean_post_title_style":"","ocean_post_title_background_color":"","ocean_post_title_background":0,"ocean_post_title_bg_image_position":"","ocean_post_title_bg_image_attachment":"","ocean_post_title_bg_image_repeat":"","ocean_post_title_bg_image_size":"","ocean_post_title_height":0,"ocean_post_title_bg_overlay":0.5,"ocean_post_title_bg_overlay_color":"","ocean_disable_breadcrumbs":"default","ocean_breadcrumbs_color":"","ocean_breadcrumbs_separator_color":"","ocean_breadcrumbs_links_color":"","ocean_breadcrumbs_links_hover_color":"","ocean_display_footer_widgets":"default","ocean_display_footer_bottom":"default","ocean_custom_footer_template":"0"},"product_brand":[],"product_cat":[45],"product_tag":[],"class_list":{"0":"post-8576","1":"product","2":"type-product","3":"status-publish","4":"has-post-thumbnail","6":"product_cat-kremy-do-twarzy","8":"entry","9":"has-media","11":"first","12":"instock","13":"shipping-taxable","14":"purchasable","15":"product-type-simple","16":"has-product-nav","17":"col","18":"span_1_of_3","19":"owp-content-left","20":"owp-thumbs-layout-horizontal","21":"owp-btn-normal","22":"owp-tabs-layout-horizontal"},"_links":{"self":[{"href":"https:\/\/ecocorner.eu\/en\/wp-json\/wp\/v2\/product\/8576","targetHints":{"allow":["GET"]}}],"collection":[{"href":"https:\/\/ecocorner.eu\/en\/wp-json\/wp\/v2\/product"}],"about":[{"href":"https:\/\/ecocorner.eu\/en\/wp-json\/wp\/v2\/types\/product"}],"version-history":[{"count":3,"href":"https:\/\/ecocorner.eu\/en\/wp-json\/wp\/v2\/product\/8576\/revisions"}],"predecessor-version":[{"id":8585,"href":"https:\/\/ecocorner.eu\/en\/wp-json\/wp\/v2\/product\/8576\/revisions\/8585"}],"wp:featuredmedia":[{"embeddable":true,"href":"https:\/\/ecocorner.eu\/en\/wp-json\/wp\/v2\/media\/8583"}],"wp:attachment":[{"href":"https:\/\/ecocorner.eu\/en\/wp-json\/wp\/v2\/media?parent=8576"}],"wp:term":[{"taxonomy":"product_brand","embeddable":true,"href":"https:\/\/ecocorner.eu\/en\/wp-json\/wp\/v2\/product_brand?post=8576"},{"taxonomy":"product_cat","embeddable":true,"href":"https:\/\/ecocorner.eu\/en\/wp-json\/wp\/v2\/product_cat?post=8576"},{"taxonomy":"product_tag","embeddable":true,"href":"https:\/\/ecocorner.eu\/en\/wp-json\/wp\/v2\/product_tag?post=8576"}],"curies":[{"name":"wp","href":"https:\/\/api.w.org\/{rel}","templated":true}]}}