{"id":8608,"date":"2026-03-10T14:37:21","date_gmt":"2026-03-10T14:37:21","guid":{"rendered":"https:\/\/ecocorner.eu\/?post_type=product&#038;p=8608"},"modified":"2026-03-10T14:39:58","modified_gmt":"2026-03-10T14:39:58","slug":"polskie-wody-lecznicze-woda-szczawa-i-stres-330-ml","status":"publish","type":"product","link":"https:\/\/ecocorner.eu\/en\/product\/polskie-wody-lecznicze-woda-szczawa-i-stres-330-ml\/","title":{"rendered":"Polskie wody lecznicze  Woda  SZCZAWA  I  Stres   330 ml"},"content":{"rendered":"<div class=\"two-columns-with-slider__wrapper-left\">\n<div class=\"two-columns-with-slider__wrapper-left-title title center\">Czy woda lecznicza Szczawa I na stres i nerwy to produkt dla Ciebie? Tak, je\u015bli:<\/div>\n<div class=\"two-columns-with-slider__wrapper-left-content\">\n<ul>\n<li dir=\"ltr\" aria-level=\"1\">\n<p dir=\"ltr\" role=\"presentation\">borykasz si\u0119 z cz\u0119stymi alergiami uk\u0142adu oddechowego;<\/p>\n<\/li>\n<li dir=\"ltr\" aria-level=\"1\">\n<p dir=\"ltr\" role=\"presentation\">co roku w okresie jesienno-zimowym odczuwasz zm\u0119czenie albo miewasz stany depresyjne;<\/p>\n<\/li>\n<li dir=\"ltr\" aria-level=\"1\">\n<p dir=\"ltr\" role=\"presentation\">miewasz wahania nastroju lub zaburzenia pami\u0119ci\/koncentracji;<\/p>\n<\/li>\n<li dir=\"ltr\" aria-level=\"1\">\n<p dir=\"ltr\" role=\"presentation\">szukasz naturalnego produktu, kt\u00f3ry wesprze organizm w okresach wzmo\u017conego napi\u0119cia emocjonalnego;<\/p>\n<\/li>\n<li dir=\"ltr\" aria-level=\"1\">\n<p dir=\"ltr\" role=\"presentation\">znajdujesz si\u0119 na bardzo stresuj\u0105cym etapie \u017cyciowym (np. w zwi\u0105zku ze zmian\u0105 pracy, przeprowadzk\u0105, przepracowaniem, staraniami o kredyt, rozwijaniem w\u0142asnej firmy, narodzinami dziecka lub utrat\u0105 bliskiej osoby).<\/p>\n<\/li>\n<\/ul>\n<\/div>\n<\/div>\n<div class=\"two-columns-with-slider__wrapper-right\">\n<div class=\"two-columns-with-slider__wrapper-right-title title center\">W\u0142a\u015bciwo\u015bci wody leczniczej Szczawa I<\/div>\n<div class=\"two-columns-with-slider__wrapper-right-content\">\n<p dir=\"ltr\">Woda lecznicza Szczawa I zawiera unikaln\u0105 proporcj\u0119 minera\u0142\u00f3w, kt\u00f3re wp\u0142ywaj\u0105 korzystnie na funkcjonowanie uk\u0142adu nerwowego.<\/p>\n<div class=\"how-to-use__title title center\">Jak stosowa\u0107 wod\u0119 lecznicz\u0105 Szczawa I?<\/div>\n<div><\/div>\n<div class=\"how-to-use__description\">\n<div class=\"how-to-use__description-left\">\n<p dir=\"ltr\">Woda mineralna Szczawa I na stres mo\u017ce by\u0107 wykorzystywana do kuracji pitnych (po rozcie\u0144czeniu), a tak\u017ce inhalacji oraz p\u0142ukania jamy ustnej i gard\u0142a (bez rozcie\u0144czenia). Zar\u00f3wno w lecznictwie uzdrowiskowym, jak i do codziennej suplementacji oraz domowego wspierania leczenia schorze\u0144.<\/p>\n<\/div>\n<div class=\"how-to-use__description-right\">\n<p>Czas trwania kuracji wod\u0105 lecznicz\u0105 Szczawa I jest ustalany przez lekarza i zwykle trwa oko\u0142o 4 tygodni (a w uzasadnionych przypadkach d\u0142u\u017cej).<\/p>\n<\/div>\n<\/div>\n<div class=\"how-to-use__tabs\">\n<div class=\"how-to-use__tabs-aside\">\n<div class=\"how-to-use__tabs-aside-item-box\">\n<div class=\"how-to-use__tabs-aside-item active\" data-tab-name=\"Kuracja pitna\">\n<div class=\"how-to-use__tabs-aside-item-wrapper\">\n<div class=\"how-to-use__tabs-aside-item-wrapper-icon\"><img decoding=\"async\" class=\"entered litespeed-loaded\" src=\"https:\/\/woda-lecznicza.pl\/wp-content\/uploads\/2024\/09\/SzczawaI-baner-zastosowanie-1-1.png.webp\" alt=\"\" data-lazyloaded=\"1\" data-src=\"https:\/\/woda-lecznicza.pl\/wp-content\/uploads\/2024\/09\/SzczawaI-baner-zastosowanie-1-1.png.webp\" data-ll-status=\"loaded\" \/><\/div>\n<div class=\"how-to-use__tabs-aside-item-wrapper-title\">Kuracja pitna<\/div>\n<\/div>\n<\/div>\n<\/div>\n<div class=\"how-to-use__tabs-aside-item-box\">\n<div class=\"how-to-use__tabs-aside-item\" data-tab-name=\"Inhalacje\">\n<div class=\"how-to-use__tabs-aside-item-wrapper\">\n<div class=\"how-to-use__tabs-aside-item-wrapper-icon\"><img decoding=\"async\" class=\"entered litespeed-loaded\" src=\"https:\/\/woda-lecznicza.pl\/wp-content\/uploads\/2024\/09\/SzczawaI-baner-zastosowanie-1-2.png.webp\" alt=\"\" data-lazyloaded=\"1\" data-src=\"https:\/\/woda-lecznicza.pl\/wp-content\/uploads\/2024\/09\/SzczawaI-baner-zastosowanie-1-2.png.webp\" data-ll-status=\"loaded\" \/><\/div>\n<div class=\"how-to-use__tabs-aside-item-wrapper-title\">Inhalacje<\/div>\n<\/div>\n<\/div>\n<\/div>\n<div class=\"how-to-use__tabs-aside-item-box\">\n<div class=\"how-to-use__tabs-aside-item\" data-tab-name=\"P\u0142ukanie jamy ustnej i gard\u0142a\">\n<div class=\"how-to-use__tabs-aside-item-wrapper\">\n<div class=\"how-to-use__tabs-aside-item-wrapper-icon\"><img decoding=\"async\" class=\"entered litespeed-loaded\" src=\"https:\/\/woda-lecznicza.pl\/wp-content\/uploads\/2024\/09\/SzczawaI-baner-zastosowanie-1-3.png.webp\" alt=\"\" data-lazyloaded=\"1\" data-src=\"https:\/\/woda-lecznicza.pl\/wp-content\/uploads\/2024\/09\/SzczawaI-baner-zastosowanie-1-3.png.webp\" data-ll-status=\"loaded\" \/><\/div>\n<div class=\"how-to-use__tabs-aside-item-wrapper-title\">P\u0142ukanie jamy ustnej i gard\u0142a<\/div>\n<\/div>\n<\/div>\n<\/div>\n<\/div>\n<div class=\"how-to-use__tabs-values\">\n<div class=\"how-to-use__tabs-values-item active\" data-tab-name=\"Kuracja pitna\">\n<p dir=\"ltr\">Woda Szczawa I z magnezem i litem powinna by\u0107 spo\u017cywana po rozcie\u0144czeniu z wod\u0105 \u017ar\u00f3dlan\u0105 lub niskozmineralizowan\u0105 (w proporcji 1:1 dla os\u00f3b doros\u0142ych oraz 1:2 dla dzieci). W kuracji pitnej zalecane jest nast\u0119puj\u0105ce dawkowanie:<\/p>\n<ul>\n<li dir=\"ltr\" aria-level=\"1\">\n<p dir=\"ltr\" role=\"presentation\">pierwsza dawka \u2013 150 ml, w godzinach porannych, przed posi\u0142kiem;<\/p>\n<\/li>\n<li dir=\"ltr\" aria-level=\"1\">\n<p dir=\"ltr\" role=\"presentation\">druga dawka \u2013 150 ml, wieczorem, po ostatnim posi\u0142ku.<\/p>\n<\/li>\n<\/ul>\n<p dir=\"ltr\">Zalecane jest, aby pi\u0107 wod\u0119 lecznicz\u0105 Szczawa I powoli, ma\u0142ymi \u0142ykami. Nie nale\u017cy przekracza\u0107 zalecanej ilo\u015bci spo\u017cywanej wody leczniczej w ci\u0105gu doby, kt\u00f3ra wynosi 300 ml.<\/p>\n<div class=\"how-to-use__tabs-values-item-warning\">\n<p dir=\"ltr\">Uwaga: producent nie ponosi odpowiedzialno\u015bci za skutki uboczne wynikaj\u0105ce ze stosowania kuracji wod\u0105 lecznicz\u0105 niezgodnie z zaleceniami lekarza.<\/p>\n<\/div>\n<\/div>\n<\/div>\n<\/div>\n<\/div>\n<\/div>\n<h3 dir=\"ltr\">Contraindications:<\/h3>\n<p dir=\"ltr\">Woda lecznicza Szczawa I z magnezem i litem\u00a0nie powinna by\u0107 stosowana przez osoby:<\/p>\n<ul>\n<li dir=\"ltr\" aria-level=\"1\">\n<p dir=\"ltr\" role=\"presentation\">choruj\u0105ce na nadczynno\u015b\u0107 tarczycy;<\/p>\n<\/li>\n<li dir=\"ltr\" aria-level=\"1\">\n<p dir=\"ltr\" role=\"presentation\">ze stwierdzon\u0105 alergi\u0105 na jod;<\/p>\n<\/li>\n<\/ul>\n<p>Zaleca si\u0119 ograniczone stosowanie przy znacznym nadci\u015bnieniu t\u0119tniczym oraz sk\u0142onno\u015bci do obrz\u0119k\u00f3w.<\/p>\n<h3 dir=\"ltr\"><span id=\"Termin_przydatnosci_do_spozycia\" class=\"ez-toc-section\"><\/span>Termin przydatno\u015bci do spo\u017cycia:<\/h3>\n<p dir=\"ltr\">Termin przydatno\u015bci do spo\u017cycia\u00a0wody leczniczej Szczawa I na stres\u00a0wynosi\u00a012 miesi\u0119cy. Zalecane jest, aby spo\u017cy\u0107 produkt w ci\u0105gu 12 godzin od otwarcia butelki.<\/p>\n<h3 dir=\"ltr\"><span id=\"Przechowywanie\" class=\"ez-toc-section\"><\/span>Keeping:<\/h3>\n<p dir=\"ltr\">Wod\u0119 lecznicz\u0105 Szczawa I na stres\u00a0nale\u017cy przechowywa\u0107 w oryginalnym opakowaniu, w suchym i ch\u0142odnym miejscu, z dala od bezpo\u015bredniego \u015bwiat\u0142a s\u0142onecznego i zbyt niskich temperatur (niewskazane jest przemro\u017cenie produktu).<\/p>\n<h3 dir=\"ltr\"><span id=\"Osad\" class=\"ez-toc-section\"><\/span>Osad:<\/h3>\n<p dir=\"ltr\">Tworzenie si\u0119 osadu na dnie butelki z\u00a0wod\u0105 lecznicz\u0105 Szczawa I\u00a0to ca\u0142kowicie naturalne zjawisko, kt\u00f3re nie wp\u0142ywa na jako\u015b\u0107 produktu.<\/p>\n<h3 dir=\"ltr\"><span id=\"Informacje_dla_alergikow\" class=\"ez-toc-section\"><\/span>Informacje dla alergik\u00f3w:<\/h3>\n<p dir=\"ltr\">Woda lecznicza Szczawa I\u00a0zawiera wiele pierwiastk\u00f3w mineralnych, w tym r\u00f3wnie\u017c jod. Produkt nie jest wskazany do spo\u017cycia przez osoby uczulone na jod.<\/p>","protected":false},"excerpt":{"rendered":"<h2 class=\"wp-block-heading has-text-align-center\">Szczawa I posiada unikalne proporcje pierwiastk\u00f3w, kt\u00f3re stanowi\u0105 o jej w\u0142a\u015bciwo\u015bciach funkcyjnych i leczniczych.<\/h2>\n<section class=\"two-descriptions\">\n<div class=\"container w\">\n<div class=\"two-descriptions__wrapper\">\n<div class=\"two-descriptions__wrapper-left\">\n<ul>\n<li dir=\"ltr\" aria-level=\"1\">\n<p dir=\"ltr\" role=\"presentation\">Naturalne wsparcie dla organizmu w sytuacjach stresowych<\/p>\n<\/li>\n<li dir=\"ltr\" aria-level=\"1\">\n<p dir=\"ltr\" role=\"presentation\">Zawiera unikaln\u0105 proporcj\u0119 minera\u0142\u00f3w, kt\u00f3re mog\u0105 zapobiec depresji, a tak\u017ce wspieraj\u0105 w leczeniu schorze\u0144 na tle nerwowym i nadpobudliwo\u015bci<\/p>\n<\/li>\n<li dir=\"ltr\" aria-level=\"1\">\n<p dir=\"ltr\" role=\"presentation\">Woda posiada \u015bwiadectwo potwierdzaj\u0105ce jej w\u0142a\u015bciwo\u015bci lecznicze<\/p>\n<\/li>\n<\/ul>\n<\/div>\n<div class=\"two-descriptions__wrapper-right\">\n<p dir=\"ltr\">Woda lecznicza Szczawa I, wydobywana z uj\u0119cia \u201eSzczawa I\u201d w Szczawie, stanowi naturalne wsparcie dla organizmu w sytuacjach stresowych. Kuracj\u0119 mog\u0105 stosowa\u0107 osoby zmagaj\u0105ce si\u0119 z depresj\u0105, schorzeniami na tle nerwowym czy te\u017c nadpobudliwo\u015bci\u0105. Zawarte w wodzie leczniczej pierwiastki mineralne wp\u0142ywaj\u0105 tak\u017ce korzystnie na funkcjonowanie innych uk\u0142ad\u00f3w ni\u017c nerwowy \u2014 dzi\u0119ki nim mo\u017cna mi\u0119dzy innymi wyregulowa\u0107 prac\u0119 uk\u0142adu pokarmowego oraz uk\u0142adu moczowego.<\/p>\n<p dir=\"ltr\">Woda lecznicza Szczawa I z magnezem i litem wykazuje w\u0142a\u015bciwo\u015bci lecznicze, potwierdzone wieloletnimi obserwacjami empirycznymi. Jej jako\u015b\u0107 kontrolowana jest kwartaln\u0105 analiz\u0105 fizyko-chemiczn\u0105, a poziom mineralizacji zatwierdzany przez G\u0142\u00f3wny Inspektorat Sanitarny.<\/p>\n<p dir=\"ltr\">Naturalnie nasycona dwutlenkiem w\u0119gla woda lecznicza jest zalecana w leczeniu schorze\u0144 na tle nerwowym, depresji oraz w stanach napi\u0119cia organizmu. Kuracja wod\u0105 lecznicz\u0105 Szczawa I jest wskazana tak\u017ce u os\u00f3b z:<\/p>\n<ul>\n<li dir=\"ltr\" aria-level=\"1\">\n<p dir=\"ltr\" role=\"presentation\">alergiami;<\/p>\n<\/li>\n<li dir=\"ltr\" aria-level=\"1\">\n<p dir=\"ltr\" role=\"presentation\">chorobami krwi;<\/p>\n<\/li>\n<li dir=\"ltr\" aria-level=\"1\">\n<p dir=\"ltr\" role=\"presentation\">chorobami uk\u0142adu moczowego;<\/p>\n<\/li>\n<li dir=\"ltr\" aria-level=\"1\">\n<p dir=\"ltr\" role=\"presentation\">chorobami uk\u0142adu pokarmowego;<\/p>\n<\/li>\n<li dir=\"ltr\" aria-level=\"1\">\n<p dir=\"ltr\" role=\"presentation\">cukrzyc\u0105;<\/p>\n<\/li>\n<li dir=\"ltr\" aria-level=\"1\">\n<p dir=\"ltr\" role=\"presentation\">oty\u0142o\u015bci\u0105<\/p>\n<\/li>\n<\/ul>\n<\/div>\n<\/div>\n<\/div>\n<\/section>","protected":false},"featured_media":8609,"template":"","meta":{"ocean_post_layout":"","ocean_both_sidebars_style":"","ocean_both_sidebars_content_width":0,"ocean_both_sidebars_sidebars_width":0,"ocean_sidebar":"0","ocean_second_sidebar":"0","ocean_disable_margins":"enable","ocean_add_body_class":"","ocean_shortcode_before_top_bar":"","ocean_shortcode_after_top_bar":"","ocean_shortcode_before_header":"","ocean_shortcode_after_header":"","ocean_has_shortcode":"","ocean_shortcode_after_title":"","ocean_shortcode_before_footer_widgets":"","ocean_shortcode_after_footer_widgets":"","ocean_shortcode_before_footer_bottom":"","ocean_shortcode_after_footer_bottom":"","ocean_display_top_bar":"default","ocean_display_header":"default","ocean_header_style":"","ocean_center_header_left_menu":"0","ocean_custom_header_template":"0","ocean_custom_logo":0,"ocean_custom_retina_logo":0,"ocean_custom_logo_max_width":0,"ocean_custom_logo_tablet_max_width":0,"ocean_custom_logo_mobile_max_width":0,"ocean_custom_logo_max_height":0,"ocean_custom_logo_tablet_max_height":0,"ocean_custom_logo_mobile_max_height":0,"ocean_header_custom_menu":"0","ocean_menu_typo_font_family":"0","ocean_menu_typo_font_subset":"","ocean_menu_typo_font_size":0,"ocean_menu_typo_font_size_tablet":0,"ocean_menu_typo_font_size_mobile":0,"ocean_menu_typo_font_size_unit":"px","ocean_menu_typo_font_weight":"","ocean_menu_typo_font_weight_tablet":"","ocean_menu_typo_font_weight_mobile":"","ocean_menu_typo_transform":"","ocean_menu_typo_transform_tablet":"","ocean_menu_typo_transform_mobile":"","ocean_menu_typo_line_height":0,"ocean_menu_typo_line_height_tablet":0,"ocean_menu_typo_line_height_mobile":0,"ocean_menu_typo_line_height_unit":"","ocean_menu_typo_spacing":0,"ocean_menu_typo_spacing_tablet":0,"ocean_menu_typo_spacing_mobile":0,"ocean_menu_typo_spacing_unit":"","ocean_menu_link_color":"","ocean_menu_link_color_hover":"","ocean_menu_link_color_active":"","ocean_menu_link_background":"","ocean_menu_link_hover_background":"","ocean_menu_link_active_background":"","ocean_menu_social_links_bg":"","ocean_menu_social_hover_links_bg":"","ocean_menu_social_links_color":"","ocean_menu_social_hover_links_color":"","ocean_disable_title":"default","ocean_disable_heading":"default","ocean_post_title":"","ocean_post_subheading":"","ocean_post_title_style":"","ocean_post_title_background_color":"","ocean_post_title_background":0,"ocean_post_title_bg_image_position":"","ocean_post_title_bg_image_attachment":"","ocean_post_title_bg_image_repeat":"","ocean_post_title_bg_image_size":"","ocean_post_title_height":0,"ocean_post_title_bg_overlay":0.5,"ocean_post_title_bg_overlay_color":"","ocean_disable_breadcrumbs":"default","ocean_breadcrumbs_color":"","ocean_breadcrumbs_separator_color":"","ocean_breadcrumbs_links_color":"","ocean_breadcrumbs_links_hover_color":"","ocean_display_footer_widgets":"default","ocean_display_footer_bottom":"default","ocean_custom_footer_template":"0"},"product_brand":[],"product_cat":[68,21],"product_tag":[],"class_list":{"0":"post-8608","1":"product","2":"type-product","3":"status-publish","4":"has-post-thumbnail","6":"product_cat-nowosci","7":"product_cat-zdrowie","9":"entry","10":"has-media","12":"first","13":"instock","14":"shipping-taxable","15":"purchasable","16":"product-type-simple","17":"has-product-nav","18":"col","19":"span_1_of_3","20":"owp-content-left","21":"owp-thumbs-layout-horizontal","22":"owp-btn-normal","23":"owp-tabs-layout-horizontal","24":"has-no-thumbnails"},"_links":{"self":[{"href":"https:\/\/ecocorner.eu\/en\/wp-json\/wp\/v2\/product\/8608","targetHints":{"allow":["GET"]}}],"collection":[{"href":"https:\/\/ecocorner.eu\/en\/wp-json\/wp\/v2\/product"}],"about":[{"href":"https:\/\/ecocorner.eu\/en\/wp-json\/wp\/v2\/types\/product"}],"version-history":[{"count":2,"href":"https:\/\/ecocorner.eu\/en\/wp-json\/wp\/v2\/product\/8608\/revisions"}],"predecessor-version":[{"id":8614,"href":"https:\/\/ecocorner.eu\/en\/wp-json\/wp\/v2\/product\/8608\/revisions\/8614"}],"wp:featuredmedia":[{"embeddable":true,"href":"https:\/\/ecocorner.eu\/en\/wp-json\/wp\/v2\/media\/8609"}],"wp:attachment":[{"href":"https:\/\/ecocorner.eu\/en\/wp-json\/wp\/v2\/media?parent=8608"}],"wp:term":[{"taxonomy":"product_brand","embeddable":true,"href":"https:\/\/ecocorner.eu\/en\/wp-json\/wp\/v2\/product_brand?post=8608"},{"taxonomy":"product_cat","embeddable":true,"href":"https:\/\/ecocorner.eu\/en\/wp-json\/wp\/v2\/product_cat?post=8608"},{"taxonomy":"product_tag","embeddable":true,"href":"https:\/\/ecocorner.eu\/en\/wp-json\/wp\/v2\/product_tag?post=8608"}],"curies":[{"name":"wp","href":"https:\/\/api.w.org\/{rel}","templated":true}]}}