{"id":8642,"date":"2026-03-31T21:24:23","date_gmt":"2026-03-31T21:24:23","guid":{"rendered":"https:\/\/ecocorner.eu\/?post_type=product&#038;p=8642"},"modified":"2026-03-31T21:24:23","modified_gmt":"2026-03-31T21:24:23","slug":"biowen-treonian-magnezu-2000mg-90-kaps","status":"publish","type":"product","link":"https:\/\/ecocorner.eu\/en\/product\/biowen-treonian-magnezu-2000mg-90-kaps\/","title":{"rendered":"Biowen   Treonian  Magnezu  2000mg    90 kaps."},"content":{"rendered":"<p>W\u0142a\u015bciwo\u015bci produktu wynikaj\u0105 z obecno\u015bci magnezu oraz witaminy B6 \u2013 sk\u0142adnik\u00f3w, kt\u00f3rych dzia\u0142anie zosta\u0142o potwierdzone zatwierdzonymi o\u015bwiadczeniami zdrowotnymi EFSA. Magnez wspiera prawid\u0142owe funkcjonowanie uk\u0142adu nerwowego, prac\u0119 mi\u0119\u015bni i metabolizm energetyczny, natomiast witamina B6 wspiera funkcje psychologiczne i pomaga zmniejszy\u0107 uczucie zm\u0119czenia.<\/p>\n<div class=\"faq-collapsible relative text-left block w-full transition-all duration-400 flex items-center cursor-pointer\">\n<div class=\"flex items-center\"><\/div>\n<h3 class=\"font-medium transition-all duration-300 heading-frequently_asked_question_mRnbgG min-h-[20px] md:min-h-[28px] flex items-center max-w-full pr-6 rtl:pl-6 rtl:pr-0\">Magtein\u00ae \u2013 opatentowany treonian magnezu<\/h3>\n<div class=\"hidden rounded-full chevron w-8 h-8 border items-center justify-center md:flex absolute right-2 md:right-4\"><\/div>\n<\/div>\n<div class=\"faq-content faq-content-frequently_asked_question_mRnbgG\">\n<div class=\"rte rte-template--29145686606163__faq_7ffd6f leading-normal pt-2 rte  ml-2 md:ml-3 \">\n<div class=\"metafield-rich_text_field\">\n<p>Magtein\u00ae to opatentowana forma treonianu magnezu opracowana w wyniku bada\u0144 naukowych nad biodost\u0119pno\u015bci\u0105 magnezu i jego wykorzystaniem przez organizm. Surowiec zosta\u0142 zaprojektowany z my\u015bl\u0105 o wysokiej jako\u015bci, stabilno\u015bci oraz powtarzalno\u015bci sk\u0142adu, dzi\u0119ki czemu znajduje zastosowanie w nowoczesnych formu\u0142ach suplement\u00f3w diety ukierunkowanych na wsparcie uk\u0142adu nerwowego.<\/p>\n<p>Treonian magnezu wyr\u00f3\u017cnia si\u0119 struktur\u0105 chemiczn\u0105 opart\u0105 na soli magnezowej kwasu L-treonowego, co wp\u0142ywa na jego w\u0142a\u015bciwo\u015bci fizykochemiczne oraz spos\u00f3b wch\u0142aniania. Zastosowanie opatentowanego sk\u0142adnika pozwala producentowi zachowa\u0107 kontrol\u0119 nad standardem surowca i zapewnia sp\u00f3jno\u015b\u0107 jako\u015bci ka\u017cdej partii produktu.<\/p>\n<p>Magtein\u00ae powsta\u0142 w \u015brodowisku naukowym Massachusetts Institute of Technology (MIT) i jest przyk\u0142adem synergii bada\u0144 naukowych oraz technologii produkcji. W\u0142\u0105czenie tego sk\u0142adnika do formu\u0142y Treonianu magnezu Biowen wpisuje si\u0119 w filozofi\u0119 marki opart\u0105 na transparentno\u015bci, \u015bwiadomym doborze surowc\u00f3w i wykorzystaniu nowoczesnych rozwi\u0105za\u0144 nutraceutycznych.<\/p>\n<div class=\"faq-collapsible relative text-left block w-full transition-all duration-400 flex items-center cursor-pointer\">\n<h3 class=\"font-medium transition-all duration-300 heading-frequently_asked_question_ttVDCc min-h-[20px] md:min-h-[28px] flex items-center max-w-full pr-6 rtl:pl-6 rtl:pr-0\">Spos\u00f3b u\u017cycia<\/h3>\n<div class=\"hidden rounded-full chevron w-8 h-8 border items-center justify-center md:flex absolute right-2 md:right-4\">\n<div class=\"rte rte-template--29145686606163__faq_bHt8Ek leading-normal pt-2 rte \">\n<div class=\"metafield-rich_text_field\">\n<p>Zalecana porcja do spo\u017cycia niezb\u0119dna do uzyskania korzystnego dzia\u0142ania, to <strong>3 kapsu\u0142ki dziennie<\/strong>, w podzielonych porcjach \u2013 1 kapsu\u0142k\u0119 rano i 2 kapsu\u0142ki wieczorem, najlepiej w trakcie posi\u0142ku, popijaj\u0105c wod\u0105.<\/p>\n<div class=\"faq-collapsible relative text-left block w-full transition-all duration-400 flex items-center cursor-pointer\">\n<h3 class=\"font-medium transition-all duration-300 heading-frequently_asked_question_QPVX43 min-h-[20px] md:min-h-[28px] flex items-center max-w-full pr-6 rtl:pl-6 rtl:pr-0\">Zalecana dzienna porcja<\/h3>\n<div class=\"hidden rounded-full chevron w-8 h-8 border items-center justify-center md:flex absolute right-2 md:right-4\"><\/div>\n<\/div>\n<div class=\"faq-content faq-content-frequently_asked_question_QPVX43\">\n<div class=\"rte rte-template--29145686606163__faq_bHt8Ek leading-normal pt-2 rte \">\n<div class=\"metafield-rich_text_field\">\n<p>3 kapsu\u0142ki zawieraj\u0105: Magtein\u00ae (treonian magnezu \u2013 s\u00f3l magnezowa kwasu L-treonowego); witamina B6 (pirydoksalo-5-fosforan).<\/p>\n<p>1 kapsu\u0142ka zawiera:<br \/>\n765 mg Magtein\u00ae (treonian magnezu), w tym 57 mg jon\u00f3w magnezu;<br \/>\n5 mg witaminy B6 (P-5-P).<\/p>\n<\/div>\n<\/div>\n<\/div>\n<\/div>\n<\/div>\n<\/div>\n<\/div>\n<\/div>\n<\/div>\n<\/div>\n<p>Sk\u0142adniki:<\/p>\n<ul>\n<li>Magtein\u00ae (treonian magnezu \u2013 s\u00f3l magnezowa kwasu L-treonowego) 666,7 mg<\/li>\n<li>w tym magnez: 1 kapsu\u0142ka: 51,7 mg (14%*), 3 kapsu\u0142ki: 155 mg (41%*)<\/li>\n<li>witamina B6 (pirydoksalo-5-fosforan): 1 kapsu\u0142ka: 3,4 mg (243%**), 3 kapsu\u0142ki: 10,2 mg (729%**)<\/li>\n<li>kapsu\u0142ka ro\u015blinna: hydroksypropylometyloceluloza (HPMC)<\/li>\n<li>masa netto: 71,5 g<\/li>\n<\/ul>\n<p>*RWS &#8211; referencyjna warto\u015b\u0107 spo\u017cycia dla osoby doros\u0142ej.<\/p>\n<p>&nbsp;<\/p>\n","protected":false},"excerpt":{"rendered":"<p dir=\"ltr\">Treonian magnezu Magtein\u00ae Biowen to suplement diety opracowany z my\u015bl\u0105 o osobach, kt\u00f3re chc\u0105 \u015bwiadomie wspiera\u0107 funkcjonowanie uk\u0142adu nerwowego, koncentracj\u0119 i codzienn\u0105 r\u00f3wnowag\u0119 psychofizyczn\u0105. Formu\u0142a \u0142\u0105czy opatentowan\u0105 form\u0119 magnezu Magtein\u00ae z aktywn\u0105 witamin\u0105 B6 (P-5-P), tworz\u0105c kompleks wpisuj\u0105cy si\u0119 w nowoczesne podej\u015bcie do suplementacji.<\/p>\n<p dir=\"ltr\">Magnez przyczynia si\u0119 do prawid\u0142owego funkcjonowania uk\u0142adu nerwowego, pomaga w zmniejszeniu uczucia zm\u0119czenia i znu\u017cenia oraz wspiera prawid\u0142ow\u0105 prac\u0119 mi\u0119\u015bni i metabolizm energetyczny (EFSA). Witamina B6 wspiera funkcje psychologiczne, uk\u0142ad odporno\u015bciowy oraz produkcj\u0119 czerwonych krwinek.<\/p>\n<p dir=\"ltr\">Produkt zosta\u0142 zamkni\u0119ty w szklanym opakowaniu i zawiera czysty sk\u0142ad bez zb\u0119dnych dodatk\u00f3w technologicznych. Wega\u0144skie kapsu\u0142ki i transparentna formu\u0142a sprawiaj\u0105, \u017ce Treonian magnezu Magtein\u00ae Biowen stanowi element \u015bwiadomej suplementacji dopasowanej do potrzeb wsp\u00f3\u0142czesnego stylu \u017cycia.<\/p>\n<div class=\"pb-5 md:pb-8 inner-section--template--29145686606163__multicolumn_d4nb8M rounded-t-none  x-pgw page-width mx-auto\">\n<div class=\"overflow-hidden\">\n<h2 class=\"heading-template--29145686606163__multicolumn_d4nb8M x-block-header text-center h2 block empty:hidden leading-tight p-break-words anm-move-up active-anm-heading\">Dlaczego warto wybra\u0107 Treonian magnezu Magtein\u00ae Biowen 90 kapsu\u0142ek?<\/h2>\n<\/div>\n<\/div>\n<div class=\"x-block-columns inner-section--template--29145686606163__multicolumn_d4nb8M text-column-with-icon rounded-b-none color--template--29145686606163__multicolumn_d4nb8M mx-auto x-pgw page-width\">\n<div id=\"x-text-with-icon-template--29145686606163__multicolumn_d4nb8M\" class=\"x-splide splide visible overflow-hidden splide--slide splide--ltr splide--draggable is-active is-overflow is-initialized is-ready-to-animate\" role=\"region\" aria-roledescription=\"carousel\">\n<div id=\"x-text-with-icon-template--29145686606163__multicolumn_d4nb8M-track\" class=\"splide__track lg:pt-0.5 lg:pb-0.5 md:cursor-grab splide__track--slide splide__track--ltr splide__track--draggable\">\n<div id=\"x-text-with-icon-template--29145686606163__multicolumn_d4nb8M-list\" class=\"splide__list flex lg:flex lg:justify-start lg:flex-nowrap lg:w-full\" role=\"presentation\">\n<div id=\"x-text-with-icon-template--29145686606163__multicolumn_d4nb8M-slide01\" class=\"x-slide-animation x-slide-animation-duration-1 text-with-icon-item splide__slide x-splide-slide preload-slide--template--29145686606163__multicolumn_d4nb8M preload-slide-mobile--template--29145686606163__multicolumn_d4nb8M relative after:absolute after:right-0 after:top-1\/2 after:-translate-y-1\/2 line-slider--template--29145686606163__multicolumn_d4nb8M line-slider-mobile--template--29145686606163__multicolumn_d4nb8M after:w-0 after:border-solid after:h-[85%] after:border-l-0 after:lg:border-l is-active is-visible\" role=\"group\" aria-roledescription=\"slide\" aria-label=\"1 of 5\">\n<div class=\"h-full block-template--29145686606163__multicolumn_d4nb8M-- py-5 md:py-0  justify-center md:pl-7 md:pr-7 pl-10 pr-10 rounded-md rounded-none\">\n<div class=\"pt-2\">\n<div class=\"color-text--template--29145686606163__multicolumn_d4nb8M rte text-center p-break-words text-[rgb(var(--colors-text))]\">\n<div class=\"metafield-rich_text_field\">\n<p><strong>Opatentowana forma magnezu Magtein\u00ae &#8211; <\/strong>standaryzowany treonian magnezu opracowany z my\u015bl\u0105 o wysokiej jako\u015bci i powtarzalno\u015bci sk\u0142adu, wpisuj\u0105cy si\u0119 w nowoczesne podej\u015bcie do suplementacji.<\/p>\n<\/div>\n<\/div>\n<\/div>\n<\/div>\n<\/div>\n<div id=\"x-text-with-icon-template--29145686606163__multicolumn_d4nb8M-slide02\" class=\"x-slide-animation x-slide-animation-duration-2 text-with-icon-item splide__slide x-splide-slide preload-slide--template--29145686606163__multicolumn_d4nb8M preload-slide-mobile--template--29145686606163__multicolumn_d4nb8M relative after:absolute after:right-0 after:top-1\/2 after:-translate-y-1\/2 line-slider--template--29145686606163__multicolumn_d4nb8M line-slider-mobile--template--29145686606163__multicolumn_d4nb8M after:w-0 after:border-solid after:h-[85%] after:border-l-0 after:lg:border-l is-visible is-next\" role=\"group\" aria-roledescription=\"slide\" aria-label=\"2 of 5\">\n<div class=\"h-full block-template--29145686606163__multicolumn_d4nb8M-- py-5 md:py-0  justify-center md:pl-7 md:pr-7 pl-10 pr-10 rounded-md rounded-none\">\n<div class=\"pt-2\">\n<div class=\"color-text--template--29145686606163__multicolumn_d4nb8M rte text-center p-break-words text-[rgb(var(--colors-text))]\">\n<div class=\"metafield-rich_text_field\">\n<p><strong>Wsparcie uk\u0142adu nerwowego i funkcji psychologicznych &#8211; <\/strong>magnez i witamina B6 przyczyniaj\u0105 si\u0119 do prawid\u0142owego funkcjonowania uk\u0142adu nerwowego oraz wspieraj\u0105 prawid\u0142owe funkcje psychologiczne (EFSA).<\/p>\n<\/div>\n<\/div>\n<\/div>\n<\/div>\n<\/div>\n<div id=\"x-text-with-icon-template--29145686606163__multicolumn_d4nb8M-slide03\" class=\"x-slide-animation x-slide-animation-duration-3 text-with-icon-item splide__slide x-splide-slide preload-slide--template--29145686606163__multicolumn_d4nb8M preload-slide-mobile--template--29145686606163__multicolumn_d4nb8M relative after:absolute after:right-0 after:top-1\/2 after:-translate-y-1\/2 line-slider--template--29145686606163__multicolumn_d4nb8M line-slider-mobile--template--29145686606163__multicolumn_d4nb8M after:w-0 after:border-solid after:h-[85%] after:border-l-0 after:lg:border-l is-visible\" role=\"group\" aria-roledescription=\"slide\" aria-label=\"3 of 5\">\n<div class=\"h-full block-template--29145686606163__multicolumn_d4nb8M-- py-5 md:py-0  justify-center md:pl-7 md:pr-7 pl-10 pr-10 rounded-md rounded-none\">\n<div class=\"pt-2\">\n<div class=\"color-text--template--29145686606163__multicolumn_d4nb8M rte text-center p-break-words text-[rgb(var(--colors-text))]\">\n<div class=\"metafield-rich_text_field\">\n<p><strong>Zmniejszenie zm\u0119czenia i wsparcie energii &#8211; <\/strong>magnez i witamina B6 pomagaj\u0105 zmniejszy\u0107 uczucie zm\u0119czenia i znu\u017cenia oraz wspieraj\u0105 prawid\u0142owy metabolizm energetyczny (EFSA).<\/p>\n<\/div>\n<\/div>\n<\/div>\n<\/div>\n<\/div>\n<div id=\"x-text-with-icon-template--29145686606163__multicolumn_d4nb8M-slide04\" class=\"x-slide-animation x-slide-animation-duration-4 text-with-icon-item splide__slide x-splide-slide preload-slide--template--29145686606163__multicolumn_d4nb8M preload-slide-mobile--template--29145686606163__multicolumn_d4nb8M relative after:absolute after:right-0 after:top-1\/2 after:-translate-y-1\/2 line-slider--template--29145686606163__multicolumn_d4nb8M line-slider-mobile--template--29145686606163__multicolumn_d4nb8M after:w-0 after:border-solid after:h-[85%] after:border-l-0 after:lg:border-l is-visible\" role=\"group\" aria-roledescription=\"slide\" aria-label=\"4 of 5\">\n<div class=\"h-full block-template--29145686606163__multicolumn_d4nb8M-- py-5 md:py-0  justify-center md:pl-7 md:pr-7 pl-10 pr-10 rounded-md rounded-none\">\n<div class=\"pt-2\">\n<div class=\"color-text--template--29145686606163__multicolumn_d4nb8M rte text-center p-break-words text-[rgb(var(--colors-text))]\">\n<div class=\"metafield-rich_text_field\">\n<p><strong>Czysta i transparentna formu\u0142a &#8211; <\/strong>sk\u0142ad bez barwnik\u00f3w, konserwant\u00f3w i zb\u0119dnych dodatk\u00f3w technologicznych \u2013 zgodny z filozofi\u0105 \u015bwiadomej suplementacji Biowen.<\/p>\n<\/div>\n<\/div>\n<\/div>\n<\/div>\n<\/div>\n<\/div>\n<\/div>\n<\/div>\n<\/div>\n","protected":false},"featured_media":8643,"template":"","meta":{"ocean_post_layout":"","ocean_both_sidebars_style":"","ocean_both_sidebars_content_width":0,"ocean_both_sidebars_sidebars_width":0,"ocean_sidebar":"0","ocean_second_sidebar":"0","ocean_disable_margins":"enable","ocean_add_body_class":"","ocean_shortcode_before_top_bar":"","ocean_shortcode_after_top_bar":"","ocean_shortcode_before_header":"","ocean_shortcode_after_header":"","ocean_has_shortcode":"","ocean_shortcode_after_title":"","ocean_shortcode_before_footer_widgets":"","ocean_shortcode_after_footer_widgets":"","ocean_shortcode_before_footer_bottom":"","ocean_shortcode_after_footer_bottom":"","ocean_display_top_bar":"default","ocean_display_header":"default","ocean_header_style":"","ocean_center_header_left_menu":"0","ocean_custom_header_template":"0","ocean_custom_logo":0,"ocean_custom_retina_logo":0,"ocean_custom_logo_max_width":0,"ocean_custom_logo_tablet_max_width":0,"ocean_custom_logo_mobile_max_width":0,"ocean_custom_logo_max_height":0,"ocean_custom_logo_tablet_max_height":0,"ocean_custom_logo_mobile_max_height":0,"ocean_header_custom_menu":"0","ocean_menu_typo_font_family":"0","ocean_menu_typo_font_subset":"","ocean_menu_typo_font_size":0,"ocean_menu_typo_font_size_tablet":0,"ocean_menu_typo_font_size_mobile":0,"ocean_menu_typo_font_size_unit":"px","ocean_menu_typo_font_weight":"","ocean_menu_typo_font_weight_tablet":"","ocean_menu_typo_font_weight_mobile":"","ocean_menu_typo_transform":"","ocean_menu_typo_transform_tablet":"","ocean_menu_typo_transform_mobile":"","ocean_menu_typo_line_height":0,"ocean_menu_typo_line_height_tablet":0,"ocean_menu_typo_line_height_mobile":0,"ocean_menu_typo_line_height_unit":"","ocean_menu_typo_spacing":0,"ocean_menu_typo_spacing_tablet":0,"ocean_menu_typo_spacing_mobile":0,"ocean_menu_typo_spacing_unit":"","ocean_menu_link_color":"","ocean_menu_link_color_hover":"","ocean_menu_link_color_active":"","ocean_menu_link_background":"","ocean_menu_link_hover_background":"","ocean_menu_link_active_background":"","ocean_menu_social_links_bg":"","ocean_menu_social_hover_links_bg":"","ocean_menu_social_links_color":"","ocean_menu_social_hover_links_color":"","ocean_disable_title":"default","ocean_disable_heading":"default","ocean_post_title":"","ocean_post_subheading":"","ocean_post_title_style":"","ocean_post_title_background_color":"","ocean_post_title_background":0,"ocean_post_title_bg_image_position":"","ocean_post_title_bg_image_attachment":"","ocean_post_title_bg_image_repeat":"","ocean_post_title_bg_image_size":"","ocean_post_title_height":0,"ocean_post_title_bg_overlay":0.5,"ocean_post_title_bg_overlay_color":"","ocean_disable_breadcrumbs":"default","ocean_breadcrumbs_color":"","ocean_breadcrumbs_separator_color":"","ocean_breadcrumbs_links_color":"","ocean_breadcrumbs_links_hover_color":"","ocean_display_footer_widgets":"default","ocean_display_footer_bottom":"default","ocean_custom_footer_template":"0"},"product_brand":[],"product_cat":[79,68,22],"product_tag":[],"class_list":{"0":"post-8642","1":"product","2":"type-product","3":"status-publish","4":"has-post-thumbnail","6":"product_cat-biowen","7":"product_cat-nowosci","8":"product_cat-suplementy-i-witaminy","10":"entry","11":"has-media","13":"first","14":"instock","15":"shipping-taxable","16":"purchasable","17":"product-type-simple","18":"has-product-nav","19":"col","20":"span_1_of_3","21":"owp-content-left","22":"owp-thumbs-layout-horizontal","23":"owp-btn-normal","24":"owp-tabs-layout-horizontal"},"_links":{"self":[{"href":"https:\/\/ecocorner.eu\/en\/wp-json\/wp\/v2\/product\/8642","targetHints":{"allow":["GET"]}}],"collection":[{"href":"https:\/\/ecocorner.eu\/en\/wp-json\/wp\/v2\/product"}],"about":[{"href":"https:\/\/ecocorner.eu\/en\/wp-json\/wp\/v2\/types\/product"}],"version-history":[{"count":1,"href":"https:\/\/ecocorner.eu\/en\/wp-json\/wp\/v2\/product\/8642\/revisions"}],"predecessor-version":[{"id":8646,"href":"https:\/\/ecocorner.eu\/en\/wp-json\/wp\/v2\/product\/8642\/revisions\/8646"}],"wp:featuredmedia":[{"embeddable":true,"href":"https:\/\/ecocorner.eu\/en\/wp-json\/wp\/v2\/media\/8643"}],"wp:attachment":[{"href":"https:\/\/ecocorner.eu\/en\/wp-json\/wp\/v2\/media?parent=8642"}],"wp:term":[{"taxonomy":"product_brand","embeddable":true,"href":"https:\/\/ecocorner.eu\/en\/wp-json\/wp\/v2\/product_brand?post=8642"},{"taxonomy":"product_cat","embeddable":true,"href":"https:\/\/ecocorner.eu\/en\/wp-json\/wp\/v2\/product_cat?post=8642"},{"taxonomy":"product_tag","embeddable":true,"href":"https:\/\/ecocorner.eu\/en\/wp-json\/wp\/v2\/product_tag?post=8642"}],"curies":[{"name":"wp","href":"https:\/\/api.w.org\/{rel}","templated":true}]}}