{"id":8647,"date":"2026-03-31T21:35:42","date_gmt":"2026-03-31T21:35:42","guid":{"rendered":"https:\/\/ecocorner.eu\/?post_type=product&#038;p=8647"},"modified":"2026-04-10T20:15:00","modified_gmt":"2026-04-10T20:15:00","slug":"cocoa-bio-lizak-z-czekolady-jagodowej-z-witamina-c-z-aceroli-bez-dodatku-cukru-15-g","status":"publish","type":"product","link":"https:\/\/ecocorner.eu\/en\/product\/cocoa-bio-lizak-z-czekolady-jagodowej-z-witamina-c-z-aceroli-bez-dodatku-cukru-15-g\/","title":{"rendered":"COCOA  Bio  Lizak z czekolady jagodowej z witamin\u0105 C z aceroli ,Bez dodatku cukru 15 g"},"content":{"rendered":"<p><span data-containter=\"modal\"><span class=\"wartosc\">Ingredients<br \/>\ninulina*, t\u0142uszcz kakaowy*, substancja s\u0142odz\u0105ca: erytrytol*, sproszkowany nap\u00f3j OWSIANY*, niepra\u017cone ziarno kakaowca*, MIGDA\u0141Y*, liofilizowana acerola* 3 %, liofilizowane jagody* 2 %, sproszkowany mi\u0105\u017csz koksowy*, naturalne aromaty, emulgator: lecytyny (ze s\u0142onecznika*). (*certyfikowany sk\u0142adnik ekologiczny)<br \/>\nMasa kakaowa minimum 34%.<\/p>\n<p>Nutritional value per 100 g<br \/>\nWarto\u015b\u0107 energetyczna: 1869 kJ \/ 448 kcal<br \/>\nFat: 35 g<br \/>\nincluding saturated fatty acids: 22 g<br \/>\nW\u0119glowodany: 27 g<br \/>\nw tym cukry: 6,4 g<br \/>\nw tym poliole: 14 g<br \/>\nB\u0142onnik: 32 g<br \/>\nBia\u0142ko: 3,2 g<br \/>\nSalt: 0.22 g<br \/>\nWitamina C: 466,67 mg (583 %\u00a0referencyjnej warto\u015bci spo\u017cycia dla przeci\u0119tnej osoby doros\u0142ej)<\/p>\n<p>ALLERGENIC INFORMATION<br \/>\nProdukt mo\u017ce zawiera\u0107 ORZESZKI ZIEMNE i INNE ORZECHY.<\/p>\n<p>RECOMMENDED STORAGE CONDITIONS<br \/>\nStore in a cool and dry place.<br \/>\n<\/span><\/span><\/p>","protected":false},"excerpt":{"rendered":"<p><span data-containter=\"modal\"><span class=\"wartosc\"><br \/>\nOfiaruj swojemu dziecku odrobin\u0119 s\u0142odkiej rado\u015bci. <\/span><\/span><\/p>\n<p><span data-containter=\"modal\"><span class=\"wartosc\">Wega\u0144ski lizak z czekolady jagodowej spowoduje u\u015bmiech na twarzy twoich pociech. <\/span><\/span><\/p>\n<p><span data-containter=\"modal\"><span class=\"wartosc\">Wykonany z ekologicznych sk\u0142adnik\u00f3w bez MLEKA i\u00a0bia\u0142ego cukru, jest doskona\u0142\u0105 alternatyw\u0105 dla masowo produkowanych s\u0142odyczy.<\/span><\/span><\/p>","protected":false},"featured_media":8648,"template":"","meta":{"ocean_post_layout":"","ocean_both_sidebars_style":"","ocean_both_sidebars_content_width":0,"ocean_both_sidebars_sidebars_width":0,"ocean_sidebar":"0","ocean_second_sidebar":"0","ocean_disable_margins":"enable","ocean_add_body_class":"","ocean_shortcode_before_top_bar":"","ocean_shortcode_after_top_bar":"","ocean_shortcode_before_header":"","ocean_shortcode_after_header":"","ocean_has_shortcode":"","ocean_shortcode_after_title":"","ocean_shortcode_before_footer_widgets":"","ocean_shortcode_after_footer_widgets":"","ocean_shortcode_before_footer_bottom":"","ocean_shortcode_after_footer_bottom":"","ocean_display_top_bar":"default","ocean_display_header":"default","ocean_header_style":"","ocean_center_header_left_menu":"0","ocean_custom_header_template":"0","ocean_custom_logo":0,"ocean_custom_retina_logo":0,"ocean_custom_logo_max_width":0,"ocean_custom_logo_tablet_max_width":0,"ocean_custom_logo_mobile_max_width":0,"ocean_custom_logo_max_height":0,"ocean_custom_logo_tablet_max_height":0,"ocean_custom_logo_mobile_max_height":0,"ocean_header_custom_menu":"0","ocean_menu_typo_font_family":"0","ocean_menu_typo_font_subset":"","ocean_menu_typo_font_size":0,"ocean_menu_typo_font_size_tablet":0,"ocean_menu_typo_font_size_mobile":0,"ocean_menu_typo_font_size_unit":"px","ocean_menu_typo_font_weight":"","ocean_menu_typo_font_weight_tablet":"","ocean_menu_typo_font_weight_mobile":"","ocean_menu_typo_transform":"","ocean_menu_typo_transform_tablet":"","ocean_menu_typo_transform_mobile":"","ocean_menu_typo_line_height":0,"ocean_menu_typo_line_height_tablet":0,"ocean_menu_typo_line_height_mobile":0,"ocean_menu_typo_line_height_unit":"","ocean_menu_typo_spacing":0,"ocean_menu_typo_spacing_tablet":0,"ocean_menu_typo_spacing_mobile":0,"ocean_menu_typo_spacing_unit":"","ocean_menu_link_color":"","ocean_menu_link_color_hover":"","ocean_menu_link_color_active":"","ocean_menu_link_background":"","ocean_menu_link_hover_background":"","ocean_menu_link_active_background":"","ocean_menu_social_links_bg":"","ocean_menu_social_hover_links_bg":"","ocean_menu_social_links_color":"","ocean_menu_social_hover_links_color":"","ocean_disable_title":"default","ocean_disable_heading":"default","ocean_post_title":"","ocean_post_subheading":"","ocean_post_title_style":"","ocean_post_title_background_color":"","ocean_post_title_background":0,"ocean_post_title_bg_image_position":"","ocean_post_title_bg_image_attachment":"","ocean_post_title_bg_image_repeat":"","ocean_post_title_bg_image_size":"","ocean_post_title_height":0,"ocean_post_title_bg_overlay":0.5,"ocean_post_title_bg_overlay_color":"","ocean_disable_breadcrumbs":"default","ocean_breadcrumbs_color":"","ocean_breadcrumbs_separator_color":"","ocean_breadcrumbs_links_color":"","ocean_breadcrumbs_links_hover_color":"","ocean_display_footer_widgets":"default","ocean_display_footer_bottom":"default","ocean_custom_footer_template":"0"},"product_brand":[],"product_cat":[68,23],"product_tag":[],"class_list":{"0":"post-8647","1":"product","2":"type-product","3":"status-publish","4":"has-post-thumbnail","6":"product_cat-nowosci","7":"product_cat-zdrowe-przekaski","9":"entry","10":"has-media","12":"first","13":"instock","14":"shipping-taxable","15":"purchasable","16":"product-type-simple","17":"has-product-nav","18":"col","19":"span_1_of_3","20":"owp-content-left","21":"owp-thumbs-layout-horizontal","22":"owp-btn-normal","23":"owp-tabs-layout-horizontal","24":"has-no-thumbnails"},"_links":{"self":[{"href":"https:\/\/ecocorner.eu\/en\/wp-json\/wp\/v2\/product\/8647","targetHints":{"allow":["GET"]}}],"collection":[{"href":"https:\/\/ecocorner.eu\/en\/wp-json\/wp\/v2\/product"}],"about":[{"href":"https:\/\/ecocorner.eu\/en\/wp-json\/wp\/v2\/types\/product"}],"version-history":[{"count":1,"href":"https:\/\/ecocorner.eu\/en\/wp-json\/wp\/v2\/product\/8647\/revisions"}],"predecessor-version":[{"id":8649,"href":"https:\/\/ecocorner.eu\/en\/wp-json\/wp\/v2\/product\/8647\/revisions\/8649"}],"wp:featuredmedia":[{"embeddable":true,"href":"https:\/\/ecocorner.eu\/en\/wp-json\/wp\/v2\/media\/8648"}],"wp:attachment":[{"href":"https:\/\/ecocorner.eu\/en\/wp-json\/wp\/v2\/media?parent=8647"}],"wp:term":[{"taxonomy":"product_brand","embeddable":true,"href":"https:\/\/ecocorner.eu\/en\/wp-json\/wp\/v2\/product_brand?post=8647"},{"taxonomy":"product_cat","embeddable":true,"href":"https:\/\/ecocorner.eu\/en\/wp-json\/wp\/v2\/product_cat?post=8647"},{"taxonomy":"product_tag","embeddable":true,"href":"https:\/\/ecocorner.eu\/en\/wp-json\/wp\/v2\/product_tag?post=8647"}],"curies":[{"name":"wp","href":"https:\/\/api.w.org\/{rel}","templated":true}]}}