{"id":8697,"date":"2026-04-02T21:30:03","date_gmt":"2026-04-02T21:30:03","guid":{"rendered":"https:\/\/ecocorner.eu\/?post_type=product&#038;p=8697"},"modified":"2026-04-02T21:30:04","modified_gmt":"2026-04-02T21:30:04","slug":"olma-cosmetics-mydlo-prawdziwe-szare-z-oliwy-z-oliwek-100g","status":"publish","type":"product","link":"https:\/\/ecocorner.eu\/en\/product\/olma-cosmetics-mydlo-prawdziwe-szare-z-oliwy-z-oliwek-100g\/","title":{"rendered":"OLMA COSMETICS Myd\u0142o prawdziwe szare z oliwy z oliwek 100g"},"content":{"rendered":"<p><strong>SK\u0141ADNIKI (INCI)<\/strong><br \/>\nSodium Olivate, Aqua, Sodium Chloride, Citric Acid.<\/p>\n<p><strong>METHOD OF APPLICATION<\/strong><br \/>\nNamydli\u0107 ca\u0142e cia\u0142o i powolnymi ruchami masowa\u0107 powierzchni\u0119 sk\u00f3ry, aby aktywne sk\u0142adniki zacz\u0119\u0142y przez ni\u0105 przenika\u0107 w g\u0142\u0105b cia\u0142a. Taki relaksacyjny masa\u017c powinien trwa\u0107 kilka, kilkana\u015bcie minut, po czym myd\u0142o naturalne nale\u017cy sp\u0142uka\u0107 wod\u0105.<\/p>","protected":false},"excerpt":{"rendered":"<p>Myd\u0142o z oliwy z oliwek ma wiele korzy\u015bci dla sk\u00f3ry. Jest bogate w witaminy i minera\u0142y, kt\u00f3re pomagaj\u0105 utrzyma\u0107 sk\u00f3r\u0119 nawil\u017con\u0105 i zdrow\u0105.<\/p>\n<p>Ponadto, ze wzgl\u0119du na swoje w\u0142a\u015bciwo\u015bci antybakteryjne, myd\u0142o z oliwy z oliwek jest skuteczne w walce z bakteriami i zanieczyszczeniami, co przyczynia si\u0119 do oczyszczenia sk\u00f3ry i zapobiegania tr\u0105dzikowi.<\/p>\n<p>Myd\u0142o z oliwy z oliwek mo\u017ce by\u0107 stosowane do mycia ca\u0142ego cia\u0142a, w tym twarzy, r\u0105k i w\u0142os\u00f3w.<\/p>\n<p>Jego \u0142agodna formu\u0142a sprawia, \u017ce jest to idealny produkt dla os\u00f3b z wra\u017cliw\u0105 sk\u00f3r\u0105, alergik\u00f3w oraz dla dzieci.<\/p>\n<p>Nie zawiera dodatk\u00f3w chemicznych: konserwant\u00f3w, wybielaczy, wype\u0142niaczy, substancji zapachowych oraz substancji barwi\u0105cych.<\/p>","protected":false},"featured_media":8698,"template":"","meta":{"ocean_post_layout":"","ocean_both_sidebars_style":"","ocean_both_sidebars_content_width":0,"ocean_both_sidebars_sidebars_width":0,"ocean_sidebar":"0","ocean_second_sidebar":"0","ocean_disable_margins":"enable","ocean_add_body_class":"","ocean_shortcode_before_top_bar":"","ocean_shortcode_after_top_bar":"","ocean_shortcode_before_header":"","ocean_shortcode_after_header":"","ocean_has_shortcode":"","ocean_shortcode_after_title":"","ocean_shortcode_before_footer_widgets":"","ocean_shortcode_after_footer_widgets":"","ocean_shortcode_before_footer_bottom":"","ocean_shortcode_after_footer_bottom":"","ocean_display_top_bar":"default","ocean_display_header":"default","ocean_header_style":"","ocean_center_header_left_menu":"0","ocean_custom_header_template":"0","ocean_custom_logo":0,"ocean_custom_retina_logo":0,"ocean_custom_logo_max_width":0,"ocean_custom_logo_tablet_max_width":0,"ocean_custom_logo_mobile_max_width":0,"ocean_custom_logo_max_height":0,"ocean_custom_logo_tablet_max_height":0,"ocean_custom_logo_mobile_max_height":0,"ocean_header_custom_menu":"0","ocean_menu_typo_font_family":"0","ocean_menu_typo_font_subset":"","ocean_menu_typo_font_size":0,"ocean_menu_typo_font_size_tablet":0,"ocean_menu_typo_font_size_mobile":0,"ocean_menu_typo_font_size_unit":"px","ocean_menu_typo_font_weight":"","ocean_menu_typo_font_weight_tablet":"","ocean_menu_typo_font_weight_mobile":"","ocean_menu_typo_transform":"","ocean_menu_typo_transform_tablet":"","ocean_menu_typo_transform_mobile":"","ocean_menu_typo_line_height":0,"ocean_menu_typo_line_height_tablet":0,"ocean_menu_typo_line_height_mobile":0,"ocean_menu_typo_line_height_unit":"","ocean_menu_typo_spacing":0,"ocean_menu_typo_spacing_tablet":0,"ocean_menu_typo_spacing_mobile":0,"ocean_menu_typo_spacing_unit":"","ocean_menu_link_color":"","ocean_menu_link_color_hover":"","ocean_menu_link_color_active":"","ocean_menu_link_background":"","ocean_menu_link_hover_background":"","ocean_menu_link_active_background":"","ocean_menu_social_links_bg":"","ocean_menu_social_hover_links_bg":"","ocean_menu_social_links_color":"","ocean_menu_social_hover_links_color":"","ocean_disable_title":"default","ocean_disable_heading":"default","ocean_post_title":"","ocean_post_subheading":"","ocean_post_title_style":"","ocean_post_title_background_color":"","ocean_post_title_background":0,"ocean_post_title_bg_image_position":"","ocean_post_title_bg_image_attachment":"","ocean_post_title_bg_image_repeat":"","ocean_post_title_bg_image_size":"","ocean_post_title_height":0,"ocean_post_title_bg_overlay":0.5,"ocean_post_title_bg_overlay_color":"","ocean_disable_breadcrumbs":"default","ocean_breadcrumbs_color":"","ocean_breadcrumbs_separator_color":"","ocean_breadcrumbs_links_color":"","ocean_breadcrumbs_links_hover_color":"","ocean_display_footer_widgets":"default","ocean_display_footer_bottom":"default","ocean_custom_footer_template":"0"},"product_brand":[],"product_cat":[57,68],"product_tag":[],"class_list":{"0":"post-8697","1":"product","2":"type-product","3":"status-publish","4":"has-post-thumbnail","6":"product_cat-mydla-w-kostce","7":"product_cat-nowosci","9":"entry","10":"has-media","12":"first","13":"instock","14":"shipping-taxable","15":"purchasable","16":"product-type-simple","17":"has-product-nav","18":"col","19":"span_1_of_3","20":"owp-content-left","21":"owp-thumbs-layout-horizontal","22":"owp-btn-normal","23":"owp-tabs-layout-horizontal","24":"has-no-thumbnails"},"_links":{"self":[{"href":"https:\/\/ecocorner.eu\/en\/wp-json\/wp\/v2\/product\/8697","targetHints":{"allow":["GET"]}}],"collection":[{"href":"https:\/\/ecocorner.eu\/en\/wp-json\/wp\/v2\/product"}],"about":[{"href":"https:\/\/ecocorner.eu\/en\/wp-json\/wp\/v2\/types\/product"}],"version-history":[{"count":1,"href":"https:\/\/ecocorner.eu\/en\/wp-json\/wp\/v2\/product\/8697\/revisions"}],"predecessor-version":[{"id":8699,"href":"https:\/\/ecocorner.eu\/en\/wp-json\/wp\/v2\/product\/8697\/revisions\/8699"}],"wp:featuredmedia":[{"embeddable":true,"href":"https:\/\/ecocorner.eu\/en\/wp-json\/wp\/v2\/media\/8698"}],"wp:attachment":[{"href":"https:\/\/ecocorner.eu\/en\/wp-json\/wp\/v2\/media?parent=8697"}],"wp:term":[{"taxonomy":"product_brand","embeddable":true,"href":"https:\/\/ecocorner.eu\/en\/wp-json\/wp\/v2\/product_brand?post=8697"},{"taxonomy":"product_cat","embeddable":true,"href":"https:\/\/ecocorner.eu\/en\/wp-json\/wp\/v2\/product_cat?post=8697"},{"taxonomy":"product_tag","embeddable":true,"href":"https:\/\/ecocorner.eu\/en\/wp-json\/wp\/v2\/product_tag?post=8697"}],"curies":[{"name":"wp","href":"https:\/\/api.w.org\/{rel}","templated":true}]}}