{"id":8710,"date":"2026-04-02T21:37:36","date_gmt":"2026-04-02T21:37:36","guid":{"rendered":"https:\/\/ecocorner.eu\/?post_type=product&#038;p=8710"},"modified":"2026-04-02T21:37:36","modified_gmt":"2026-04-02T21:37:36","slug":"etja-olejek-zapachowy-zielona-herbata-10ml","status":"publish","type":"product","link":"https:\/\/ecocorner.eu\/en\/product\/etja-olejek-zapachowy-zielona-herbata-10ml\/","title":{"rendered":"ETJA Olejek zapachowy  Zielona Herbata 10ml"},"content":{"rendered":"<p>&nbsp;<\/p>\n<p><strong>SK\u0141ADNIKI (INCI)<\/strong><br \/>\nParafum, Limonene, Linalool, Citral,Citronellol, Geraniol.<\/p>\n<p><strong>METHOD OF APPLICATION<\/strong><br \/>\nS\u0142u\u017cy g\u0142ownie do aromatyzowania powietrza w r\u00f3\u017cnego rodzaju pomieszczeniach za pomoc\u0105 nawil\u017caczy, odkurzaczy, komink\u00f3w aromatycznych lub poprzez np.: skrawek materia\u0142u, kt\u00f3ry mo\u017cemy umie\u015bci\u0107 w samochodzie, szufladzie, \u0142azience itp.<\/p>\n<p><strong>note<\/strong><br \/>\nDo u\u017cytku zewn\u0119trznego. Unika\u0107 kontaktu z oczami. Produkt nie zawiera szkodliwych substancji chemicznych zgodnie z dyrektyw\u0105 REACH. Produkt nie by\u0142 testowany na zwierz\u0119tach na \u017cadnym etapie produkcji. Przechowuj w ciemnym i ch\u0142odnym miejscu, niedost\u0119pnym dla dzieci. Naturalnie wyst\u0119puj\u0105ce alergeny w produkcie mog\u0105 powodowa\u0107 reakcj\u0119 alergiczn\u0105. Przed pierwsz\u0105 aplikacj\u0105 wykonaj test uczuleniowy. W przypadku dostania si\u0119 produktu do oczu, natychmiast przemyj je wod\u0105. Nie spo\u017cywaj. W przypadku po\u0142kni\u0119cia wyp\u0142ucz usta zimn\u0105 wod\u0105, nie wymuszaj wymiot\u00f3w. W razie konieczno\u015bci zasi\u0119gnij pomocy medycznej. Nie stosuj nierozcie\u0144czonych olejk\u00f3w bezpo\u015brednio na sk\u00f3r\u0119. Nie stosuj je\u015bli jeste\u015b w ci\u0105\u017cy lub karmisz piersi\u0105. Umyj r\u0119ce po u\u017cyciu olejku.<\/p>\n<p><strong>keeping<\/strong><br \/>\nKompozycje zapachowe przechowywa\u0107 w szczelnie zamkni\u0119tych butelkach z dala od Dzieci.<\/p>","protected":false},"excerpt":{"rendered":"<p>Posiada przyjemny, s\u0142odki i trwa\u0142y zapach zielonej herbaty.<\/p>","protected":false},"featured_media":8711,"template":"","meta":{"ocean_post_layout":"","ocean_both_sidebars_style":"","ocean_both_sidebars_content_width":0,"ocean_both_sidebars_sidebars_width":0,"ocean_sidebar":"0","ocean_second_sidebar":"0","ocean_disable_margins":"enable","ocean_add_body_class":"","ocean_shortcode_before_top_bar":"","ocean_shortcode_after_top_bar":"","ocean_shortcode_before_header":"","ocean_shortcode_after_header":"","ocean_has_shortcode":"","ocean_shortcode_after_title":"","ocean_shortcode_before_footer_widgets":"","ocean_shortcode_after_footer_widgets":"","ocean_shortcode_before_footer_bottom":"","ocean_shortcode_after_footer_bottom":"","ocean_display_top_bar":"default","ocean_display_header":"default","ocean_header_style":"","ocean_center_header_left_menu":"0","ocean_custom_header_template":"0","ocean_custom_logo":0,"ocean_custom_retina_logo":0,"ocean_custom_logo_max_width":0,"ocean_custom_logo_tablet_max_width":0,"ocean_custom_logo_mobile_max_width":0,"ocean_custom_logo_max_height":0,"ocean_custom_logo_tablet_max_height":0,"ocean_custom_logo_mobile_max_height":0,"ocean_header_custom_menu":"0","ocean_menu_typo_font_family":"0","ocean_menu_typo_font_subset":"","ocean_menu_typo_font_size":0,"ocean_menu_typo_font_size_tablet":0,"ocean_menu_typo_font_size_mobile":0,"ocean_menu_typo_font_size_unit":"px","ocean_menu_typo_font_weight":"","ocean_menu_typo_font_weight_tablet":"","ocean_menu_typo_font_weight_mobile":"","ocean_menu_typo_transform":"","ocean_menu_typo_transform_tablet":"","ocean_menu_typo_transform_mobile":"","ocean_menu_typo_line_height":0,"ocean_menu_typo_line_height_tablet":0,"ocean_menu_typo_line_height_mobile":0,"ocean_menu_typo_line_height_unit":"","ocean_menu_typo_spacing":0,"ocean_menu_typo_spacing_tablet":0,"ocean_menu_typo_spacing_mobile":0,"ocean_menu_typo_spacing_unit":"","ocean_menu_link_color":"","ocean_menu_link_color_hover":"","ocean_menu_link_color_active":"","ocean_menu_link_background":"","ocean_menu_link_hover_background":"","ocean_menu_link_active_background":"","ocean_menu_social_links_bg":"","ocean_menu_social_hover_links_bg":"","ocean_menu_social_links_color":"","ocean_menu_social_hover_links_color":"","ocean_disable_title":"default","ocean_disable_heading":"default","ocean_post_title":"","ocean_post_subheading":"","ocean_post_title_style":"","ocean_post_title_background_color":"","ocean_post_title_background":0,"ocean_post_title_bg_image_position":"","ocean_post_title_bg_image_attachment":"","ocean_post_title_bg_image_repeat":"","ocean_post_title_bg_image_size":"","ocean_post_title_height":0,"ocean_post_title_bg_overlay":0.5,"ocean_post_title_bg_overlay_color":"","ocean_disable_breadcrumbs":"default","ocean_breadcrumbs_color":"","ocean_breadcrumbs_separator_color":"","ocean_breadcrumbs_links_color":"","ocean_breadcrumbs_links_hover_color":"","ocean_display_footer_widgets":"default","ocean_display_footer_bottom":"default","ocean_custom_footer_template":"0"},"product_brand":[],"product_cat":[66,68],"product_tag":[],"class_list":{"0":"post-8710","1":"product","2":"type-product","3":"status-publish","4":"has-post-thumbnail","6":"product_cat-aromaterapia-inhalacje","7":"product_cat-nowosci","9":"entry","10":"has-media","12":"first","13":"instock","14":"shipping-taxable","15":"purchasable","16":"product-type-simple","17":"has-product-nav","18":"col","19":"span_1_of_3","20":"owp-content-left","21":"owp-thumbs-layout-horizontal","22":"owp-btn-normal","23":"owp-tabs-layout-horizontal","24":"has-no-thumbnails"},"_links":{"self":[{"href":"https:\/\/ecocorner.eu\/en\/wp-json\/wp\/v2\/product\/8710","targetHints":{"allow":["GET"]}}],"collection":[{"href":"https:\/\/ecocorner.eu\/en\/wp-json\/wp\/v2\/product"}],"about":[{"href":"https:\/\/ecocorner.eu\/en\/wp-json\/wp\/v2\/types\/product"}],"version-history":[{"count":1,"href":"https:\/\/ecocorner.eu\/en\/wp-json\/wp\/v2\/product\/8710\/revisions"}],"predecessor-version":[{"id":8712,"href":"https:\/\/ecocorner.eu\/en\/wp-json\/wp\/v2\/product\/8710\/revisions\/8712"}],"wp:featuredmedia":[{"embeddable":true,"href":"https:\/\/ecocorner.eu\/en\/wp-json\/wp\/v2\/media\/8711"}],"wp:attachment":[{"href":"https:\/\/ecocorner.eu\/en\/wp-json\/wp\/v2\/media?parent=8710"}],"wp:term":[{"taxonomy":"product_brand","embeddable":true,"href":"https:\/\/ecocorner.eu\/en\/wp-json\/wp\/v2\/product_brand?post=8710"},{"taxonomy":"product_cat","embeddable":true,"href":"https:\/\/ecocorner.eu\/en\/wp-json\/wp\/v2\/product_cat?post=8710"},{"taxonomy":"product_tag","embeddable":true,"href":"https:\/\/ecocorner.eu\/en\/wp-json\/wp\/v2\/product_tag?post=8710"}],"curies":[{"name":"wp","href":"https:\/\/api.w.org\/{rel}","templated":true}]}}