{"id":8723,"date":"2026-04-02T21:55:46","date_gmt":"2026-04-02T21:55:46","guid":{"rendered":"https:\/\/ecocorner.eu\/?post_type=product&#038;p=8723"},"modified":"2026-04-02T21:55:46","modified_gmt":"2026-04-02T21:55:46","slug":"eko-alfabet-bio-platki-jaglane-300-g","status":"publish","type":"product","link":"https:\/\/ecocorner.eu\/en\/product\/eko-alfabet-bio-platki-jaglane-300-g\/","title":{"rendered":"Eko Alfabet Bio  P\u0142atki jaglane  300 g"},"content":{"rendered":"<p><span data-containter=\"modal\"><span class=\"wartosc\">Ingredients<br \/>\nekologiczne p\u0142atki jaglane 100 %.<\/p>\n<p>cooking method<br \/>\np\u0142atki gotowa\u0107 w proporcji 1:2 (1 porcja p\u0142atk\u00f3w na 2 porcje wody lub mleka) na wolnym ogniu ok. 5 minut od czasu do czasu mieszaj\u0105c.<\/p>\n<p>Nutritional value per 100 g<br \/>\nWarto\u015b\u0107 energetyczna 1441 kJ\/340 kcal<br \/>\nT\u0142uszcz 1,5 g<br \/>\nw tym kwasy t\u0142uszczowe nasycone 0,8 g<br \/>\nW\u0119glowodany 72 g<br \/>\nw tym cukry 0,9 g<br \/>\nB\u0142onnik 3,2 g<br \/>\nBia\u0142ko 8,0 g<br \/>\nS\u00f3l 0,01 g<\/p>\n<p>RECOMMENDED STORAGE CONDITIONS<br \/>\nStore in a cool and dry place.<\/span><\/span><\/p>","protected":false},"excerpt":{"rendered":"<p><span data-containter=\"modal\"><span class=\"wartosc\"><br \/>\nEkologiczne p\u0142atki jaglane uzyskuje si\u0119 z gniecionych ziaren prosa.<\/span><\/span><\/p>\n<p><span data-containter=\"modal\"><span class=\"wartosc\">P\u0142atki jaglane to doskona\u0142a propozycja na codzienne \u015bniadanie. <\/span><\/span><\/p>\n<p><span data-containter=\"modal\"><span class=\"wartosc\">Najlepiej smakuj\u0105 z dodatkiem jogurtu, napoju zbo\u017cowego oraz z owocami. <\/span><\/span><\/p>","protected":false},"featured_media":8724,"template":"","meta":{"ocean_post_layout":"","ocean_both_sidebars_style":"","ocean_both_sidebars_content_width":0,"ocean_both_sidebars_sidebars_width":0,"ocean_sidebar":"0","ocean_second_sidebar":"0","ocean_disable_margins":"enable","ocean_add_body_class":"","ocean_shortcode_before_top_bar":"","ocean_shortcode_after_top_bar":"","ocean_shortcode_before_header":"","ocean_shortcode_after_header":"","ocean_has_shortcode":"","ocean_shortcode_after_title":"","ocean_shortcode_before_footer_widgets":"","ocean_shortcode_after_footer_widgets":"","ocean_shortcode_before_footer_bottom":"","ocean_shortcode_after_footer_bottom":"","ocean_display_top_bar":"default","ocean_display_header":"default","ocean_header_style":"","ocean_center_header_left_menu":"0","ocean_custom_header_template":"0","ocean_custom_logo":0,"ocean_custom_retina_logo":0,"ocean_custom_logo_max_width":0,"ocean_custom_logo_tablet_max_width":0,"ocean_custom_logo_mobile_max_width":0,"ocean_custom_logo_max_height":0,"ocean_custom_logo_tablet_max_height":0,"ocean_custom_logo_mobile_max_height":0,"ocean_header_custom_menu":"0","ocean_menu_typo_font_family":"0","ocean_menu_typo_font_subset":"","ocean_menu_typo_font_size":0,"ocean_menu_typo_font_size_tablet":0,"ocean_menu_typo_font_size_mobile":0,"ocean_menu_typo_font_size_unit":"px","ocean_menu_typo_font_weight":"","ocean_menu_typo_font_weight_tablet":"","ocean_menu_typo_font_weight_mobile":"","ocean_menu_typo_transform":"","ocean_menu_typo_transform_tablet":"","ocean_menu_typo_transform_mobile":"","ocean_menu_typo_line_height":0,"ocean_menu_typo_line_height_tablet":0,"ocean_menu_typo_line_height_mobile":0,"ocean_menu_typo_line_height_unit":"","ocean_menu_typo_spacing":0,"ocean_menu_typo_spacing_tablet":0,"ocean_menu_typo_spacing_mobile":0,"ocean_menu_typo_spacing_unit":"","ocean_menu_link_color":"","ocean_menu_link_color_hover":"","ocean_menu_link_color_active":"","ocean_menu_link_background":"","ocean_menu_link_hover_background":"","ocean_menu_link_active_background":"","ocean_menu_social_links_bg":"","ocean_menu_social_hover_links_bg":"","ocean_menu_social_links_color":"","ocean_menu_social_hover_links_color":"","ocean_disable_title":"default","ocean_disable_heading":"default","ocean_post_title":"","ocean_post_subheading":"","ocean_post_title_style":"","ocean_post_title_background_color":"","ocean_post_title_background":0,"ocean_post_title_bg_image_position":"","ocean_post_title_bg_image_attachment":"","ocean_post_title_bg_image_repeat":"","ocean_post_title_bg_image_size":"","ocean_post_title_height":0,"ocean_post_title_bg_overlay":0.5,"ocean_post_title_bg_overlay_color":"","ocean_disable_breadcrumbs":"default","ocean_breadcrumbs_color":"","ocean_breadcrumbs_separator_color":"","ocean_breadcrumbs_links_color":"","ocean_breadcrumbs_links_hover_color":"","ocean_display_footer_widgets":"default","ocean_display_footer_bottom":"default","ocean_custom_footer_template":"0"},"product_brand":[],"product_cat":[23],"product_tag":[],"class_list":{"0":"post-8723","1":"product","2":"type-product","3":"status-publish","4":"has-post-thumbnail","6":"product_cat-zdrowe-przekaski","8":"entry","9":"has-media","11":"first","12":"instock","13":"shipping-taxable","14":"purchasable","15":"product-type-simple","16":"has-product-nav","17":"col","18":"span_1_of_3","19":"owp-content-left","20":"owp-thumbs-layout-horizontal","21":"owp-btn-normal","22":"owp-tabs-layout-horizontal","23":"has-no-thumbnails"},"_links":{"self":[{"href":"https:\/\/ecocorner.eu\/en\/wp-json\/wp\/v2\/product\/8723","targetHints":{"allow":["GET"]}}],"collection":[{"href":"https:\/\/ecocorner.eu\/en\/wp-json\/wp\/v2\/product"}],"about":[{"href":"https:\/\/ecocorner.eu\/en\/wp-json\/wp\/v2\/types\/product"}],"version-history":[{"count":1,"href":"https:\/\/ecocorner.eu\/en\/wp-json\/wp\/v2\/product\/8723\/revisions"}],"predecessor-version":[{"id":8725,"href":"https:\/\/ecocorner.eu\/en\/wp-json\/wp\/v2\/product\/8723\/revisions\/8725"}],"wp:featuredmedia":[{"embeddable":true,"href":"https:\/\/ecocorner.eu\/en\/wp-json\/wp\/v2\/media\/8724"}],"wp:attachment":[{"href":"https:\/\/ecocorner.eu\/en\/wp-json\/wp\/v2\/media?parent=8723"}],"wp:term":[{"taxonomy":"product_brand","embeddable":true,"href":"https:\/\/ecocorner.eu\/en\/wp-json\/wp\/v2\/product_brand?post=8723"},{"taxonomy":"product_cat","embeddable":true,"href":"https:\/\/ecocorner.eu\/en\/wp-json\/wp\/v2\/product_cat?post=8723"},{"taxonomy":"product_tag","embeddable":true,"href":"https:\/\/ecocorner.eu\/en\/wp-json\/wp\/v2\/product_tag?post=8723"}],"curies":[{"name":"wp","href":"https:\/\/api.w.org\/{rel}","templated":true}]}}