{"id":8759,"date":"2026-04-11T11:19:02","date_gmt":"2026-04-11T11:19:02","guid":{"rendered":"https:\/\/ecocorner.eu\/?post_type=product&#038;p=8759"},"modified":"2026-04-11T11:19:02","modified_gmt":"2026-04-11T11:19:02","slug":"celiko-bezglutenowa-mieszanka-do-wypieku-babki-300-g","status":"publish","type":"product","link":"https:\/\/ecocorner.eu\/en\/product\/celiko-bezglutenowa-mieszanka-do-wypieku-babki-300-g\/","title":{"rendered":"Celiko  Bezglutenowa mieszanka do wypieku babki  300 g"},"content":{"rendered":"<p><span class=\"wartosc\">Ingredients<br \/>\ncukier, skrobia kukurydziana, m\u0105ka ry\u017cowa, skrobia ziemniaczana, b\u0142onnik z cykorii, aromat, regulator kwasowo\u015bci: difosforany; s\u00f3l, substancja spulchniaj\u0105ca: w\u0119glany sodu.<\/p>\n<p>cooking method<br \/>\nPrzygotowa\u0107 do babki piaskowej:<br \/>\n&#8211; 1 opakowanie koncentratu ciasta 300 g<br \/>\n&#8211; 3 jaja<br \/>\n&#8211; 140 ml oleju<\/p>\n<p>Wykonanie babki piaskowej:<br \/>\n-Zawarto\u015b\u0107 torebki z koncentratem ciasta wsypa\u0107 do naczynia, doda\u0107 JAJA, wszystko razem wymiesza\u0107. Na koniec doda\u0107 olej. Ca\u0142o\u015b\u0107 wyrabia\u0107 mikserem ok. 4 min.<br \/>\n-Ciasto prze\u0142o\u017cy\u0107 do foremki (ma\u0142ej keks\u00f3wki lub ma\u0142ej foremki do babki).<br \/>\n-Piec w piekarniku w temperaturze 180\u00b0C przez ok. 40 minut. Po wyj\u0119ciu z piekarnika poczeka\u0107 a\u017c przestygnie.<br \/>\n-Ciasto po wypieczeniu mo\u017cna posypa\u0107 cukrem pudrem, b\u0105d\u017a pola\u0107 wcze\u015bniej przygotowan\u0105 polew\u0105.<\/p>\n<p>Przygotowa\u0107 do babki marmurkowej:<br \/>\n-1 opakowanie koncentratu ciasta 300 g<br \/>\n-3 jaja<br \/>\n-140 ml oleju<br \/>\n-1,5 \u0142y\u017cki kakao<br \/>\n-3 \u0142y\u017cki mleka<\/p>\n<p>Wykonanie babki marmurkowej:<br \/>\n-Zawarto\u015b\u0107 torebki z koncentratem ciasta wsypa\u0107 do naczynia, doda\u0107 JAJA, wszystko razem wymiesza\u0107. Na koniec doda\u0107 olej.<br \/>\n-Ca\u0142o\u015b\u0107 wyrabia\u0107 mikserem ok. 4 min.<br \/>\n-Ciasto podzieli\u0107 na p\u00f3\u0142. Do jednej cz\u0119\u015bci doda\u0107 przesiane kakao oraz 3 \u0142y\u017cki mleka. Ca\u0142o\u015b\u0107 delikatnie wymiesza\u0107 przy pomocy r\u00f3zgi kuchennej lub szpatu\u0142ki.<br \/>\n-Ciasta wylewa\u0107 do formy naprzemiennie: raz jasne raz ciemne.<br \/>\n-Piec w piekarniku w temperaturze 180\u00b0C przez ok. 40-50 minut.<br \/>\n-Po wyj\u0119ciu z piekarnika poczeka\u0107 a\u017c przestygnie.<\/p>\n<p>WARTO\u015a\u0106 OD\u017bYWCZA w 100 g mieszanki do wypieku babki<br \/>\nWarto\u015b\u0107 energetyczna: 1533 kJ \/ 361 kcal<br \/>\nFat: 0 g<br \/>\nincluding saturated fatty acids: 0 g<br \/>\nW\u0119glowodany: 87 g<br \/>\nincluding sugar: 35 g<br \/>\nB\u0142onnik: 2,3 g<br \/>\nBia\u0142ko: 1,7 g<br \/>\nS\u00f3l: 0,31 g<\/p>\n<p>ALLERGENIC INFORMATION<br \/>\nMo\u017ce zawiera\u0107 SOJ\u0118, MLEKO i ich produkty pochodne.<\/p>\n<p>RECOMMENDED STORAGE CONDITIONS<br \/>\nStore in a cool and dry place.<\/span><\/p>","protected":false},"excerpt":{"rendered":"<p><span class=\"wartosc\"><br \/>\nDoskona\u0142a mieszanka do wypieku pysznej, klasycznej babki piaskowej.<br \/>\nNa jej bazie przygotujesz tak\u017ce babk\u0119 marmurkow\u0105, doskona\u0142y keks lub wy\u015bmietnite muffiny. <\/span><\/p>\n<p><span class=\"wartosc\">Jest \u0142atwa i szybka w przygotowaniu. \u015awietnie sprawdzi si\u0119 nie tylko na \u015bwi\u0105tecznym stole, ale zawsze wtedy, gdy b\u0119dziesz mie\u0107 ochot\u0119 na sprawdzone, domowe ciasto. <\/span><\/p>","protected":false},"featured_media":8760,"template":"","meta":{"ocean_post_layout":"","ocean_both_sidebars_style":"","ocean_both_sidebars_content_width":0,"ocean_both_sidebars_sidebars_width":0,"ocean_sidebar":"0","ocean_second_sidebar":"0","ocean_disable_margins":"enable","ocean_add_body_class":"","ocean_shortcode_before_top_bar":"","ocean_shortcode_after_top_bar":"","ocean_shortcode_before_header":"","ocean_shortcode_after_header":"","ocean_has_shortcode":"","ocean_shortcode_after_title":"","ocean_shortcode_before_footer_widgets":"","ocean_shortcode_after_footer_widgets":"","ocean_shortcode_before_footer_bottom":"","ocean_shortcode_after_footer_bottom":"","ocean_display_top_bar":"default","ocean_display_header":"default","ocean_header_style":"","ocean_center_header_left_menu":"0","ocean_custom_header_template":"0","ocean_custom_logo":0,"ocean_custom_retina_logo":0,"ocean_custom_logo_max_width":0,"ocean_custom_logo_tablet_max_width":0,"ocean_custom_logo_mobile_max_width":0,"ocean_custom_logo_max_height":0,"ocean_custom_logo_tablet_max_height":0,"ocean_custom_logo_mobile_max_height":0,"ocean_header_custom_menu":"0","ocean_menu_typo_font_family":"0","ocean_menu_typo_font_subset":"","ocean_menu_typo_font_size":0,"ocean_menu_typo_font_size_tablet":0,"ocean_menu_typo_font_size_mobile":0,"ocean_menu_typo_font_size_unit":"px","ocean_menu_typo_font_weight":"","ocean_menu_typo_font_weight_tablet":"","ocean_menu_typo_font_weight_mobile":"","ocean_menu_typo_transform":"","ocean_menu_typo_transform_tablet":"","ocean_menu_typo_transform_mobile":"","ocean_menu_typo_line_height":0,"ocean_menu_typo_line_height_tablet":0,"ocean_menu_typo_line_height_mobile":0,"ocean_menu_typo_line_height_unit":"","ocean_menu_typo_spacing":0,"ocean_menu_typo_spacing_tablet":0,"ocean_menu_typo_spacing_mobile":0,"ocean_menu_typo_spacing_unit":"","ocean_menu_link_color":"","ocean_menu_link_color_hover":"","ocean_menu_link_color_active":"","ocean_menu_link_background":"","ocean_menu_link_hover_background":"","ocean_menu_link_active_background":"","ocean_menu_social_links_bg":"","ocean_menu_social_hover_links_bg":"","ocean_menu_social_links_color":"","ocean_menu_social_hover_links_color":"","ocean_disable_title":"default","ocean_disable_heading":"default","ocean_post_title":"","ocean_post_subheading":"","ocean_post_title_style":"","ocean_post_title_background_color":"","ocean_post_title_background":0,"ocean_post_title_bg_image_position":"","ocean_post_title_bg_image_attachment":"","ocean_post_title_bg_image_repeat":"","ocean_post_title_bg_image_size":"","ocean_post_title_height":0,"ocean_post_title_bg_overlay":0.5,"ocean_post_title_bg_overlay_color":"","ocean_disable_breadcrumbs":"default","ocean_breadcrumbs_color":"","ocean_breadcrumbs_separator_color":"","ocean_breadcrumbs_links_color":"","ocean_breadcrumbs_links_hover_color":"","ocean_display_footer_widgets":"default","ocean_display_footer_bottom":"default","ocean_custom_footer_template":"0"},"product_brand":[],"product_cat":[23],"product_tag":[],"class_list":{"0":"post-8759","1":"product","2":"type-product","3":"status-publish","4":"has-post-thumbnail","6":"product_cat-zdrowe-przekaski","8":"entry","9":"has-media","11":"first","12":"instock","13":"shipping-taxable","14":"purchasable","15":"product-type-simple","16":"has-product-nav","17":"col","18":"span_1_of_3","19":"owp-content-left","20":"owp-thumbs-layout-horizontal","21":"owp-btn-normal","22":"owp-tabs-layout-horizontal","23":"has-no-thumbnails"},"_links":{"self":[{"href":"https:\/\/ecocorner.eu\/en\/wp-json\/wp\/v2\/product\/8759","targetHints":{"allow":["GET"]}}],"collection":[{"href":"https:\/\/ecocorner.eu\/en\/wp-json\/wp\/v2\/product"}],"about":[{"href":"https:\/\/ecocorner.eu\/en\/wp-json\/wp\/v2\/types\/product"}],"version-history":[{"count":1,"href":"https:\/\/ecocorner.eu\/en\/wp-json\/wp\/v2\/product\/8759\/revisions"}],"predecessor-version":[{"id":8761,"href":"https:\/\/ecocorner.eu\/en\/wp-json\/wp\/v2\/product\/8759\/revisions\/8761"}],"wp:featuredmedia":[{"embeddable":true,"href":"https:\/\/ecocorner.eu\/en\/wp-json\/wp\/v2\/media\/8760"}],"wp:attachment":[{"href":"https:\/\/ecocorner.eu\/en\/wp-json\/wp\/v2\/media?parent=8759"}],"wp:term":[{"taxonomy":"product_brand","embeddable":true,"href":"https:\/\/ecocorner.eu\/en\/wp-json\/wp\/v2\/product_brand?post=8759"},{"taxonomy":"product_cat","embeddable":true,"href":"https:\/\/ecocorner.eu\/en\/wp-json\/wp\/v2\/product_cat?post=8759"},{"taxonomy":"product_tag","embeddable":true,"href":"https:\/\/ecocorner.eu\/en\/wp-json\/wp\/v2\/product_tag?post=8759"}],"curies":[{"name":"wp","href":"https:\/\/api.w.org\/{rel}","templated":true}]}}