{"id":8785,"date":"2026-04-11T12:03:20","date_gmt":"2026-04-11T12:03:20","guid":{"rendered":"https:\/\/ecocorner.eu\/?post_type=product&#038;p=8785"},"modified":"2026-04-11T12:03:20","modified_gmt":"2026-04-11T12:03:20","slug":"hollinger-bio-syrop-do-napoi-i-drinkow-lilly-berry-500-ml","status":"publish","type":"product","link":"https:\/\/ecocorner.eu\/en\/product\/hollinger-bio-syrop-do-napoi-i-drinkow-lilly-berry-500-ml\/","title":{"rendered":"Hollinger   Bio Syrop do napoi i drink\u00f3w Lilly Berry  500 ml"},"content":{"rendered":"<p><span class=\"wartosc\">Ingredients<br \/>\ncukier*, woda, kwas: kwas cytrynowy, naturalny aromat malinowy, naturalny aromat truskawkowy, koncentrat marchwiowy*, koncentrat z czarnej porzeczki*, aromat chinina. (*certyfikowany sk\u0142adnik ekologiczny)<\/p>\n<p>WARTO\u015a\u0106 OD\u017bYWCZA W 100 ml<br \/>\nWarto\u015b\u0107 energetyczna: 1326 kJ\/ 312 kcal<br \/>\nT\u0142uszcz: &lt;0,5 g<br \/>\nw tym kwasy t\u0142uszczowe nasycone: &lt;0,1 g<br \/>\nCarbohydrates: 75 g<br \/>\nw tym cukry: 75 g<br \/>\nBia\u0142ko: &lt;0,5 g<br \/>\nS\u00f3l: &lt;0,01 g<\/p>\n<p>RECOMMENDED STORAGE CONDITIONS<br \/>\nPrzechowywa\u0107 w temperaturze pokojowej. Chroni\u0107 przed \u015bwiat\u0142em. Po otwarciu spo\u017cy\u0107 w ci\u0105gu 3-4 tygodni.<\/span><\/p>","protected":false},"excerpt":{"rendered":"<p><span class=\"wartosc\"><br \/>\nSyrop z przeznaczeniem do domowych i profesjonalnych bar\u00f3w. Idealny do sporz\u0105dzania drink\u00f3w, koktajli, napoi alkoholowych i bezalkoholowych, wed\u0142ug standard\u00f3w \u015bwiatowych i w\u0142asnych oryginalnych kompozycji.<\/span><\/p>\n<p><span class=\"wartosc\"> Ta wyj\u0105tkowa mieszanka nadaje Twojemu bezalkoholowemu koktajlowi charakterystyczny, lekko gorzkawy, a jednocze\u015bnie s\u0142odko-kwa\u015bny smak \u2013 idealny dla ka\u017cdego, kto kocha niepowtarzalny styl Lillet Berry.<br \/>\nSyrop rozcie\u0144cza\u0107 w proporcji 1:9.<br \/>\nProdukt pasteryzowany. Przed otwarciem wstrz\u0105sn\u0105\u0107.<\/span><\/p>","protected":false},"featured_media":8786,"template":"","meta":{"ocean_post_layout":"","ocean_both_sidebars_style":"","ocean_both_sidebars_content_width":0,"ocean_both_sidebars_sidebars_width":0,"ocean_sidebar":"0","ocean_second_sidebar":"0","ocean_disable_margins":"enable","ocean_add_body_class":"","ocean_shortcode_before_top_bar":"","ocean_shortcode_after_top_bar":"","ocean_shortcode_before_header":"","ocean_shortcode_after_header":"","ocean_has_shortcode":"","ocean_shortcode_after_title":"","ocean_shortcode_before_footer_widgets":"","ocean_shortcode_after_footer_widgets":"","ocean_shortcode_before_footer_bottom":"","ocean_shortcode_after_footer_bottom":"","ocean_display_top_bar":"default","ocean_display_header":"default","ocean_header_style":"","ocean_center_header_left_menu":"0","ocean_custom_header_template":"0","ocean_custom_logo":0,"ocean_custom_retina_logo":0,"ocean_custom_logo_max_width":0,"ocean_custom_logo_tablet_max_width":0,"ocean_custom_logo_mobile_max_width":0,"ocean_custom_logo_max_height":0,"ocean_custom_logo_tablet_max_height":0,"ocean_custom_logo_mobile_max_height":0,"ocean_header_custom_menu":"0","ocean_menu_typo_font_family":"0","ocean_menu_typo_font_subset":"","ocean_menu_typo_font_size":0,"ocean_menu_typo_font_size_tablet":0,"ocean_menu_typo_font_size_mobile":0,"ocean_menu_typo_font_size_unit":"px","ocean_menu_typo_font_weight":"","ocean_menu_typo_font_weight_tablet":"","ocean_menu_typo_font_weight_mobile":"","ocean_menu_typo_transform":"","ocean_menu_typo_transform_tablet":"","ocean_menu_typo_transform_mobile":"","ocean_menu_typo_line_height":0,"ocean_menu_typo_line_height_tablet":0,"ocean_menu_typo_line_height_mobile":0,"ocean_menu_typo_line_height_unit":"","ocean_menu_typo_spacing":0,"ocean_menu_typo_spacing_tablet":0,"ocean_menu_typo_spacing_mobile":0,"ocean_menu_typo_spacing_unit":"","ocean_menu_link_color":"","ocean_menu_link_color_hover":"","ocean_menu_link_color_active":"","ocean_menu_link_background":"","ocean_menu_link_hover_background":"","ocean_menu_link_active_background":"","ocean_menu_social_links_bg":"","ocean_menu_social_hover_links_bg":"","ocean_menu_social_links_color":"","ocean_menu_social_hover_links_color":"","ocean_disable_title":"default","ocean_disable_heading":"default","ocean_post_title":"","ocean_post_subheading":"","ocean_post_title_style":"","ocean_post_title_background_color":"","ocean_post_title_background":0,"ocean_post_title_bg_image_position":"","ocean_post_title_bg_image_attachment":"","ocean_post_title_bg_image_repeat":"","ocean_post_title_bg_image_size":"","ocean_post_title_height":0,"ocean_post_title_bg_overlay":0.5,"ocean_post_title_bg_overlay_color":"","ocean_disable_breadcrumbs":"default","ocean_breadcrumbs_color":"","ocean_breadcrumbs_separator_color":"","ocean_breadcrumbs_links_color":"","ocean_breadcrumbs_links_hover_color":"","ocean_display_footer_widgets":"default","ocean_display_footer_bottom":"default","ocean_custom_footer_template":"0"},"product_brand":[],"product_cat":[85],"product_tag":[],"class_list":{"0":"post-8785","1":"product","2":"type-product","3":"status-publish","4":"has-post-thumbnail","6":"product_cat-soki-naturalne","8":"entry","9":"has-media","11":"first","12":"instock","13":"shipping-taxable","14":"purchasable","15":"product-type-simple","16":"has-product-nav","17":"col","18":"span_1_of_3","19":"owp-content-left","20":"owp-thumbs-layout-horizontal","21":"owp-btn-normal","22":"owp-tabs-layout-horizontal","23":"has-no-thumbnails"},"_links":{"self":[{"href":"https:\/\/ecocorner.eu\/en\/wp-json\/wp\/v2\/product\/8785","targetHints":{"allow":["GET"]}}],"collection":[{"href":"https:\/\/ecocorner.eu\/en\/wp-json\/wp\/v2\/product"}],"about":[{"href":"https:\/\/ecocorner.eu\/en\/wp-json\/wp\/v2\/types\/product"}],"version-history":[{"count":1,"href":"https:\/\/ecocorner.eu\/en\/wp-json\/wp\/v2\/product\/8785\/revisions"}],"predecessor-version":[{"id":8787,"href":"https:\/\/ecocorner.eu\/en\/wp-json\/wp\/v2\/product\/8785\/revisions\/8787"}],"wp:featuredmedia":[{"embeddable":true,"href":"https:\/\/ecocorner.eu\/en\/wp-json\/wp\/v2\/media\/8786"}],"wp:attachment":[{"href":"https:\/\/ecocorner.eu\/en\/wp-json\/wp\/v2\/media?parent=8785"}],"wp:term":[{"taxonomy":"product_brand","embeddable":true,"href":"https:\/\/ecocorner.eu\/en\/wp-json\/wp\/v2\/product_brand?post=8785"},{"taxonomy":"product_cat","embeddable":true,"href":"https:\/\/ecocorner.eu\/en\/wp-json\/wp\/v2\/product_cat?post=8785"},{"taxonomy":"product_tag","embeddable":true,"href":"https:\/\/ecocorner.eu\/en\/wp-json\/wp\/v2\/product_tag?post=8785"}],"curies":[{"name":"wp","href":"https:\/\/api.w.org\/{rel}","templated":true}]}}