{"id":8797,"date":"2026-04-11T12:16:30","date_gmt":"2026-04-11T12:16:30","guid":{"rendered":"https:\/\/ecocorner.eu\/?post_type=product&#038;p=8797"},"modified":"2026-04-11T12:16:30","modified_gmt":"2026-04-11T12:16:30","slug":"zdrowo-namieszane-bezglutenowa-mieszanka-na-ciasto-brownie-bio-290-g-15-porcji","status":"publish","type":"product","link":"https:\/\/ecocorner.eu\/en\/product\/zdrowo-namieszane-bezglutenowa-mieszanka-na-ciasto-brownie-bio-290-g-15-porcji\/","title":{"rendered":"Zdrowo Namieszane  Bezglutenowa  Mieszanka na ciasto Brownie Bio  290 g  15 porcji"},"content":{"rendered":"<p><span class=\"wartosc\">Ingredients<br \/>\ncukier kokosowy* (37 %), m\u0105ka ry\u017cowa pe\u0142noziarnista*, m\u0105ka gryczana*, kakao w proszku* (9 %), skrobia kukurydziana*, skrobia z tapioki*, kropelki z czekolady* (7 %) (cukier trzcinowy*, miazga kakaowa*, t\u0142uszcz kakaowy*, emulgator: lecytyny (ze s\u0142onecznika*), len mielony*, proszek do pieczenia* (skrobia kukurydziana*, substancje spulchniaj\u0105ce (winiany potasu, w\u0119glany sodu)) (*certyfikowany sk\u0142adnik ekologiczny)<\/p>\n<p>SPOS\u00d3B PRZYGOTOWANA<br \/>\nPiekarnik nagrzej do temperatury 180\u00b0C bez termoobiegu. Niewielk\u0105 tortownic\u0119 lub form\u0119 do pieczenia (np. 20 cm x 20 cm) wy\u0142\u00f3\u017c papierem do pieczenia lub nat\u0142u\u015b\u0107 i posyp m\u0105k\u0105. Do g\u0142\u0119bokiej miski wlej ok. 13 \u0142y\u017cek oleju i 100 ml wody. Wsyp zawarto\u015b\u0107 opakowania i dok\u0142adnie wymieszaj. Wy\u0142\u00f3\u017c mas\u0119 na blach\u0119. W\u0142\u00f3\u017c do piekarnika na \u015brodkowy poziom i piecz oko\u0142o 20-25 minut.<\/p>\n<p>Nutritional value per 100 g<br \/>\nWarto\u015b\u0107 energetyczna 1818 kJ\/436 kcal<br \/>\nT\u0142uszcz: 25 g<br \/>\nw tym kwasy t\u0142uszczowe nasycone: 3,0 g<br \/>\nW\u0119glowodany: 46 g<br \/>\nw tym cukry: 24 g<br \/>\nB\u0142onnik: 2,4 g<br \/>\nBia\u0142ko: 4,4 g<br \/>\nSalt: 0.3 g<\/p>\n<p>RECOMMENDED STORAGE CONDITIONS<br \/>\nStore in a cool and dry place.<\/span><\/p>","protected":false},"excerpt":{"rendered":"<p><span class=\"wartosc\"><br \/>\nMieszanka na brownie marki Zdrowo Namieszane to propozycja dla prawdziwych koneser\u00f3w czekolady, kt\u00f3rzy szukaj\u0105 zdrowszej alternatywy dla klasycznych deser\u00f3w.<br \/>\nTa ekologiczna receptura pozwala przygotowa\u0107 legendarne, mocno czekoladowe ciasto o idealnie wilgotnym wn\u0119trzu, zachowuj\u0105c przy tym ca\u0142kowicie \u201eczyst\u0105 etykiet\u0119\u201d.<\/span><\/p>","protected":false},"featured_media":8798,"template":"","meta":{"ocean_post_layout":"","ocean_both_sidebars_style":"","ocean_both_sidebars_content_width":0,"ocean_both_sidebars_sidebars_width":0,"ocean_sidebar":"0","ocean_second_sidebar":"0","ocean_disable_margins":"enable","ocean_add_body_class":"","ocean_shortcode_before_top_bar":"","ocean_shortcode_after_top_bar":"","ocean_shortcode_before_header":"","ocean_shortcode_after_header":"","ocean_has_shortcode":"","ocean_shortcode_after_title":"","ocean_shortcode_before_footer_widgets":"","ocean_shortcode_after_footer_widgets":"","ocean_shortcode_before_footer_bottom":"","ocean_shortcode_after_footer_bottom":"","ocean_display_top_bar":"default","ocean_display_header":"default","ocean_header_style":"","ocean_center_header_left_menu":"0","ocean_custom_header_template":"0","ocean_custom_logo":0,"ocean_custom_retina_logo":0,"ocean_custom_logo_max_width":0,"ocean_custom_logo_tablet_max_width":0,"ocean_custom_logo_mobile_max_width":0,"ocean_custom_logo_max_height":0,"ocean_custom_logo_tablet_max_height":0,"ocean_custom_logo_mobile_max_height":0,"ocean_header_custom_menu":"0","ocean_menu_typo_font_family":"0","ocean_menu_typo_font_subset":"","ocean_menu_typo_font_size":0,"ocean_menu_typo_font_size_tablet":0,"ocean_menu_typo_font_size_mobile":0,"ocean_menu_typo_font_size_unit":"px","ocean_menu_typo_font_weight":"","ocean_menu_typo_font_weight_tablet":"","ocean_menu_typo_font_weight_mobile":"","ocean_menu_typo_transform":"","ocean_menu_typo_transform_tablet":"","ocean_menu_typo_transform_mobile":"","ocean_menu_typo_line_height":0,"ocean_menu_typo_line_height_tablet":0,"ocean_menu_typo_line_height_mobile":0,"ocean_menu_typo_line_height_unit":"","ocean_menu_typo_spacing":0,"ocean_menu_typo_spacing_tablet":0,"ocean_menu_typo_spacing_mobile":0,"ocean_menu_typo_spacing_unit":"","ocean_menu_link_color":"","ocean_menu_link_color_hover":"","ocean_menu_link_color_active":"","ocean_menu_link_background":"","ocean_menu_link_hover_background":"","ocean_menu_link_active_background":"","ocean_menu_social_links_bg":"","ocean_menu_social_hover_links_bg":"","ocean_menu_social_links_color":"","ocean_menu_social_hover_links_color":"","ocean_disable_title":"default","ocean_disable_heading":"default","ocean_post_title":"","ocean_post_subheading":"","ocean_post_title_style":"","ocean_post_title_background_color":"","ocean_post_title_background":0,"ocean_post_title_bg_image_position":"","ocean_post_title_bg_image_attachment":"","ocean_post_title_bg_image_repeat":"","ocean_post_title_bg_image_size":"","ocean_post_title_height":0,"ocean_post_title_bg_overlay":0.5,"ocean_post_title_bg_overlay_color":"","ocean_disable_breadcrumbs":"default","ocean_breadcrumbs_color":"","ocean_breadcrumbs_separator_color":"","ocean_breadcrumbs_links_color":"","ocean_breadcrumbs_links_hover_color":"","ocean_display_footer_widgets":"default","ocean_display_footer_bottom":"default","ocean_custom_footer_template":"0"},"product_brand":[],"product_cat":[68,23],"product_tag":[],"class_list":{"0":"post-8797","1":"product","2":"type-product","3":"status-publish","4":"has-post-thumbnail","6":"product_cat-nowosci","7":"product_cat-zdrowe-przekaski","9":"entry","10":"has-media","12":"first","13":"instock","14":"shipping-taxable","15":"purchasable","16":"product-type-simple","17":"has-product-nav","18":"col","19":"span_1_of_3","20":"owp-content-left","21":"owp-thumbs-layout-horizontal","22":"owp-btn-normal","23":"owp-tabs-layout-horizontal","24":"has-no-thumbnails"},"_links":{"self":[{"href":"https:\/\/ecocorner.eu\/en\/wp-json\/wp\/v2\/product\/8797","targetHints":{"allow":["GET"]}}],"collection":[{"href":"https:\/\/ecocorner.eu\/en\/wp-json\/wp\/v2\/product"}],"about":[{"href":"https:\/\/ecocorner.eu\/en\/wp-json\/wp\/v2\/types\/product"}],"version-history":[{"count":1,"href":"https:\/\/ecocorner.eu\/en\/wp-json\/wp\/v2\/product\/8797\/revisions"}],"predecessor-version":[{"id":8799,"href":"https:\/\/ecocorner.eu\/en\/wp-json\/wp\/v2\/product\/8797\/revisions\/8799"}],"wp:featuredmedia":[{"embeddable":true,"href":"https:\/\/ecocorner.eu\/en\/wp-json\/wp\/v2\/media\/8798"}],"wp:attachment":[{"href":"https:\/\/ecocorner.eu\/en\/wp-json\/wp\/v2\/media?parent=8797"}],"wp:term":[{"taxonomy":"product_brand","embeddable":true,"href":"https:\/\/ecocorner.eu\/en\/wp-json\/wp\/v2\/product_brand?post=8797"},{"taxonomy":"product_cat","embeddable":true,"href":"https:\/\/ecocorner.eu\/en\/wp-json\/wp\/v2\/product_cat?post=8797"},{"taxonomy":"product_tag","embeddable":true,"href":"https:\/\/ecocorner.eu\/en\/wp-json\/wp\/v2\/product_tag?post=8797"}],"curies":[{"name":"wp","href":"https:\/\/api.w.org\/{rel}","templated":true}]}}