{"id":8800,"date":"2026-04-11T12:19:46","date_gmt":"2026-04-11T12:19:46","guid":{"rendered":"https:\/\/ecocorner.eu\/?post_type=product&#038;p=8800"},"modified":"2026-04-14T19:19:14","modified_gmt":"2026-04-14T19:19:14","slug":"zdrowo-namieszane-bezglutenowa-mieszanka-na-gofry-bio-240-g","status":"publish","type":"product","link":"https:\/\/ecocorner.eu\/en\/product\/zdrowo-namieszane-bezglutenowa-mieszanka-na-gofry-bio-240-g\/","title":{"rendered":"Zdrowo  Namieszane  Bezglutenowa mieszanka na gofry  Bio 240 g"},"content":{"rendered":"<p><span class=\"wartosc\">Ingredients<br \/>\nm\u0105ka ry\u017cowa*, m\u0105ka z amarantusa*, skrobia z tapioki*, m\u0105ka gryczana*, proszek do pieczenia* (skrobia kukurydziana*, substancje spulchniaj\u0105ce (winiany potasu, wodorow\u0119glan sodu)), len mielony*, s\u00f3l himalajska (*certyfikowany sk\u0142adnik ekologiczny)<\/p>\n<p>cooking method<br \/>\n1. Oddziel \u017c\u00f3\u0142tka od bia\u0142ek.<br \/>\n2. Do miski wlej MLEKO, \u017c\u00f3\u0142tka i olej, a nast\u0119pnie zmiksuj lub dok\u0142adnie wymieszaj.<br \/>\n3.Gofry na s\u0142odko: dodaj 2 \u0142y\u017cki ksyllitolu, erytrolu lub cukru.<br \/>\nGofry na s\u0142ono: dodaj p\u00f3\u0142 \u0142y\u017ceczki soli lub 3 \u0142y\u017ceczki startego sera (np. parmezanu)<br \/>\n4. Do przygotowanego p\u0142ynu wsyp zawarto\u015b\u0107 opakowania i zmiksuj<br \/>\n5. W osobnej miseczce ubij bia\u0142ka na sztywn\u0105 pian\u0119 z ma\u0142\u0105 szczypt\u0105 soli<br \/>\n6. Nagrzej gofrownic\u0119<br \/>\n7. Dodaj ubite bia\u0142ka do masy gofrowej i delikatnie wymieszaj.<br \/>\n8. Wylej ciasto do gofrownicy i sma\u017c na rumiano &#8211; oko\u0142o 2 minut.<br \/>\n9. Podawaj na ciep\u0142o z ulubionymi dodatkami.<\/p>\n<p>Nutritional value per 100 g<br \/>\nWarto\u015b\u0107 energetyczna: 1376 kJ\/328 kcal<br \/>\nT\u0142uszcz: 13 g<br \/>\nw tym kwasy t\u0142uszczowe nasycone: 2,2 g<br \/>\nW\u0119glowodany: 43 g<br \/>\nw tym cukry: 2,6 g<br \/>\nB\u0142onnik: 0 g<br \/>\nBia\u0142ko: 8,8 g<br \/>\nS\u00f3l: 0,65 g<\/p>\n<p>note<br \/>\nZapach mieszanki pochodzi od warto\u015bciowej ale specyficznie pachn\u0105cej m\u0105ki amarantusowej.<br \/>\nPo przyrz\u0105dzeniu gofr\u00f3w staje si\u0119 niewyczuwalny.<br \/>\nWersja wega\u0144ska &#8211; zamiast 2 JAJEK dodaj 6-7 \u0142y\u017cek ubitej na sztywn\u0105 pian\u0119 aquafaby.<\/p>\n<p>RECOMMENDED STORAGE CONDITIONS<br \/>\nStore in a cool and dry place.<\/span><\/p>","protected":false},"excerpt":{"rendered":"<p><span class=\"wartosc\"><br \/>\nMieszanka na gofry marki Zdrowo Namieszane to Tw\u00f3j bilet do \u015bwiata idealnie chrupi\u0105cych, z\u0142ocistych gofr\u00f3w, kt\u00f3re przyrz\u0105dzisz w zaledwie kilka minut we w\u0142asnej kuchni.<br \/>\nTa ekologiczna kompozycja zosta\u0142a stworzona z my\u015bl\u0105 o osobach na diecie bezglutenowej, kt\u00f3re nie chc\u0105 rezygnowa\u0107 z tradycyjnej tekstury i g\u0142\u0119bokiego smaku ulubionego deseru.<br \/>\n<\/span><\/p>\n<p>Mo\u017cna je wykona\u0107 r\u00f3wnie\u017c w wersji wytrawnej na s\u0142ono .<\/p>","protected":false},"featured_media":8801,"template":"","meta":{"ocean_post_layout":"","ocean_both_sidebars_style":"","ocean_both_sidebars_content_width":0,"ocean_both_sidebars_sidebars_width":0,"ocean_sidebar":"0","ocean_second_sidebar":"0","ocean_disable_margins":"enable","ocean_add_body_class":"","ocean_shortcode_before_top_bar":"","ocean_shortcode_after_top_bar":"","ocean_shortcode_before_header":"","ocean_shortcode_after_header":"","ocean_has_shortcode":"","ocean_shortcode_after_title":"","ocean_shortcode_before_footer_widgets":"","ocean_shortcode_after_footer_widgets":"","ocean_shortcode_before_footer_bottom":"","ocean_shortcode_after_footer_bottom":"","ocean_display_top_bar":"default","ocean_display_header":"default","ocean_header_style":"","ocean_center_header_left_menu":"0","ocean_custom_header_template":"0","ocean_custom_logo":0,"ocean_custom_retina_logo":0,"ocean_custom_logo_max_width":0,"ocean_custom_logo_tablet_max_width":0,"ocean_custom_logo_mobile_max_width":0,"ocean_custom_logo_max_height":0,"ocean_custom_logo_tablet_max_height":0,"ocean_custom_logo_mobile_max_height":0,"ocean_header_custom_menu":"0","ocean_menu_typo_font_family":"0","ocean_menu_typo_font_subset":"","ocean_menu_typo_font_size":0,"ocean_menu_typo_font_size_tablet":0,"ocean_menu_typo_font_size_mobile":0,"ocean_menu_typo_font_size_unit":"px","ocean_menu_typo_font_weight":"","ocean_menu_typo_font_weight_tablet":"","ocean_menu_typo_font_weight_mobile":"","ocean_menu_typo_transform":"","ocean_menu_typo_transform_tablet":"","ocean_menu_typo_transform_mobile":"","ocean_menu_typo_line_height":0,"ocean_menu_typo_line_height_tablet":0,"ocean_menu_typo_line_height_mobile":0,"ocean_menu_typo_line_height_unit":"","ocean_menu_typo_spacing":0,"ocean_menu_typo_spacing_tablet":0,"ocean_menu_typo_spacing_mobile":0,"ocean_menu_typo_spacing_unit":"","ocean_menu_link_color":"","ocean_menu_link_color_hover":"","ocean_menu_link_color_active":"","ocean_menu_link_background":"","ocean_menu_link_hover_background":"","ocean_menu_link_active_background":"","ocean_menu_social_links_bg":"","ocean_menu_social_hover_links_bg":"","ocean_menu_social_links_color":"","ocean_menu_social_hover_links_color":"","ocean_disable_title":"default","ocean_disable_heading":"default","ocean_post_title":"","ocean_post_subheading":"","ocean_post_title_style":"","ocean_post_title_background_color":"","ocean_post_title_background":0,"ocean_post_title_bg_image_position":"","ocean_post_title_bg_image_attachment":"","ocean_post_title_bg_image_repeat":"","ocean_post_title_bg_image_size":"","ocean_post_title_height":0,"ocean_post_title_bg_overlay":0.5,"ocean_post_title_bg_overlay_color":"","ocean_disable_breadcrumbs":"default","ocean_breadcrumbs_color":"","ocean_breadcrumbs_separator_color":"","ocean_breadcrumbs_links_color":"","ocean_breadcrumbs_links_hover_color":"","ocean_display_footer_widgets":"default","ocean_display_footer_bottom":"default","ocean_custom_footer_template":"0"},"product_brand":[],"product_cat":[68,23],"product_tag":[],"class_list":{"0":"post-8800","1":"product","2":"type-product","3":"status-publish","4":"has-post-thumbnail","6":"product_cat-nowosci","7":"product_cat-zdrowe-przekaski","9":"entry","10":"has-media","12":"first","13":"instock","14":"shipping-taxable","15":"purchasable","16":"product-type-simple","17":"has-product-nav","18":"col","19":"span_1_of_3","20":"owp-content-left","21":"owp-thumbs-layout-horizontal","22":"owp-btn-normal","23":"owp-tabs-layout-horizontal","24":"has-no-thumbnails"},"_links":{"self":[{"href":"https:\/\/ecocorner.eu\/en\/wp-json\/wp\/v2\/product\/8800","targetHints":{"allow":["GET"]}}],"collection":[{"href":"https:\/\/ecocorner.eu\/en\/wp-json\/wp\/v2\/product"}],"about":[{"href":"https:\/\/ecocorner.eu\/en\/wp-json\/wp\/v2\/types\/product"}],"version-history":[{"count":1,"href":"https:\/\/ecocorner.eu\/en\/wp-json\/wp\/v2\/product\/8800\/revisions"}],"predecessor-version":[{"id":8802,"href":"https:\/\/ecocorner.eu\/en\/wp-json\/wp\/v2\/product\/8800\/revisions\/8802"}],"wp:featuredmedia":[{"embeddable":true,"href":"https:\/\/ecocorner.eu\/en\/wp-json\/wp\/v2\/media\/8801"}],"wp:attachment":[{"href":"https:\/\/ecocorner.eu\/en\/wp-json\/wp\/v2\/media?parent=8800"}],"wp:term":[{"taxonomy":"product_brand","embeddable":true,"href":"https:\/\/ecocorner.eu\/en\/wp-json\/wp\/v2\/product_brand?post=8800"},{"taxonomy":"product_cat","embeddable":true,"href":"https:\/\/ecocorner.eu\/en\/wp-json\/wp\/v2\/product_cat?post=8800"},{"taxonomy":"product_tag","embeddable":true,"href":"https:\/\/ecocorner.eu\/en\/wp-json\/wp\/v2\/product_tag?post=8800"}],"curies":[{"name":"wp","href":"https:\/\/api.w.org\/{rel}","templated":true}]}}