{"id":8803,"date":"2026-04-11T12:22:16","date_gmt":"2026-04-11T12:22:16","guid":{"rendered":"https:\/\/ecocorner.eu\/?post_type=product&#038;p=8803"},"modified":"2026-04-14T19:19:22","modified_gmt":"2026-04-14T19:19:22","slug":"zdrowo-namieszane-bezglutenowa-mieszanka-na-muffinki-z-kroplami-gorzkiej-czekolady-300-g-12-szt","status":"publish","type":"product","link":"https:\/\/ecocorner.eu\/en\/product\/zdrowo-namieszane-bezglutenowa-mieszanka-na-muffinki-z-kroplami-gorzkiej-czekolady-300-g-12-szt\/","title":{"rendered":"Zdrowo Namieszane  Bezglutenowa mieszanka na muffinki z kroplami gorzkiej czekolady  300 g  12 szt"},"content":{"rendered":"<p><span class=\"wartosc\">SK\u0141ADNIKI<br \/>\nm\u0105ka ry\u017cowa pe\u0142noziarnista*, m\u0105ka gryczana*, skrobia kukurydziana*, cukier kokosowy*, m\u0105ka ry\u017cowa*, kropelki z czekolady* (7 %) [miazga kakaowa*, cukier trzcinowy*, t\u0142uszcz kakaowy*, emulgator: lecytyny (z SOI)], skrobia z tapioki*, len mielony*, kakao w proszku*, bezglutenowy proszek do pieczenia* [skrobia kukurydziana*, substancje spulchniaj\u0105ce (winiany potasu, w\u0119glany sodu)], s\u00f3l himalajska r\u00f3\u017cowa (*certyfikowany sk\u0142adnik ekologiczny)<\/p>\n<p>SPOS\u00d3B PRZYGOTOWANA<br \/>\n1. Piekarnik nagrzej do temperatury 180 \u00b0C bez termoobiegu)<br \/>\n2. Przygotuj form\u0119 na muffiny. Metalow\u0105 form\u0119 wy\u0142\u00f3\u017c papierowymi papilotkami, silikonowa nie potrzebuje papilotek<br \/>\n4. Do du\u017cej miski w\u0142\u00f3\u017c 2 banany, 170 g jogurtu naturalnego, 2 jajka oraz 70 ml oleju i wszystko dok\u0142adnie zmiksuj<br \/>\n5. Wsyp zawarto\u015b\u0107 opakowania i dok\u0142adnie wymieszaj<br \/>\n6. Gotow\u0105 mas\u0119 przelej do foremek na muffiny. Na wierzch mo\u017cesz po\u0142o\u017cy\u0107 dowolne owoce lub ORZECHY<br \/>\n7. Wstaw do piekarnika na ok. 35 minut<\/p>\n<p>UWAGA<br \/>\nW wersji wega\u0144skiej zamie\u0144 2 jajka na jednego banana i 2-3 \u0142y\u017cki jogurtu wega\u0144skiego.<br \/>\nMuffiny doskonale smakuj\u0105 z dodatkiem malin lub bor\u00f3wek ameryka\u0144skich.<\/p>\n<p>WARTO\u015a\u0106 OD\u017bYWCZA W 100 g po przyrz\u0105dzeniu z jogurtem naturalnym 2 % t\u0142uszczu<br \/>\nWarto\u015b\u0107 energetyczna: 1260 kJ\/301 kcal<br \/>\nT\u0142uszcz: 13 g<br \/>\nw tym kwasy t\u0142uszczowe nasycone: 2,3 g<br \/>\nW\u0119glowodany: 38 g<br \/>\nw tym cukry: 14 g<br \/>\nB\u0142onnik: 2,2 g<br \/>\nBia\u0142ko: 6,0 g<br \/>\nS\u00f3l: 0,32 g<\/p>\n<p>WARTO\u015a\u0106 OD\u017bYWCZA W 65 g po przyrz\u0105dzeniu z jogurtem naturalnym 2 % t\u0142uszczu<br \/>\nWarto\u015b\u0107 energetyczna: 819 kJ\/195 kcal<br \/>\nT\u0142uszcz: 8,7 g<br \/>\nw tym kwasy t\u0142uszczowe nasycone: 1,5 g<br \/>\nW\u0119glowodany: 25 g<br \/>\nw tym cukry: 9,1 g<br \/>\nB\u0142onnik: 1,4 g<br \/>\nBia\u0142ko: 3,9 g<br \/>\nS\u00f3l: 0,21 g<\/p>\n<p>ZALECANE WARUNKI PRZECHOWYWANIA<br \/>\nPrzechowywa\u0107 w suchym i ch\u0142odnym miejscu. <\/span><\/p>\n","protected":false},"excerpt":{"rendered":"<p><span class=\"wartosc\"><br \/>\nMieszanka na muffiny z czekolad\u0105 gorzk\u0105 marki Zdrowo Namieszane to idealna propozycja dla wielbicieli domowych wypiek\u00f3w, kt\u00f3rzy ceni\u0105 prostot\u0119, zdrowy sk\u0142ad i intensywnie czekoladowy smak.<br \/>\nTa ekologiczna kompozycja pozwala w kilka chwil przygotowa\u0107 puszyste babeczki z kawa\u0142kami prawdziwej, gorzkiej czekolady, bez obaw o GLUTEN czy sztuczne dodatki.<br \/>\n1 porcja: ok. 65 g<br \/>\nIlo\u015b\u0107 porcji: ok. 12 muffinek<\/span><\/p>","protected":false},"featured_media":8804,"template":"","meta":{"ocean_post_layout":"","ocean_both_sidebars_style":"","ocean_both_sidebars_content_width":0,"ocean_both_sidebars_sidebars_width":0,"ocean_sidebar":"0","ocean_second_sidebar":"0","ocean_disable_margins":"enable","ocean_add_body_class":"","ocean_shortcode_before_top_bar":"","ocean_shortcode_after_top_bar":"","ocean_shortcode_before_header":"","ocean_shortcode_after_header":"","ocean_has_shortcode":"","ocean_shortcode_after_title":"","ocean_shortcode_before_footer_widgets":"","ocean_shortcode_after_footer_widgets":"","ocean_shortcode_before_footer_bottom":"","ocean_shortcode_after_footer_bottom":"","ocean_display_top_bar":"default","ocean_display_header":"default","ocean_header_style":"","ocean_center_header_left_menu":"0","ocean_custom_header_template":"0","ocean_custom_logo":0,"ocean_custom_retina_logo":0,"ocean_custom_logo_max_width":0,"ocean_custom_logo_tablet_max_width":0,"ocean_custom_logo_mobile_max_width":0,"ocean_custom_logo_max_height":0,"ocean_custom_logo_tablet_max_height":0,"ocean_custom_logo_mobile_max_height":0,"ocean_header_custom_menu":"0","ocean_menu_typo_font_family":"0","ocean_menu_typo_font_subset":"","ocean_menu_typo_font_size":0,"ocean_menu_typo_font_size_tablet":0,"ocean_menu_typo_font_size_mobile":0,"ocean_menu_typo_font_size_unit":"px","ocean_menu_typo_font_weight":"","ocean_menu_typo_font_weight_tablet":"","ocean_menu_typo_font_weight_mobile":"","ocean_menu_typo_transform":"","ocean_menu_typo_transform_tablet":"","ocean_menu_typo_transform_mobile":"","ocean_menu_typo_line_height":0,"ocean_menu_typo_line_height_tablet":0,"ocean_menu_typo_line_height_mobile":0,"ocean_menu_typo_line_height_unit":"","ocean_menu_typo_spacing":0,"ocean_menu_typo_spacing_tablet":0,"ocean_menu_typo_spacing_mobile":0,"ocean_menu_typo_spacing_unit":"","ocean_menu_link_color":"","ocean_menu_link_color_hover":"","ocean_menu_link_color_active":"","ocean_menu_link_background":"","ocean_menu_link_hover_background":"","ocean_menu_link_active_background":"","ocean_menu_social_links_bg":"","ocean_menu_social_hover_links_bg":"","ocean_menu_social_links_color":"","ocean_menu_social_hover_links_color":"","ocean_disable_title":"default","ocean_disable_heading":"default","ocean_post_title":"","ocean_post_subheading":"","ocean_post_title_style":"","ocean_post_title_background_color":"","ocean_post_title_background":0,"ocean_post_title_bg_image_position":"","ocean_post_title_bg_image_attachment":"","ocean_post_title_bg_image_repeat":"","ocean_post_title_bg_image_size":"","ocean_post_title_height":0,"ocean_post_title_bg_overlay":0.5,"ocean_post_title_bg_overlay_color":"","ocean_disable_breadcrumbs":"default","ocean_breadcrumbs_color":"","ocean_breadcrumbs_separator_color":"","ocean_breadcrumbs_links_color":"","ocean_breadcrumbs_links_hover_color":"","ocean_display_footer_widgets":"default","ocean_display_footer_bottom":"default","ocean_custom_footer_template":"0"},"product_brand":[],"product_cat":[68,23],"product_tag":[],"class_list":{"0":"post-8803","1":"product","2":"type-product","3":"status-publish","4":"has-post-thumbnail","6":"product_cat-nowosci","7":"product_cat-zdrowe-przekaski","9":"entry","10":"has-media","12":"first","13":"instock","14":"shipping-taxable","15":"purchasable","16":"product-type-simple","17":"has-product-nav","18":"col","19":"span_1_of_3","20":"owp-content-left","21":"owp-thumbs-layout-horizontal","22":"owp-btn-normal","23":"owp-tabs-layout-horizontal","24":"has-no-thumbnails"},"_links":{"self":[{"href":"https:\/\/ecocorner.eu\/en\/wp-json\/wp\/v2\/product\/8803","targetHints":{"allow":["GET"]}}],"collection":[{"href":"https:\/\/ecocorner.eu\/en\/wp-json\/wp\/v2\/product"}],"about":[{"href":"https:\/\/ecocorner.eu\/en\/wp-json\/wp\/v2\/types\/product"}],"version-history":[{"count":1,"href":"https:\/\/ecocorner.eu\/en\/wp-json\/wp\/v2\/product\/8803\/revisions"}],"predecessor-version":[{"id":8805,"href":"https:\/\/ecocorner.eu\/en\/wp-json\/wp\/v2\/product\/8803\/revisions\/8805"}],"wp:featuredmedia":[{"embeddable":true,"href":"https:\/\/ecocorner.eu\/en\/wp-json\/wp\/v2\/media\/8804"}],"wp:attachment":[{"href":"https:\/\/ecocorner.eu\/en\/wp-json\/wp\/v2\/media?parent=8803"}],"wp:term":[{"taxonomy":"product_brand","embeddable":true,"href":"https:\/\/ecocorner.eu\/en\/wp-json\/wp\/v2\/product_brand?post=8803"},{"taxonomy":"product_cat","embeddable":true,"href":"https:\/\/ecocorner.eu\/en\/wp-json\/wp\/v2\/product_cat?post=8803"},{"taxonomy":"product_tag","embeddable":true,"href":"https:\/\/ecocorner.eu\/en\/wp-json\/wp\/v2\/product_tag?post=8803"}],"curies":[{"name":"wp","href":"https:\/\/api.w.org\/{rel}","templated":true}]}}