{"id":8858,"date":"2026-05-02T13:58:31","date_gmt":"2026-05-02T13:58:31","guid":{"rendered":"https:\/\/ecocorner.eu\/?post_type=product&#038;p=8858"},"modified":"2026-05-07T10:33:08","modified_gmt":"2026-05-07T10:33:08","slug":"dr-jacobs-oregano-i-czarnuszka-60-kaps","status":"publish","type":"product","link":"https:\/\/ecocorner.eu\/en\/product\/dr-jacobs-oregano-i-czarnuszka-60-kaps\/","title":{"rendered":"Dr Jacobs  Oregano i Czarnuszka   60 kaps."},"content":{"rendered":"<p>&nbsp;<\/p>\n<h2 class=\"western\" align=\"justify\">Jako\u015b\u0107, kt\u00f3ra przekonuje<\/h2>\n<p><span class=\"HwtZe\" lang=\"pl\"><span class=\"jCAhz ChMk0b\"><span class=\"ryNqvb\">Capsules <strong>Oregano i Czarnuszka Dr. Jacob&#8217;s<\/strong>\u00a0zawieraj\u0105 organiczny olejek oregano<\/span><\/span><span class=\"jCAhz ChMk0b\"><span class=\"ryNqvb\">\u00a0ekstrahowany delikatnie metod\u0105 destylacji parowej.<\/span><\/span> <span class=\"jCAhz ChMk0b\"><span class=\"ryNqvb\">Proces ten pozwala zachowa\u0107 cenne, naturalne sk\u0142adniki.<\/span><\/span> <\/span><\/p>\n<p><span class=\"HwtZe\" lang=\"pl\"><span class=\"jCAhz ChMk0b\"><span class=\"ryNqvb\">Nasz <strong>olejek z oregano zawiera 80% karwakrolu<\/strong> i jest zmieszany z <strong>olejem z czarnuszki siewnej<\/strong> (<em>Nigella sativa L.<\/em>). Ten olej uzyskujemy w procesie t\u0142oczenia na zimno, aby zachowa\u0107 wszystkie wa\u017cne sk\u0142adniki.<\/span><\/span><\/span><\/p>\n<p>&nbsp;<\/p>\n<h2 class=\"western\" align=\"justify\">Optymalna synergia dw\u00f3ch tradycyjnych olej\u00f3w ro\u015blinnych<\/h2>\n<p><span class=\"HwtZe\" lang=\"pl\"><span class=\"jCAhz ChMk0b\"><span class=\"ryNqvb\">Olejek z oregano i t\u0142oczony na zimno olej z czarnuszki siewnej tworz\u0105 zbilansowan\u0105 formu\u0142\u0119. <\/span><\/span><\/span><\/p>\n<p><span class=\"HwtZe\" lang=\"pl\"><span class=\"jCAhz ChMk0b\"><span class=\"ryNqvb\">Olejek z oregano zapewnia wysok\u0105 zawarto\u015b\u0107 <strong>karwakrolu<\/strong>, a olej z czarnuszki siewnej dostarcza cennych<strong> nienasyconych kwas\u00f3w t\u0142uszczowych<\/strong>. <\/span><\/span><\/span><\/p>\n<p><span class=\"HwtZe\" lang=\"pl\"><span class=\"jCAhz ChMk0b\"><span class=\"ryNqvb\">Otoczka kapsu\u0142ki chroni delikatny olejek z oregano przed dost\u0119pem tlenu i je\u0142czeniem. Olejek z oregano ma bardzo silny, ostry smak, dlatego kapsu\u0142ka pomaga dostarczy\u0107 go do organizmu chroni\u0105c nas przed tym smakiem.<\/span><\/span><\/span><\/p>\n<p><img fetchpriority=\"high\" decoding=\"async\" src=\"https:\/\/sklep.drjacobs.pl\/userdata\/public\/assets\/MW\/Depositphotos_371204992_XL.jpg\" alt=\"olej z czarnuszki i olej z oregano zamkni\u0119ty w kapsu\u0142ce\" width=\"350\" height=\"233\" \/><\/p>\n<p><span class=\"HwtZe\" lang=\"pl\"><span class=\"jCAhz ChMk0b\"><span class=\"ryNqvb\"><strong>Recommended daily intake:<\/strong> kapsu\u0142ka 1-2 razy dziennie podczas posi\u0142ku.<\/span><\/span><\/span><\/p>\n<p><span class=\"HwtZe\" lang=\"pl\"><span class=\"jCAhz ChMk0b\"><span class=\"ryNqvb\">Nie otwiera\u0107 kapsu\u0142ki, poniewa\u017c jej zawarto\u015b\u0107 jest bardzo\u00a0skoncentrowana. <\/span><\/span><\/span><\/p>\n<p><span class=\"HwtZe\" lang=\"pl\"><span class=\"jCAhz ChMk0b\"><span class=\"ryNqvb\">Nieodpowiednie dla kobiet w ci\u0105\u017cy.<\/span><\/span><\/span><\/p>\n<p>&nbsp;<\/p>\n<p><span class=\"HwtZe\" lang=\"pl\"><span class=\"jCAhz ChMk0b\"><span class=\"ryNqvb\"><strong>Ingredients:<\/strong> olej z nasion czarnuszki siewnej (<em>Nigella sativa L.<\/em>)<sup>1<\/sup> (65%), olejek z oregano (<em>Origanum vulgare L.<\/em>)<sup>1<\/sup> (19%),\u00a0 hydroksypropylometyloceluloza (substancja glazuruj\u0105ca &#8211; kapsu\u0142ka).<\/span><\/span><\/span><\/p>\n<p><span class=\"HwtZe\" lang=\"pl\"><span class=\"jCAhz ChMk0b\"><span class=\"ryNqvb\"><sup>1<\/sup> Sk\u0142adnik z kontrolowanych upraw ekologicznych.<\/span><\/span><\/span><\/p>\n<p><span class=\"HwtZe\" lang=\"pl\"><span class=\"jCAhz ChMk0b\"><span class=\"ryNqvb\"><img decoding=\"async\" src=\"https:\/\/sklep.drjacobs.pl\/userdata\/public\/assets\/Produkty\/Oregano%20i%20Czarnuszka%20tabela.jpg\" alt=\"Oregano i czarnuszka w kapsu\u0142kach Dr Jacobs tabela warto\u015bci od\u017cywczych\" width=\"412\" height=\"158\" \/><\/span><\/span><\/span><\/p>\n<p>&nbsp;<\/p>\n<p>Do not exceed the recommended daily intake.<\/p>\n<p>Przechowywa\u0107 w spos\u00f3b niedost\u0119pny dla ma\u0142ych dzieci, w miejscu ch\u0142odnym, z dala od promieni s\u0142onecznych. Suplement diety nie mo\u017ce by\u0107 stosowany jako substytut (zamiennik) zr\u00f3wnowa\u017conej diety. Wa\u017cna jest zr\u00f3wnowa\u017cona dieta oraz zdrowy tryb \u017cycia<\/p>","protected":false},"excerpt":{"rendered":"<h2 class=\"western\" align=\"justify\">Kapsu\u0142ki z organicznym olejkiem z oregano i olejem z czarnuszki<\/h2>\n<p><span class=\"HwtZe\" lang=\"pl\"><span class=\"jCAhz ChMk0b\"><span class=\"ryNqvb\"><strong>\u2713<\/strong> Organiczne oregano i nasiona czarnuszki <\/span><\/span><\/span><\/p>\n<p><span class=\"HwtZe\" lang=\"pl\"><span class=\"jCAhz ChMk0b\"><span class=\"ryNqvb\"><strong>\u2713<\/strong> Delikatnie destylowany olej z oregano <strong>zawiera 80% karwakrolu<\/strong><\/span><\/span><\/span><\/p>\n<p><span class=\"HwtZe\" lang=\"pl\"><span class=\"jCAhz ChMk0b\"><span class=\"ryNqvb\"><strong>\u2713<\/strong> T\u0142oczony na zimno <strong>olej z czarnuszki <\/strong><\/span><\/span><\/span><\/p>\n<p><span class=\"HwtZe\" lang=\"pl\"><span class=\"jCAhz ChMk0b\"><span class=\"ryNqvb\"><strong>\u2713<\/strong> Wygodne, bezsmakowe kapsu\u0142ki <\/span><\/span><\/span><\/p>\n<p><span class=\"HwtZe\" lang=\"pl\"><span class=\"jCAhz ChMk0b\"><span class=\"ryNqvb\"><strong>\u2713<\/strong> Wega\u0144skie \u2013 bez dodatk\u00f3w\u00a0<\/span><\/span><\/span><\/p>\n<p>&nbsp;<\/p>\n<h2 class=\"western\" align=\"justify\">Co zawieraj\u0105 kapsu\u0142ki z organicznym olejkiem z oregano?<\/h2>\n<p><span class=\"HwtZe\" lang=\"pl\"><span class=\"jCAhz ChMk0b\"><span class=\"ryNqvb\">Nasze kapsu\u0142ki <strong>Oregano i Czarnuszka Dr. Jacob&#8217;s<\/strong> zawieraj\u0105 organiczny olejek z oregano, w kt\u00f3rym jest <strong>a\u017c 80% karwakrolu<\/strong>. Olejek ten jest po\u0142\u0105czony z olejem z czarnuszki i razem s\u0105 umieszczone w wygodnej, wega\u0144skiej kapsu\u0142ce, kt\u00f3r\u0105 \u0142atwo w\u0142\u0105czy\u0107 do codziennej diety.<\/span><\/span> <\/span><\/p>\n<p><span class=\"HwtZe\" lang=\"pl\"><span class=\"jCAhz ChMk0b\"><span class=\"ryNqvb\"><strong>Oregano oil<\/strong> pochodzi z kwiat\u00f3w oregano pospolitego (<em>Origanum vulgare L.<\/em>), aromatycznej ro\u015bliny cenionej od wiek\u00f3w jako przyprawa i w tradycyjnej medycynie zio\u0142owej.<\/span><\/span><span class=\"jCAhz ChMk0b\"><span class=\"ryNqvb\"> Cech\u0105 charakterystyczn\u0105 olejku z oregano jest wysoka zawarto\u015b\u0107<strong> karwakrolu<\/strong>, wt\u00f3rnego zwi\u0105zku ro\u015blinnego odpowiedzialnego za jego intensywny aromat i smak.<\/span><\/span> <\/span><\/p>\n<p><img decoding=\"async\" src=\"https:\/\/sklep.drjacobs.pl\/userdata\/public\/assets\/Produkty\/oregano%20i%20czarnuszka.jpg\" alt=\"Olej z czarnuszki i oregano w kapsu\u0142kach dr jacobs\" width=\"350\" height=\"350\" \/><\/p>","protected":false},"featured_media":8859,"template":"","meta":{"ocean_post_layout":"","ocean_both_sidebars_style":"","ocean_both_sidebars_content_width":0,"ocean_both_sidebars_sidebars_width":0,"ocean_sidebar":"0","ocean_second_sidebar":"0","ocean_disable_margins":"enable","ocean_add_body_class":"","ocean_shortcode_before_top_bar":"","ocean_shortcode_after_top_bar":"","ocean_shortcode_before_header":"","ocean_shortcode_after_header":"","ocean_has_shortcode":"","ocean_shortcode_after_title":"","ocean_shortcode_before_footer_widgets":"","ocean_shortcode_after_footer_widgets":"","ocean_shortcode_before_footer_bottom":"","ocean_shortcode_after_footer_bottom":"","ocean_display_top_bar":"default","ocean_display_header":"default","ocean_header_style":"","ocean_center_header_left_menu":"0","ocean_custom_header_template":"0","ocean_custom_logo":0,"ocean_custom_retina_logo":0,"ocean_custom_logo_max_width":0,"ocean_custom_logo_tablet_max_width":0,"ocean_custom_logo_mobile_max_width":0,"ocean_custom_logo_max_height":0,"ocean_custom_logo_tablet_max_height":0,"ocean_custom_logo_mobile_max_height":0,"ocean_header_custom_menu":"0","ocean_menu_typo_font_family":"0","ocean_menu_typo_font_subset":"","ocean_menu_typo_font_size":0,"ocean_menu_typo_font_size_tablet":0,"ocean_menu_typo_font_size_mobile":0,"ocean_menu_typo_font_size_unit":"px","ocean_menu_typo_font_weight":"","ocean_menu_typo_font_weight_tablet":"","ocean_menu_typo_font_weight_mobile":"","ocean_menu_typo_transform":"","ocean_menu_typo_transform_tablet":"","ocean_menu_typo_transform_mobile":"","ocean_menu_typo_line_height":0,"ocean_menu_typo_line_height_tablet":0,"ocean_menu_typo_line_height_mobile":0,"ocean_menu_typo_line_height_unit":"","ocean_menu_typo_spacing":0,"ocean_menu_typo_spacing_tablet":0,"ocean_menu_typo_spacing_mobile":0,"ocean_menu_typo_spacing_unit":"","ocean_menu_link_color":"","ocean_menu_link_color_hover":"","ocean_menu_link_color_active":"","ocean_menu_link_background":"","ocean_menu_link_hover_background":"","ocean_menu_link_active_background":"","ocean_menu_social_links_bg":"","ocean_menu_social_hover_links_bg":"","ocean_menu_social_links_color":"","ocean_menu_social_hover_links_color":"","ocean_disable_title":"default","ocean_disable_heading":"default","ocean_post_title":"","ocean_post_subheading":"","ocean_post_title_style":"","ocean_post_title_background_color":"","ocean_post_title_background":0,"ocean_post_title_bg_image_position":"","ocean_post_title_bg_image_attachment":"","ocean_post_title_bg_image_repeat":"","ocean_post_title_bg_image_size":"","ocean_post_title_height":0,"ocean_post_title_bg_overlay":0.5,"ocean_post_title_bg_overlay_color":"","ocean_disable_breadcrumbs":"default","ocean_breadcrumbs_color":"","ocean_breadcrumbs_separator_color":"","ocean_breadcrumbs_links_color":"","ocean_breadcrumbs_links_hover_color":"","ocean_display_footer_widgets":"default","ocean_display_footer_bottom":"default","ocean_custom_footer_template":"0"},"product_brand":[],"product_cat":[93,68,58,22],"product_tag":[],"class_list":{"0":"post-8858","1":"product","2":"type-product","3":"status-publish","4":"has-post-thumbnail","6":"product_cat-dr-jacobs","7":"product_cat-nowosci","8":"product_cat-odrobaczanie-pasozyty","9":"product_cat-suplementy-i-witaminy","11":"entry","12":"has-media","14":"first","15":"instock","16":"shipping-taxable","17":"purchasable","18":"product-type-simple","19":"has-product-nav","20":"col","21":"span_1_of_3","22":"owp-content-left","23":"owp-thumbs-layout-horizontal","24":"owp-btn-normal","25":"owp-tabs-layout-horizontal"},"_links":{"self":[{"href":"https:\/\/ecocorner.eu\/en\/wp-json\/wp\/v2\/product\/8858","targetHints":{"allow":["GET"]}}],"collection":[{"href":"https:\/\/ecocorner.eu\/en\/wp-json\/wp\/v2\/product"}],"about":[{"href":"https:\/\/ecocorner.eu\/en\/wp-json\/wp\/v2\/types\/product"}],"version-history":[{"count":1,"href":"https:\/\/ecocorner.eu\/en\/wp-json\/wp\/v2\/product\/8858\/revisions"}],"predecessor-version":[{"id":8863,"href":"https:\/\/ecocorner.eu\/en\/wp-json\/wp\/v2\/product\/8858\/revisions\/8863"}],"wp:featuredmedia":[{"embeddable":true,"href":"https:\/\/ecocorner.eu\/en\/wp-json\/wp\/v2\/media\/8859"}],"wp:attachment":[{"href":"https:\/\/ecocorner.eu\/en\/wp-json\/wp\/v2\/media?parent=8858"}],"wp:term":[{"taxonomy":"product_brand","embeddable":true,"href":"https:\/\/ecocorner.eu\/en\/wp-json\/wp\/v2\/product_brand?post=8858"},{"taxonomy":"product_cat","embeddable":true,"href":"https:\/\/ecocorner.eu\/en\/wp-json\/wp\/v2\/product_cat?post=8858"},{"taxonomy":"product_tag","embeddable":true,"href":"https:\/\/ecocorner.eu\/en\/wp-json\/wp\/v2\/product_tag?post=8858"}],"curies":[{"name":"wp","href":"https:\/\/api.w.org\/{rel}","templated":true}]}}