{"id":8864,"date":"2026-05-02T14:09:33","date_gmt":"2026-05-02T14:09:33","guid":{"rendered":"https:\/\/ecocorner.eu\/?post_type=product&#038;p=8864"},"modified":"2026-05-02T14:09:33","modified_gmt":"2026-05-02T14:09:33","slug":"dr-jacobs-gaba-probio-dla-wspierania-nerwow-zdrowia-psychicznego-sprawnosci-poznawczej-i-syntezy-neuroprzekaznikow-60-kaps","status":"publish","type":"product","link":"https:\/\/ecocorner.eu\/en\/product\/dr-jacobs-gaba-probio-dla-wspierania-nerwow-zdrowia-psychicznego-sprawnosci-poznawczej-i-syntezy-neuroprzekaznikow-60-kaps\/","title":{"rendered":"Dr Jacobs  Gaba Probio dla wspierania nerw\u00f3w, zdrowia psychicznego, sprawno\u015bci poznawczej i syntezy neuroprzeka\u017anik\u00f3w  60 kaps."},"content":{"rendered":"<p>sk\u0142adniki dla\u00a0wspierania nerw\u00f3w, zdrowia psychicznego, sprawno\u015bci poznawczej i syntezy neuroprzeka\u017anik\u00f3w<\/p>\n<p>zawarto\u015b\u0107 netto 36,6 g<\/p>\n<p>60 kapsu\u0142ek \/ 60 porcji<\/p>\n<p>koszt dziennej porcji: 1,40 z\u0142<\/p>\n<p><strong>produkt wega\u0144ski<\/strong><\/p>\n<p>&nbsp;<\/p>\n<h2>Jelita i m\u00f3zg \u2013 kluczowe po\u0142\u0105czenie<\/h2>\n<p>W naszym brzuchu jest bardzo du\u017ce skupisko kom\u00f3rek nerwowych. Cz\u0119sto okre\u015blane jest ono jako \u201em\u00f3zg jelitowy&#8221;. Pomi\u0119dzy m\u00f3zgiem i \u201em\u00f3zgiem jelitowym&#8221; jest bardzo \u015bcis\u0142a komunikacja, kt\u00f3ra tworzy <strong>o\u015b m\u00f3zgowo-jelitow\u0105<\/strong>. Wa\u017cn\u0105 rol\u0119 odgrywa tutaj <strong>nerw b\u0142\u0119dny<\/strong> \u2013 bardzo ciekawy i najd\u0142u\u017cszy nerw naszego cia\u0142a.<\/p>\n<p>&nbsp;<\/p>\n<p><strong>W produkcie GABA Probio\u00a0Dr. Jacob&#8217;s po\u0142\u0105czyli\u015bmy nast\u0119puj\u0105ce sk\u0142adniki:<\/strong><\/p>\n<p>&#8211; kwas gamma-aminomas\u0142owy (<strong>GABA<\/strong>),<\/p>\n<p>&#8211; 9 wyselekcjonowanych szczep\u00f3w bakterii<\/p>\n<p>&#8211;\u00a0L-glutamina<\/p>\n<p>&#8211; witaminy z grupy B: kwas pantotenowy (<strong>witamina\u00a0B<sub>5<\/sub><\/strong>) i niacyna (<strong>witamina\u00a0B<sub>3<\/sub><\/strong>)<\/p>\n<p>&nbsp;<\/p>\n<p>* Taka starannie przemy\u015blana formu\u0142a sprawia, \u017ce sk\u0142adniki od\u017cywcze <strong>GABA Probio Dr. Jacob&#8217;s<\/strong> wspieraj\u0105 dobre samopoczucie poprzez nast\u0119puj\u0105ce prawid\u0142owe funkcje i struktury organizmu:<\/p>\n<p>&#8211; Uk\u0142ad nerwowy (<strong>niacin<\/strong>)<\/p>\n<p>&#8211; Funkcje psychologiczne (<strong>niacin<\/strong>)<\/p>\n<p>&#8211; Zdolno\u015bci poznawcze (<strong>kwas pantotenowy<\/strong>)<\/p>\n<p>&#8211; Synteza i metabolizm niekt\u00f3rych neuroprzeka\u017anik\u00f3w (<strong>kwas pantotenowy<\/strong>)<\/p>\n<p>&#8211; Utrzymanie prawid\u0142owego stanu b\u0142on \u015bluzowych, zw\u0142aszcza jelit (<strong>niacin<\/strong>)**<\/p>\n<p>&nbsp;<\/p>\n<p><em>** Nasze jelita zawieraj\u0105 najwi\u0119ksz\u0105 b\u0142on\u0119 \u015bluzow\u0105 w naszym organizmie.<\/em><\/p>\n<p>&nbsp;<\/p>\n<h2>Z GABA i L-glutamin\u0105<\/h2>\n<p data-location=\"2\"><strong>GABA<\/strong> (kwas gamma-aminomas\u0142owy) jest wa\u017cn\u0105 substancj\u0105, kt\u00f3ra w naszym uk\u0142adzie nerwowym pe\u0142ni rol\u0119 neuroprzeka\u017anika hamuj\u0105cego (co jest wa\u017cne np. dla os\u00f3b z nadmiern\u0105 ilo\u015bci\u0105 stres\u00f3w).<\/p>\n<p data-location=\"2\">\n<p data-location=\"2\"><strong>L-glutamina<\/strong> to aminokwas wykorzystywany w naszym organizmie, szczeg\u00f3lnie przez kom\u00f3rki o du\u017cej szybko\u015bci podzia\u0142u \u2013 w tym kom\u00f3rki wy\u015bci\u00f3\u0142ki jelit.<\/p>\n<p data-location=\"2\">\n<p data-location=\"2\">\n<p data-location=\"2\">Starannie zbilansowana kombinacja szczep\u00f3w bakterii, GABA, L-glutaminy i witamin sprawia, \u017ce <strong>GABA Probio Dr. Jacob&#8217;s<\/strong> dostarcza sk\u0142adniki, kt\u00f3re mog\u0105 przyczyni\u0107 si\u0119 do dobrego samopoczucia i lepszej odporno\u015bci psychicznej i fizycznej.*<\/p>\n<p>&nbsp;<\/p>\n<h2>Szczepy bakteryjne w mikrokapsu\u0142kach<\/h2>\n<p><strong>GABA Probio Dr. Jacob&#8217;s<\/strong> contains <strong>9 starannie wyselekcjonowanych szczep\u00f3w bakteryjnych<\/strong> \u2013 \u0142\u0105cznie <strong>6 miliard\u00f3w CFU<\/strong> (jednostek tworz\u0105cych kolonie) <strong>na kapsu\u0142k\u0119<\/strong>.<\/p>\n<p>&nbsp;<\/p>\n<p>Miliardy bakterii, zawarte ka\u017cdej kapsu\u0142ce, wzbogacaj\u0105 flor\u0119 bakteryjn\u0105 jelit, kt\u00f3ra jest wa\u017cna dla prawid\u0142owego funkcjonowania organizmu, w tym dla naszej odporno\u015bci.<\/p>\n<p>&nbsp;<\/p>\n<p>Aby optymalnie chroni\u0107 te delikatne kultury, stosujemy specjalny proces: 7 z 9 szczep\u00f3w bakteryjnych jest <strong>potr\u00f3jnie mikrokapsu\u0142kowanych<\/strong>, co zapewnia \u015bwietn\u0105 ochron\u0119 bakterii i zachowuje ich stabilno\u015b\u0107 przez ca\u0142y okres okre\u015blony dat\u0105 &#8222;najlepiej spo\u017cy\u0107 przed&#8221; (przy zachowaniu prawid\u0142owych warunk\u00f3w przechowywania).<\/p>\n<p>&nbsp;<\/p>\n<p>Pozosta\u0142e 2 szczepy \u2013 <strong><em>Bacillus subtilis<\/em><\/strong>\u00a0(uznany za Mikroba Roku 2023) i <strong><em>Bacillus coagulans<\/em><\/strong> \u2013 tworz\u0105 przetrwalniki.Ta forma sprawia, \u017ce s\u0105 one wyj\u0105tkowo stabilne i \u0142atwo znosz\u0105 ciep\u0142o, sucho\u015b\u0107 oraz wahania temperatury.\u00a0Bakterie tworz\u0105ce przetrwalniki s\u0105 r\u00f3wnie\u017c odpowiednie dla os\u00f3b z wra\u017cliwym uk\u0142adem pokarmowym.<\/p>\n<p>&nbsp;<\/p>\n<p>Dodatkowo bakterie s\u0105 chronione przez kapsu\u0142k\u0119 dojelitow\u0105, kt\u00f3ra zabezpiecza zawarto\u015b\u0107 podczas przechodzenia przez \u017co\u0142\u0105dek, zapewniaj\u0105c bakteriom bezpieczne dotarcie do jelit. Dopiero tam s\u0105 one uwalniane i mog\u0105 si\u0119 uaktywni\u0107.<\/p>\n<p>&nbsp;<\/p>\n<p>&nbsp;<\/p>\n<p><strong>GABA Probio Dr. Jacob&#8217;s<\/strong> zawiera nast\u0119puj\u0105ce szczepy bakterii:<\/p>\n<ul>\n<li><em>Bacillus coagulans <\/em><\/li>\n<li><em>Bacillus subtilis <\/em><\/li>\n<li><em>Bifidobacterium adolescentis <\/em><\/li>\n<li><em>Bifidobacterium breve <\/em><\/li>\n<li><em>Bifidobacterium longum subsp. infantylne <\/em><\/li>\n<li><em>Bifidobacterium lactis <\/em><\/li>\n<li><em>Lacticaseibacillus rhamnosus <\/em><\/li>\n<li><em>Lacticaseibacillus paracasei <\/em><\/li>\n<li><em>Lactiplantibacillus plantarum<\/em><\/li>\n<\/ul>\n<p data-location=\"2\">\n<p data-location=\"2\">\n<p data-location=\"2\"><strong>Recommended daily intake:<\/strong> 1-2 kapsu\u0142ki przed snem, popijaj\u0105c odpowiedni\u0105 ilo\u015bci\u0105 p\u0142ynu.<\/p>\n<p data-location=\"2\">\nProdukt dla os\u00f3b doros\u0142ych.<\/p>\n<p data-location=\"2\">Nieodpowiedni dla kobiet w ci\u0105\u017cy i karmi\u0105cych piersi\u0105.<\/p>\n<p data-location=\"2\">W przypadku przyjmowania lek\u00f3w przeciwdepresyjnych lub nasennych, przed u\u017cyciem nale\u017cy skonsultowa\u0107 si\u0119 z lekarzem.<\/p>\n<p data-location=\"2\">\n<p data-location=\"2\">\n<p data-location=\"2\"><strong>Ingredients:<\/strong> kwas gamma-aminomas\u0142owy (38%), liofilizowana mieszanka bakterii (odporna skrobia z tapioki, <em>Bacillus coagulans, Bacillus subtilis, Bifidobacterium adolescentis, Bifidobacterium breve, Bifidobacterium longum subsp. infantis, Lactiplantibacillus rhamnosus, Bifidobacterium lactis, Lactiplantibacillus paracasei, Lactiplantibacillus plantarum<\/em>, trehaloza, sukraloza) (29%), substancja powlekaj\u0105ca: hydroksypropylometyloceluloza, L-glutamina (13%), substancja przeciwzbrylaj\u0105ca: w\u0119glan magnezu, niacyna, substancja powlekaj\u0105ca: guma gellan, kwas pantotenowy.<\/p>\n<p data-location=\"2\">\n<em>* Szczepy bakterii flory jelitowej s\u0105 potr\u00f3jnie mikrokapsu\u0142kowane \u2013 nie s\u0105 niszczone przez soki trawienne i uwalniaj\u0105 si\u0119 dopiero w jelitach.<\/em><\/p>\n<p>&nbsp;<\/p>\n<p><strong>Do not exceed the recommended daily intake.<\/strong> Keep out of reach of small children. A dietary supplement cannot be used as a substitute for a balanced diet. It is important to have a balanced diet and a healthy lifestyle.<\/p>","protected":false},"excerpt":{"rendered":"<p><strong>GABA Probio Dr. Jacob&#8217;s \u2013\u00a0GABA (kwas gamma-aminomas\u0142owy) + 9 szczep\u00f3w bakterii (6 miliard\u00f3w CFU)<\/strong><\/p>\n<p>&nbsp;<\/p>\n<p><strong>GABA Probio<\/strong>\u00a0 \u2013 sk\u0142adniki dla lepszej r\u00f3wnowagi mi\u0119dzy jelitami a umys\u0142em*<\/p>\n<p>&#8211; Wspieranie uk\u0142adu nerwowego, zdrowia psychicznego, sprawno\u015bci poznawczej i syntezy neuroprzeka\u017anik\u00f3w*<\/p>\n<p>&#8211; <strong>7 szczep\u00f3w bakterii flory jelitowej<\/strong> (potr\u00f3jnie mikrokapsu\u0142kowane) plus <strong><em>Bacillus coagulans<\/em><\/strong> i<strong><em> Bacillus subtilis<\/em><\/strong><\/p>\n<p>&#8211; <strong>GABA<\/strong> (kwas gamma-aminomas\u0142owy), <strong>L-glutamina<\/strong>, <strong>witaminy B<sub>3<\/sub><\/strong> i <strong>B<sub>5 <\/sub><\/strong><\/p>\n<p>&#8211; Pow\u0142oka kapsu\u0142ki dojelitowej \u2013 bakterie nie s\u0105 niszczone przez soki trawienne<\/p>\n<p>&#8211; Wega\u0144skie<\/p>","protected":false},"featured_media":8865,"template":"","meta":{"ocean_post_layout":"","ocean_both_sidebars_style":"","ocean_both_sidebars_content_width":0,"ocean_both_sidebars_sidebars_width":0,"ocean_sidebar":"0","ocean_second_sidebar":"0","ocean_disable_margins":"enable","ocean_add_body_class":"","ocean_shortcode_before_top_bar":"","ocean_shortcode_after_top_bar":"","ocean_shortcode_before_header":"","ocean_shortcode_after_header":"","ocean_has_shortcode":"","ocean_shortcode_after_title":"","ocean_shortcode_before_footer_widgets":"","ocean_shortcode_after_footer_widgets":"","ocean_shortcode_before_footer_bottom":"","ocean_shortcode_after_footer_bottom":"","ocean_display_top_bar":"default","ocean_display_header":"default","ocean_header_style":"","ocean_center_header_left_menu":"0","ocean_custom_header_template":"0","ocean_custom_logo":0,"ocean_custom_retina_logo":0,"ocean_custom_logo_max_width":0,"ocean_custom_logo_tablet_max_width":0,"ocean_custom_logo_mobile_max_width":0,"ocean_custom_logo_max_height":0,"ocean_custom_logo_tablet_max_height":0,"ocean_custom_logo_mobile_max_height":0,"ocean_header_custom_menu":"0","ocean_menu_typo_font_family":"0","ocean_menu_typo_font_subset":"","ocean_menu_typo_font_size":0,"ocean_menu_typo_font_size_tablet":0,"ocean_menu_typo_font_size_mobile":0,"ocean_menu_typo_font_size_unit":"px","ocean_menu_typo_font_weight":"","ocean_menu_typo_font_weight_tablet":"","ocean_menu_typo_font_weight_mobile":"","ocean_menu_typo_transform":"","ocean_menu_typo_transform_tablet":"","ocean_menu_typo_transform_mobile":"","ocean_menu_typo_line_height":0,"ocean_menu_typo_line_height_tablet":0,"ocean_menu_typo_line_height_mobile":0,"ocean_menu_typo_line_height_unit":"","ocean_menu_typo_spacing":0,"ocean_menu_typo_spacing_tablet":0,"ocean_menu_typo_spacing_mobile":0,"ocean_menu_typo_spacing_unit":"","ocean_menu_link_color":"","ocean_menu_link_color_hover":"","ocean_menu_link_color_active":"","ocean_menu_link_background":"","ocean_menu_link_hover_background":"","ocean_menu_link_active_background":"","ocean_menu_social_links_bg":"","ocean_menu_social_hover_links_bg":"","ocean_menu_social_links_color":"","ocean_menu_social_hover_links_color":"","ocean_disable_title":"default","ocean_disable_heading":"default","ocean_post_title":"","ocean_post_subheading":"","ocean_post_title_style":"","ocean_post_title_background_color":"","ocean_post_title_background":0,"ocean_post_title_bg_image_position":"","ocean_post_title_bg_image_attachment":"","ocean_post_title_bg_image_repeat":"","ocean_post_title_bg_image_size":"","ocean_post_title_height":0,"ocean_post_title_bg_overlay":0.5,"ocean_post_title_bg_overlay_color":"","ocean_disable_breadcrumbs":"default","ocean_breadcrumbs_color":"","ocean_breadcrumbs_separator_color":"","ocean_breadcrumbs_links_color":"","ocean_breadcrumbs_links_hover_color":"","ocean_display_footer_widgets":"default","ocean_display_footer_bottom":"default","ocean_custom_footer_template":"0"},"product_brand":[],"product_cat":[93,68,22],"product_tag":[],"class_list":{"0":"post-8864","1":"product","2":"type-product","3":"status-publish","4":"has-post-thumbnail","6":"product_cat-dr-jacobs","7":"product_cat-nowosci","8":"product_cat-suplementy-i-witaminy","10":"entry","11":"has-media","13":"first","14":"instock","15":"shipping-taxable","16":"purchasable","17":"product-type-simple","18":"has-product-nav","19":"col","20":"span_1_of_3","21":"owp-content-left","22":"owp-thumbs-layout-horizontal","23":"owp-btn-normal","24":"owp-tabs-layout-horizontal","25":"has-no-thumbnails"},"_links":{"self":[{"href":"https:\/\/ecocorner.eu\/en\/wp-json\/wp\/v2\/product\/8864","targetHints":{"allow":["GET"]}}],"collection":[{"href":"https:\/\/ecocorner.eu\/en\/wp-json\/wp\/v2\/product"}],"about":[{"href":"https:\/\/ecocorner.eu\/en\/wp-json\/wp\/v2\/types\/product"}],"version-history":[{"count":1,"href":"https:\/\/ecocorner.eu\/en\/wp-json\/wp\/v2\/product\/8864\/revisions"}],"predecessor-version":[{"id":8866,"href":"https:\/\/ecocorner.eu\/en\/wp-json\/wp\/v2\/product\/8864\/revisions\/8866"}],"wp:featuredmedia":[{"embeddable":true,"href":"https:\/\/ecocorner.eu\/en\/wp-json\/wp\/v2\/media\/8865"}],"wp:attachment":[{"href":"https:\/\/ecocorner.eu\/en\/wp-json\/wp\/v2\/media?parent=8864"}],"wp:term":[{"taxonomy":"product_brand","embeddable":true,"href":"https:\/\/ecocorner.eu\/en\/wp-json\/wp\/v2\/product_brand?post=8864"},{"taxonomy":"product_cat","embeddable":true,"href":"https:\/\/ecocorner.eu\/en\/wp-json\/wp\/v2\/product_cat?post=8864"},{"taxonomy":"product_tag","embeddable":true,"href":"https:\/\/ecocorner.eu\/en\/wp-json\/wp\/v2\/product_tag?post=8864"}],"curies":[{"name":"wp","href":"https:\/\/api.w.org\/{rel}","templated":true}]}}