{"id":8867,"date":"2026-05-02T15:04:15","date_gmt":"2026-05-02T15:04:15","guid":{"rendered":"https:\/\/ecocorner.eu\/?post_type=product&#038;p=8867"},"modified":"2026-05-02T15:04:15","modified_gmt":"2026-05-02T15:04:15","slug":"beyond-functional-food-signature-glow-tallow-balm-krem-rozswietlajacy-60-ml","status":"publish","type":"product","link":"https:\/\/ecocorner.eu\/en\/product\/beyond-functional-food-signature-glow-tallow-balm-krem-rozswietlajacy-60-ml\/","title":{"rendered":"Beyond Functional Food  SIGNATURE Glow Tallow Balm Krem Roz\u015bwietlaj\u0105cy  60 ml"},"content":{"rendered":"<p><span class=\"summary__title\"> <span class=\"accordion__title\"> Method of application <\/span> <\/span><\/p>\n<div class=\"accordion__content custom__liquid-template--28269249167692__main rte\">\n<div class=\"metafield-rich_text_field\">\n<p>Nak\u0142ada\u0107 na wilgotn\u0105 sk\u00f3r\u0119, co zwi\u0119ksza wch\u0142anianie balsamu oraz efekt nawil\u017cenia.<\/p>\n<p>Po aplikacji odczekaj, a\u017c balsam ca\u0142kowicie si\u0119 wch\u0142onie, aby unikn\u0105\u0107 przypadkowego zabarwienia ubra\u0144, po\u015bcieli lub innych powierzchni maj\u0105cych kontakt ze sk\u00f3r\u0105.<\/p>\n<p><strong>Wskaz\u00f3wka<\/strong>: Aby uzyska\u0107 bardziej matowy finish oraz d\u0142ugotrwa\u0142y efekt roz\u015bwietlenia, po\u0142\u0105cz z Serum Flamingo. Synergia dzia\u0142ania naturalnych karotenoid\u00f3w zapewni Twojej sk\u00f3rze niezr\u00f3wnany, promienny blask.<\/p>\n<p><span class=\"summary__title\"> <span class=\"accordion__title\"> Composition <\/span> <\/span><\/p>\n<div class=\"accordion__content custom__liquid-template--28269249167692__main rte\">\n<div class=\"metafield-rich_text_field\">\n<p>Ingredients:\u00a0 <strong>\u0141\u00f3j <\/strong>z ekologicznych hodowli byd\u0142a karmionego traw\u0105, t\u0142oczone na zimno oleje <strong>z mi\u0105\u017cszu awokado, owocu rokitnika i dzikiej r\u00f3\u017cy, jag\u00f3d acai<\/strong>, ekstrakt z owoc\u00f3w <strong>rokitnika<\/strong>, ekstrakt z nasion <strong>granatu<\/strong>, oraz ekstrakt z li\u015bci <strong>rozmarynu\u00a0<\/strong>jako naturalny przeciwutleniacz u\u017cyty w celu konserwacji ekstrakt\u00f3w.<\/p>\n<p><strong>Ingredients:<\/strong> <em>Adeps Bovis<\/em> (<strong>Beef<\/strong>) Tallow, <em>Persea Gratissima<\/em> (<strong>Avocado<\/strong>) Fruit Oil, <em>Hippophae Rhamnoides<\/em> (<strong>Sea Buckthorn<\/strong>) Fruit Oil, <em>Euterpe Oleracea<\/em> (<strong>Acai<\/strong>) Fruit Oil, <em>Rosa Canina<\/em> (<strong>Rosehip<\/strong>) Fruit Oil, <em>Hippophae Rhamnoides<\/em> (<strong>Sea Buckthorn<\/strong>) Fruit Extract, <em>Punica Granatum<\/em> (<strong>Pomegranate<\/strong>) Seed Extract, <em>Rosmarinus Officinalis<\/em> (<strong>Rosemary<\/strong>) Leaf Extract.<\/p>\n<p><span class=\"summary__title\"> <span class=\"accordion__title\"> Smell <\/span> <\/span><\/p>\n<div class=\"accordion__content custom__liquid-template--28269249167692__main rte\">\n<div class=\"metafield-rich_text_field\">\n<p>Charakterystyczny, z dominuj\u0105c\u0105 przewag\u0105 owoc\u00f3w rokitnika i s\u0142odkiej nuty jag\u00f3d acai. Intensywny podczas aplikacji, stopniowo \u0142agodnieje na sk\u00f3rze.<\/p>\n<p><span class=\"summary__title\"> <span class=\"accordion__title\"> \u015arodki ostro\u017cno\u015bci <\/span> <\/span><\/p>\n<div class=\"accordion__content custom__liquid-template--28269249167692__main rte\">\n<div class=\"metafield-rich_text_field\">\n<p>Produkt mo\u017ce by\u0107 u\u017cywany bezpiecznie i zgodnie z przeznaczeniem, bez dodatkowych instrukcji.<\/p>\n<p>&nbsp;<\/p>\n<\/div>\n<\/div>\n<\/div>\n<\/div>\n<\/div>\n<\/div>\n<\/div>\n<\/div>","protected":false},"excerpt":{"rendered":"<p><strong>SIGNATURE GLOW<\/strong>\u00a0this\u00a0<span class=\"S1PPyQ\">wyj\u0105tkowo <strong>od\u017cywczy, ochronny i antyoksydacyjny<\/strong><\/span> <span class=\"S1PPyQ\">balsam do piel\u0119gnacji sk\u00f3ry twarzy<\/span> <span class=\"S1PPyQ\">i ca\u0142ego cia\u0142a. Jego baz\u0105 jest \u0142\u00f3j wo\u0142owy pozyskany z gospodarstw ekologicznych, od kr\u00f3w karmionych wy\u0142\u0105cznie traw\u0105,\u00a0<\/span><span class=\"S1PPyQ\">wzbogacony o<\/span> <span class=\"S1PPyQ\">t\u0142oczone<\/span> <span class=\"S1PPyQ\">na zimno, certyfikowane ekologiczne, <strong>oleje <\/strong><\/span><span class=\"S1PPyQ\"><strong>z owoc\u00f3w rokitnika, dzikiej r\u00f3\u017cy, awokado oraz jag\u00f3d acai<\/strong><\/span><span class=\"S1PPyQ\">.<\/span><\/p>\n<p><span class=\"S1PPyQ\">To prawdziwa <strong>antyoksydacyjna bomba<\/strong> dla sk\u00f3ry, chroni i odm\u0142adza, nadaj\u0105c jej delikatny, naturalny blask. Balsam nadaje sk\u00f3rze<strong> natychmiastowy efekt mu\u015bni\u0119cia s\u0142o\u0144cem <\/strong>dzi\u0119ki zawarto\u015bci karotenoid\u00f3w i antocyjan\u00f3w, b\u0119d\u0105cych naturalnymi antyoksydantami oraz barwnikami.<\/span><\/p>\n<p>Balsam zawiera <strong>wy\u0142\u0105cznie naturalne barwniki i przeciwutleniacze<\/strong> (karotenoidy i antocyjany), dzi\u0119ki czemu daje natychmiastowy efekt oraz d\u0142ugotrwale wzmacnia barier\u0119 ochronn\u0105 sk\u00f3ry. Posiada naturalny \u017c\u00f3\u0142to-pomara\u0144czowy kolor wynikaj\u0105cy z obecno\u015bci skoncentrowanych ekstrakt\u00f3w ro\u015blinnych i od\u017cywczych olej\u00f3w \u2013 nie zawiera \u017cadnych syntetycznych pigment\u00f3w.<\/p>\n<p>Ze wzgl\u0119du na barw\u0119, po aplikacji przed kontaktem z tkaninami, zalecamy odczekanie a\u017c kosmetyk ca\u0142kowicie si\u0119 wch\u0142onie, poniewa\u017c mo\u017ce on barwi\u0107 odzie\u017c, po\u015bciel i inne powierzchnie maj\u0105ce kontakt ze sk\u00f3r\u0105. Regularne stosowanie SIGNATURE GLOW przynosi efekt zdrowo roz\u015bwietlonej, nawil\u017conej i odpornej na czynniki zewn\u0119trzne sk\u00f3ry.<\/p>","protected":false},"featured_media":8868,"template":"","meta":{"ocean_post_layout":"","ocean_both_sidebars_style":"","ocean_both_sidebars_content_width":0,"ocean_both_sidebars_sidebars_width":0,"ocean_sidebar":"0","ocean_second_sidebar":"0","ocean_disable_margins":"enable","ocean_add_body_class":"","ocean_shortcode_before_top_bar":"","ocean_shortcode_after_top_bar":"","ocean_shortcode_before_header":"","ocean_shortcode_after_header":"","ocean_has_shortcode":"","ocean_shortcode_after_title":"","ocean_shortcode_before_footer_widgets":"","ocean_shortcode_after_footer_widgets":"","ocean_shortcode_before_footer_bottom":"","ocean_shortcode_after_footer_bottom":"","ocean_display_top_bar":"default","ocean_display_header":"default","ocean_header_style":"","ocean_center_header_left_menu":"0","ocean_custom_header_template":"0","ocean_custom_logo":0,"ocean_custom_retina_logo":0,"ocean_custom_logo_max_width":0,"ocean_custom_logo_tablet_max_width":0,"ocean_custom_logo_mobile_max_width":0,"ocean_custom_logo_max_height":0,"ocean_custom_logo_tablet_max_height":0,"ocean_custom_logo_mobile_max_height":0,"ocean_header_custom_menu":"0","ocean_menu_typo_font_family":"0","ocean_menu_typo_font_subset":"","ocean_menu_typo_font_size":0,"ocean_menu_typo_font_size_tablet":0,"ocean_menu_typo_font_size_mobile":0,"ocean_menu_typo_font_size_unit":"px","ocean_menu_typo_font_weight":"","ocean_menu_typo_font_weight_tablet":"","ocean_menu_typo_font_weight_mobile":"","ocean_menu_typo_transform":"","ocean_menu_typo_transform_tablet":"","ocean_menu_typo_transform_mobile":"","ocean_menu_typo_line_height":0,"ocean_menu_typo_line_height_tablet":0,"ocean_menu_typo_line_height_mobile":0,"ocean_menu_typo_line_height_unit":"","ocean_menu_typo_spacing":0,"ocean_menu_typo_spacing_tablet":0,"ocean_menu_typo_spacing_mobile":0,"ocean_menu_typo_spacing_unit":"","ocean_menu_link_color":"","ocean_menu_link_color_hover":"","ocean_menu_link_color_active":"","ocean_menu_link_background":"","ocean_menu_link_hover_background":"","ocean_menu_link_active_background":"","ocean_menu_social_links_bg":"","ocean_menu_social_hover_links_bg":"","ocean_menu_social_links_color":"","ocean_menu_social_hover_links_color":"","ocean_disable_title":"default","ocean_disable_heading":"default","ocean_post_title":"","ocean_post_subheading":"","ocean_post_title_style":"","ocean_post_title_background_color":"","ocean_post_title_background":0,"ocean_post_title_bg_image_position":"","ocean_post_title_bg_image_attachment":"","ocean_post_title_bg_image_repeat":"","ocean_post_title_bg_image_size":"","ocean_post_title_height":0,"ocean_post_title_bg_overlay":0.5,"ocean_post_title_bg_overlay_color":"","ocean_disable_breadcrumbs":"default","ocean_breadcrumbs_color":"","ocean_breadcrumbs_separator_color":"","ocean_breadcrumbs_links_color":"","ocean_breadcrumbs_links_hover_color":"","ocean_display_footer_widgets":"default","ocean_display_footer_bottom":"default","ocean_custom_footer_template":"0"},"product_brand":[],"product_cat":[94,68],"product_tag":[],"class_list":{"0":"post-8867","1":"product","2":"type-product","3":"status-publish","4":"has-post-thumbnail","6":"product_cat-beyond-functional-food","7":"product_cat-nowosci","9":"entry","10":"has-media","12":"first","13":"outofstock","14":"shipping-taxable","15":"purchasable","16":"product-type-simple","17":"has-product-nav","18":"col","19":"span_1_of_3","20":"owp-content-left","21":"owp-thumbs-layout-horizontal","22":"owp-btn-normal","23":"owp-tabs-layout-horizontal","24":"has-no-thumbnails"},"_links":{"self":[{"href":"https:\/\/ecocorner.eu\/en\/wp-json\/wp\/v2\/product\/8867","targetHints":{"allow":["GET"]}}],"collection":[{"href":"https:\/\/ecocorner.eu\/en\/wp-json\/wp\/v2\/product"}],"about":[{"href":"https:\/\/ecocorner.eu\/en\/wp-json\/wp\/v2\/types\/product"}],"version-history":[{"count":1,"href":"https:\/\/ecocorner.eu\/en\/wp-json\/wp\/v2\/product\/8867\/revisions"}],"predecessor-version":[{"id":8870,"href":"https:\/\/ecocorner.eu\/en\/wp-json\/wp\/v2\/product\/8867\/revisions\/8870"}],"wp:featuredmedia":[{"embeddable":true,"href":"https:\/\/ecocorner.eu\/en\/wp-json\/wp\/v2\/media\/8868"}],"wp:attachment":[{"href":"https:\/\/ecocorner.eu\/en\/wp-json\/wp\/v2\/media?parent=8867"}],"wp:term":[{"taxonomy":"product_brand","embeddable":true,"href":"https:\/\/ecocorner.eu\/en\/wp-json\/wp\/v2\/product_brand?post=8867"},{"taxonomy":"product_cat","embeddable":true,"href":"https:\/\/ecocorner.eu\/en\/wp-json\/wp\/v2\/product_cat?post=8867"},{"taxonomy":"product_tag","embeddable":true,"href":"https:\/\/ecocorner.eu\/en\/wp-json\/wp\/v2\/product_tag?post=8867"}],"curies":[{"name":"wp","href":"https:\/\/api.w.org\/{rel}","templated":true}]}}