{"id":8871,"date":"2026-05-02T15:09:18","date_gmt":"2026-05-02T15:09:18","guid":{"rendered":"https:\/\/ecocorner.eu\/?post_type=product&#038;p=8871"},"modified":"2026-05-02T15:09:18","modified_gmt":"2026-05-02T15:09:18","slug":"dr-jacobs-krem-odzywczy-do-twarzy-i-rak-granat-i-kadzidlowiec-dla-kobiet-i-mezczyzn-50-ml","status":"publish","type":"product","link":"https:\/\/ecocorner.eu\/en\/product\/dr-jacobs-krem-odzywczy-do-twarzy-i-rak-granat-i-kadzidlowiec-dla-kobiet-i-mezczyzn-50-ml\/","title":{"rendered":"Dr Jacobs   Krem od\u017cywczy  do twarzy i r\u0105k   Granat  i Kadzid\u0142owiec dla kobiet i m\u0119\u017cczyzn  50 ml"},"content":{"rendered":"<p>&nbsp;<\/p>\n<p><strong>Owoc granatu<\/strong><\/p>\n<p>Zwany tak\u017ce rajskim owocem, w staro\u017cytno\u015bci symbolizowa\u0142 \u017cycie, si\u0142y witalne, p\u0142odno\u015b\u0107. Ceniony od wiek\u00f3w za swe w\u0142a\u015bciwo\u015bci zdrowotne oraz odm\u0142adzaj\u0105ce. Stosowany tak\u017ce do dzi\u015b w medycynach ludowych wielu kraj\u00f3w od basenu Morza \u015ar\u00f3dziemnego po Indie. Jego w\u0142a\u015bciwo\u015bci zdrowotne doceniaj\u0105 tak\u017ce wsp\u00f3\u0142cze\u015bni naukowcy.<\/p>\n<p><img decoding=\"async\" src=\"https:\/\/sklep.drjacobs.pl\/public\/assets\/Granaty\/Granat-15-sok.jpg\" alt=\"owoc granatu\" width=\"200\" height=\"236\" \/><\/p>\n<p><strong>Kadzid\u0142owiec <span class=\"tlid-translation translation\" lang=\"pl\"><span title=\"\"><em>Boswellia Carterii<\/em><\/span><\/span><\/strong><\/p>\n<p>Ro\u015blina wytwarzaj\u0105ca \u017cywic\u0119, kt\u00f3ra po zestaleniu tworzy <strong>olibanum<\/strong> &#8211; bursztynowe kryszta\u0142ki.Olibanum od tysi\u0105cleci stosowane jest do wyrobu kadzide\u0142 oraz medykament\u00f3w. Ma dzia\u0142anie przeciwb\u00f3lowe, wzmacniaj\u0105ce odporno\u015b\u0107, uspokajaj\u0105ce oraz przeciwbakteryjne i przeciwzapalnie.<\/p>\n<p><img fetchpriority=\"high\" decoding=\"async\" src=\"https:\/\/sklep.drjacobs.pl\/public\/assets\/images\/Kadzid%C5%82owiec%20Boswellia%20Carterii%20235589429%20%20%C2%A9%20Virtexie.jpg\" alt=\"kadzid\u0142owiec z kt\u00f3rego powstaje krem z granatu do twarzy i d\u0142oni\" width=\"309\" height=\"196\" \/><\/p>\n<p><strong><span class=\"tlid-translation translation\" lang=\"pl\"><span title=\"\">Application<\/span><\/span><\/strong><\/p>\n<p><span class=\"tlid-translation translation\" lang=\"pl\"><span title=\"\">Stosuj rano i wieczorem na oczyszczon\u0105 sk\u00f3r\u0119. Idealny do sk\u00f3ry podra\u017cnionej, alergicznej, zaniedbanej, suchej lub wra\u017cliwej, a nawet podra\u017cnionej sk\u00f3ry m\u0119skiej.<\/span><\/span><\/p>\n<p>&nbsp;<\/p>\n<p><strong><span class=\"tlid-translation translation\" lang=\"pl\"><span title=\"\">Ingredients:<\/span><\/span><\/strong><\/p>\n<p><span class=\"tlid-translation translation\" lang=\"pl\"><span title=\"\">woda, tr\u00f3jglicerydy kaprylowo \/ kaprynowe (kwasy t\u0142uszczowe z oleju kokosowego), alkohol denaturowany (alcohol denat.), olej z nasion <em>Simmondsia Chinensis<\/em> (olej jojoba), olej z kie\u0142k\u00f3w ry\u017cu (Oryza Sativa Bran oil), gliceryna, olej z nasion granatu (Punica Granatum Seed oil), stearynian glicerolu, Cetearyl Alcohol, wosk pszczeli (Cera Alba), Hydrolizowane bia\u0142ko pszenicy (Pottasium Palmitoyl), przefermentowany, liofilizowany sok z granatu (Punica Granatum Fruit Extract), perfumy, guma ksantanowa, pantenol, alantoina (mocznik), ekstrakt z \u017cywicy <em>Boswellia Carterii<\/em> (ekstrakt z kadzid\u0142owca), tokoferol (<strong>witamina E<\/strong>), uwodorniony cytrynian glicerydu palmowego (uwodorniony cytrynian palmoglicerydu), hialuronian sodu.<\/span><\/span><\/p>","protected":false},"excerpt":{"rendered":"<p><strong>Krem od\u017cywczy do twarzy i d\u0142oni<\/strong>.<\/p>\n<p>Polecany tak\u017ce dla cery wra\u017cliwej, alergicznej, dojrza\u0142ej, zaniedbanej.<\/p>\n<p>Zawarto\u015b\u0107 netto: 50 ml<\/p>\n<p>Vegetarian product<\/p>\n<p>&nbsp;<\/p>\n<p><span class=\"tlid-translation translation\" lang=\"pl\"><strong><span title=\"\">Kompleksowa opieka dla sk\u00f3ry<\/span><\/strong><\/p>\n<p><span title=\"\">Od\u017cywczy krem z wyci\u0105gami i polifenolami z granatu i kadzid\u0142owca (<em>Boswellia Carterii<\/em>).\u00a0 <\/span><\/p>\n<p><span title=\"\">\u2713 Do sk\u00f3ry normalnej, suchej i zaniedbanej<\/span><br \/>\n<span title=\"\">\u2713 Chroni i dba<\/span> o sk\u00f3r\u0119<br \/>\n<span title=\"\">\u2713 Hipoalergiczny<\/span><br \/>\n<span title=\"\">\u2713 \u015awie\u017cy i delikatny zapach<\/span><br \/>\n<span title=\"\">\u2713 Naturalne substancje kosmetyczne &#8211; bez paraben\u00f3w i produkt\u00f3w ropopochodnych<\/span><\/p>\n<p><span title=\"\"><strong>Krem Granat i Kadzid\u0142owiec <\/strong>jest idealny dla ka\u017cdego rodzaju sk\u00f3ry, w szczeg\u00f3lno\u015bci dla sk\u00f3ry wra\u017cliwej, opalonej, suchej oraz dojrza\u0142ej.<\/span> <span title=\"\">Ma dzia\u0142anie od\u017cywcze, nawil\u017caj\u0105ce i tonizuj\u0105ce. <\/span><span title=\"\">Dzi\u0119ki specjalnym sk\u0142adnikom aktywnym piel\u0119gnuje sk\u00f3r\u0119, spowalnia procesy starzenia si\u0119 kom\u00f3rek oraz przynosi efekt odm\u0142adzania tkanek. <\/span><\/span><\/p>\n<ul>\n<li><span class=\"tlid-translation translation\" lang=\"pl\"><span title=\"\"> \u015awietny do twarzy, r\u0105k i cia\u0142a. <\/span><\/span><\/li>\n<li><span class=\"tlid-translation translation\" lang=\"pl\"><span title=\"\">Krem ma przyjemnie \u015bwie\u017cy zapach.\u00a0<\/span><\/span><\/li>\n<li><span class=\"tlid-translation translation\" lang=\"pl\">W <span title=\"\">szklanym pojemniczku. <\/span><\/span><\/li>\n<\/ul>","protected":false},"featured_media":8873,"template":"","meta":{"ocean_post_layout":"","ocean_both_sidebars_style":"","ocean_both_sidebars_content_width":0,"ocean_both_sidebars_sidebars_width":0,"ocean_sidebar":"0","ocean_second_sidebar":"0","ocean_disable_margins":"enable","ocean_add_body_class":"","ocean_shortcode_before_top_bar":"","ocean_shortcode_after_top_bar":"","ocean_shortcode_before_header":"","ocean_shortcode_after_header":"","ocean_has_shortcode":"","ocean_shortcode_after_title":"","ocean_shortcode_before_footer_widgets":"","ocean_shortcode_after_footer_widgets":"","ocean_shortcode_before_footer_bottom":"","ocean_shortcode_after_footer_bottom":"","ocean_display_top_bar":"default","ocean_display_header":"default","ocean_header_style":"","ocean_center_header_left_menu":"0","ocean_custom_header_template":"0","ocean_custom_logo":0,"ocean_custom_retina_logo":0,"ocean_custom_logo_max_width":0,"ocean_custom_logo_tablet_max_width":0,"ocean_custom_logo_mobile_max_width":0,"ocean_custom_logo_max_height":0,"ocean_custom_logo_tablet_max_height":0,"ocean_custom_logo_mobile_max_height":0,"ocean_header_custom_menu":"0","ocean_menu_typo_font_family":"0","ocean_menu_typo_font_subset":"","ocean_menu_typo_font_size":0,"ocean_menu_typo_font_size_tablet":0,"ocean_menu_typo_font_size_mobile":0,"ocean_menu_typo_font_size_unit":"px","ocean_menu_typo_font_weight":"","ocean_menu_typo_font_weight_tablet":"","ocean_menu_typo_font_weight_mobile":"","ocean_menu_typo_transform":"","ocean_menu_typo_transform_tablet":"","ocean_menu_typo_transform_mobile":"","ocean_menu_typo_line_height":0,"ocean_menu_typo_line_height_tablet":0,"ocean_menu_typo_line_height_mobile":0,"ocean_menu_typo_line_height_unit":"","ocean_menu_typo_spacing":0,"ocean_menu_typo_spacing_tablet":0,"ocean_menu_typo_spacing_mobile":0,"ocean_menu_typo_spacing_unit":"","ocean_menu_link_color":"","ocean_menu_link_color_hover":"","ocean_menu_link_color_active":"","ocean_menu_link_background":"","ocean_menu_link_hover_background":"","ocean_menu_link_active_background":"","ocean_menu_social_links_bg":"","ocean_menu_social_hover_links_bg":"","ocean_menu_social_links_color":"","ocean_menu_social_hover_links_color":"","ocean_disable_title":"default","ocean_disable_heading":"default","ocean_post_title":"","ocean_post_subheading":"","ocean_post_title_style":"","ocean_post_title_background_color":"","ocean_post_title_background":0,"ocean_post_title_bg_image_position":"","ocean_post_title_bg_image_attachment":"","ocean_post_title_bg_image_repeat":"","ocean_post_title_bg_image_size":"","ocean_post_title_height":0,"ocean_post_title_bg_overlay":0.5,"ocean_post_title_bg_overlay_color":"","ocean_disable_breadcrumbs":"default","ocean_breadcrumbs_color":"","ocean_breadcrumbs_separator_color":"","ocean_breadcrumbs_links_color":"","ocean_breadcrumbs_links_hover_color":"","ocean_display_footer_widgets":"default","ocean_display_footer_bottom":"default","ocean_custom_footer_template":"0"},"product_brand":[],"product_cat":[45,68],"product_tag":[],"class_list":{"0":"post-8871","1":"product","2":"type-product","3":"status-publish","4":"has-post-thumbnail","6":"product_cat-kremy-do-twarzy","7":"product_cat-nowosci","9":"entry","10":"has-media","12":"first","13":"instock","14":"shipping-taxable","15":"purchasable","16":"product-type-simple","17":"has-product-nav","18":"col","19":"span_1_of_3","20":"owp-content-left","21":"owp-thumbs-layout-horizontal","22":"owp-btn-normal","23":"owp-tabs-layout-horizontal"},"_links":{"self":[{"href":"https:\/\/ecocorner.eu\/en\/wp-json\/wp\/v2\/product\/8871","targetHints":{"allow":["GET"]}}],"collection":[{"href":"https:\/\/ecocorner.eu\/en\/wp-json\/wp\/v2\/product"}],"about":[{"href":"https:\/\/ecocorner.eu\/en\/wp-json\/wp\/v2\/types\/product"}],"version-history":[{"count":1,"href":"https:\/\/ecocorner.eu\/en\/wp-json\/wp\/v2\/product\/8871\/revisions"}],"predecessor-version":[{"id":8874,"href":"https:\/\/ecocorner.eu\/en\/wp-json\/wp\/v2\/product\/8871\/revisions\/8874"}],"wp:featuredmedia":[{"embeddable":true,"href":"https:\/\/ecocorner.eu\/en\/wp-json\/wp\/v2\/media\/8873"}],"wp:attachment":[{"href":"https:\/\/ecocorner.eu\/en\/wp-json\/wp\/v2\/media?parent=8871"}],"wp:term":[{"taxonomy":"product_brand","embeddable":true,"href":"https:\/\/ecocorner.eu\/en\/wp-json\/wp\/v2\/product_brand?post=8871"},{"taxonomy":"product_cat","embeddable":true,"href":"https:\/\/ecocorner.eu\/en\/wp-json\/wp\/v2\/product_cat?post=8871"},{"taxonomy":"product_tag","embeddable":true,"href":"https:\/\/ecocorner.eu\/en\/wp-json\/wp\/v2\/product_tag?post=8871"}],"curies":[{"name":"wp","href":"https:\/\/api.w.org\/{rel}","templated":true}]}}