{"id":8880,"date":"2026-05-02T16:17:30","date_gmt":"2026-05-02T16:17:30","guid":{"rendered":"https:\/\/ecocorner.eu\/?post_type=product&#038;p=8880"},"modified":"2026-05-02T16:17:30","modified_gmt":"2026-05-02T16:17:30","slug":"beyond-functional-food-balsam-ochronny-dla-calej-rodziny-nose-to-paw-60-ml","status":"publish","type":"product","link":"https:\/\/ecocorner.eu\/en\/product\/beyond-functional-food-balsam-ochronny-dla-calej-rodziny-nose-to-paw-60-ml\/","title":{"rendered":"Beyond Functional Food  Balsam ochronny dla ca\u0142ej rodziny  Nose to Paw  60 ml"},"content":{"rendered":"<div class=\"accordion__content custom__liquid-template--28269249167692__main rte\">\n<div class=\"metafield-rich_text_field\">\n<p>W czasach, gdy rynek kosmetyczny jest przesycony niezliczonymi produktami o skomplikowanych i niezrozumia\u0142ych sk\u0142adach i w\u0105skim zastosowaniu, my konsekwentnie tworzymy <strong>uniwersalne produkty o wszechstronnym zastosowaniu dla ca\u0142ej rodziny<\/strong>, zachowuj\u0105c minimalizm i ograniczaj\u0105c receptury do niezb\u0119dnych, wysokiej jako\u015bci sk\u0142adnik\u00f3w o sprawdzonym dzia\u0142aniu.<\/p>\n<p>Nazwa balsamu nawi\u0105zuje do filozofii \u201e<strong>Nose to Tail<\/strong>\u201d, kt\u00f3ra m\u00f3wi o szacunku do zwierz\u0119cia i pe\u0142nym wykorzystaniu jego zasob\u00f3w. Dbamy o minimalizowanie odpad\u00f3w i wspieramy zr\u00f3wnowa\u017con\u0105, etyczn\u0105 produkcj\u0119.<\/p>\n<p>Podczas gdy produkty piel\u0119gnacyjne dla zwierz\u0105t podlegaj\u0105 mniej rygorystycznym normom, przy tworzeniu balsamu Nose to Paw zastosowali\u015bmy te same standardy bezpiecze\u0144stwa kosmetyk\u00f3w w\u0142a\u015bciwe produktom przeznaczonym dla ludzi. Dzi\u0119ki temu stworzyli\u015bmy prawdziwie uniwersalny produkt, bezpieczny dla ka\u017cdego cz\u0142onka rodziny.<\/p>\n<p>Dzi\u0119ki wy\u0142\u0105cznie naturalnym sk\u0142adnikom, balsam b\u0119dzie bezpieczny w przypadku zlizania przez zwierz\u0119. Nasze do\u015bwiadczenie oraz opinie klient\u00f3w pokazuj\u0105, \u017ce psy i koty wyj\u0105tkowo upodoba\u0142y sobie kosmetyki na bazie \u0142oju \u2013 do tego stopnia, \u017ce produkty potrafi\u0105 &#8222;magicznie znika\u0107&#8221;.<\/p>\n<p>Produkt nie jest deodoryzowany, nie zawiera substancji zapachowych, posiada naturalny aromat swoisty dla u\u017cytych sk\u0142adnik\u00f3w.<\/p>\n<p><span class=\"summary__title\"> <span class=\"accordion__title\"><strong> Method of application:<\/strong><\/span><\/span><\/p>\n<div class=\"accordion__content custom__liquid-template--28269249167692__main rte\">\n<div class=\"metafield-rich_text_field\">\n<p>Nak\u0142ada\u0107 na wilgotn\u0105 sk\u00f3r\u0119, co zwi\u0119ksza wch\u0142anianie balsamu oraz efekt nawil\u017cenia.<\/p>\n<p><span class=\"summary__title\"><span class=\"accordion__title\"><strong> Composition:<\/strong><\/span><\/span><\/p>\n<div class=\"accordion__content custom__liquid-template--28269249167692__main rte\">\n<div class=\"metafield-rich_text_field\">\n<p><strong>\u0141\u00f3j<\/strong> z ekologicznych hodowli byd\u0142a karmionego wy\u0142\u0105cznie traw\u0105, certyfikowana ekologicznie t\u0142oczona na zimno <strong>oliwa z oliwek<\/strong>, ultra czysta <strong>lanolina<\/strong>.<\/p>\n<p>Ingredients: <em>Adeps Bovis<\/em> (<strong>Beef<\/strong>) Tallow, <em>Olea Europaea<\/em> (<strong>Olive<\/strong>) Fruit Oil, Lanolin.<\/p>\n<p><span class=\"summary__title\"> <span class=\"accordion__title\"><strong> Smell<\/strong> <\/span> <\/span><\/p>\n<div class=\"accordion__content custom__liquid-template--28269249167692__main rte\">\n<div class=\"metafield-rich_text_field\">\n<p>Charakterystyczny dla zastosowanych sk\u0142adnik\u00f3w, z dominuj\u0105c\u0105 nut\u0105 oliwy z oliwek. Naturalny, \u0142agodnieje po aplikacji na sk\u00f3rze.<\/p>\n<p><span class=\"summary__title\"> <span class=\"accordion__title\"><strong> \u015arodki ostro\u017cno\u015bci<\/strong> <\/span> <\/span><\/p>\n<div class=\"accordion__content custom__liquid-template--28269249167692__main rte\">\n<div class=\"metafield-rich_text_field\">\n<p>Produkt mo\u017ce by\u0107 u\u017cywany bezpiecznie i zgodnie z przeznaczeniem, bez dodatkowych instrukcji.<\/p>\n<\/div>\n<\/div>\n<\/div>\n<\/div>\n<\/div>\n<\/div>\n<\/div>\n<\/div>\n<\/div>\n<\/div>","protected":false},"excerpt":{"rendered":"<p>Od st\u00f3p do g\u0142\u00f3w, od \u0142apek po nosek \u2013 <strong>Nose to Paw <\/strong>Tallow Balm <strong>to wybitnie uniwersalny,<\/strong> <strong>ochronny balsam dla ca\u0142ej rodziny<\/strong>, kt\u00f3rego inspiracj\u0105 byli nasi dwaj czworono\u017cni przyjaciele.<\/p>\n<p>Balsam skutecznie\u00a0<strong>ochroni sk\u00f3r\u0119 przed niekorzystnym wp\u0142ywem zimna czy wiatru<\/strong>, stanowi\u0105c jednocze\u015bnie element codziennej piel\u0119gnacji. Szczeg\u00f3lnie polecany do <strong>sk\u00f3ry suchej<\/strong>, od\u017cywi i pomo\u017ce przywr\u00f3ci\u0107 naturaln\u0105 barier\u0119 lipidow\u0105. Sprawdzi si\u0119 doskonale jako <strong>ochrona wra\u017cliwej sk\u00f3ry<\/strong> pod nosem podczas kataru, zapobiegaj\u0105c otarciom, a tak\u017ce jako warstwa ochronna na usta i twarz <strong>przed zimowym spacerem<\/strong>.<\/p>\n<p>Ten wszechstronny produkt\u00a0<strong>mo\u017cna stosowa\u0107 r\u00f3wnie\u017c u czworono\u017cnych przyjaci\u00f3\u0142, na sk\u00f3r\u0119, \u0142apki czy nos<\/strong>. Co istotne, dzi\u0119ki wy\u0142\u0105cznie naturalnym sk\u0142adnikom, balsam jest bezpieczny w przypadku zlizania przez zwierz\u0119.<\/p>\n<p>Przebadany dermatologicznie, hypoalergiczny.<\/p>","protected":false},"featured_media":8882,"template":"","meta":{"ocean_post_layout":"","ocean_both_sidebars_style":"","ocean_both_sidebars_content_width":0,"ocean_both_sidebars_sidebars_width":0,"ocean_sidebar":"0","ocean_second_sidebar":"0","ocean_disable_margins":"enable","ocean_add_body_class":"","ocean_shortcode_before_top_bar":"","ocean_shortcode_after_top_bar":"","ocean_shortcode_before_header":"","ocean_shortcode_after_header":"","ocean_has_shortcode":"","ocean_shortcode_after_title":"","ocean_shortcode_before_footer_widgets":"","ocean_shortcode_after_footer_widgets":"","ocean_shortcode_before_footer_bottom":"","ocean_shortcode_after_footer_bottom":"","ocean_display_top_bar":"default","ocean_display_header":"default","ocean_header_style":"","ocean_center_header_left_menu":"0","ocean_custom_header_template":"0","ocean_custom_logo":0,"ocean_custom_retina_logo":0,"ocean_custom_logo_max_width":0,"ocean_custom_logo_tablet_max_width":0,"ocean_custom_logo_mobile_max_width":0,"ocean_custom_logo_max_height":0,"ocean_custom_logo_tablet_max_height":0,"ocean_custom_logo_mobile_max_height":0,"ocean_header_custom_menu":"0","ocean_menu_typo_font_family":"0","ocean_menu_typo_font_subset":"","ocean_menu_typo_font_size":0,"ocean_menu_typo_font_size_tablet":0,"ocean_menu_typo_font_size_mobile":0,"ocean_menu_typo_font_size_unit":"px","ocean_menu_typo_font_weight":"","ocean_menu_typo_font_weight_tablet":"","ocean_menu_typo_font_weight_mobile":"","ocean_menu_typo_transform":"","ocean_menu_typo_transform_tablet":"","ocean_menu_typo_transform_mobile":"","ocean_menu_typo_line_height":0,"ocean_menu_typo_line_height_tablet":0,"ocean_menu_typo_line_height_mobile":0,"ocean_menu_typo_line_height_unit":"","ocean_menu_typo_spacing":0,"ocean_menu_typo_spacing_tablet":0,"ocean_menu_typo_spacing_mobile":0,"ocean_menu_typo_spacing_unit":"","ocean_menu_link_color":"","ocean_menu_link_color_hover":"","ocean_menu_link_color_active":"","ocean_menu_link_background":"","ocean_menu_link_hover_background":"","ocean_menu_link_active_background":"","ocean_menu_social_links_bg":"","ocean_menu_social_hover_links_bg":"","ocean_menu_social_links_color":"","ocean_menu_social_hover_links_color":"","ocean_disable_title":"default","ocean_disable_heading":"default","ocean_post_title":"","ocean_post_subheading":"","ocean_post_title_style":"","ocean_post_title_background_color":"","ocean_post_title_background":0,"ocean_post_title_bg_image_position":"","ocean_post_title_bg_image_attachment":"","ocean_post_title_bg_image_repeat":"","ocean_post_title_bg_image_size":"","ocean_post_title_height":0,"ocean_post_title_bg_overlay":0.5,"ocean_post_title_bg_overlay_color":"","ocean_disable_breadcrumbs":"default","ocean_breadcrumbs_color":"","ocean_breadcrumbs_separator_color":"","ocean_breadcrumbs_links_color":"","ocean_breadcrumbs_links_hover_color":"","ocean_display_footer_widgets":"default","ocean_display_footer_bottom":"default","ocean_custom_footer_template":"0"},"product_brand":[],"product_cat":[53,94,32,45,68,92],"product_tag":[],"class_list":{"0":"post-8880","1":"product","2":"type-product","3":"status-publish","4":"has-post-thumbnail","6":"product_cat-balsamy-musy-olejki-do-ciala","7":"product_cat-beyond-functional-food","8":"product_cat-dlonie-i-stopy","9":"product_cat-kremy-do-twarzy","10":"product_cat-nowosci","11":"product_cat-zwierzeta","13":"entry","14":"has-media","16":"first","17":"outofstock","18":"shipping-taxable","19":"purchasable","20":"product-type-simple","21":"has-product-nav","22":"col","23":"span_1_of_3","24":"owp-content-left","25":"owp-thumbs-layout-horizontal","26":"owp-btn-normal","27":"owp-tabs-layout-horizontal"},"_links":{"self":[{"href":"https:\/\/ecocorner.eu\/en\/wp-json\/wp\/v2\/product\/8880","targetHints":{"allow":["GET"]}}],"collection":[{"href":"https:\/\/ecocorner.eu\/en\/wp-json\/wp\/v2\/product"}],"about":[{"href":"https:\/\/ecocorner.eu\/en\/wp-json\/wp\/v2\/types\/product"}],"version-history":[{"count":1,"href":"https:\/\/ecocorner.eu\/en\/wp-json\/wp\/v2\/product\/8880\/revisions"}],"predecessor-version":[{"id":8883,"href":"https:\/\/ecocorner.eu\/en\/wp-json\/wp\/v2\/product\/8880\/revisions\/8883"}],"wp:featuredmedia":[{"embeddable":true,"href":"https:\/\/ecocorner.eu\/en\/wp-json\/wp\/v2\/media\/8882"}],"wp:attachment":[{"href":"https:\/\/ecocorner.eu\/en\/wp-json\/wp\/v2\/media?parent=8880"}],"wp:term":[{"taxonomy":"product_brand","embeddable":true,"href":"https:\/\/ecocorner.eu\/en\/wp-json\/wp\/v2\/product_brand?post=8880"},{"taxonomy":"product_cat","embeddable":true,"href":"https:\/\/ecocorner.eu\/en\/wp-json\/wp\/v2\/product_cat?post=8880"},{"taxonomy":"product_tag","embeddable":true,"href":"https:\/\/ecocorner.eu\/en\/wp-json\/wp\/v2\/product_tag?post=8880"}],"curies":[{"name":"wp","href":"https:\/\/api.w.org\/{rel}","templated":true}]}}