{"id":8884,"date":"2026-05-02T16:22:38","date_gmt":"2026-05-02T16:22:38","guid":{"rendered":"https:\/\/ecocorner.eu\/?post_type=product&#038;p=8884"},"modified":"2026-05-02T16:22:38","modified_gmt":"2026-05-02T16:22:38","slug":"beyond-functional-food-krem-mineralna-ochrona-przeciwsloneczna-spf-25-60-ml","status":"publish","type":"product","link":"https:\/\/ecocorner.eu\/en\/product\/beyond-functional-food-krem-mineralna-ochrona-przeciwsloneczna-spf-25-60-ml\/","title":{"rendered":"Beyond Functional Food  Krem  Mineralna  ochrona  przeciws\u0142oneczna  SPF 25   60 ml"},"content":{"rendered":"<p>Podstaw\u0105 ochrony przeciws\u0142onecznej balsamu jest filtr mineralny, tlenek cynku, kt\u00f3ry tworzy na sk\u00f3rze fizyczn\u0105 barier\u0119 odbijaj\u0105c\u0105 i rozpraszaj\u0105c\u0105 promieniowanie UV. Pozostaje na powierzchni sk\u00f3ry, nie przenika do organizmu i jest uznawany za bezpieczny nawet dla najbardziej wra\u017cliwej sk\u00f3ry. W po\u0142\u0105czeniu z \u0142ojem wo\u0142owym, bogatym w witaminy, antyoksydanty i kwasy t\u0142uszczowe, balsam nie tylko chroni, ale r\u00f3wnie\u017c intensywnie od\u017cywia i regeneruje sk\u00f3r\u0119. Dzi\u0119ki temu SUN Tallow Balm to doskona\u0142y wyb\u00f3r na s\u0142oneczne dni, bez zb\u0119dnej chemii.<\/p>\n<p>Balsam nie tylko <strong>chroni przed promieniowaniem UV<\/strong>, ale tak\u017ce <strong>wspiera sk\u00f3r\u0119 w codziennej piel\u0119gnacji<\/strong>. Tlenek cynku wykazuje w\u0142a\u015bciwo\u015bci przeciwzapalne, przeciwbakteryjne, osuszaj\u0105ce i ochronne. Jest szeroko stosowany w ma\u015bciach aptecznych, kosmetykach dla dzieci oraz os\u00f3b z wra\u017cliw\u0105 i problematyczn\u0105 sk\u00f3r\u0105. Pomaga \u0142agodzi\u0107 podra\u017cnienia, przyspiesza regeneracj\u0119 i reguluje wydzielanie sebum, dlatego <strong>polecany jest r\u00f3wnie\u017c osobom z egzem\u0105, \u0142uszczyc\u0105, pieluszkowym zapaleniem sk\u00f3ry czy tr\u0105dzikiem<\/strong>. \u015awietnie sprawdzi si\u0119 tak\u017ce u os\u00f3b aktywnych fizycznie \u2013 mo\u017cna go stosowa\u0107 miejscowo na drobne rany, otarcia czy w celu zapobiegania podra\u017cnieniom.<\/p>\n<p><strong><span class=\"summary__title\"> <span class=\"accordion__title\"> Method of application:<\/span><\/span><\/strong><\/p>\n<div class=\"accordion__content custom__liquid-template--28269249167692__main rte\">\n<div class=\"metafield-rich_text_field\">\n<p><strong>Aby uzyska\u0107 najlepsz\u0105 ochron\u0119<\/strong>, nak\u0142adaj niewielk\u0105 ilo\u015b\u0107 balsamu na ods\u0142oni\u0119t\u0105 sk\u00f3r\u0119 przed ekspozycj\u0105 na s\u0142o\u0144ce i powtarzaj aplikacj\u0119 co 2 godziny, a tak\u017ce po k\u0105pieli, spoceniu si\u0119 czy wytarciu r\u0119cznikiem.<\/p>\n<p>Mineralny filtr mo\u017ce pozostawia\u0107 delikatny bia\u0142y film, to naturalny efekt skutecznej ochrony.<\/p>\n<p>Przechowuj balsam z dala od bezpo\u015bredniego \u015bwiat\u0142a s\u0142onecznego, w wysokich temperaturach mo\u017ce si\u0119 rozpu\u015bci\u0107.<\/p>\n<p><strong><span class=\"summary__title\"> <span class=\"accordion__title\"> Composition:<\/span><\/span><\/strong><\/p>\n<div class=\"accordion__content custom__liquid-template--28269249167692__main rte\">\n<div class=\"metafield-rich_text_field\">\n<p><strong>\u00a0\u0141\u00f3j wo\u0142owy<\/strong> z ekologicznych hodowli byd\u0142a karmionego wy\u0142\u0105cznie traw\u0105, <strong>tlenek cynku<\/strong> (nie nano), t\u0142oczone na zimno certyfikowane ekologicznie oleje z <strong>oliwki<\/strong>, <strong>awokado<\/strong> oraz olej z nasion <strong>malin<\/strong>.<\/p>\n<p>Ingredients:\u00a0<em>Adeps Bovis<\/em>\u00a0(<strong>Beef<\/strong>) Tallow,\u00a0Zinc Oxide (non-nano),\u00a0<em>Olea Europaea<\/em>\u00a0(<strong>Olive<\/strong>) Fuit Oil,\u00a0<em>Persea Gratissima<\/em>\u00a0(<strong>Avocado<\/strong>) Fruit Oil,\u00a0<em>Rubus Idaeus<\/em>\u00a0(<strong>Raspberry<\/strong>) Seed Oil.<\/p>\n<p><span class=\"summary__title\"> <span class=\"accordion__title\"> Zapach:<\/span><\/span><\/p>\n<div class=\"accordion__content custom__liquid-template--28269249167692__main rte\">\n<div class=\"metafield-rich_text_field\">\n<p>\u0141agodny, neutralny, z delikatn\u0105 mineraln\u0105 nut\u0105 wynikaj\u0105c\u0105 z obecno\u015bci tlenku cynku. Z subtelnymi akcentami charatkerystycznymi dla oliwy z oliwek i oleju z pestek malin.<\/p>\n<p><strong>Zgodnie z obowi\u0105zuj\u0105cymi regulacjami, skuteczno\u015b\u0107 ochrony przeciws\u0142onecznej balsamu zosta\u0142a potwierdzona w niezale\u017cnym laboratorium zgodnie z normami ISO 24444 (SPF, ochrona UVB) oraz ISO 24443 (ochrona UVA).<\/strong><\/p>\n<\/div>\n<\/div>\n<\/div>\n<\/div>\n<\/div>\n<\/div>","protected":false},"excerpt":{"rendered":"<p><strong>SUN Tallow Balm <\/strong>to naturalny, hipoalergiczny balsam do twarzy i cia\u0142a, o szerokim spektrum dzia\u0142ania (UVA i UVB),\u00a0<strong>zapewniaj\u0105cy \u015bredni\u0105 ochron\u0119 przeciws\u0142oneczn\u0105 SPF25<\/strong>. Przebadany dermatologicznie, przeznaczony do ka\u017cdego typu sk\u00f3ry.<\/p>\n<p>Prosta, <strong>wysokiej jako\u015bci, naturalna formu\u0142a, bez syntetycznych sk\u0142adnik\u00f3w, filtr\u00f3w chemicznych<\/strong> ani zb\u0119dnych dodatk\u00f3w. Dzi\u0119ki temu produkt jest doskonale tolerowany nawet przez wra\u017cliw\u0105 i problematyczn\u0105 sk\u00f3r\u0119, nie zatyka por\u00f3w i wspiera naturaln\u0105 barier\u0119 ochronn\u0105 sk\u00f3ry.<\/p>","protected":false},"featured_media":8885,"template":"","meta":{"ocean_post_layout":"","ocean_both_sidebars_style":"","ocean_both_sidebars_content_width":0,"ocean_both_sidebars_sidebars_width":0,"ocean_sidebar":"0","ocean_second_sidebar":"0","ocean_disable_margins":"enable","ocean_add_body_class":"","ocean_shortcode_before_top_bar":"","ocean_shortcode_after_top_bar":"","ocean_shortcode_before_header":"","ocean_shortcode_after_header":"","ocean_has_shortcode":"","ocean_shortcode_after_title":"","ocean_shortcode_before_footer_widgets":"","ocean_shortcode_after_footer_widgets":"","ocean_shortcode_before_footer_bottom":"","ocean_shortcode_after_footer_bottom":"","ocean_display_top_bar":"default","ocean_display_header":"default","ocean_header_style":"","ocean_center_header_left_menu":"0","ocean_custom_header_template":"0","ocean_custom_logo":0,"ocean_custom_retina_logo":0,"ocean_custom_logo_max_width":0,"ocean_custom_logo_tablet_max_width":0,"ocean_custom_logo_mobile_max_width":0,"ocean_custom_logo_max_height":0,"ocean_custom_logo_tablet_max_height":0,"ocean_custom_logo_mobile_max_height":0,"ocean_header_custom_menu":"0","ocean_menu_typo_font_family":"0","ocean_menu_typo_font_subset":"","ocean_menu_typo_font_size":0,"ocean_menu_typo_font_size_tablet":0,"ocean_menu_typo_font_size_mobile":0,"ocean_menu_typo_font_size_unit":"px","ocean_menu_typo_font_weight":"","ocean_menu_typo_font_weight_tablet":"","ocean_menu_typo_font_weight_mobile":"","ocean_menu_typo_transform":"","ocean_menu_typo_transform_tablet":"","ocean_menu_typo_transform_mobile":"","ocean_menu_typo_line_height":0,"ocean_menu_typo_line_height_tablet":0,"ocean_menu_typo_line_height_mobile":0,"ocean_menu_typo_line_height_unit":"","ocean_menu_typo_spacing":0,"ocean_menu_typo_spacing_tablet":0,"ocean_menu_typo_spacing_mobile":0,"ocean_menu_typo_spacing_unit":"","ocean_menu_link_color":"","ocean_menu_link_color_hover":"","ocean_menu_link_color_active":"","ocean_menu_link_background":"","ocean_menu_link_hover_background":"","ocean_menu_link_active_background":"","ocean_menu_social_links_bg":"","ocean_menu_social_hover_links_bg":"","ocean_menu_social_links_color":"","ocean_menu_social_hover_links_color":"","ocean_disable_title":"default","ocean_disable_heading":"default","ocean_post_title":"","ocean_post_subheading":"","ocean_post_title_style":"","ocean_post_title_background_color":"","ocean_post_title_background":0,"ocean_post_title_bg_image_position":"","ocean_post_title_bg_image_attachment":"","ocean_post_title_bg_image_repeat":"","ocean_post_title_bg_image_size":"","ocean_post_title_height":0,"ocean_post_title_bg_overlay":0.5,"ocean_post_title_bg_overlay_color":"","ocean_disable_breadcrumbs":"default","ocean_breadcrumbs_color":"","ocean_breadcrumbs_separator_color":"","ocean_breadcrumbs_links_color":"","ocean_breadcrumbs_links_hover_color":"","ocean_display_footer_widgets":"default","ocean_display_footer_bottom":"default","ocean_custom_footer_template":"0"},"product_brand":[],"product_cat":[94,45,68],"product_tag":[],"class_list":{"0":"post-8884","1":"product","2":"type-product","3":"status-publish","4":"has-post-thumbnail","6":"product_cat-beyond-functional-food","7":"product_cat-kremy-do-twarzy","8":"product_cat-nowosci","10":"entry","11":"has-media","13":"first","14":"outofstock","15":"shipping-taxable","16":"purchasable","17":"product-type-simple","18":"has-product-nav","19":"col","20":"span_1_of_3","21":"owp-content-left","22":"owp-thumbs-layout-horizontal","23":"owp-btn-normal","24":"owp-tabs-layout-horizontal","25":"has-no-thumbnails"},"_links":{"self":[{"href":"https:\/\/ecocorner.eu\/en\/wp-json\/wp\/v2\/product\/8884","targetHints":{"allow":["GET"]}}],"collection":[{"href":"https:\/\/ecocorner.eu\/en\/wp-json\/wp\/v2\/product"}],"about":[{"href":"https:\/\/ecocorner.eu\/en\/wp-json\/wp\/v2\/types\/product"}],"version-history":[{"count":1,"href":"https:\/\/ecocorner.eu\/en\/wp-json\/wp\/v2\/product\/8884\/revisions"}],"predecessor-version":[{"id":8886,"href":"https:\/\/ecocorner.eu\/en\/wp-json\/wp\/v2\/product\/8884\/revisions\/8886"}],"wp:featuredmedia":[{"embeddable":true,"href":"https:\/\/ecocorner.eu\/en\/wp-json\/wp\/v2\/media\/8885"}],"wp:attachment":[{"href":"https:\/\/ecocorner.eu\/en\/wp-json\/wp\/v2\/media?parent=8884"}],"wp:term":[{"taxonomy":"product_brand","embeddable":true,"href":"https:\/\/ecocorner.eu\/en\/wp-json\/wp\/v2\/product_brand?post=8884"},{"taxonomy":"product_cat","embeddable":true,"href":"https:\/\/ecocorner.eu\/en\/wp-json\/wp\/v2\/product_cat?post=8884"},{"taxonomy":"product_tag","embeddable":true,"href":"https:\/\/ecocorner.eu\/en\/wp-json\/wp\/v2\/product_tag?post=8884"}],"curies":[{"name":"wp","href":"https:\/\/api.w.org\/{rel}","templated":true}]}}