{"id":8887,"date":"2026-05-02T16:28:46","date_gmt":"2026-05-02T16:28:46","guid":{"rendered":"https:\/\/ecocorner.eu\/?post_type=product&#038;p=8887"},"modified":"2026-05-02T16:33:37","modified_gmt":"2026-05-02T16:33:37","slug":"beyond-functional-food-naturalny-balsam-do-ust-pure-6-ml","status":"publish","type":"product","link":"https:\/\/ecocorner.eu\/en\/product\/beyond-functional-food-naturalny-balsam-do-ust-pure-6-ml\/","title":{"rendered":"Beyond Functional Food  Naturalny  Balsam do ust  i cia\u0142a  Pure  6 ml"},"content":{"rendered":"<p>Ten balsam powsta\u0142 z <strong>radykalnego odrzucenia wszystkiego, co zb\u0119dne i potencjalnie niekorzystne<\/strong>. Wyeliminowali\u015bmy mikroplastik, tworz\u0105c wszechstronny produkt bazuj\u0105cy wy\u0142\u0105cznie na unikalnej synergii tego, co Twoja sk\u00f3ra natychmiast rozpoznaje i przyswaja.<\/p>\n<div class=\"accordion__content custom__liquid-template--28269251002700__main rte\">\n<div class=\"metafield-rich_text_field\">\n<p>To idealne rozwi\u0105zanie <strong>dla os\u00f3b prowadz\u0105cych eliminacyjny tryb \u017cycia oraz dla wsp\u00f3\u0142czesnych mi\u0119so\u017cerc\u00f3w<\/strong>. Stanowi bezpieczny wyb\u00f3r dla tych, kt\u00f3rzy ze wzgl\u0119d\u00f3w zdrowotnych lub silnych alergii \u015bwiadomie wykluczaj\u0105 sk\u0142adniki ro\u015blinne, szukaj\u0105c pewno\u015bci, \u017ce ich kosmetyk na \u017cadnym etapie nie mia\u0142 kontaktu z tworzywami sztucznymi.<\/p>\n<p>Fundamentem receptury produktu jest nasz bio-kompatybilny <strong>\u0142\u00f3j wo\u0142owy <\/strong>wzbogacony<strong> olejem emu, <\/strong>stosowanym tradycyjnie przez Aborygen\u00f3w szczeg\u00f3lnie<strong> w leczeniu ran i stan\u00f3w zapalnych.<\/strong> Wsp\u00f3\u0142czesne badania naukowe in vitro na ludzkich kom\u00f3rkach sk\u00f3ry potwierdzaj\u0105, \u017ce olej emu przyspiesza ich regeneracj\u0119*. Produkt wie\u0144czy <strong>lanolina i naturalny wosk pszczeli z lokalnej pasieki<\/strong>, sk\u0142adniki kt\u00f3re tworz\u0105 barier\u0119 ochronn\u0105, minimalizuj\u0105 utrat\u0119 wody, zmi\u0119kczaj\u0105 i \u0142agodz\u0105 sk\u00f3r\u0119**.<\/p>\n<p>Cho\u0107 formalnie to pomadka do ust, w praktyce otrzymujesz <strong>wielozadaniowy balsam w sztyfcie<\/strong>. Jego kieszonkowy format sprawia, \u017ce masz pod r\u0119k\u0105 pot\u0119\u017cne narz\u0119dzie regeneracyjne gotowe <strong>do u\u017cycia na dowolnym obszarze cia\u0142a<\/strong> wymagaj\u0105cym punktowej interwencji.<\/p>\n<p>W balsamie poczujesz <strong>lekki, autentyczny zapach w\u0142a\u015bciwy u\u017cytym sk\u0142adnikom<\/strong>. To \u015bwiadomy brak kompromis\u00f3w, nie rafinujemy ani nie deodoryzujemy, poniewa\u017c\u00a0priorytetem jest zachowanie pe\u0142ni warto\u015bci od\u017cywczych. Dedykowany tym, kt\u00f3rzy szukaj\u0105 biologicznej sp\u00f3jno\u015bci i prawdy, <strong>bez drogeryjnej iluzji<\/strong>.<\/p>\n<details open=\"open\">\n<summary><span class=\"summary__title\"> <span class=\"accordion__title\"> Method of application <\/span> <\/span><\/summary>\n<div class=\"accordion__content custom__liquid-template--28269251002700__main rte\">\n<div class=\"metafield-rich_text_field\">\n<p>Aby uzyska\u0107 najlepsze efekty, rozprowad\u017a balsam bezpo\u015brednio na ustach lub je\u015bli zajdzie taka potrzeba, punktowo na wybranych partiach twarzy, r\u0105k lub cia\u0142a.<\/p>\n<\/div>\n<\/div>\n<\/details>\n<details open=\"open\">\n<summary><span class=\"summary__title\"> <span class=\"accordion__title\"> Composition <\/span> <\/span><\/summary>\n<div class=\"accordion__content custom__liquid-template--28269251002700__main rte\">\n<div class=\"metafield-rich_text_field\">\n<p><strong>\u0141\u00f3j wo\u0142owy<\/strong> z ekologicznych hodowli byd\u0142a, karmionego wy\u0142\u0105cznie traw\u0105, <strong>olej emu<\/strong>, naturalny<strong> wosk pszczeli <\/strong>z lokalnej pasieki, ultraczysta <strong>lanolina<\/strong>.<\/p>\n<p><strong>Ingredients:<\/strong> <em>Adeps Bovis<\/em> (Beef) Tallow, Emu Oil, Cera Alba, Lanolin.<\/p>\n<\/div>\n<\/div>\n<\/details>\n<details open=\"open\">\n<summary><span class=\"summary__title\"> <span class=\"accordion__title\"> Smell <\/span> <\/span><\/summary>\n<div class=\"accordion__content custom__liquid-template--28269251002700__main rte\">\n<div class=\"metafield-rich_text_field\">\n<p>Ciep\u0142y, t\u0142uszczowo-olejowy, charakterystyczny dla zastosowanych naturalnych surowc\u00f3w. Subtelny, szybko staje si\u0119 niewyczuwalny po aplikacji.<\/p>\n<p><span class=\"summary__title\"> <span class=\"accordion__title\"> Packaging <\/span> <\/span><\/p>\n<div class=\"accordion__content custom__liquid-template--28269251002700__main rte\">\n<div class=\"metafield-rich_text_field\">\n<p><strong>Non-vegan by design <\/strong>to innowacyjna odpowied\u017a na wszechobecne syntetyki, tworzywa sztuczne i mikroplastik zatruwaj\u0105cy nas i nasze \u015brodowisko. To alternatywa dla plastikowych opakowa\u0144, w kt\u00f3rej zast\u0105pili\u015bmy syntetyczne kleje i toksyczne pow\u0142oki <strong>czystym papierem klejonym naturaln\u0105 kazein\u0105 z mleka krowiego.<\/strong><\/p>\n<p>&nbsp;<\/p>\n<\/div>\n<\/div>\n<\/div>\n<\/div>\n<\/details>\n<\/div>\n<\/div>","protected":false},"excerpt":{"rendered":"<p dir=\"ltr\">PURE Lip Balm to w 100% odzwierz\u0119cy balsam do ust i cia\u0142a w duchu carnivore w papierowym opakowaniu klejonym kazein\u0105.<\/p>\n<p dir=\"ltr\">To po\u0142\u0105czenie 5000-letniej tradycji piel\u0119gnacji sk\u00f3ry z nowoczesnymi opatentowanymi innowacjami w zakresie opakowania. Produkt, kt\u00f3ry zadowoli\u0142by naszych przodk\u00f3w i zachwyci wsp\u00f3\u0142czesnych mi\u0119so\u017cerc\u00f3w.<\/p>\n<p dir=\"ltr\">Tylko cztery sk\u0142adniki odzwierz\u0119ce i ca\u0142kowicie wyeliminowany plastik. Po zu\u017cyciu opakowanie ulega biodegradacji w przydomowym kompostowniku. To nasza definicja czystej piel\u0119gnacji i zero waste bez kompromis\u00f3w.<\/p>","protected":false},"featured_media":8889,"template":"","meta":{"ocean_post_layout":"","ocean_both_sidebars_style":"","ocean_both_sidebars_content_width":0,"ocean_both_sidebars_sidebars_width":0,"ocean_sidebar":"0","ocean_second_sidebar":"0","ocean_disable_margins":"enable","ocean_add_body_class":"","ocean_shortcode_before_top_bar":"","ocean_shortcode_after_top_bar":"","ocean_shortcode_before_header":"","ocean_shortcode_after_header":"","ocean_has_shortcode":"","ocean_shortcode_after_title":"","ocean_shortcode_before_footer_widgets":"","ocean_shortcode_after_footer_widgets":"","ocean_shortcode_before_footer_bottom":"","ocean_shortcode_after_footer_bottom":"","ocean_display_top_bar":"default","ocean_display_header":"default","ocean_header_style":"","ocean_center_header_left_menu":"0","ocean_custom_header_template":"0","ocean_custom_logo":0,"ocean_custom_retina_logo":0,"ocean_custom_logo_max_width":0,"ocean_custom_logo_tablet_max_width":0,"ocean_custom_logo_mobile_max_width":0,"ocean_custom_logo_max_height":0,"ocean_custom_logo_tablet_max_height":0,"ocean_custom_logo_mobile_max_height":0,"ocean_header_custom_menu":"0","ocean_menu_typo_font_family":"0","ocean_menu_typo_font_subset":"","ocean_menu_typo_font_size":0,"ocean_menu_typo_font_size_tablet":0,"ocean_menu_typo_font_size_mobile":0,"ocean_menu_typo_font_size_unit":"px","ocean_menu_typo_font_weight":"","ocean_menu_typo_font_weight_tablet":"","ocean_menu_typo_font_weight_mobile":"","ocean_menu_typo_transform":"","ocean_menu_typo_transform_tablet":"","ocean_menu_typo_transform_mobile":"","ocean_menu_typo_line_height":0,"ocean_menu_typo_line_height_tablet":0,"ocean_menu_typo_line_height_mobile":0,"ocean_menu_typo_line_height_unit":"","ocean_menu_typo_spacing":0,"ocean_menu_typo_spacing_tablet":0,"ocean_menu_typo_spacing_mobile":0,"ocean_menu_typo_spacing_unit":"","ocean_menu_link_color":"","ocean_menu_link_color_hover":"","ocean_menu_link_color_active":"","ocean_menu_link_background":"","ocean_menu_link_hover_background":"","ocean_menu_link_active_background":"","ocean_menu_social_links_bg":"","ocean_menu_social_hover_links_bg":"","ocean_menu_social_links_color":"","ocean_menu_social_hover_links_color":"","ocean_disable_title":"default","ocean_disable_heading":"default","ocean_post_title":"","ocean_post_subheading":"","ocean_post_title_style":"","ocean_post_title_background_color":"","ocean_post_title_background":0,"ocean_post_title_bg_image_position":"","ocean_post_title_bg_image_attachment":"","ocean_post_title_bg_image_repeat":"","ocean_post_title_bg_image_size":"","ocean_post_title_height":0,"ocean_post_title_bg_overlay":0.5,"ocean_post_title_bg_overlay_color":"","ocean_disable_breadcrumbs":"default","ocean_breadcrumbs_color":"","ocean_breadcrumbs_separator_color":"","ocean_breadcrumbs_links_color":"","ocean_breadcrumbs_links_hover_color":"","ocean_display_footer_widgets":"default","ocean_display_footer_bottom":"default","ocean_custom_footer_template":"0"},"product_brand":[],"product_cat":[94,68,33],"product_tag":[],"class_list":{"0":"post-8887","1":"product","2":"type-product","3":"status-publish","4":"has-post-thumbnail","6":"product_cat-beyond-functional-food","7":"product_cat-nowosci","8":"product_cat-pielegnacja-ust","10":"entry","11":"has-media","13":"first","14":"outofstock","15":"shipping-taxable","16":"purchasable","17":"product-type-simple","18":"has-product-nav","19":"col","20":"span_1_of_3","21":"owp-content-left","22":"owp-thumbs-layout-horizontal","23":"owp-btn-normal","24":"owp-tabs-layout-horizontal"},"_links":{"self":[{"href":"https:\/\/ecocorner.eu\/en\/wp-json\/wp\/v2\/product\/8887","targetHints":{"allow":["GET"]}}],"collection":[{"href":"https:\/\/ecocorner.eu\/en\/wp-json\/wp\/v2\/product"}],"about":[{"href":"https:\/\/ecocorner.eu\/en\/wp-json\/wp\/v2\/types\/product"}],"version-history":[{"count":2,"href":"https:\/\/ecocorner.eu\/en\/wp-json\/wp\/v2\/product\/8887\/revisions"}],"predecessor-version":[{"id":8895,"href":"https:\/\/ecocorner.eu\/en\/wp-json\/wp\/v2\/product\/8887\/revisions\/8895"}],"wp:featuredmedia":[{"embeddable":true,"href":"https:\/\/ecocorner.eu\/en\/wp-json\/wp\/v2\/media\/8889"}],"wp:attachment":[{"href":"https:\/\/ecocorner.eu\/en\/wp-json\/wp\/v2\/media?parent=8887"}],"wp:term":[{"taxonomy":"product_brand","embeddable":true,"href":"https:\/\/ecocorner.eu\/en\/wp-json\/wp\/v2\/product_brand?post=8887"},{"taxonomy":"product_cat","embeddable":true,"href":"https:\/\/ecocorner.eu\/en\/wp-json\/wp\/v2\/product_cat?post=8887"},{"taxonomy":"product_tag","embeddable":true,"href":"https:\/\/ecocorner.eu\/en\/wp-json\/wp\/v2\/product_tag?post=8887"}],"curies":[{"name":"wp","href":"https:\/\/api.w.org\/{rel}","templated":true}]}}