{"id":8891,"date":"2026-05-02T16:33:17","date_gmt":"2026-05-02T16:33:17","guid":{"rendered":"https:\/\/ecocorner.eu\/?post_type=product&#038;p=8891"},"modified":"2026-05-02T16:33:47","modified_gmt":"2026-05-02T16:33:47","slug":"beyond-functional-food-naturalny-balsam-do-ust-i-ciala-kakaowy-6-ml","status":"publish","type":"product","link":"https:\/\/ecocorner.eu\/en\/product\/beyond-functional-food-naturalny-balsam-do-ust-i-ciala-kakaowy-6-ml\/","title":{"rendered":"Beyond Functional Food   Naturalny balsam do ust i cia\u0142a   Kakaowy  6 ml"},"content":{"rendered":"<p>Na nowo definiujemy poj\u0119cie <strong>naturalnej przyjemno\u015bci w piel\u0119gnacji sk\u00f3ry<\/strong>, tworz\u0105c produkt, kt\u00f3ry karmi zmys\u0142y bez obci\u0105\u017cania organizmu tym, co zb\u0119dne. To Twoja codzienna, pierwotna ceremonia kakao dla sk\u00f3ry.<\/p>\n<p>Historia tego balsamu zosta\u0142a napisana przez Was. To <strong>w Waszych r\u0119kach ewoluowa\u0142 on od prostej pomadki do ust do wszechstronnego produktu <\/strong>na ca\u0142e cia\u0142o. Wracali\u015bcie do nas, opowiadaj\u0105c o spektrum nowych zastosowa\u0144, od ukojenia sk\u00f3ry pod nosem przy katarze, przez od\u017cywk\u0119 do brwi, a\u017c po ratunek dla spierzchni\u0119tych d\u0142oni. Wasze do\u015bwiadczenia i codzienna praktyka potwierdzi\u0142y, \u017ce stworzyli\u015bmy co\u015b znacznie wi\u0119kszego. Dlatego dzi\u015b ten produkt nie jest ju\u017c przypisany wy\u0142\u0105cznie do ust, a jego rola definitywnie wykracza poza ramy zwyk\u0142ej pomadki.<\/p>\n<p>Podstaw\u0105 dzia\u0142ania jest nasz biokompatybilny <strong>\u0142\u00f3j wo\u0142owy<\/strong>, kt\u00f3ry wraz z <strong>jadalnym mas\u0142em kakaowym<\/strong> i <strong>naturalnym ekstraktem z kakao <\/strong>tworzy ob\u0142\u0119dne po\u0142\u0105czenie dla sk\u00f3ry i zmys\u0142\u00f3w. Ca\u0142o\u015b\u0107 wzbogaca l<strong>anolina i naturalny wosk pszczeli<\/strong> z lokalnej pasieki, sk\u0142adniki kt\u00f3re tworz\u0105 barier\u0119 ochronn\u0105, minimalizuj\u0105 utrat\u0119 wody, zmi\u0119kczaj\u0105 i \u0142agodz\u0105 sk\u00f3r\u0119*.<\/p>\n<p>W balsamie poczujesz g\u0142\u0119boki zapach kakao. To aromat kt\u00f3ry jednoznacznie kojarzy si\u0119 z ukojeniem, ciep\u0142em i powrotem do r\u00f3wnowagi.<\/p>\n<details open=\"\">\n<summary><span class=\"summary__title\"> <span class=\"accordion__title\"> Method of application <\/span> <\/span><\/summary>\n<div class=\"accordion__content custom__liquid-template--28269251002700__main rte\">\n<div class=\"metafield-rich_text_field\">\n<p>Aby uzyska\u0107 najlepsze efekty, rozprowad\u017a balsam bezpo\u015brednio na ustach lub je\u015bli zajdzie taka potrzeba, punktowo na wybranych partiach twarzy, r\u0105k lub cia\u0142a.<\/p>\n<\/div>\n<\/div>\n<\/details>\n<details open=\"\">\n<summary><span class=\"summary__title\"> <span class=\"accordion__title\"> Composition <\/span> <\/span><\/summary>\n<div class=\"accordion__content custom__liquid-template--28269251002700__main rte\">\n<div class=\"metafield-rich_text_field\">\n<p><strong>Ingredients:<\/strong> <em>Adeps Bovis<\/em> (Beef) Tallow, <em>Theobroma Cacao<\/em> Seed Butter, Cera Alba, Lanolin, <em>Theobroma Cacao<\/em> Extract.<\/p>\n<\/div>\n<\/div>\n<\/details>\n<details open=\"\">\n<summary><span class=\"summary__title\"> <span class=\"accordion__title\"> Smell <\/span> <\/span><\/summary>\n<div class=\"accordion__content custom__liquid-template--28269251002700__main rte\">\n<div class=\"metafield-rich_text_field\">\n<p>Ciep\u0142y, otulaj\u0105cy, z dominuj\u0105c\u0105, s\u0142odk\u0105 nut\u0105 kakao i delikatn\u0105 baz\u0105 z \u0142oju wo\u0142owego. Wyczuwalny podczas aplikacji, pozostawia przyjemne uczucie na sk\u00f3rze.<\/p>\n<\/div>\n<\/div>\n<\/details>\n<details open=\"\">\n<summary><span class=\"summary__title\"> <span class=\"accordion__title\"> Packaging <\/span> <\/span><\/summary>\n<div class=\"accordion__content custom__liquid-template--28269251002700__main rte\">\n<div class=\"metafield-rich_text_field\">\n<p><strong>Non-vegan by design <\/strong>to innowacyjna odpowied\u017a na wszechobecne syntetyki, tworzywa sztuczne i mikroplastik zatruwaj\u0105cy nas i nasze \u015brodowisko. To alternatywa dla plastikowych opakowa\u0144, w kt\u00f3rej zast\u0105pili\u015bmy syntetyczne kleje i toksyczne pow\u0142oki <strong>czystym papierem klejonym naturaln\u0105 kazein\u0105 z mleka krowiego.<\/strong><\/p>\n<\/div>\n<\/div>\n<\/details>","protected":false},"excerpt":{"rendered":"<p>CACAO Lip Balm to <strong>naturalny balsam do ust i cia\u0142a w formie pomadki <\/strong>na bazie \u0142oju wo\u0142owego o otulaj\u0105cym, kakaowym zapachu.<\/p>\n<p>To wielki powr\u00f3t\u00a0<strong>kultowego bestsellera<\/strong>, kt\u00f3ry wyznaczy\u0142 nowe standardy naturalnej piel\u0119gnacji i <strong>zas\u0142yn\u0105\u0142 swoj\u0105 wszechstronno\u015bci\u0105<\/strong>. Idealny wyb\u00f3r dla tych, kt\u00f3rzy szukaj\u0105 prostego, wysokiej jako\u015bci sk\u0142adu, kt\u00f3ry w dodatku ob\u0142\u0119dnie pachnie i realnie dzia\u0142a. Doskona\u0142y jako pierwszy krok w odkrywaniu kosmetyk\u00f3w na bazie \u0142oju wo\u0142owego.<\/p>\n<p>Wybrali\u015bmy<strong>\u00a0pi\u0119\u0107 naturalnych sk\u0142adnik\u00f3w najwy\u017cszej jako\u015bci<\/strong> i ca\u0142kowicie wyeliminowali\u015bmy plastik. Po zu\u017cyciu opakowanie ulega biodegradacji w przydomowym kompostowniku. To nasza definicja czystej piel\u0119gnacji i zero waste bez kompromis\u00f3w.<\/p>","protected":false},"featured_media":8893,"template":"","meta":{"ocean_post_layout":"","ocean_both_sidebars_style":"","ocean_both_sidebars_content_width":0,"ocean_both_sidebars_sidebars_width":0,"ocean_sidebar":"0","ocean_second_sidebar":"0","ocean_disable_margins":"enable","ocean_add_body_class":"","ocean_shortcode_before_top_bar":"","ocean_shortcode_after_top_bar":"","ocean_shortcode_before_header":"","ocean_shortcode_after_header":"","ocean_has_shortcode":"","ocean_shortcode_after_title":"","ocean_shortcode_before_footer_widgets":"","ocean_shortcode_after_footer_widgets":"","ocean_shortcode_before_footer_bottom":"","ocean_shortcode_after_footer_bottom":"","ocean_display_top_bar":"default","ocean_display_header":"default","ocean_header_style":"","ocean_center_header_left_menu":"0","ocean_custom_header_template":"0","ocean_custom_logo":0,"ocean_custom_retina_logo":0,"ocean_custom_logo_max_width":0,"ocean_custom_logo_tablet_max_width":0,"ocean_custom_logo_mobile_max_width":0,"ocean_custom_logo_max_height":0,"ocean_custom_logo_tablet_max_height":0,"ocean_custom_logo_mobile_max_height":0,"ocean_header_custom_menu":"0","ocean_menu_typo_font_family":"0","ocean_menu_typo_font_subset":"","ocean_menu_typo_font_size":0,"ocean_menu_typo_font_size_tablet":0,"ocean_menu_typo_font_size_mobile":0,"ocean_menu_typo_font_size_unit":"px","ocean_menu_typo_font_weight":"","ocean_menu_typo_font_weight_tablet":"","ocean_menu_typo_font_weight_mobile":"","ocean_menu_typo_transform":"","ocean_menu_typo_transform_tablet":"","ocean_menu_typo_transform_mobile":"","ocean_menu_typo_line_height":0,"ocean_menu_typo_line_height_tablet":0,"ocean_menu_typo_line_height_mobile":0,"ocean_menu_typo_line_height_unit":"","ocean_menu_typo_spacing":0,"ocean_menu_typo_spacing_tablet":0,"ocean_menu_typo_spacing_mobile":0,"ocean_menu_typo_spacing_unit":"","ocean_menu_link_color":"","ocean_menu_link_color_hover":"","ocean_menu_link_color_active":"","ocean_menu_link_background":"","ocean_menu_link_hover_background":"","ocean_menu_link_active_background":"","ocean_menu_social_links_bg":"","ocean_menu_social_hover_links_bg":"","ocean_menu_social_links_color":"","ocean_menu_social_hover_links_color":"","ocean_disable_title":"default","ocean_disable_heading":"default","ocean_post_title":"","ocean_post_subheading":"","ocean_post_title_style":"","ocean_post_title_background_color":"","ocean_post_title_background":0,"ocean_post_title_bg_image_position":"","ocean_post_title_bg_image_attachment":"","ocean_post_title_bg_image_repeat":"","ocean_post_title_bg_image_size":"","ocean_post_title_height":0,"ocean_post_title_bg_overlay":0.5,"ocean_post_title_bg_overlay_color":"","ocean_disable_breadcrumbs":"default","ocean_breadcrumbs_color":"","ocean_breadcrumbs_separator_color":"","ocean_breadcrumbs_links_color":"","ocean_breadcrumbs_links_hover_color":"","ocean_display_footer_widgets":"default","ocean_display_footer_bottom":"default","ocean_custom_footer_template":"0"},"product_brand":[],"product_cat":[94,68,33],"product_tag":[],"class_list":{"0":"post-8891","1":"product","2":"type-product","3":"status-publish","4":"has-post-thumbnail","6":"product_cat-beyond-functional-food","7":"product_cat-nowosci","8":"product_cat-pielegnacja-ust","10":"entry","11":"has-media","13":"first","14":"outofstock","15":"shipping-taxable","16":"purchasable","17":"product-type-simple","18":"has-product-nav","19":"col","20":"span_1_of_3","21":"owp-content-left","22":"owp-thumbs-layout-horizontal","23":"owp-btn-normal","24":"owp-tabs-layout-horizontal"},"_links":{"self":[{"href":"https:\/\/ecocorner.eu\/en\/wp-json\/wp\/v2\/product\/8891","targetHints":{"allow":["GET"]}}],"collection":[{"href":"https:\/\/ecocorner.eu\/en\/wp-json\/wp\/v2\/product"}],"about":[{"href":"https:\/\/ecocorner.eu\/en\/wp-json\/wp\/v2\/types\/product"}],"version-history":[{"count":1,"href":"https:\/\/ecocorner.eu\/en\/wp-json\/wp\/v2\/product\/8891\/revisions"}],"predecessor-version":[{"id":8894,"href":"https:\/\/ecocorner.eu\/en\/wp-json\/wp\/v2\/product\/8891\/revisions\/8894"}],"wp:featuredmedia":[{"embeddable":true,"href":"https:\/\/ecocorner.eu\/en\/wp-json\/wp\/v2\/media\/8893"}],"wp:attachment":[{"href":"https:\/\/ecocorner.eu\/en\/wp-json\/wp\/v2\/media?parent=8891"}],"wp:term":[{"taxonomy":"product_brand","embeddable":true,"href":"https:\/\/ecocorner.eu\/en\/wp-json\/wp\/v2\/product_brand?post=8891"},{"taxonomy":"product_cat","embeddable":true,"href":"https:\/\/ecocorner.eu\/en\/wp-json\/wp\/v2\/product_cat?post=8891"},{"taxonomy":"product_tag","embeddable":true,"href":"https:\/\/ecocorner.eu\/en\/wp-json\/wp\/v2\/product_tag?post=8891"}],"curies":[{"name":"wp","href":"https:\/\/api.w.org\/{rel}","templated":true}]}}